{"id":9076,"date":"2026-02-05T17:20:39","date_gmt":"2026-02-05T16:20:39","guid":{"rendered":"https:\/\/suisse-fibromyalgie.ch\/?page_id=9076"},"modified":"2026-02-05T17:22:41","modified_gmt":"2026-02-05T16:22:41","slug":"madej-thierry-specialiste-en-sante-cellulaire-et-equilibre-des-lipides","status":"publish","type":"page","link":"https:\/\/suisse-fibromyalgie.ch\/it\/madej-thierry-specialiste-en-sante-cellulaire-et-equilibre-des-lipides\/","title":{"rendered":"Madej Thierry - Specialista in salute cellulare ed equilibrio lipidico"},"content":{"rendered":"<div data-elementor-type=\"wp-page\" data-elementor-id=\"9076\" class=\"elementor elementor-9076\" data-elementor-post-type=\"page\">\n\t\t\t\t\t\t<section class=\"elementor-section elementor-top-section elementor-element elementor-element-5643a8c elementor-section-boxed elementor-section-height-default elementor-section-height-default\" data-id=\"5643a8c\" data-element_type=\"section\" data-e-type=\"section\">\n\t\t\t\t\t\t<div class=\"elementor-container elementor-column-gap-default\">\n\t\t\t\t\t<div class=\"elementor-column elementor-col-50 elementor-top-column elementor-element elementor-element-c953588\" data-id=\"c953588\" data-element_type=\"column\" data-e-type=\"column\">\n\t\t\t<div class=\"elementor-widget-wrap elementor-element-populated\">\n\t\t\t\t\t\t<div class=\"elementor-element elementor-element-68ab1cb elementor-widget elementor-widget-image\" data-id=\"68ab1cb\" data-element_type=\"widget\" data-e-type=\"widget\" data-widget_type=\"image.default\">\n\t\t\t\t<div class=\"elementor-widget-container\">\n\t\t\t\t\t\t\t\t\t\t\t\t\t\t\t<img fetchpriority=\"high\" decoding=\"async\" width=\"500\" height=\"565\" src=\"https:\/\/suisse-fibromyalgie.ch\/wp-content\/uploads\/Thierry-Madej.jpg\" class=\"attachment-large size-large wp-image-9077\" alt=\"\" srcset=\"https:\/\/suisse-fibromyalgie.ch\/wp-content\/uploads\/Thierry-Madej.jpg 500w, https:\/\/suisse-fibromyalgie.ch\/wp-content\/uploads\/Thierry-Madej-265x300.jpg 265w, https:\/\/suisse-fibromyalgie.ch\/wp-content\/uploads\/Thierry-Madej-11x12.jpg 11w\" sizes=\"(max-width: 500px) 100vw, 500px\" \/>\t\t\t\t\t\t\t\t\t\t\t\t\t\t\t<\/div>\n\t\t\t\t<\/div>\n\t\t\t\t\t<\/div>\n\t\t<\/div>\n\t\t\t\t<div class=\"elementor-column elementor-col-50 elementor-top-column elementor-element elementor-element-d7d3abd\" data-id=\"d7d3abd\" data-element_type=\"column\" data-e-type=\"column\">\n\t\t\t<div class=\"elementor-widget-wrap elementor-element-populated\">\n\t\t\t\t\t\t<div class=\"elementor-element elementor-element-cdd1fa2 elementor-widget elementor-widget-text-editor\" data-id=\"cdd1fa2\" data-element_type=\"widget\" data-e-type=\"widget\" data-widget_type=\"text-editor.default\">\n\t\t\t\t<div class=\"elementor-widget-container\">\n\t\t\t\t\t\t\t\t\t<p>Come ex operatore sanitario, ora dedico la mia esperienza al sostegno del terreno biologico, in particolare per le persone che hanno a che fare con il dolore cronico, la stanchezza persistente e la nebbia mentale.<\/p><p><strong>Perch\u00e9 la salute cellulare \u00e8 fondamentale?<\/strong> Nel corso della fibromialgia viene spesso trascurato un legame biologico essenziale: la fluidit\u00e0 delle membrane cellulari.<\/p><p>Una membrana rigida o satura di infiammazione di basso grado funge da blocco:<\/p><ul><li><strong>Rallenta il commercio:<\/strong> Le sostanze nutritive hanno difficolt\u00e0 a penetrare e le tossine si accumulano nel cuore dei tessuti.<\/li><li><strong>Disturba il sistema nervoso:<\/strong> Una cellula infiammata pu\u00f2 amplificare i segnali di dolore (neuro-infiammazione).<\/li><li><strong>Ha un impatto sull'energia:<\/strong> Spesso la stanchezza si manifesta perch\u00e9 le cellule non hanno pi\u00f9 l'ambiente necessario per produrre energia in modo efficiente.<\/li><\/ul><p><strong>Il mio approccio: la biologia delle prove<\/strong> Suggerisco di passare da un approccio intuitivo a una strategia di precisione in tre fasi:<\/p><ol><li><strong>Analisi biologica di precisione :<\/strong> Grazie a un esame del sangue certificato che pu\u00f2 essere effettuato autonomamente a casa vostra, possiamo misurare con precisione il vostro rapporto Omega-6\/3 e il vostro indice di protezione cellulare.<\/li><li><strong>Protocollo di ripristino delle cellule :<\/strong> Un programma mirato per fornire all'organismo i nutrienti necessari a ripristinare l'elasticit\u00e0 delle membrane e a lenire gli stati infiammatori.<\/li><li><strong>Convalida dei risultati :<\/strong> Un secondo test di controllo viene utilizzato per convalidare scientificamente i progressi dell'equilibrio e il successo del ripristino della base biologica.<\/li><\/ol><p>\u00a0<\/p>\t\t\t\t\t\t\t\t<\/div>\n\t\t\t\t<\/div>\n\t\t\t\t\t<\/div>\n\t\t<\/div>\n\t\t\t\t\t<\/div>\n\t\t<\/section>\n\t\t\t\t<section class=\"elementor-section elementor-top-section elementor-element elementor-element-49a8769 elementor-section-boxed elementor-section-height-default elementor-section-height-default\" data-id=\"49a8769\" data-element_type=\"section\" data-e-type=\"section\">\n\t\t\t\t\t\t<div class=\"elementor-container elementor-column-gap-default\">\n\t\t\t\t\t<div class=\"elementor-column elementor-col-100 elementor-top-column elementor-element elementor-element-b832f5d\" data-id=\"b832f5d\" data-element_type=\"column\" data-e-type=\"column\">\n\t\t\t<div class=\"elementor-widget-wrap elementor-element-populated\">\n\t\t\t\t\t\t<div class=\"elementor-element elementor-element-d7d395e elementor-widget elementor-widget-text-editor\" data-id=\"d7d395e\" data-element_type=\"widget\" data-e-type=\"widget\" data-widget_type=\"text-editor.default\">\n\t\t\t\t<div class=\"elementor-widget-container\">\n\t\t\t\t\t\t\t\t\t<p><strong>Il mio impegno:<\/strong> Fornire al corpo le risorse essenziali per ripristinare il terreno cellulare. L'obiettivo \u00e8 creare un ambiente corporeo che riduca la fatica e allenti le tensioni, ottimizzando cos\u00ec l'efficacia degli altri trattamenti terapeutici, a seconda della capacit\u00e0 di risposta dell'organismo.<\/p>\t\t\t\t\t\t\t\t<\/div>\n\t\t\t\t<\/div>\n\t\t\t\t\t<\/div>\n\t\t<\/div>\n\t\t\t\t\t<\/div>\n\t\t<\/section>\n\t\t\t\t<section class=\"elementor-section elementor-top-section elementor-element elementor-element-fce1291 elementor-section-boxed elementor-section-height-default elementor-section-height-default\" data-id=\"fce1291\" data-element_type=\"section\" data-e-type=\"section\">\n\t\t\t\t\t\t<div class=\"elementor-container elementor-column-gap-default\">\n\t\t\t\t\t<div class=\"elementor-column elementor-col-50 elementor-top-column elementor-element elementor-element-3eb25a5\" data-id=\"3eb25a5\" data-element_type=\"column\" data-e-type=\"column\">\n\t\t\t<div class=\"elementor-widget-wrap elementor-element-populated\">\n\t\t\t\t\t\t<div class=\"elementor-element elementor-element-7b832d7 elementor-widget elementor-widget-text-editor\" data-id=\"7b832d7\" data-element_type=\"widget\" data-e-type=\"widget\" data-widget_type=\"text-editor.default\">\n\t\t\t\t<div class=\"elementor-widget-container\">\n\t\t\t\t\t\t\t\t\t<div id=\"bgLayers_comp-ljcvm8ir\" class=\"MW5IWV\" data-hook=\"bgLayers\" data-motion-part=\"BG_LAYER\"><p>Thierry Madej si trova a Champagne-sur-Seine (Francia 77)<\/p><\/div>\t\t\t\t\t\t\t\t<\/div>\n\t\t\t\t<\/div>\n\t\t\t\t\t<\/div>\n\t\t<\/div>\n\t\t\t\t<div class=\"elementor-column elementor-col-50 elementor-top-column elementor-element elementor-element-dd614b0\" data-id=\"dd614b0\" data-element_type=\"column\" data-e-type=\"column\">\n\t\t\t<div class=\"elementor-widget-wrap elementor-element-populated\">\n\t\t\t\t\t\t<div class=\"elementor-element elementor-element-3570715 elementor-widget elementor-widget-text-editor\" data-id=\"3570715\" data-element_type=\"widget\" data-e-type=\"widget\" data-widget_type=\"text-editor.default\">\n\t\t\t\t<div class=\"elementor-widget-container\">\n\t\t\t\t\t\t\t\t\t<p><a href=\"https:\/\/www.thierry-magnetiseur77.fr\" target=\"_blank\" rel=\"noopener\">Per saperne di pi\u00f9, cliccate su questo link<\/a><\/p>\t\t\t\t\t\t\t\t<\/div>\n\t\t\t\t<\/div>\n\t\t\t\t\t<\/div>\n\t\t<\/div>\n\t\t\t\t\t<\/div>\n\t\t<\/section>\n\t\t\t\t<\/div>","protected":false},"excerpt":{"rendered":"<p>Ancien praticien de sant\u00e9, je consacre aujourd&rsquo;hui mon expertise \u00e0 l&rsquo;accompagnement du terrain biologique, particuli\u00e8rement pour les personnes confront\u00e9es aux douleurs chroniques, \u00e0 la fatigue persistante et au brouillard mental. [&hellip;]<\/p>\n","protected":false},"author":1,"featured_media":0,"parent":0,"menu_order":0,"comment_status":"closed","ping_status":"closed","template":"","meta":{"footnotes":""},"class_list":["post-9076","page","type-page","status-publish","hentry"],"publishpress_future_action":{"enabled":false,"date":"2026-04-14 12:40:50","action":"change-status","newStatus":"draft","terms":[],"taxonomy":"","extraData":[]},"publishpress_future_workflow_manual_trigger":{"enabledWorkflows":[]},"_links":{"self":[{"href":"https:\/\/suisse-fibromyalgie.ch\/it\/wp-json\/wp\/v2\/pages\/9076","targetHints":{"allow":["GET"]}}],"collection":[{"href":"https:\/\/suisse-fibromyalgie.ch\/it\/wp-json\/wp\/v2\/pages"}],"about":[{"href":"https:\/\/suisse-fibromyalgie.ch\/it\/wp-json\/wp\/v2\/types\/page"}],"author":[{"embeddable":true,"href":"https:\/\/suisse-fibromyalgie.ch\/it\/wp-json\/wp\/v2\/users\/1"}],"replies":[{"embeddable":true,"href":"https:\/\/suisse-fibromyalgie.ch\/it\/wp-json\/wp\/v2\/comments?post=9076"}],"version-history":[{"count":3,"href":"https:\/\/suisse-fibromyalgie.ch\/it\/wp-json\/wp\/v2\/pages\/9076\/revisions"}],"predecessor-version":[{"id":9080,"href":"https:\/\/suisse-fibromyalgie.ch\/it\/wp-json\/wp\/v2\/pages\/9076\/revisions\/9080"}],"wp:attachment":[{"href":"https:\/\/suisse-fibromyalgie.ch\/it\/wp-json\/wp\/v2\/media?parent=9076"}],"curies":[{"name":"wp","href":"https:\/\/api.w.org\/{rel}","templated":true}]}}