{"id":9055,"date":"2026-02-05T15:55:18","date_gmt":"2026-02-05T14:55:18","guid":{"rendered":"https:\/\/suisse-fibromyalgie.ch\/?page_id=9055"},"modified":"2026-02-05T16:03:27","modified_gmt":"2026-02-05T15:03:27","slug":"dorsaz-dalessio-brigitte-ecole-dapitherapie-holistique-melipona","status":"publish","type":"page","link":"https:\/\/suisse-fibromyalgie.ch\/it\/dorsaz-dalessio-brigitte-ecole-dapitherapie-holistique-melipona\/","title":{"rendered":"Dorsaz D'Alessio Brigitte - Scuola di Apiterapia Olistica di Melipona"},"content":{"rendered":"<div data-elementor-type=\"wp-page\" data-elementor-id=\"9055\" class=\"elementor elementor-9055\" data-elementor-post-type=\"page\">\n\t\t\t\t\t\t<section class=\"elementor-section elementor-top-section elementor-element elementor-element-5643a8c elementor-section-boxed elementor-section-height-default elementor-section-height-default\" data-id=\"5643a8c\" data-element_type=\"section\" data-e-type=\"section\">\n\t\t\t\t\t\t<div class=\"elementor-container elementor-column-gap-default\">\n\t\t\t\t\t<div class=\"elementor-column elementor-col-50 elementor-top-column elementor-element elementor-element-c953588\" data-id=\"c953588\" data-element_type=\"column\" data-e-type=\"column\">\n\t\t\t<div class=\"elementor-widget-wrap elementor-element-populated\">\n\t\t\t\t\t\t<div class=\"elementor-element elementor-element-68ab1cb elementor-widget elementor-widget-image\" data-id=\"68ab1cb\" data-element_type=\"widget\" data-e-type=\"widget\" data-widget_type=\"image.default\">\n\t\t\t\t<div class=\"elementor-widget-container\">\n\t\t\t\t\t\t\t\t\t\t\t\t\t\t\t<img fetchpriority=\"high\" decoding=\"async\" width=\"451\" height=\"432\" src=\"https:\/\/suisse-fibromyalgie.ch\/wp-content\/uploads\/Brigitte-Dorsaz-DAlessio.jpg\" class=\"attachment-large size-large wp-image-9056\" alt=\"\" srcset=\"https:\/\/suisse-fibromyalgie.ch\/wp-content\/uploads\/Brigitte-Dorsaz-DAlessio.jpg 451w, https:\/\/suisse-fibromyalgie.ch\/wp-content\/uploads\/Brigitte-Dorsaz-DAlessio-300x287.jpg 300w, https:\/\/suisse-fibromyalgie.ch\/wp-content\/uploads\/Brigitte-Dorsaz-DAlessio-13x12.jpg 13w\" sizes=\"(max-width: 451px) 100vw, 451px\" \/>\t\t\t\t\t\t\t\t\t\t\t\t\t\t\t<\/div>\n\t\t\t\t<\/div>\n\t\t\t\t\t<\/div>\n\t\t<\/div>\n\t\t\t\t<div class=\"elementor-column elementor-col-50 elementor-top-column elementor-element elementor-element-d7d3abd\" data-id=\"d7d3abd\" data-element_type=\"column\" data-e-type=\"column\">\n\t\t\t<div class=\"elementor-widget-wrap elementor-element-populated\">\n\t\t\t\t\t\t<div class=\"elementor-element elementor-element-cdd1fa2 elementor-widget elementor-widget-text-editor\" data-id=\"cdd1fa2\" data-element_type=\"widget\" data-e-type=\"widget\" data-widget_type=\"text-editor.default\">\n\t\t\t\t<div class=\"elementor-widget-container\">\n\t\t\t\t\t\t\t\t\t<p class=\"font_8 wixui-rich-text__text\">Fondatrice e direttrice della Scuola di Apiterapia Melipona, Brigitte Dorsaz D'Alessio \u00e8 nata nel Vallese, in Svizzera. Fin da piccola si \u00e8 interessata all'espressione creativa in tutte le sue forme. Ha anche vissuto momenti privilegiati di pace e gioia nella natura. Le attivit\u00e0 di apicoltura e di estrazione del miele del nonno sono state momenti chiave di gioia intima nella sua infanzia.<\/p><p class=\"font_8 wixui-rich-text__text\">\u00c8 sempre stata fortemente attratta dal Bello, dal Buono e dal Vero che percepisce nella Natura e nelle persone che incontra.<\/p><p class=\"font_8 wixui-rich-text__text\"><span class=\"wixGuard wixui-rich-text__text\">\u200b<\/span><\/p><p class=\"font_8 wixui-rich-text__text\">Si interessa di tutto ci\u00f2 che ha a che fare con le tecniche creative e\/o terapeutiche. Ha partecipato a numerosi corsi di formazione in diversi ambiti. Per progredire sulla via della guarigione interiore, ha integrato questi corsi con terapie personali (analisi junghiana, lavoro energetico, PNL, ecc.), essenziali per l'impellente bisogno di coerenza che la motiva.<\/p>\t\t\t\t\t\t\t\t<\/div>\n\t\t\t\t<\/div>\n\t\t\t\t\t<\/div>\n\t\t<\/div>\n\t\t\t\t\t<\/div>\n\t\t<\/section>\n\t\t\t\t<section class=\"elementor-section elementor-top-section elementor-element elementor-element-49a8769 elementor-section-boxed elementor-section-height-default elementor-section-height-default\" data-id=\"49a8769\" data-element_type=\"section\" data-e-type=\"section\">\n\t\t\t\t\t\t<div class=\"elementor-container elementor-column-gap-default\">\n\t\t\t\t\t<div class=\"elementor-column elementor-col-100 elementor-top-column elementor-element elementor-element-b832f5d\" data-id=\"b832f5d\" data-element_type=\"column\" data-e-type=\"column\">\n\t\t\t<div class=\"elementor-widget-wrap elementor-element-populated\">\n\t\t\t\t\t\t<div class=\"elementor-element elementor-element-d7d395e elementor-widget elementor-widget-text-editor\" data-id=\"d7d395e\" data-element_type=\"widget\" data-e-type=\"widget\" data-widget_type=\"text-editor.default\">\n\t\t\t\t<div class=\"elementor-widget-container\">\n\t\t\t\t\t\t\t\t\t<p class=\"font_8 wixui-rich-text__text\">Da quasi 30 anni, nel suo studio offre sessioni individuali basate su una variet\u00e0 di tecniche: polarit\u00e0, elisir di fiori e di api, massaggi metamorfici, aromaterapia, trattamenti energetici, massaggi al miele, trattamenti di apiterapia, ecc.<\/p><p class=\"font_8 wixui-rich-text__text\">Tiene anche conferenze, workshop e corsi di formazione.<\/p><p class=\"font_8 wixui-rich-text__text\">La sua passione principale rimane l'apiterapia, in particolare l'apiterapia energetica. Ispirata dalle api dei suoi alveari, ha creato una gamma di elisir d'api, Les Elixirs des Abeilles, basati sul metodo del dottor Edward Bach, utilizzando le sostanze prodotte dalle api e le energie da esse emanate. Ha anche scritto un libro intitolato\u00ab\u00a0<a class=\"wixui-rich-text__text\" href=\"https:\/\/www.ecoledapitherapie.ch\/livres\" target=\"_self\">Lavorare con le api<\/a>\u00a0L'obiettivo di questo libro \u00e8 quello di fornire il maggior numero di informazioni possibili su quei meravigliosi strumenti terapeutici che sono gli Elisir d'Api, sull'arte di crearli da soli, su come utilizzarli e cos\u00ec via. Questo libro \u00e8 pubblicato da Rossolis.<\/p><p class=\"font_8 wixui-rich-text__text\">Ha presieduto la sezione francofona dell'Associazione Svizzera di Apiterapia dal 2011 al 2013.<\/p><p class=\"font_8 wixui-rich-text__text\"><span class=\"wixGuard wixui-rich-text__text\">\u200b<\/span><\/p><p class=\"font_8 wixui-rich-text__text\">Infine, ha riunito le sue conoscenze ed esperienze per metterle a disposizione delle persone interessate all'apiterapia, alla medicina energetica, alla fitoterapia nel senso pi\u00f9 ampio del termine e ai vari metodi di guarigione, nell'ambito della Scuola di Apiterapia Olistica Melipona.<\/p>\t\t\t\t\t\t\t\t<\/div>\n\t\t\t\t<\/div>\n\t\t\t\t\t<\/div>\n\t\t<\/div>\n\t\t\t\t\t<\/div>\n\t\t<\/section>\n\t\t\t\t<section class=\"elementor-section elementor-top-section elementor-element elementor-element-fce1291 elementor-section-boxed elementor-section-height-default elementor-section-height-default\" data-id=\"fce1291\" data-element_type=\"section\" data-e-type=\"section\">\n\t\t\t\t\t\t<div class=\"elementor-container elementor-column-gap-default\">\n\t\t\t\t\t<div class=\"elementor-column elementor-col-50 elementor-top-column elementor-element elementor-element-3eb25a5\" data-id=\"3eb25a5\" data-element_type=\"column\" data-e-type=\"column\">\n\t\t\t<div class=\"elementor-widget-wrap elementor-element-populated\">\n\t\t\t\t\t\t<div class=\"elementor-element elementor-element-7b832d7 elementor-widget elementor-widget-text-editor\" data-id=\"7b832d7\" data-element_type=\"widget\" data-e-type=\"widget\" data-widget_type=\"text-editor.default\">\n\t\t\t\t<div class=\"elementor-widget-container\">\n\t\t\t\t\t\t\t\t\t<div id=\"bgLayers_comp-ljcvm8ir\" class=\"MW5IWV\" data-hook=\"bgLayers\" data-motion-part=\"BG_LAYER\"><div id=\"bgMedia_comp-ljcvm8ir\" class=\"VgO9Yg\" data-motion-part=\"BG_MEDIA\"><p class=\"font_8 wixui-rich-text__text\"><span class=\"wixui-rich-text__text\">La Scuola di Apiterapia Olistica Melipona \u00e8 un luogo di apprendimento,<\/span><\/p><p class=\"font_8 wixui-rich-text__text\"><span class=\"wixui-rich-text__text\">competenze e conoscenze relative alle api e alla medicina delle api.<\/span><\/p><\/div><\/div>\t\t\t\t\t\t\t\t<\/div>\n\t\t\t\t<\/div>\n\t\t\t\t\t<\/div>\n\t\t<\/div>\n\t\t\t\t<div class=\"elementor-column elementor-col-50 elementor-top-column elementor-element elementor-element-dd614b0\" data-id=\"dd614b0\" data-element_type=\"column\" data-e-type=\"column\">\n\t\t\t<div class=\"elementor-widget-wrap elementor-element-populated\">\n\t\t\t\t\t\t<div class=\"elementor-element elementor-element-3570715 elementor-widget elementor-widget-text-editor\" data-id=\"3570715\" data-element_type=\"widget\" data-e-type=\"widget\" data-widget_type=\"text-editor.default\">\n\t\t\t\t<div class=\"elementor-widget-container\">\n\t\t\t\t\t\t\t\t\t<p><a href=\"https:\/\/www.ecoledapitherapie.ch\/\" target=\"_blank\" rel=\"noopener\">Per saperne di pi\u00f9, cliccate su questo link<\/a><\/p>\t\t\t\t\t\t\t\t<\/div>\n\t\t\t\t<\/div>\n\t\t\t\t\t<\/div>\n\t\t<\/div>\n\t\t\t\t\t<\/div>\n\t\t<\/section>\n\t\t\t\t<\/div>","protected":false},"excerpt":{"rendered":"<p>Fondatrice et directrice de l\u2019Ecole d\u2019apith\u00e9rapie Melipona, Brigitte Dorsaz D\u2019Alessio est n\u00e9e en Valais (Suisse). Tr\u00e8s t\u00f4t, elle s\u2019est int\u00e9ress\u00e9e \u00e0 l\u2019expression cr\u00e9ative sous toutes ses formes. De m\u00eame, elle [&hellip;]<\/p>\n","protected":false},"author":1,"featured_media":0,"parent":0,"menu_order":0,"comment_status":"closed","ping_status":"closed","template":"","meta":{"footnotes":""},"class_list":["post-9055","page","type-page","status-publish","hentry"],"publishpress_future_action":{"enabled":false,"date":"2026-04-21 17:04:55","action":"change-status","newStatus":"draft","terms":[],"taxonomy":"","extraData":[]},"publishpress_future_workflow_manual_trigger":{"enabledWorkflows":[]},"_links":{"self":[{"href":"https:\/\/suisse-fibromyalgie.ch\/it\/wp-json\/wp\/v2\/pages\/9055","targetHints":{"allow":["GET"]}}],"collection":[{"href":"https:\/\/suisse-fibromyalgie.ch\/it\/wp-json\/wp\/v2\/pages"}],"about":[{"href":"https:\/\/suisse-fibromyalgie.ch\/it\/wp-json\/wp\/v2\/types\/page"}],"author":[{"embeddable":true,"href":"https:\/\/suisse-fibromyalgie.ch\/it\/wp-json\/wp\/v2\/users\/1"}],"replies":[{"embeddable":true,"href":"https:\/\/suisse-fibromyalgie.ch\/it\/wp-json\/wp\/v2\/comments?post=9055"}],"version-history":[{"count":3,"href":"https:\/\/suisse-fibromyalgie.ch\/it\/wp-json\/wp\/v2\/pages\/9055\/revisions"}],"predecessor-version":[{"id":9059,"href":"https:\/\/suisse-fibromyalgie.ch\/it\/wp-json\/wp\/v2\/pages\/9055\/revisions\/9059"}],"wp:attachment":[{"href":"https:\/\/suisse-fibromyalgie.ch\/it\/wp-json\/wp\/v2\/media?parent=9055"}],"curies":[{"name":"wp","href":"https:\/\/api.w.org\/{rel}","templated":true}]}}