{"id":8953,"date":"2025-12-02T11:15:24","date_gmt":"2025-12-02T10:15:24","guid":{"rendered":"https:\/\/suisse-fibromyalgie.ch\/?page_id=8953"},"modified":"2025-12-02T11:20:12","modified_gmt":"2025-12-02T10:20:12","slug":"dettwiler-aurore-audrey-therapeute-en-medecine-complementaire-reflexologue","status":"publish","type":"page","link":"https:\/\/suisse-fibromyalgie.ch\/it\/dettwiler-aurore-audrey-therapeute-en-medecine-complementaire-reflexologue\/","title":{"rendered":"Dettwiler Aurore Audrey \u2013 Terapista in medicina complementare e riflessologa"},"content":{"rendered":"<div data-elementor-type=\"wp-page\" data-elementor-id=\"8953\" class=\"elementor elementor-8953\" data-elementor-post-type=\"page\">\n\t\t\t\t\t\t<section class=\"elementor-section elementor-top-section elementor-element elementor-element-5643a8c elementor-section-boxed elementor-section-height-default elementor-section-height-default\" data-id=\"5643a8c\" data-element_type=\"section\" data-e-type=\"section\">\n\t\t\t\t\t\t<div class=\"elementor-container elementor-column-gap-default\">\n\t\t\t\t\t<div class=\"elementor-column elementor-col-50 elementor-top-column elementor-element elementor-element-c953588\" data-id=\"c953588\" data-element_type=\"column\" data-e-type=\"column\">\n\t\t\t<div class=\"elementor-widget-wrap elementor-element-populated\">\n\t\t\t\t\t\t<div class=\"elementor-element elementor-element-68ab1cb elementor-widget elementor-widget-image\" data-id=\"68ab1cb\" data-element_type=\"widget\" data-e-type=\"widget\" data-widget_type=\"image.default\">\n\t\t\t\t<div class=\"elementor-widget-container\">\n\t\t\t\t\t\t\t\t\t\t\t\t\t\t\t<img fetchpriority=\"high\" decoding=\"async\" width=\"432\" height=\"436\" src=\"https:\/\/suisse-fibromyalgie.ch\/wp-content\/uploads\/Aurore-Dettwiler.jpg\" class=\"attachment-2048x2048 size-2048x2048 wp-image-8954\" alt=\"\" srcset=\"https:\/\/suisse-fibromyalgie.ch\/wp-content\/uploads\/Aurore-Dettwiler.jpg 432w, https:\/\/suisse-fibromyalgie.ch\/wp-content\/uploads\/Aurore-Dettwiler-297x300.jpg 297w, https:\/\/suisse-fibromyalgie.ch\/wp-content\/uploads\/Aurore-Dettwiler-150x150.jpg 150w, https:\/\/suisse-fibromyalgie.ch\/wp-content\/uploads\/Aurore-Dettwiler-12x12.jpg 12w\" sizes=\"(max-width: 432px) 100vw, 432px\" \/>\t\t\t\t\t\t\t\t\t\t\t\t\t\t\t<\/div>\n\t\t\t\t<\/div>\n\t\t\t\t\t<\/div>\n\t\t<\/div>\n\t\t\t\t<div class=\"elementor-column elementor-col-50 elementor-top-column elementor-element elementor-element-d7d3abd\" data-id=\"d7d3abd\" data-element_type=\"column\" data-e-type=\"column\">\n\t\t\t<div class=\"elementor-widget-wrap elementor-element-populated\">\n\t\t\t\t\t\t<div class=\"elementor-element elementor-element-cdd1fa2 elementor-widget elementor-widget-text-editor\" data-id=\"cdd1fa2\" data-element_type=\"widget\" data-e-type=\"widget\" data-widget_type=\"text-editor.default\">\n\t\t\t\t<div class=\"elementor-widget-container\">\n\t\t\t\t\t\t\t\t\t<div id=\"comp-l220jsmo1\" class=\"HcOXKn c9GqVL QxJLC3 comp-l220jsmo1 wixui-rich-text\" data-testid=\"richTextElement\"><div id=\"WRchTxtk\" class=\"Z_l5lU ku3DBC zQ9jDz qvSjx3 Vq6kJx WRchTxtk wixui-rich-text\" data-testid=\"richTextElement\"><h2 class=\"font_2 wixui-rich-text__text\"><span class=\"wixui-rich-text__text\">Il mio percorso<\/span><\/h2><\/div><div id=\"WRchTxt7\" class=\"Z_l5lU ku3DBC zQ9jDz qvSjx3 Vq6kJx WRchTxt7 wixui-rich-text\" data-testid=\"richTextElement\"><h6 class=\"font_6 wixui-rich-text__text\"><span class=\"wixui-rich-text__text\">A. Audrey Dettwiler<\/span><\/h6><h6 class=\"font_6 wixui-rich-text__text\"><span class=\"wixui-rich-text__text\"><span class=\"color_15 wixui-rich-text__text\">Riflessologo<\/span><\/span><\/h6><p class=\"font_8 wixui-rich-text__text\"><span class=\"wixui-rich-text__text\">Insegnante Reiki Ushui<\/span><\/p><\/div><div id=\"WRchTxt1c\" class=\"Z_l5lU ku3DBC zQ9jDz qvSjx3 Vq6kJx WRchTxt1c wixui-rich-text\" data-testid=\"richTextElement\"><p class=\"font_8 wixui-rich-text__text\"><span class=\"wixui-rich-text__text\">\u00abSe seguiamo il nostro intuito, le nostre aspirazioni, le nostre idee e i nostri desideri personali, non dovremmo mai conoscere altro che gioia e salute.\u00bb<br class=\"wixui-rich-text__text\" \/>Edward Bach<\/span><\/p><p class=\"font_8 wixui-rich-text__text\">Questo principio guida i miei passi gi\u00e0 da diversi anni. Troppo spesso, le regole imposte dalla societ\u00e0 o dalle persone che ci circondano ci allontanano dal nostro vero percorso di vita.<\/p><p class=\"font_8 wixui-rich-text__text\">Fin da bambina sono sempre stata affascinata dalla natura e dalla sua bellezza. Nel corso degli anni, questa attrazione si \u00e8 trasformata in una vera e propria esplorazione attraverso diversi approcci:<\/p><ul class=\"font_8 wixui-rich-text__text\"><li class=\"wixui-rich-text__text\"><p class=\"font_8 wixui-rich-text__text\">La fotografia, che mi ha permesso di catturare la luce e lo splendore dei paesaggi.<\/p><\/li><li class=\"wixui-rich-text__text\"><p class=\"font_8 wixui-rich-text__text\">Le passeggiate nella natura, che mi hanno insegnato a osservare e mi hanno regalato incontri indimenticabili.<\/p><\/li><li class=\"wixui-rich-text__text\"><p class=\"font_8 wixui-rich-text__text\">I momenti di condivisione attorno al fuoco, che mi hanno riportato ai valori semplici ed essenziali della vita.<\/p><\/li><\/ul><p class=\"font_8 wixui-rich-text__text\">\u00c8 cos\u00ec che \u00e8 nata la mia passione per le virt\u00f9 e le propriet\u00e0 terapeutiche della natura, che mi ha portato naturalmente verso le terapie alternative.<\/p><p class=\"font_8 wixui-rich-text__text\">Animata da una visione spirituale dell'esistenza, ho iniziato la mia iniziazione al Reiki prima di formarmi alle Fiori di Bach, alla litoterapia e all'idrolaterapia. Desiderosa di approfondire le mie conoscenze e di offrire un accompagnamento pi\u00f9 completo, ho proseguito il mio apprendistato con la tecnica della metamorfosi, la riflessologia e corsi di formazione in anatomia, fisiologia, patologia e psicologia.<\/p><p class=\"font_8 wixui-rich-text__text\">Ho anche partecipato a diversi seminari di psicologia per comprendere meglio le esigenze di ciascuno e offrire un accompagnamento personalizzato.<\/p><p class=\"font_8 wixui-rich-text__text\">Oggi, forte di questo percorso, metto le mie conoscenze e la mia esperienza al servizio di coloro che desiderano avanzare lungo il proprio cammino, con benevolenza e rispetto.<\/p><\/div><div id=\"WRchTxtj\" class=\"Z_l5lU ku3DBC zQ9jDz qvSjx3 Vq6kJx WRchTxtj wixui-rich-text\" data-testid=\"richTextElement\"><p class=\"font_8 wixui-rich-text__text\"><span class=\"wixui-rich-text__text\">Attualmente sto preparando il mio diploma federale in riflessologia...<\/span><\/p><p class=\"font_8 wixui-rich-text__text\"><span class=\"wixui-rich-text__text\">Questo per offrirvi il massimo livello di prestazioni!\u00a0<\/span><\/p><\/div><\/div>\t\t\t\t\t\t\t\t<\/div>\n\t\t\t\t<\/div>\n\t\t\t\t\t<\/div>\n\t\t<\/div>\n\t\t\t\t\t<\/div>\n\t\t<\/section>\n\t\t\t\t<section class=\"elementor-section elementor-top-section elementor-element elementor-element-fce1291 elementor-section-boxed elementor-section-height-default elementor-section-height-default\" data-id=\"fce1291\" data-element_type=\"section\" data-e-type=\"section\">\n\t\t\t\t\t\t<div class=\"elementor-container elementor-column-gap-default\">\n\t\t\t\t\t<div class=\"elementor-column elementor-col-50 elementor-top-column elementor-element elementor-element-3eb25a5\" data-id=\"3eb25a5\" data-element_type=\"column\" data-e-type=\"column\">\n\t\t\t<div class=\"elementor-widget-wrap elementor-element-populated\">\n\t\t\t\t\t\t<div class=\"elementor-element elementor-element-7b832d7 elementor-widget elementor-widget-text-editor\" data-id=\"7b832d7\" data-element_type=\"widget\" data-e-type=\"widget\" data-widget_type=\"text-editor.default\">\n\t\t\t\t<div class=\"elementor-widget-container\">\n\t\t\t\t\t\t\t\t\t<div id=\"bgLayers_comp-ljcvm8ir\" class=\"MW5IWV\" data-hook=\"bgLayers\" data-motion-part=\"BG_LAYER\"><div id=\"bgMedia_comp-ljcvm8ir\" class=\"VgO9Yg\" data-motion-part=\"BG_MEDIA\">La signora Dettwiler ha due studi, situati a Martigny e Bourg-St-Pierre nel Vallese.\u00a0<\/div><\/div>\t\t\t\t\t\t\t\t<\/div>\n\t\t\t\t<\/div>\n\t\t\t\t\t<\/div>\n\t\t<\/div>\n\t\t\t\t<div class=\"elementor-column elementor-col-50 elementor-top-column elementor-element elementor-element-dd614b0\" data-id=\"dd614b0\" data-element_type=\"column\" data-e-type=\"column\">\n\t\t\t<div class=\"elementor-widget-wrap elementor-element-populated\">\n\t\t\t\t\t\t<div class=\"elementor-element elementor-element-3570715 elementor-widget elementor-widget-text-editor\" data-id=\"3570715\" data-element_type=\"widget\" data-e-type=\"widget\" data-widget_type=\"text-editor.default\">\n\t\t\t\t<div class=\"elementor-widget-container\">\n\t\t\t\t\t\t\t\t\t<p><a href=\"https:\/\/www.audreydw.ch\/about\" target=\"_blank\" rel=\"noopener\">Per saperne di pi\u00f9, cliccate su questo link<\/a><\/p>\t\t\t\t\t\t\t\t<\/div>\n\t\t\t\t<\/div>\n\t\t\t\t\t<\/div>\n\t\t<\/div>\n\t\t\t\t\t<\/div>\n\t\t<\/section>\n\t\t\t\t<\/div>","protected":false},"excerpt":{"rendered":"<p>Mon parcours A. Audrey Dettwiler R\u00e9flexologue Enseignante Reiki Ushui \u00ab Si nous suivons nos intuitions, nos aspirations, nos id\u00e9es et nos d\u00e9sirs personnels, nous ne devrions jamais conna\u00eetre que joie [&hellip;]<\/p>\n","protected":false},"author":1,"featured_media":0,"parent":0,"menu_order":0,"comment_status":"closed","ping_status":"closed","template":"","meta":{"footnotes":""},"class_list":["post-8953","page","type-page","status-publish","hentry"],"publishpress_future_action":{"enabled":false,"date":"2026-04-21 20:27:23","action":"change-status","newStatus":"draft","terms":[],"taxonomy":"","extraData":[]},"publishpress_future_workflow_manual_trigger":{"enabledWorkflows":[]},"_links":{"self":[{"href":"https:\/\/suisse-fibromyalgie.ch\/it\/wp-json\/wp\/v2\/pages\/8953","targetHints":{"allow":["GET"]}}],"collection":[{"href":"https:\/\/suisse-fibromyalgie.ch\/it\/wp-json\/wp\/v2\/pages"}],"about":[{"href":"https:\/\/suisse-fibromyalgie.ch\/it\/wp-json\/wp\/v2\/types\/page"}],"author":[{"embeddable":true,"href":"https:\/\/suisse-fibromyalgie.ch\/it\/wp-json\/wp\/v2\/users\/1"}],"replies":[{"embeddable":true,"href":"https:\/\/suisse-fibromyalgie.ch\/it\/wp-json\/wp\/v2\/comments?post=8953"}],"version-history":[{"count":3,"href":"https:\/\/suisse-fibromyalgie.ch\/it\/wp-json\/wp\/v2\/pages\/8953\/revisions"}],"predecessor-version":[{"id":8957,"href":"https:\/\/suisse-fibromyalgie.ch\/it\/wp-json\/wp\/v2\/pages\/8953\/revisions\/8957"}],"wp:attachment":[{"href":"https:\/\/suisse-fibromyalgie.ch\/it\/wp-json\/wp\/v2\/media?parent=8953"}],"curies":[{"name":"wp","href":"https:\/\/api.w.org\/{rel}","templated":true}]}}