{"id":7215,"date":"2025-01-05T21:19:45","date_gmt":"2025-01-05T20:19:45","guid":{"rendered":"https:\/\/suisse-fibromyalgie.ch\/?page_id=7215"},"modified":"2025-01-05T21:23:12","modified_gmt":"2025-01-05T20:23:12","slug":"les-causes-de-la-fibromyalgie","status":"publish","type":"page","link":"https:\/\/suisse-fibromyalgie.ch\/it\/les-causes-de-la-fibromyalgie\/","title":{"rendered":"Cause della fibromialgia"},"content":{"rendered":"<div data-elementor-type=\"wp-page\" data-elementor-id=\"7215\" class=\"elementor elementor-7215\" data-elementor-post-type=\"page\">\n\t\t\t\t\t\t<section class=\"elementor-section elementor-top-section elementor-element elementor-element-f843809 elementor-section-boxed elementor-section-height-default elementor-section-height-default\" data-id=\"f843809\" data-element_type=\"section\" data-e-type=\"section\">\n\t\t\t\t\t\t<div class=\"elementor-container elementor-column-gap-default\">\n\t\t\t\t\t<div class=\"elementor-column elementor-col-33 elementor-top-column elementor-element elementor-element-1ca29f8\" data-id=\"1ca29f8\" data-element_type=\"column\" data-e-type=\"column\">\n\t\t\t<div class=\"elementor-widget-wrap elementor-element-populated\">\n\t\t\t\t\t\t<div class=\"elementor-element elementor-element-95b927e elementor-widget elementor-widget-image\" data-id=\"95b927e\" data-element_type=\"widget\" data-e-type=\"widget\" data-widget_type=\"image.default\">\n\t\t\t\t<div class=\"elementor-widget-container\">\n\t\t\t\t\t\t\t\t\t\t\t\t\t\t\t<img fetchpriority=\"high\" decoding=\"async\" width=\"791\" height=\"1024\" src=\"https:\/\/suisse-fibromyalgie.ch\/wp-content\/uploads\/cdc-c4IBsSCuwIU-unsplash-791x1024.jpg\" class=\"attachment-large size-large wp-image-7220\" alt=\"\" srcset=\"https:\/\/suisse-fibromyalgie.ch\/wp-content\/uploads\/cdc-c4IBsSCuwIU-unsplash-791x1024.jpg 791w, https:\/\/suisse-fibromyalgie.ch\/wp-content\/uploads\/cdc-c4IBsSCuwIU-unsplash-232x300.jpg 232w, https:\/\/suisse-fibromyalgie.ch\/wp-content\/uploads\/cdc-c4IBsSCuwIU-unsplash-768x994.jpg 768w, https:\/\/suisse-fibromyalgie.ch\/wp-content\/uploads\/cdc-c4IBsSCuwIU-unsplash-1187x1536.jpg 1187w, https:\/\/suisse-fibromyalgie.ch\/wp-content\/uploads\/cdc-c4IBsSCuwIU-unsplash-1583x2048.jpg 1583w, https:\/\/suisse-fibromyalgie.ch\/wp-content\/uploads\/cdc-c4IBsSCuwIU-unsplash-9x12.jpg 9w, https:\/\/suisse-fibromyalgie.ch\/wp-content\/uploads\/cdc-c4IBsSCuwIU-unsplash-scaled.jpg 1978w\" sizes=\"(max-width: 791px) 100vw, 791px\" \/>\t\t\t\t\t\t\t\t\t\t\t\t\t\t\t<\/div>\n\t\t\t\t<\/div>\n\t\t\t\t\t<\/div>\n\t\t<\/div>\n\t\t\t\t<div class=\"elementor-column elementor-col-66 elementor-top-column elementor-element elementor-element-561be42\" data-id=\"561be42\" data-element_type=\"column\" data-e-type=\"column\">\n\t\t\t<div class=\"elementor-widget-wrap elementor-element-populated\">\n\t\t\t\t\t\t<div class=\"elementor-element elementor-element-f4a1bae elementor-widget elementor-widget-text-editor\" data-id=\"f4a1bae\" data-element_type=\"widget\" data-e-type=\"widget\" data-widget_type=\"text-editor.default\">\n\t\t\t\t<div class=\"elementor-widget-container\">\n\t\t\t\t\t\t\t\t\t<h1>Cause<\/h1><p>La fibromialgia \u00e8 una condizione complessa le cui cause esatte rimangono sconosciute. Tradizionalmente, diversi fattori sono stati associati al suo sviluppo:<\/p><h3>Anomalie del sistema nervoso centrale :<\/h3><p>alterazione delle vie di controllo del dolore nel sistema nervoso centrale, con conseguente aumento della sensibilit\u00e0 al dolore.<\/p><h3>Fattori psicologici e sociali :<\/h3><p>Lo stress e i traumi fisici e psicologici sono fattori scatenanti riconosciuti della fibromialgia.<\/p><h3>Predisposizione genetica :<\/h3><p>Sono stati osservati segni di suscettibilit\u00e0 familiare a questa malattia, anche se devono essere confermati.<\/p><p>Recenti ricerche hanno portato alla luce nuovi elementi che possono contribuire alla comprensione della fibromialgia:<\/p><h3>Alterazioni del microbioma intestinale :<\/h3><p>Alcuni studi hanno evidenziato cambiamenti nei batteri intestinali e negli acidi biliari del sangue nelle persone affette da fibromialgia, suggerendo un'interazione tra il microbioma e la malattia.<\/p><h3>Disfunzioni muscolari :<\/h3><p>Le anomalie nei muscoli, come un'attivit\u00e0 elettrica anomala e la disfunzione dei mitocondri (le fabbriche di energia delle cellule), potrebbero essere la causa del dolore e della debolezza muscolare spesso associati alla fibromialgia.<\/p><h3>Ipersensibilit\u00e0 del sistema nervoso :<\/h3><p>La stimolazione ripetuta dei nervi potrebbe portare a un cambiamento nel cervello, aumentando la sensibilit\u00e0 al dolore.<\/p>\t\t\t\t\t\t\t\t<\/div>\n\t\t\t\t<\/div>\n\t\t\t\t\t<\/div>\n\t\t<\/div>\n\t\t\t\t\t<\/div>\n\t\t<\/section>\n\t\t\t\t<section class=\"elementor-section elementor-top-section elementor-element elementor-element-8f201bd elementor-section-boxed elementor-section-height-default elementor-section-height-default\" data-id=\"8f201bd\" data-element_type=\"section\" data-e-type=\"section\">\n\t\t\t\t\t\t<div class=\"elementor-container elementor-column-gap-default\">\n\t\t\t\t\t<div class=\"elementor-column elementor-col-100 elementor-top-column elementor-element elementor-element-f10dad4\" data-id=\"f10dad4\" data-element_type=\"column\" data-e-type=\"column\">\n\t\t\t<div class=\"elementor-widget-wrap\">\n\t\t\t\t\t\t\t<\/div>\n\t\t<\/div>\n\t\t\t\t\t<\/div>\n\t\t<\/section>\n\t\t\t\t<\/div>","protected":false},"excerpt":{"rendered":"<p>Les Causes La fibromyalgie est une affection complexe dont les causes exactes demeurent inconnues. Traditionnellement, plusieurs facteurs ont \u00e9t\u00e9 associ\u00e9s \u00e0 son d\u00e9veloppement : Anomalies du syst\u00e8me nerveux central : [&hellip;]<\/p>\n","protected":false},"author":569,"featured_media":7216,"parent":0,"menu_order":0,"comment_status":"closed","ping_status":"closed","template":"","meta":{"footnotes":""},"class_list":["post-7215","page","type-page","status-publish","has-post-thumbnail","hentry"],"publishpress_future_action":{"enabled":false,"date":"2026-05-15 18:34:22","action":"change-status","newStatus":"draft","terms":[],"taxonomy":"","extraData":[]},"publishpress_future_workflow_manual_trigger":{"enabledWorkflows":[]},"_links":{"self":[{"href":"https:\/\/suisse-fibromyalgie.ch\/it\/wp-json\/wp\/v2\/pages\/7215","targetHints":{"allow":["GET"]}}],"collection":[{"href":"https:\/\/suisse-fibromyalgie.ch\/it\/wp-json\/wp\/v2\/pages"}],"about":[{"href":"https:\/\/suisse-fibromyalgie.ch\/it\/wp-json\/wp\/v2\/types\/page"}],"author":[{"embeddable":true,"href":"https:\/\/suisse-fibromyalgie.ch\/it\/wp-json\/wp\/v2\/users\/569"}],"replies":[{"embeddable":true,"href":"https:\/\/suisse-fibromyalgie.ch\/it\/wp-json\/wp\/v2\/comments?post=7215"}],"version-history":[{"count":4,"href":"https:\/\/suisse-fibromyalgie.ch\/it\/wp-json\/wp\/v2\/pages\/7215\/revisions"}],"predecessor-version":[{"id":7223,"href":"https:\/\/suisse-fibromyalgie.ch\/it\/wp-json\/wp\/v2\/pages\/7215\/revisions\/7223"}],"wp:featuredmedia":[{"embeddable":true,"href":"https:\/\/suisse-fibromyalgie.ch\/it\/wp-json\/wp\/v2\/media\/7216"}],"wp:attachment":[{"href":"https:\/\/suisse-fibromyalgie.ch\/it\/wp-json\/wp\/v2\/media?parent=7215"}],"curies":[{"name":"wp","href":"https:\/\/api.w.org\/{rel}","templated":true}]}}