{"id":7204,"date":"2025-01-05T21:11:32","date_gmt":"2025-01-05T20:11:32","guid":{"rendered":"https:\/\/suisse-fibromyalgie.ch\/?page_id=7204"},"modified":"2025-01-05T21:16:44","modified_gmt":"2025-01-05T20:16:44","slug":"les-symptomes-de-la-fibromyalgie","status":"publish","type":"page","link":"https:\/\/suisse-fibromyalgie.ch\/it\/les-symptomes-de-la-fibromyalgie\/","title":{"rendered":"Sintomi della fibromialgia"},"content":{"rendered":"<div data-elementor-type=\"wp-page\" data-elementor-id=\"7204\" class=\"elementor elementor-7204\" data-elementor-post-type=\"page\">\n\t\t\t\t\t\t<section class=\"elementor-section elementor-top-section elementor-element elementor-element-b22efe8 elementor-section-boxed elementor-section-height-default elementor-section-height-default\" data-id=\"b22efe8\" data-element_type=\"section\" data-e-type=\"section\">\n\t\t\t\t\t\t<div class=\"elementor-container elementor-column-gap-default\">\n\t\t\t\t\t<div class=\"elementor-column elementor-col-33 elementor-top-column elementor-element elementor-element-c7b3126\" data-id=\"c7b3126\" data-element_type=\"column\" data-e-type=\"column\">\n\t\t\t<div class=\"elementor-widget-wrap elementor-element-populated\">\n\t\t\t\t\t\t<div class=\"elementor-element elementor-element-4bb1093 elementor-widget elementor-widget-image\" data-id=\"4bb1093\" data-element_type=\"widget\" data-e-type=\"widget\" data-widget_type=\"image.default\">\n\t\t\t\t<div class=\"elementor-widget-container\">\n\t\t\t\t\t\t\t\t\t\t\t\t\t\t\t<img fetchpriority=\"high\" decoding=\"async\" width=\"683\" height=\"1024\" src=\"https:\/\/suisse-fibromyalgie.ch\/wp-content\/uploads\/pexels-tima-miroshnichenko-5717264-683x1024.jpg\" class=\"attachment-large size-large wp-image-7207\" alt=\"\" srcset=\"https:\/\/suisse-fibromyalgie.ch\/wp-content\/uploads\/pexels-tima-miroshnichenko-5717264-683x1024.jpg 683w, https:\/\/suisse-fibromyalgie.ch\/wp-content\/uploads\/pexels-tima-miroshnichenko-5717264-200x300.jpg 200w, https:\/\/suisse-fibromyalgie.ch\/wp-content\/uploads\/pexels-tima-miroshnichenko-5717264-768x1152.jpg 768w, https:\/\/suisse-fibromyalgie.ch\/wp-content\/uploads\/pexels-tima-miroshnichenko-5717264-1024x1536.jpg 1024w, https:\/\/suisse-fibromyalgie.ch\/wp-content\/uploads\/pexels-tima-miroshnichenko-5717264-1365x2048.jpg 1365w, https:\/\/suisse-fibromyalgie.ch\/wp-content\/uploads\/pexels-tima-miroshnichenko-5717264-8x12.jpg 8w, https:\/\/suisse-fibromyalgie.ch\/wp-content\/uploads\/pexels-tima-miroshnichenko-5717264-scaled.jpg 1707w\" sizes=\"(max-width: 683px) 100vw, 683px\" \/>\t\t\t\t\t\t\t\t\t\t\t\t\t\t\t<\/div>\n\t\t\t\t<\/div>\n\t\t\t\t\t<\/div>\n\t\t<\/div>\n\t\t\t\t<div class=\"elementor-column elementor-col-66 elementor-top-column elementor-element elementor-element-0aee92d\" data-id=\"0aee92d\" data-element_type=\"column\" data-e-type=\"column\">\n\t\t\t<div class=\"elementor-widget-wrap elementor-element-populated\">\n\t\t\t\t\t\t<div class=\"elementor-element elementor-element-ff61dbb elementor-widget elementor-widget-text-editor\" data-id=\"ff61dbb\" data-element_type=\"widget\" data-e-type=\"widget\" data-widget_type=\"text-editor.default\">\n\t\t\t\t<div class=\"elementor-widget-container\">\n\t\t\t\t\t\t\t\t\t<h1><a href=\"https:\/\/suisse-fibromyalgie.ch\/it\/les-symptomes\/\">Sintomi<\/a><\/h1><p>La fibromialgia \u00e8 una condizione cronica caratterizzata da una costellazione di sintomi variegati e spesso invalidanti. I sintomi principali includono :<\/p><h3>Dolore diffuso :<\/h3><p>I pazienti accusano dolori muscolari e articolari diffusi, spesso descritti come bruciori o dolori. Questi dolori sono permanenti, fluttuano di intensit\u00e0 e possono essere esacerbati da stress, freddo o umidit\u00e0.<\/p><h3>Stanchezza cronica :<\/h3><p>Una sensazione persistente di stanchezza o di esaurimento, anche dopo una notte di sonno, \u00e8 comune. Questa stanchezza pu\u00f2 interferire con le attivit\u00e0 quotidiane e ridurre la qualit\u00e0 della vita.<\/p><h2>Disturbi del sonno :<\/h2><p>Le persone affette da fibromialgia spesso riferiscono un sonno poco ristoratore, con difficolt\u00e0 ad addormentarsi, risvegli frequenti e una sensazione di sonno superficiale.<\/p><h3>Rigidit\u00e0 muscolare :<\/h3><p>Si osserva spesso rigidit\u00e0, particolarmente accentuata al mattino o dopo periodi di inattivit\u00e0.<\/p><h3>Disturbi cognitivi :<\/h3><p>Possono verificarsi difficolt\u00e0 di concentrazione, problemi di memoria a breve termine e una sensazione di nebbia mentale, spesso definita \"fibro-nebbia\".<\/p><h3>Mal di testa :<\/h3><p>La cefalea tensiva o l'emicrania sono comuni nelle persone affette da fibromialgia.<\/p><h3>Disturbi digestivi:<\/h3><p>Sono comuni sintomi come dolore addominale, gonfiore e alternanza di diarrea e costipazione, spesso associati alla sindrome dell'intestino irritabile.<\/p><h3>Ipersensibilit\u00e0 sensoriale :<\/h3><p>Pu\u00f2 essere presente una maggiore sensibilit\u00e0 al rumore, alla luce, agli odori o alle variazioni di temperatura.<\/p><h3>Disturbi dell'umore :<\/h3><p>Episodi di ansia, depressione o sbalzi d'umore possono accompagnare la fibromialgia, esacerbando la percezione del dolore e della fatica.<\/p><h3>Sindrome delle gambe senza riposo :<\/h3><p>Pu\u00f2 verificarsi un impulso irresistibile a muovere le gambe, spesso accompagnato da sensazioni spiacevoli, soprattutto a riposo o durante la notte.<\/p>\t\t\t\t\t\t\t\t<\/div>\n\t\t\t\t<\/div>\n\t\t\t\t\t<\/div>\n\t\t<\/div>\n\t\t\t\t\t<\/div>\n\t\t<\/section>\n\t\t\t\t<\/div>","protected":false},"excerpt":{"rendered":"<p>Les Sympt\u00f4mes La fibromyalgie est une affection chronique caract\u00e9ris\u00e9e par une constellation de sympt\u00f4mes vari\u00e9s et souvent invalidants. Les principaux sympt\u00f4mes incluent : Douleurs diffuses : Les patients ressentent des [&hellip;]<\/p>\n","protected":false},"author":569,"featured_media":7205,"parent":0,"menu_order":0,"comment_status":"closed","ping_status":"closed","template":"","meta":{"footnotes":""},"class_list":["post-7204","page","type-page","status-publish","has-post-thumbnail","hentry"],"publishpress_future_action":{"enabled":false,"date":"2026-05-15 18:34:09","action":"change-status","newStatus":"draft","terms":[],"taxonomy":"","extraData":[]},"publishpress_future_workflow_manual_trigger":{"enabledWorkflows":[]},"_links":{"self":[{"href":"https:\/\/suisse-fibromyalgie.ch\/it\/wp-json\/wp\/v2\/pages\/7204","targetHints":{"allow":["GET"]}}],"collection":[{"href":"https:\/\/suisse-fibromyalgie.ch\/it\/wp-json\/wp\/v2\/pages"}],"about":[{"href":"https:\/\/suisse-fibromyalgie.ch\/it\/wp-json\/wp\/v2\/types\/page"}],"author":[{"embeddable":true,"href":"https:\/\/suisse-fibromyalgie.ch\/it\/wp-json\/wp\/v2\/users\/569"}],"replies":[{"embeddable":true,"href":"https:\/\/suisse-fibromyalgie.ch\/it\/wp-json\/wp\/v2\/comments?post=7204"}],"version-history":[{"count":4,"href":"https:\/\/suisse-fibromyalgie.ch\/it\/wp-json\/wp\/v2\/pages\/7204\/revisions"}],"predecessor-version":[{"id":7211,"href":"https:\/\/suisse-fibromyalgie.ch\/it\/wp-json\/wp\/v2\/pages\/7204\/revisions\/7211"}],"wp:featuredmedia":[{"embeddable":true,"href":"https:\/\/suisse-fibromyalgie.ch\/it\/wp-json\/wp\/v2\/media\/7205"}],"wp:attachment":[{"href":"https:\/\/suisse-fibromyalgie.ch\/it\/wp-json\/wp\/v2\/media?parent=7204"}],"curies":[{"name":"wp","href":"https:\/\/api.w.org\/{rel}","templated":true}]}}