{"id":7192,"date":"2025-01-05T20:55:48","date_gmt":"2025-01-05T19:55:48","guid":{"rendered":"https:\/\/suisse-fibromyalgie.ch\/?page_id=7192"},"modified":"2025-01-05T21:29:54","modified_gmt":"2025-01-05T20:29:54","slug":"symptomes-de-la-fibromyalgie","status":"publish","type":"page","link":"https:\/\/suisse-fibromyalgie.ch\/it\/symptomes-de-la-fibromyalgie\/","title":{"rendered":"Trattamenti per la fibromialgia"},"content":{"rendered":"<div data-elementor-type=\"wp-page\" data-elementor-id=\"7192\" class=\"elementor elementor-7192\" data-elementor-post-type=\"page\">\n\t\t\t\t\t\t<section class=\"elementor-section elementor-top-section elementor-element elementor-element-531924d elementor-section-boxed elementor-section-height-default elementor-section-height-default\" data-id=\"531924d\" data-element_type=\"section\" data-e-type=\"section\">\n\t\t\t\t\t\t<div class=\"elementor-container elementor-column-gap-default\">\n\t\t\t\t\t<div class=\"elementor-column elementor-col-33 elementor-top-column elementor-element elementor-element-cdf7f8a\" data-id=\"cdf7f8a\" data-element_type=\"column\" data-e-type=\"column\">\n\t\t\t<div class=\"elementor-widget-wrap elementor-element-populated\">\n\t\t\t\t\t\t<div class=\"elementor-element elementor-element-d7b1098 elementor-widget elementor-widget-image\" data-id=\"d7b1098\" data-element_type=\"widget\" data-e-type=\"widget\" data-widget_type=\"image.default\">\n\t\t\t\t<div class=\"elementor-widget-container\">\n\t\t\t\t\t\t\t\t\t\t\t\t\t\t\t<img fetchpriority=\"high\" decoding=\"async\" width=\"1024\" height=\"1536\" src=\"https:\/\/suisse-fibromyalgie.ch\/wp-content\/uploads\/pexels-karolina-grabowska-4046659-1024x1536.jpg\" class=\"attachment-1536x1536 size-1536x1536 wp-image-7219\" alt=\"\" srcset=\"https:\/\/suisse-fibromyalgie.ch\/wp-content\/uploads\/pexels-karolina-grabowska-4046659-1024x1536.jpg 1024w, https:\/\/suisse-fibromyalgie.ch\/wp-content\/uploads\/pexels-karolina-grabowska-4046659-200x300.jpg 200w, https:\/\/suisse-fibromyalgie.ch\/wp-content\/uploads\/pexels-karolina-grabowska-4046659-683x1024.jpg 683w, https:\/\/suisse-fibromyalgie.ch\/wp-content\/uploads\/pexels-karolina-grabowska-4046659-768x1152.jpg 768w, https:\/\/suisse-fibromyalgie.ch\/wp-content\/uploads\/pexels-karolina-grabowska-4046659-1365x2048.jpg 1365w, https:\/\/suisse-fibromyalgie.ch\/wp-content\/uploads\/pexels-karolina-grabowska-4046659-8x12.jpg 8w, https:\/\/suisse-fibromyalgie.ch\/wp-content\/uploads\/pexels-karolina-grabowska-4046659-scaled.jpg 1707w\" sizes=\"(max-width: 1024px) 100vw, 1024px\" \/>\t\t\t\t\t\t\t\t\t\t\t\t\t\t\t<\/div>\n\t\t\t\t<\/div>\n\t\t\t\t\t<\/div>\n\t\t<\/div>\n\t\t\t\t<div class=\"elementor-column elementor-col-66 elementor-top-column elementor-element elementor-element-e5ed737\" data-id=\"e5ed737\" data-element_type=\"column\" data-e-type=\"column\">\n\t\t\t<div class=\"elementor-widget-wrap elementor-element-populated\">\n\t\t\t\t\t\t<div class=\"elementor-element elementor-element-7982056 elementor-widget elementor-widget-text-editor\" data-id=\"7982056\" data-element_type=\"widget\" data-e-type=\"widget\" data-widget_type=\"text-editor.default\">\n\t\t\t\t<div class=\"elementor-widget-container\">\n\t\t\t\t\t\t\t\t\t<p>Il trattamento della fibromialgia \u00e8 complesso e multidimensionale e prevede una combinazione di farmaci, terapie fisiche, cambiamenti nello stile di vita e strategie psicologiche. Oltre ai trattamenti medici convenzionali, sempre pi\u00f9 pazienti si rivolgono ad approcci alternativi e integrativi per gestire i sintomi.<\/p><h1>Trattamenti medici convenzionali<\/h1><p>Per alleviare i sintomi della fibromialgia si ricorre spesso a trattamenti farmacologici. Si concentrano principalmente sulla gestione del dolore, sul miglioramento del sonno e sulla riduzione dell'ansia.<\/p><h2>Farmaci per il dolore :<\/h2><ul><li>Antidolorifici convenzionali: si possono usare antidolorifici come il paracetamolo o i farmaci antinfiammatori non steroidei (FANS), anche se la loro efficacia nella fibromialgia \u00e8 limitata, poich\u00e9 non agiscono direttamente sui meccanismi del dolore sottostante.<\/li><li>Antidepressivi: farmaci come la duloxetina (Cymbalta) e il milnacipran (Savella) possono aiutare ad alleviare sia il dolore che i sintomi depressivi che spesso accompagnano la fibromialgia. Questi farmaci aumentano i livelli di alcune sostanze chimiche nel cervello che aiutano a ridurre il dolore.<\/li><li>Anticonvulsivanti: Farmaci come il gabapentin e il pregabalin (Lyrica) sono spesso prescritti per trattare il dolore neuropatico e sono efficaci per ridurre il dolore e migliorare la qualit\u00e0 del sonno nei pazienti fibromialgici.<\/li><li>Rilassanti muscolari: farmaci come la ciclobenzaprina possono alleviare il dolore muscolare.<\/li><\/ul><h2>Miglioramento del sonno e della gestione dello stress:<\/h2><p>I disturbi del sonno sono comuni nelle persone affette da fibromialgia e per migliorare la qualit\u00e0 del sonno si ricorre spesso a farmaci come le benzodiazepine o a terapie non farmacologiche come la terapia cognitivo-comportamentale (CBT).<\/p><h2>Terapie fisiche :<\/h2><ul><li>Esercizio fisico: l'esercizio fisico moderato, come camminare, nuotare o fare yoga, \u00e8 un approccio consigliato per migliorare la forza e la flessibilit\u00e0 muscolare, che pu\u00f2 ridurre il dolore.<\/li><li>Fisioterapia: la fisioterapia pu\u00f2 essere utilizzata per alleviare i dolori muscolari e migliorare la postura e la mobilit\u00e0.<\/li><li>Terapie comportamentali: la terapia cognitivo-comportamentale (CBT) \u00e8 utile per gestire i sintomi di ansia, depressione e stress, modificando i modelli di pensiero negativi che possono aggravare il dolore.<\/li><\/ul><p>\u00a0<\/p>\t\t\t\t\t\t\t\t<\/div>\n\t\t\t\t<\/div>\n\t\t\t\t\t<\/div>\n\t\t<\/div>\n\t\t\t\t\t<\/div>\n\t\t<\/section>\n\t\t\t\t<section class=\"elementor-section elementor-top-section elementor-element elementor-element-09e5960 elementor-section-boxed elementor-section-height-default elementor-section-height-default\" data-id=\"09e5960\" data-element_type=\"section\" data-e-type=\"section\">\n\t\t\t\t\t\t<div class=\"elementor-container elementor-column-gap-default\">\n\t\t\t\t\t<div class=\"elementor-column elementor-col-100 elementor-top-column elementor-element elementor-element-7d43e50\" data-id=\"7d43e50\" data-element_type=\"column\" data-e-type=\"column\">\n\t\t\t<div class=\"elementor-widget-wrap elementor-element-populated\">\n\t\t\t\t\t\t<div class=\"elementor-element elementor-element-912f152 elementor-widget elementor-widget-text-editor\" data-id=\"912f152\" data-element_type=\"widget\" data-e-type=\"widget\" data-widget_type=\"text-editor.default\">\n\t\t\t\t<div class=\"elementor-widget-container\">\n\t\t\t\t\t\t\t\t\t<h1>Medicina alternativa e integrativa<\/h1><p>La medicina alternativa e integrativa \u00e8 sempre pi\u00f9 utilizzata per trattare la fibromialgia, come complemento alle cure convenzionali. Questi approcci mirano a migliorare il benessere generale del paziente, tenendo conto degli aspetti fisici, emotivi e spirituali della malattia.<\/p><h2>Approcci nutrizionali :<\/h2><ul><li>Dieta e integrazione: sebbene le prove scientifiche sull'efficacia di una dieta specifica per la fibromialgia siano limitate, molte persone trovano miglioramenti con una dieta antinfiammatoria, ricca di antiossidanti e povera di zuccheri e carboidrati raffinati. Alcuni integratori, come la vitamina D, il magnesio e gli acidi grassi omega-3, sono talvolta consigliati per il loro potenziale di riduzione del dolore e di miglioramento dell'umore.<\/li><li>Probiotici: migliorare la salute intestinale con i probiotici pu\u00f2 avere un impatto positivo sui sintomi, anche se sono necessarie ulteriori ricerche.<\/li><\/ul><h2>Approcci manuali e fisici :<\/h2><ul><li>Agopuntura: l'agopuntura, che prevede l'inserimento di aghi sottili in determinati punti del corpo, viene utilizzata per ridurre il dolore e migliorare la circolazione. Alcuni pazienti affetti da fibromialgia riferiscono una riduzione del dolore e un miglioramento del benessere generale.<\/li><li>Massaggio terapeutico: il massaggio pu\u00f2 aiutare a ridurre la tensione muscolare e a migliorare la circolazione sanguigna, contribuendo ad alleviare il dolore e a favorire il rilassamento.<\/li><\/ul><h2>Pratiche di meditazione e rilassamento :<\/h2><ul><li>Meditazione mindfulness e rilassamento muscolare progressivo: queste tecniche aiutano a ridurre lo stress, ad aumentare la tolleranza al dolore e a migliorare la qualit\u00e0 del sonno. La meditazione mindfulness ha dato risultati positivi nella riduzione dei sintomi depressivi e ansiosi associati alla fibromialgia.<\/li><li>Yoga e tai chi: queste pratiche integrative combinano movimenti dolci, esercizi di respirazione e meditazione e si sono rivelate utili per alleviare il dolore e migliorare la mobilit\u00e0.<\/li><\/ul><h2>Trattamenti energetici :<\/h2><ul><li>Reiki e trattamenti energetici: questi metodi si basano sull'idea che il corpo possieda un'energia vitale che pu\u00f2 essere riequilibrata dall'operatore. Sebbene manchino prove scientifiche, alcuni pazienti trovano sollievo grazie a questi approcci.<\/li><\/ul><h2>Omeopatia e fitoterapia :<\/h2><ul><li>Alcune persone affette da fibromialgia ricorrono a trattamenti omeopatici e a rimedi erboristici come la curcuma, lo zenzero e l'arpagofito (artiglio del diavolo), noti per le loro propriet\u00e0 antinfiammatorie e analgesiche. Tuttavia, questi trattamenti spesso non hanno una solida base scientifica e devono essere utilizzati con cautela.<\/li><\/ul><h1>Medicina Integrativa: un approccio combinato<\/h1><p>La medicina integrativa combina trattamenti medici convenzionali e approcci alternativi per trattare la fibromialgia in modo olistico. I professionisti della salute raccomandano spesso un approccio multidisciplinare che coinvolge medici, psicologi, fisioterapisti, nutrizionisti, operatori alternativi e terapisti comportamentali per trattare i vari aspetti della fibromialgia.<\/p>\t\t\t\t\t\t\t\t<\/div>\n\t\t\t\t<\/div>\n\t\t\t\t\t<\/div>\n\t\t<\/div>\n\t\t\t\t\t<\/div>\n\t\t<\/section>\n\t\t\t\t<\/div>","protected":false},"excerpt":{"rendered":"<p>Le traitement de la fibromyalgie est complexe et multidimensionnel, impliquant une combinaison de m\u00e9dicaments, de th\u00e9rapies physiques, de changements de mode de vie et de strat\u00e9gies psychologiques. \u00c0 c\u00f4t\u00e9 des [&hellip;]<\/p>\n","protected":false},"author":569,"featured_media":7193,"parent":0,"menu_order":0,"comment_status":"closed","ping_status":"closed","template":"","meta":{"footnotes":""},"class_list":["post-7192","page","type-page","status-publish","has-post-thumbnail","hentry"],"publishpress_future_action":{"enabled":false,"date":"2026-05-15 18:34:31","action":"change-status","newStatus":"draft","terms":[],"taxonomy":"","extraData":[]},"publishpress_future_workflow_manual_trigger":{"enabledWorkflows":[]},"_links":{"self":[{"href":"https:\/\/suisse-fibromyalgie.ch\/it\/wp-json\/wp\/v2\/pages\/7192","targetHints":{"allow":["GET"]}}],"collection":[{"href":"https:\/\/suisse-fibromyalgie.ch\/it\/wp-json\/wp\/v2\/pages"}],"about":[{"href":"https:\/\/suisse-fibromyalgie.ch\/it\/wp-json\/wp\/v2\/types\/page"}],"author":[{"embeddable":true,"href":"https:\/\/suisse-fibromyalgie.ch\/it\/wp-json\/wp\/v2\/users\/569"}],"replies":[{"embeddable":true,"href":"https:\/\/suisse-fibromyalgie.ch\/it\/wp-json\/wp\/v2\/comments?post=7192"}],"version-history":[{"count":11,"href":"https:\/\/suisse-fibromyalgie.ch\/it\/wp-json\/wp\/v2\/pages\/7192\/revisions"}],"predecessor-version":[{"id":7244,"href":"https:\/\/suisse-fibromyalgie.ch\/it\/wp-json\/wp\/v2\/pages\/7192\/revisions\/7244"}],"wp:featuredmedia":[{"embeddable":true,"href":"https:\/\/suisse-fibromyalgie.ch\/it\/wp-json\/wp\/v2\/media\/7193"}],"wp:attachment":[{"href":"https:\/\/suisse-fibromyalgie.ch\/it\/wp-json\/wp\/v2\/media?parent=7192"}],"curies":[{"name":"wp","href":"https:\/\/api.w.org\/{rel}","templated":true}]}}