{"id":6861,"date":"2024-11-12T11:24:19","date_gmt":"2024-11-12T10:24:19","guid":{"rendered":"https:\/\/suisse-fibromyalgie.ch\/?page_id=6861"},"modified":"2024-11-12T14:12:38","modified_gmt":"2024-11-12T13:12:38","slug":"petrovic-giada-psychologue-fsp-specialiste-en-sante-c","status":"publish","type":"page","link":"https:\/\/suisse-fibromyalgie.ch\/it\/petrovic-giada-psychologue-fsp-specialiste-en-sante-c\/","title":{"rendered":"Petrovic Giada - Psicologa FSP specialista in salute C"},"content":{"rendered":"<div data-elementor-type=\"wp-page\" data-elementor-id=\"6861\" class=\"elementor elementor-6861\" data-elementor-post-type=\"page\">\n\t\t\t\t\t\t<section class=\"elementor-section elementor-top-section elementor-element elementor-element-5643a8c elementor-section-boxed elementor-section-height-default elementor-section-height-default\" data-id=\"5643a8c\" data-element_type=\"section\" data-e-type=\"section\">\n\t\t\t\t\t\t<div class=\"elementor-container elementor-column-gap-default\">\n\t\t\t\t\t<div class=\"elementor-column elementor-col-50 elementor-top-column elementor-element elementor-element-c953588\" data-id=\"c953588\" data-element_type=\"column\" data-e-type=\"column\">\n\t\t\t<div class=\"elementor-widget-wrap elementor-element-populated\">\n\t\t\t\t\t\t<div class=\"elementor-element elementor-element-68ab1cb elementor-widget elementor-widget-image\" data-id=\"68ab1cb\" data-element_type=\"widget\" data-e-type=\"widget\" data-widget_type=\"image.default\">\n\t\t\t\t<div class=\"elementor-widget-container\">\n\t\t\t\t\t\t\t\t\t\t\t\t\t\t\t<img fetchpriority=\"high\" decoding=\"async\" width=\"503\" height=\"420\" src=\"https:\/\/suisse-fibromyalgie.ch\/wp-content\/uploads\/Petrovic-Giada.jpg\" class=\"attachment-medium_large size-medium_large wp-image-6862\" alt=\"\" srcset=\"https:\/\/suisse-fibromyalgie.ch\/wp-content\/uploads\/Petrovic-Giada.jpg 503w, https:\/\/suisse-fibromyalgie.ch\/wp-content\/uploads\/Petrovic-Giada-300x250.jpg 300w, https:\/\/suisse-fibromyalgie.ch\/wp-content\/uploads\/Petrovic-Giada-14x12.jpg 14w\" sizes=\"(max-width: 503px) 100vw, 503px\" \/>\t\t\t\t\t\t\t\t\t\t\t\t\t\t\t<\/div>\n\t\t\t\t<\/div>\n\t\t\t\t\t<\/div>\n\t\t<\/div>\n\t\t\t\t<div class=\"elementor-column elementor-col-50 elementor-top-column elementor-element elementor-element-d7d3abd\" data-id=\"d7d3abd\" data-element_type=\"column\" data-e-type=\"column\">\n\t\t\t<div class=\"elementor-widget-wrap elementor-element-populated\">\n\t\t\t\t\t\t<div class=\"elementor-element elementor-element-cdd1fa2 elementor-widget elementor-widget-text-editor\" data-id=\"cdd1fa2\" data-element_type=\"widget\" data-e-type=\"widget\" data-widget_type=\"text-editor.default\">\n\t\t\t\t<div class=\"elementor-widget-container\">\n\t\t\t\t\t\t\t\t\t<p class=\"font_8 wixui-rich-text__text\"><span class=\"wixui-rich-text__text\">Sono Giada, piacere di conoscerti \ud83d\ude09\ud83d\ude42 Sono Giada, piacere di conoscerti \ud83d\ude09<\/span><\/p><p class=\"font_8 wixui-rich-text__text\"><span class=\"wixui-rich-text__text\">Ho conseguito un master in psicologia clinica della persona, della famiglia e della comunit\u00e0. \ud83d\udc69\u200d\ud83c\udf93<\/span><\/p><p class=\"font_8 wixui-rich-text__text\"><span class=\"wixui-rich-text__text\">Sto proseguendo la mia formazione MAS in psicoterapia sistemica relazionale \ud83e\udd13<\/span><\/p><p class=\"font_8 wixui-rich-text__text\"><span class=\"wixui-rich-text__text\">Lavoro in un ospedale \ud83d\udc69\ud83c\udffb\u200d\ud83d\udd27en come psicologo sostituto in cure palliative.\u00a0<\/span><\/p><p class=\"font_8 wixui-rich-text__text\"><span class=\"wixui-rich-text__text\">Sono attento alle esigenze dei residenti e delle loro famiglie \ud83d\udc65<\/span><\/p><p class=\"font_8 wixui-rich-text__text\"><span class=\"wixui-rich-text__text\">La famiglia \u00e8 stata al centro delle mie preoccupazioni da quando ho terminato gli studi.\u00a0<\/span><\/p><p class=\"font_8 wixui-rich-text__text\"><span class=\"wixui-rich-text__text\">\u00c8 la nostra prima scuola di vita.\u00a0<\/span><\/p><p class=\"font_8 wixui-rich-text__text\"><span class=\"wixui-rich-text__text\">\u00c8 importante per lo sviluppo del bambino.<\/span><\/p><p class=\"font_8 wixui-rich-text__text\"><span class=\"wixui-rich-text__text\">\u00c8 una risorsa, ma anche un peso!<\/span><\/p><p class=\"font_8 wixui-rich-text__text\"><span class=\"wixui-rich-text__text\">Essere pap\u00e0, mamma o nonno non \u00e8 sempre facile! \ud83e\uddd7\ud83c\udfff\u200d\u2642\ufe0f<\/span><\/p><p class=\"font_8 wixui-rich-text__text\"><span class=\"wixui-rich-text__text\">Gli obblighi e le aspettative della societ\u00e0 si moltiplicano.\u00a0<\/span><\/p><p class=\"font_8 wixui-rich-text__text\"><span class=\"wixui-rich-text__text\">Il carico mentale su bambini, genitori e nonni \u00e8 in aumento. \ud83c\udfcb\ufe0f\u200d\u2640\ufe0f<\/span><\/p><p class=\"font_8 wixui-rich-text__text\"><span class=\"wixui-rich-text__text\">\u00c8 mio piacere accompagnarvi per tutta la vita durante il trauma \ud83e\udd15 diagnosi di malattia chronique\ud83d\udecf\ufe0f, depressione, ansia \ud83c\udfaf, gestione di \u00e9motions\ud83d\udcaa\ud83c\udffb,\u00a0<\/span><\/p><p class=\"font_8 wixui-rich-text__text\"><span class=\"wixui-rich-text__text\">\u00a0invecchiamento attivo\ud83d\udd7a esaurimento dei genitori \ud83d\udde3\ufe0fet professionale\ud83e\ude9c\ud83d\udc69\u200d\ud83e\uddaf<\/span><\/p><p class=\"font_8 wixui-rich-text__text\"><span class=\"wixui-rich-text__text\">Mi occupo anche di varie questioni relative ai social network (ad esempio, cyberbullismo, revenge porn o deepfake).\u00a0<\/span><\/p><p class=\"font_8 wixui-rich-text__text\"><span class=\"wixui-rich-text__text\">Organizzo interventi con le istituzioni scolastiche\ud83c\udfe2, conf\u00e9rences\ud83c\udf99\ufe0f laboratori \ud83d\udcda per sostenere giovani e genitori.<\/span><\/p><p class=\"font_8 wixui-rich-text__text\"><span class=\"wixui-rich-text__text\">Vi invito a sfogliare la mia pagina Instagram \"Familles Connect\u00e9es\" (@c0nnectedfamilies)<\/span><\/p><p class=\"font_8 wixui-rich-text__text\"><span class=\"wixui-rich-text__text\">Non vedo l'ora di conoscervi! A presto! \ud83d\ude4b\u200d\u2640\ufe0f<\/span><\/p>\t\t\t\t\t\t\t\t<\/div>\n\t\t\t\t<\/div>\n\t\t\t\t\t<\/div>\n\t\t<\/div>\n\t\t\t\t\t<\/div>\n\t\t<\/section>\n\t\t\t\t<section class=\"elementor-section elementor-top-section elementor-element elementor-element-fce1291 elementor-section-boxed elementor-section-height-default elementor-section-height-default\" data-id=\"fce1291\" data-element_type=\"section\" data-e-type=\"section\">\n\t\t\t\t\t\t<div class=\"elementor-container elementor-column-gap-default\">\n\t\t\t\t\t<div class=\"elementor-column elementor-col-50 elementor-top-column elementor-element elementor-element-3eb25a5\" data-id=\"3eb25a5\" data-element_type=\"column\" data-e-type=\"column\">\n\t\t\t<div class=\"elementor-widget-wrap elementor-element-populated\">\n\t\t\t\t\t\t<div class=\"elementor-element elementor-element-7b832d7 elementor-widget elementor-widget-text-editor\" data-id=\"7b832d7\" data-element_type=\"widget\" data-e-type=\"widget\" data-widget_type=\"text-editor.default\">\n\t\t\t\t<div class=\"elementor-widget-container\">\n\t\t\t\t\t\t\t\t\t<p>Come psicologo FSP specializzato in salute C, sono formato per lavorare con pazienti affetti da malattie croniche e come psicoterapeuta in formazione.<\/p>\t\t\t\t\t\t\t\t<\/div>\n\t\t\t\t<\/div>\n\t\t\t\t\t<\/div>\n\t\t<\/div>\n\t\t\t\t<div class=\"elementor-column elementor-col-50 elementor-top-column elementor-element elementor-element-dd614b0\" data-id=\"dd614b0\" data-element_type=\"column\" data-e-type=\"column\">\n\t\t\t<div class=\"elementor-widget-wrap elementor-element-populated\">\n\t\t\t\t\t\t<div class=\"elementor-element elementor-element-3570715 elementor-widget elementor-widget-text-editor\" data-id=\"3570715\" data-element_type=\"widget\" data-e-type=\"widget\" data-widget_type=\"text-editor.default\">\n\t\t\t\t<div class=\"elementor-widget-container\">\n\t\t\t\t\t\t\t\t\t<p><a href=\"https:\/\/www.psy-n-co.ch\/l-equipe-de-nyon\" target=\"_blank\" rel=\"noopener\">Per saperne di pi\u00f9, cliccate su questo link<\/a><\/p>\t\t\t\t\t\t\t\t<\/div>\n\t\t\t\t<\/div>\n\t\t\t\t\t<\/div>\n\t\t<\/div>\n\t\t\t\t\t<\/div>\n\t\t<\/section>\n\t\t\t\t<\/div>","protected":false},"excerpt":{"rendered":"<p>e m\u2019appelle Giada, enchant\u00e9e \ud83d\ude09\ud83d\ude42 J\u2019ai d\u00e9croch\u00e9 mon Master en psychologie clinique de la personne, famille et communaut\u00e9. \ud83d\udc69\u200d\ud83c\udf93 Je poursuis ma formation MAS en psychoth\u00e9rapie d\u2019orientation syst\u00e9mique relationnelle \ud83e\udd13 [&hellip;]<\/p>\n","protected":false},"author":1,"featured_media":0,"parent":0,"menu_order":0,"comment_status":"closed","ping_status":"closed","template":"","meta":{"footnotes":""},"class_list":["post-6861","page","type-page","status-publish","hentry"],"publishpress_future_action":{"enabled":false,"date":"2026-04-25 10:47:11","action":"change-status","newStatus":"draft","terms":[],"taxonomy":"","extraData":[]},"publishpress_future_workflow_manual_trigger":{"enabledWorkflows":[]},"_links":{"self":[{"href":"https:\/\/suisse-fibromyalgie.ch\/it\/wp-json\/wp\/v2\/pages\/6861","targetHints":{"allow":["GET"]}}],"collection":[{"href":"https:\/\/suisse-fibromyalgie.ch\/it\/wp-json\/wp\/v2\/pages"}],"about":[{"href":"https:\/\/suisse-fibromyalgie.ch\/it\/wp-json\/wp\/v2\/types\/page"}],"author":[{"embeddable":true,"href":"https:\/\/suisse-fibromyalgie.ch\/it\/wp-json\/wp\/v2\/users\/1"}],"replies":[{"embeddable":true,"href":"https:\/\/suisse-fibromyalgie.ch\/it\/wp-json\/wp\/v2\/comments?post=6861"}],"version-history":[{"count":3,"href":"https:\/\/suisse-fibromyalgie.ch\/it\/wp-json\/wp\/v2\/pages\/6861\/revisions"}],"predecessor-version":[{"id":6865,"href":"https:\/\/suisse-fibromyalgie.ch\/it\/wp-json\/wp\/v2\/pages\/6861\/revisions\/6865"}],"wp:attachment":[{"href":"https:\/\/suisse-fibromyalgie.ch\/it\/wp-json\/wp\/v2\/media?parent=6861"}],"curies":[{"name":"wp","href":"https:\/\/api.w.org\/{rel}","templated":true}]}}