{"id":6576,"date":"2024-10-15T10:45:39","date_gmt":"2024-10-15T08:45:39","guid":{"rendered":"https:\/\/suisse-fibromyalgie.ch\/?page_id=6576"},"modified":"2024-10-15T10:47:31","modified_gmt":"2024-10-15T08:47:31","slug":"quelles-prestations-proposent-lasfm","status":"publish","type":"page","link":"https:\/\/suisse-fibromyalgie.ch\/it\/quelles-prestations-proposent-lasfm\/","title":{"rendered":"Quali servizi offre l'ASFM?"},"content":{"rendered":"<div data-elementor-type=\"wp-page\" data-elementor-id=\"6576\" class=\"elementor elementor-6576\" data-elementor-post-type=\"page\">\n\t\t\t\t\t\t<section class=\"elementor-section elementor-top-section elementor-element elementor-element-b1fc271 elementor-section-boxed elementor-section-height-default elementor-section-height-default\" data-id=\"b1fc271\" data-element_type=\"section\" data-e-type=\"section\">\n\t\t\t\t\t\t<div class=\"elementor-container elementor-column-gap-default\">\n\t\t\t\t\t<div class=\"elementor-column elementor-col-100 elementor-top-column elementor-element elementor-element-5b822c0\" data-id=\"5b822c0\" data-element_type=\"column\" data-e-type=\"column\">\n\t\t\t<div class=\"elementor-widget-wrap elementor-element-populated\">\n\t\t\t\t\t\t<div class=\"elementor-element elementor-element-043dc3d elementor-widget elementor-widget-text-editor\" data-id=\"043dc3d\" data-element_type=\"widget\" data-e-type=\"widget\" data-widget_type=\"text-editor.default\">\n\t\t\t\t<div class=\"elementor-widget-container\">\n\t\t\t\t\t\t\t\t\t<ul><li><h6>Una risposta telefonica da parte di <strong>Luned\u00ec<\/strong> a <strong>Gioved\u00ec<\/strong> mattina allo 077 409 92 28<\/h6><\/li><li><h6>Una linea telefonica di <strong>Luned\u00ec<\/strong> a <strong>Gioved\u00ec<\/strong> dalle 18.00 alle 21.00 allo 076 585 20 54<\/h6><\/li><li><h6>Una risposta via e-mail a info@suisse-fibromyalgie.ch<\/h6><\/li><li><h6>Supporto sociale<\/h6><\/li><li><h6>Supporto legale<\/h6><\/li><li><h6>Workshop, corsi, conferenze e gite<\/h6><\/li><li><h6>Seminari di un giorno con pranzo<\/h6><\/li><li><h6>Attivit\u00e0 in tutta la Svizzera<\/h6><\/li><li><h6>Stand agli eventi<\/h6><\/li><li><h6>Sostegno agli studenti<\/h6><\/li><li><h6>Gruppi di auto-aiuto in tutta la Svizzera\u00a0<\/h6><\/li><li><h6>La rivista annuale dell'ASFM \"L'envol\" \u00e8 stata tradotta in tre lingue (francese, tedesco e italiano).<\/h6><\/li><li><h6>La rivista trimestrale della Lega svizzera contro il reumatismo (LSR) forumR \"<\/h6><\/li><li><h6>Sito web dell'ASFM \u00a0<a href=\"https:\/\/suisse-fibromyalgie.ch\/it\/\">www.suisse-fibromyalgie.ch <\/a>\u00a0aggiornato regolarmente<\/h6><\/li><\/ul>\t\t\t\t\t\t\t\t<\/div>\n\t\t\t\t<\/div>\n\t\t\t\t\t<\/div>\n\t\t<\/div>\n\t\t\t\t\t<\/div>\n\t\t<\/section>\n\t\t\t\t<\/div>","protected":false},"excerpt":{"rendered":"<p>Une r\u00e9ponse t\u00e9l\u00e9phonique du lundi au jeudi matin au 077 409 92 28 Une permanence t\u00e9l\u00e9phonique du lundi au jeudi de 18h00 \u00e0 21h00 au 076 585 20 54 Une [&hellip;]<\/p>\n","protected":false},"author":1,"featured_media":0,"parent":0,"menu_order":0,"comment_status":"closed","ping_status":"closed","template":"","meta":{"footnotes":""},"class_list":["post-6576","page","type-page","status-publish","hentry"],"publishpress_future_action":{"enabled":false,"date":"2026-05-23 09:09:55","action":"change-status","newStatus":"draft","terms":[],"taxonomy":"","extraData":[]},"publishpress_future_workflow_manual_trigger":{"enabledWorkflows":[]},"_links":{"self":[{"href":"https:\/\/suisse-fibromyalgie.ch\/it\/wp-json\/wp\/v2\/pages\/6576","targetHints":{"allow":["GET"]}}],"collection":[{"href":"https:\/\/suisse-fibromyalgie.ch\/it\/wp-json\/wp\/v2\/pages"}],"about":[{"href":"https:\/\/suisse-fibromyalgie.ch\/it\/wp-json\/wp\/v2\/types\/page"}],"author":[{"embeddable":true,"href":"https:\/\/suisse-fibromyalgie.ch\/it\/wp-json\/wp\/v2\/users\/1"}],"replies":[{"embeddable":true,"href":"https:\/\/suisse-fibromyalgie.ch\/it\/wp-json\/wp\/v2\/comments?post=6576"}],"version-history":[{"count":3,"href":"https:\/\/suisse-fibromyalgie.ch\/it\/wp-json\/wp\/v2\/pages\/6576\/revisions"}],"predecessor-version":[{"id":6579,"href":"https:\/\/suisse-fibromyalgie.ch\/it\/wp-json\/wp\/v2\/pages\/6576\/revisions\/6579"}],"wp:attachment":[{"href":"https:\/\/suisse-fibromyalgie.ch\/it\/wp-json\/wp\/v2\/media?parent=6576"}],"curies":[{"name":"wp","href":"https:\/\/api.w.org\/{rel}","templated":true}]}}