{"id":6421,"date":"2024-09-27T15:24:08","date_gmt":"2024-09-27T13:24:08","guid":{"rendered":"https:\/\/suisse-fibromyalgie.ch\/?page_id=6421"},"modified":"2024-09-27T15:34:51","modified_gmt":"2024-09-27T13:34:51","slug":"la-fibromyalgie-et-sa-prise-en-charge-globale-en-suisse-romande","status":"publish","type":"page","link":"https:\/\/suisse-fibromyalgie.ch\/it\/la-fibromyalgie-et-sa-prise-en-charge-globale-en-suisse-romande\/","title":{"rendered":"La fibromialgia e il suo trattamento completo nella Svizzera francese"},"content":{"rendered":"<div data-elementor-type=\"wp-page\" data-elementor-id=\"6421\" class=\"elementor elementor-6421\" data-elementor-post-type=\"page\">\n\t\t\t\t\t\t<section class=\"elementor-section elementor-top-section elementor-element elementor-element-deae11b elementor-section-boxed elementor-section-height-default elementor-section-height-default\" data-id=\"deae11b\" data-element_type=\"section\" data-e-type=\"section\">\n\t\t\t\t\t\t<div class=\"elementor-container elementor-column-gap-default\">\n\t\t\t\t\t<div class=\"elementor-column elementor-col-100 elementor-top-column elementor-element elementor-element-b5d783b\" data-id=\"b5d783b\" data-element_type=\"column\" data-e-type=\"column\">\n\t\t\t<div class=\"elementor-widget-wrap elementor-element-populated\">\n\t\t\t\t\t\t<div class=\"elementor-element elementor-element-7253295 elementor-widget elementor-widget-heading\" data-id=\"7253295\" data-element_type=\"widget\" data-e-type=\"widget\" data-widget_type=\"heading.default\">\n\t\t\t\t<div class=\"elementor-widget-container\">\n\t\t\t\t\t<h2 class=\"elementor-heading-title elementor-size-default\">Tesi di laurea di tre studenti (Marina Da Costa Forte, Nora El Hajouji e Alexandre Codreanu) dell'Universit\u00e0 di Ginevra, sostenuta dall'ASFM. <\/h2>\t\t\t\t<\/div>\n\t\t\t\t<\/div>\n\t\t\t\t\t<\/div>\n\t\t<\/div>\n\t\t\t\t\t<\/div>\n\t\t<\/section>\n\t\t\t\t<section class=\"elementor-section elementor-top-section elementor-element elementor-element-497ceef elementor-section-boxed elementor-section-height-default elementor-section-height-default\" data-id=\"497ceef\" data-element_type=\"section\" data-e-type=\"section\">\n\t\t\t\t\t\t<div class=\"elementor-container elementor-column-gap-default\">\n\t\t\t\t\t<div class=\"elementor-column elementor-col-100 elementor-top-column elementor-element elementor-element-8eb5239\" data-id=\"8eb5239\" data-element_type=\"column\" data-e-type=\"column\">\n\t\t\t<div class=\"elementor-widget-wrap elementor-element-populated\">\n\t\t\t\t\t\t<div class=\"elementor-element elementor-element-f4079ec elementor-widget elementor-widget-text-editor\" data-id=\"f4079ec\" data-element_type=\"widget\" data-e-type=\"widget\" data-widget_type=\"text-editor.default\">\n\t\t\t\t<div class=\"elementor-widget-container\">\n\t\t\t\t\t\t\t\t\t<h4>Sintesi<\/h4><h6>Il nostro progetto IMC si occupa della fibromialgia e della sua gestione globale nella Svizzera francese. Riteniamo che si tratti di un tema importante, perch\u00e9 la fibromialgia \u00e8 ancora poco conosciuta in termini di cause, diagnosi, sintomi e trattamento. Questa mancanza di conoscenza porta a una scarsa considerazione in ambito medico e assicurativo, che a sua volta porta a una generale mancanza di comprensione dell'argomento nella societ\u00e0. Tutto ci\u00f2 si ripercuote sul benessere dei pazienti, ma anche di chi li assiste, che si sente impotente o privo di risorse per affrontare questi problemi.<\/h6><h6><br \/>Per spiegare meglio questo problema di salute, abbiamo parlato con tutti gli attori coinvolti in questa condizione, soprattutto per raccogliere dati qualitativi. Hanno partecipato 11 pazienti, 2 reumatologi e 1 assicuratore. Le interviste semi-strutturate sono state condotte utilizzando guide pre-scritte.<\/h6><h6><br \/>I risultati hanno confermato le nostre ipotesi sulla complessit\u00e0 della gestione della fibromialgia. Hanno evidenziato difficolt\u00e0 in tutte le aree esplorate, siano esse socio-professionali, familiari o mediche. Inoltre, sia i pazienti che i caregiver sono interessati da questi problemi.<\/h6><h6>Il problema principale sollevato riguarda il riconoscimento della fibromialgia come malattia. Questo mancato riconoscimento, in particolare da parte delle compagnie assicurative, rende difficile l'ottenimento di una rendita AI. Ci\u00f2 ha un impatto sulla vita professionale e sociale quotidiana dei pazienti.<\/h6><h6><br \/>In conclusione, riteniamo che gli investimenti nella ricerca consentano di comprendere meglio la fisiopatologia di questa condizione e quindi di migliorare il riconoscimento e il trattamento.<\/h6>\t\t\t\t\t\t\t\t<\/div>\n\t\t\t\t<\/div>\n\t\t\t\t\t<\/div>\n\t\t<\/div>\n\t\t\t\t\t<\/div>\n\t\t<\/section>\n\t\t\t\t<section class=\"elementor-section elementor-top-section elementor-element elementor-element-958e6ec elementor-section-boxed elementor-section-height-default elementor-section-height-default\" data-id=\"958e6ec\" data-element_type=\"section\" data-e-type=\"section\">\n\t\t\t\t\t\t<div class=\"elementor-container elementor-column-gap-default\">\n\t\t\t\t\t<div class=\"elementor-column elementor-col-100 elementor-top-column elementor-element elementor-element-afefd1e\" data-id=\"afefd1e\" data-element_type=\"column\" data-e-type=\"column\">\n\t\t\t<div class=\"elementor-widget-wrap elementor-element-populated\">\n\t\t\t\t\t\t<div class=\"elementor-element elementor-element-5f0ab28 elementor-widget elementor-widget-text-editor\" data-id=\"5f0ab28\" data-element_type=\"widget\" data-e-type=\"widget\" data-widget_type=\"text-editor.default\">\n\t\t\t\t<div class=\"elementor-widget-container\">\n\t\t\t\t\t\t\t\t\t<h5 style=\"text-align: center;\"><strong>Per scaricare la tesi di laurea<\/strong><strong>Fare clic sul link sottostante:<\/strong><\/h5><h5 style=\"text-align: center;\"><a href=\"https:\/\/suisse-fibromyalgie.ch\/wp-content\/uploads\/La-Fibromyalgie-et-sa-prise-en-charge-en-Suisse.pdf\">La fibromialgia e il suo trattamento in Svizzera<\/a><\/h5>\t\t\t\t\t\t\t\t<\/div>\n\t\t\t\t<\/div>\n\t\t\t\t\t<\/div>\n\t\t<\/div>\n\t\t\t\t\t<\/div>\n\t\t<\/section>\n\t\t\t\t<\/div>","protected":false},"excerpt":{"rendered":"<p>Travail de Bachelor de trois \u00e9tudiants (Mmes Marina Da Costa Forte, Nora El Hajouji et M. Alexandre Codreanu) de l&rsquo;universit\u00e9 de Gen\u00e8ve que l&rsquo;ASFM a soutenus R\u00e9sum\u00e9 Notre projet d\u2019IMC [&hellip;]<\/p>\n","protected":false},"author":1,"featured_media":0,"parent":0,"menu_order":0,"comment_status":"closed","ping_status":"closed","template":"","meta":{"footnotes":""},"class_list":["post-6421","page","type-page","status-publish","hentry"],"publishpress_future_action":{"enabled":false,"date":"2026-04-21 20:29:56","action":"change-status","newStatus":"draft","terms":[],"taxonomy":"","extraData":[]},"publishpress_future_workflow_manual_trigger":{"enabledWorkflows":[]},"_links":{"self":[{"href":"https:\/\/suisse-fibromyalgie.ch\/it\/wp-json\/wp\/v2\/pages\/6421","targetHints":{"allow":["GET"]}}],"collection":[{"href":"https:\/\/suisse-fibromyalgie.ch\/it\/wp-json\/wp\/v2\/pages"}],"about":[{"href":"https:\/\/suisse-fibromyalgie.ch\/it\/wp-json\/wp\/v2\/types\/page"}],"author":[{"embeddable":true,"href":"https:\/\/suisse-fibromyalgie.ch\/it\/wp-json\/wp\/v2\/users\/1"}],"replies":[{"embeddable":true,"href":"https:\/\/suisse-fibromyalgie.ch\/it\/wp-json\/wp\/v2\/comments?post=6421"}],"version-history":[{"count":3,"href":"https:\/\/suisse-fibromyalgie.ch\/it\/wp-json\/wp\/v2\/pages\/6421\/revisions"}],"predecessor-version":[{"id":6424,"href":"https:\/\/suisse-fibromyalgie.ch\/it\/wp-json\/wp\/v2\/pages\/6421\/revisions\/6424"}],"wp:attachment":[{"href":"https:\/\/suisse-fibromyalgie.ch\/it\/wp-json\/wp\/v2\/media?parent=6421"}],"curies":[{"name":"wp","href":"https:\/\/api.w.org\/{rel}","templated":true}]}}