{"id":5642,"date":"2024-06-20T10:30:24","date_gmt":"2024-06-20T08:30:24","guid":{"rendered":"https:\/\/suisse-fibromyalgie.ch\/?page_id=5642"},"modified":"2024-06-21T13:38:19","modified_gmt":"2024-06-21T11:38:19","slug":"seminaire-ecriture-therapeutique-du-18-juin-2024","status":"publish","type":"page","link":"https:\/\/suisse-fibromyalgie.ch\/it\/seminaire-ecriture-therapeutique-du-18-juin-2024\/","title":{"rendered":"Seminario \"Scrittura terapeutica\" il 15 giugno 2024"},"content":{"rendered":"<div data-elementor-type=\"wp-page\" data-elementor-id=\"5642\" class=\"elementor elementor-5642\" data-elementor-post-type=\"page\">\n\t\t\t\t\t\t<section class=\"elementor-section elementor-top-section elementor-element elementor-element-deae11b elementor-section-boxed elementor-section-height-default elementor-section-height-default\" data-id=\"deae11b\" data-element_type=\"section\" data-e-type=\"section\">\n\t\t\t\t\t\t<div class=\"elementor-container elementor-column-gap-default\">\n\t\t\t\t\t<div class=\"elementor-column elementor-col-100 elementor-top-column elementor-element elementor-element-b5d783b\" data-id=\"b5d783b\" data-element_type=\"column\" data-e-type=\"column\">\n\t\t\t<div class=\"elementor-widget-wrap elementor-element-populated\">\n\t\t\t\t\t\t<div class=\"elementor-element elementor-element-7253295 elementor-widget elementor-widget-heading\" data-id=\"7253295\" data-element_type=\"widget\" data-e-type=\"widget\" data-widget_type=\"heading.default\">\n\t\t\t\t<div class=\"elementor-widget-container\">\n\t\t\t\t\t<h2 class=\"elementor-heading-title elementor-size-default\">Durante il seminario sulla \"Scrittura terapeutica\", organizzato dall'Associazione svizzera della fibromialgia (ASFM) e condotto dalla psicologa Mauranne Etienne, che si \u00e8 svolto il 15 giugno 2024 nella cantina \"Le Champagoux\" di Champagne.<br>\nUna partecipante ha scritto un testo meraviglioso su un \"unicorno\" che ha accettato di condividere con voi.<\/h2>\t\t\t\t<\/div>\n\t\t\t\t<\/div>\n\t\t\t\t\t<\/div>\n\t\t<\/div>\n\t\t\t\t\t<\/div>\n\t\t<\/section>\n\t\t\t\t<section class=\"elementor-section elementor-top-section elementor-element elementor-element-faad180 elementor-section-boxed elementor-section-height-default elementor-section-height-default\" data-id=\"faad180\" data-element_type=\"section\" data-e-type=\"section\">\n\t\t\t\t\t\t<div class=\"elementor-container elementor-column-gap-default\">\n\t\t\t\t\t<div class=\"elementor-column elementor-col-100 elementor-top-column elementor-element elementor-element-906c4fd\" data-id=\"906c4fd\" data-element_type=\"column\" data-e-type=\"column\">\n\t\t\t<div class=\"elementor-widget-wrap elementor-element-populated\">\n\t\t\t\t\t\t<div class=\"elementor-element elementor-element-742d9a0 elementor-widget elementor-widget-image\" data-id=\"742d9a0\" data-element_type=\"widget\" data-e-type=\"widget\" data-widget_type=\"image.default\">\n\t\t\t\t<div class=\"elementor-widget-container\">\n\t\t\t\t\t\t\t\t\t\t\t\t\t\t\t<img fetchpriority=\"high\" decoding=\"async\" width=\"429\" height=\"325\" src=\"https:\/\/suisse-fibromyalgie.ch\/wp-content\/uploads\/Licorne.jpg\" class=\"attachment-large size-large wp-image-5643\" alt=\"\" srcset=\"https:\/\/suisse-fibromyalgie.ch\/wp-content\/uploads\/Licorne.jpg 429w, https:\/\/suisse-fibromyalgie.ch\/wp-content\/uploads\/Licorne-300x227.jpg 300w, https:\/\/suisse-fibromyalgie.ch\/wp-content\/uploads\/Licorne-16x12.jpg 16w\" sizes=\"(max-width: 429px) 100vw, 429px\" \/>\t\t\t\t\t\t\t\t\t\t\t\t\t\t\t<\/div>\n\t\t\t\t<\/div>\n\t\t\t\t\t<\/div>\n\t\t<\/div>\n\t\t\t\t\t<\/div>\n\t\t<\/section>\n\t\t\t\t<section class=\"elementor-section elementor-top-section elementor-element elementor-element-9a9826c elementor-section-boxed elementor-section-height-default elementor-section-height-default\" data-id=\"9a9826c\" data-element_type=\"section\" data-e-type=\"section\">\n\t\t\t\t\t\t<div class=\"elementor-container elementor-column-gap-default\">\n\t\t\t\t\t<div class=\"elementor-column elementor-col-100 elementor-top-column elementor-element elementor-element-dc54c54\" data-id=\"dc54c54\" data-element_type=\"column\" data-e-type=\"column\">\n\t\t\t<div class=\"elementor-widget-wrap elementor-element-populated\">\n\t\t\t\t\t\t<div class=\"elementor-element elementor-element-823d2dc elementor-widget elementor-widget-text-editor\" data-id=\"823d2dc\" data-element_type=\"widget\" data-e-type=\"widget\" data-widget_type=\"text-editor.default\">\n\t\t\t\t<div class=\"elementor-widget-container\">\n\t\t\t\t\t\t\t\t\t<p><em>Che razza di mondo \u00e8 questo?<\/em><\/p><p>Il piccolo Unicorno si sente stretto. Nell'uovo che lo ha protetto cos\u00ec bene per diversi mesi, ora ha bisogno di muoversi, allungarsi e scoprire da dove provengono i suoni che percepisce attraverso il guscio.<\/p><p>Spinge con le zampe, arrotonda la schiena, usa il corno per perforare il guscio e infine si libera.<br \/>La prima cosa che vide fu la luce, che la abbagli\u00f2 e la fece sbattere le palpebre mentre si abituava alla luminosit\u00e0.<br \/>Poi arrivano i primi gesti, liberi da ogni ostacolo. <br \/>Quanto spazio ha a disposizione, quanto \u00e8 bello potersi allungare e muoversi cos\u00ec liberamente!<\/p><p>Cerc\u00f2 di alzarsi sulle zampe, ma... aveva bisogno di un po' di tempo per scoprire la nozione di equilibrio. I suoi quarti posteriori hanno toccato il suolo un paio di volte prima che riuscisse finalmente ad alzarsi.<\/p><p>Baby Unicorn scopre la possibilit\u00e0 di camminare, poi di correre, e inizia a giocare, a saltellare e a scalciare. Tanti movimenti possibili, tante abilit\u00e0 da scoprire!<\/p><p>Ma la scoperta non si ferma alle proprie possibilit\u00e0 interiori. L'unicorno, ancora indebolito dal periodo di gestazione racchiuso nel suo guscio, vuole scoprire il mondo di cui fa parte.<\/p><p>Osserva il mondo che la circonda e vede una strana creatura, in piedi su due sole gambe! Che strano! Su due gambe!<br \/>Felicissima di poter entrare in contatto con qualcuno, si avvicin\u00f2 al bipede. Studi\u00f2 questo nuovo essere mentre si muoveva nella sua direzione.<\/p><p>Piena di positivit\u00e0 e socievolezza, parla con il bipede chiedendogli chi \u00e8, che cos'\u00e8 questo mondo, che cosa sono questi oggetti colorati che spuntano dal terreno e da dove viene la luce che l'ha abbagliata quando \u00e8 uscita dall'uovo.<\/p><p>Il bipede si presenta: io sono un umano, tu sei un unicorno, siamo circondati da fiori, il sole ci d\u00e0 luce e calore e tu vivi sul pianeta Terra.<br \/>Benvenuti nel nostro bellissimo mondo!<br \/>E l'umano abbraccia l'unicorno per aiutarlo a scoprire... la tenerezza.<\/p><p>\u00a0 \u00a0 \u00a0 \u00a0 \u00a0 \u00a0 \u00a0 \u00a0 \u00a0 \u00a0 \u00a0 \u00a0 \u00a0 \u00a0 \u00a0 \u00a0 \u00a0 \u00a0 \u00a0 \u00a0 \u00a0 \u00a0 \u00a0 \u00a0 \u00a0 \u00a0 \u00a0 \u00a0 \u00a0 \u00a0 \u00a0 \u00a0 \u00a0 \u00a0 \u00a0 \u00a0 \u00a0 \u00a0 \u00a0 \u00a0 \u00a0 \u00a0 \u00a0 \u00a0 \u00a0 \u00a0 \u00a0 \u00a0 \u00a0 \u00a0 Jacqueline<\/p>\t\t\t\t\t\t\t\t<\/div>\n\t\t\t\t<\/div>\n\t\t\t\t\t<\/div>\n\t\t<\/div>\n\t\t\t\t\t<\/div>\n\t\t<\/section>\n\t\t\t\t<\/div>","protected":false},"excerpt":{"rendered":"<p>Lors du s\u00e9minaire sur \u00ab\u00a0L&rsquo;\u00e9criture th\u00e9rapeutique\u00a0\u00bb organis\u00e9 par l\u2019Association Suisse des fibromyalgiques ASFM, et anim\u00e9 par Madame Mauranne Etienne, psychologue qui a eu lieu le 15 juin 2024 dans le [&hellip;]<\/p>\n","protected":false},"author":1,"featured_media":0,"parent":0,"menu_order":0,"comment_status":"closed","ping_status":"closed","template":"","meta":{"footnotes":""},"class_list":["post-5642","page","type-page","status-publish","hentry"],"publishpress_future_action":{"enabled":false,"date":"2026-05-14 01:55:27","action":"change-status","newStatus":"draft","terms":[],"taxonomy":"","extraData":[]},"publishpress_future_workflow_manual_trigger":{"enabledWorkflows":[]},"_links":{"self":[{"href":"https:\/\/suisse-fibromyalgie.ch\/it\/wp-json\/wp\/v2\/pages\/5642","targetHints":{"allow":["GET"]}}],"collection":[{"href":"https:\/\/suisse-fibromyalgie.ch\/it\/wp-json\/wp\/v2\/pages"}],"about":[{"href":"https:\/\/suisse-fibromyalgie.ch\/it\/wp-json\/wp\/v2\/types\/page"}],"author":[{"embeddable":true,"href":"https:\/\/suisse-fibromyalgie.ch\/it\/wp-json\/wp\/v2\/users\/1"}],"replies":[{"embeddable":true,"href":"https:\/\/suisse-fibromyalgie.ch\/it\/wp-json\/wp\/v2\/comments?post=5642"}],"version-history":[{"count":0,"href":"https:\/\/suisse-fibromyalgie.ch\/it\/wp-json\/wp\/v2\/pages\/5642\/revisions"}],"wp:attachment":[{"href":"https:\/\/suisse-fibromyalgie.ch\/it\/wp-json\/wp\/v2\/media?parent=5642"}],"curies":[{"name":"wp","href":"https:\/\/api.w.org\/{rel}","templated":true}]}}