{"id":5370,"date":"2024-05-13T11:37:17","date_gmt":"2024-05-13T09:37:17","guid":{"rendered":"https:\/\/suisse-fibromyalgie.ch\/?page_id=5370"},"modified":"2024-05-13T11:39:48","modified_gmt":"2024-05-13T09:39:48","slug":"chatelain-grob-sophie-fasciatherapeute","status":"publish","type":"page","link":"https:\/\/suisse-fibromyalgie.ch\/it\/chatelain-grob-sophie-fasciatherapeute\/","title":{"rendered":"Chatelain Grob Sophie - Fasciaterapeuta"},"content":{"rendered":"<div data-elementor-type=\"wp-page\" data-elementor-id=\"5370\" class=\"elementor elementor-5370\" data-elementor-post-type=\"page\">\n\t\t\t\t\t\t<section class=\"elementor-section elementor-top-section elementor-element elementor-element-5643a8c elementor-section-boxed elementor-section-height-default elementor-section-height-default\" data-id=\"5643a8c\" data-element_type=\"section\" data-e-type=\"section\">\n\t\t\t\t\t\t<div class=\"elementor-container elementor-column-gap-default\">\n\t\t\t\t\t<div class=\"elementor-column elementor-col-50 elementor-top-column elementor-element elementor-element-c953588\" data-id=\"c953588\" data-element_type=\"column\" data-e-type=\"column\">\n\t\t\t<div class=\"elementor-widget-wrap elementor-element-populated\">\n\t\t\t\t\t\t<div class=\"elementor-element elementor-element-68ab1cb elementor-widget elementor-widget-image\" data-id=\"68ab1cb\" data-element_type=\"widget\" data-e-type=\"widget\" data-widget_type=\"image.default\">\n\t\t\t\t<div class=\"elementor-widget-container\">\n\t\t\t\t\t\t\t\t\t\t\t\t\t\t\t<img fetchpriority=\"high\" decoding=\"async\" width=\"300\" height=\"289\" src=\"https:\/\/suisse-fibromyalgie.ch\/wp-content\/uploads\/Chatelain-Grob-Sophie-300x289.jpg\" class=\"attachment-medium size-medium wp-image-5371\" alt=\"\" srcset=\"https:\/\/suisse-fibromyalgie.ch\/wp-content\/uploads\/Chatelain-Grob-Sophie-300x289.jpg 300w, https:\/\/suisse-fibromyalgie.ch\/wp-content\/uploads\/Chatelain-Grob-Sophie-12x12.jpg 12w, https:\/\/suisse-fibromyalgie.ch\/wp-content\/uploads\/Chatelain-Grob-Sophie.jpg 467w\" sizes=\"(max-width: 300px) 100vw, 300px\" \/>\t\t\t\t\t\t\t\t\t\t\t\t\t\t\t<\/div>\n\t\t\t\t<\/div>\n\t\t\t\t\t<\/div>\n\t\t<\/div>\n\t\t\t\t<div class=\"elementor-column elementor-col-50 elementor-top-column elementor-element elementor-element-d7d3abd\" data-id=\"d7d3abd\" data-element_type=\"column\" data-e-type=\"column\">\n\t\t\t<div class=\"elementor-widget-wrap elementor-element-populated\">\n\t\t\t\t\t\t<div class=\"elementor-element elementor-element-cdd1fa2 elementor-widget elementor-widget-text-editor\" data-id=\"cdd1fa2\" data-element_type=\"widget\" data-e-type=\"widget\" data-widget_type=\"text-editor.default\">\n\t\t\t\t<div class=\"elementor-widget-container\">\n\t\t\t\t\t\t\t\t\t<div id=\"bgLayers_comp-l2udy7w51\" class=\"MW5IWV\" data-hook=\"bgLayers\" data-motion-part=\"BG_LAYER\"><p id=\"bgMedia_comp-l2udy7w51\" class=\"VgO9Yg\" data-motion-part=\"BG_MEDIA\">Fisioterapista da oltre 20 anni, ho voluto approfondire il mio tocco con il tocco fine e delicato che \u00e8 la fasciaterapia. Ho iniziato a farlo nel 2017, completando il corso di formazione triennale presso la Scuola Svizzera di Fasciaterapia di Losanna. All'inizio del 2022 mi sono specializzata in fascia pediatrica. Come madre di tre figli grandi, sono felice di tornare nel mondo dei bambini piccoli.<\/p><\/div><div id=\"comp-l2kprq1u\" class=\"HcOXKn SxM0TO QxJLC3 comp-l2kprq1u wixui-rich-text\" data-testid=\"richTextElement\"><h4 class=\"font_0 wixui-rich-text__text\"><span class=\"color_32 wixui-rich-text__text\"><span class=\"wixui-rich-text__text\">CHE COS'\u00c8 LA FASCIA?<\/span><\/span><\/h4><\/div><div id=\"comp-l2kprq1v\" class=\"HcOXKn SxM0TO QxJLC3 comp-l2kprq1v wixui-rich-text\" data-testid=\"richTextElement\"><p class=\"font_10 wixui-rich-text__text\"><span class=\"color_11 wixui-rich-text__text\">La Fasciaterapia secondo Danis Bois (FDB) \u00e8 una terapia manuale che risale agli anni Ottanta.<\/span><\/p><p class=\"font_10 wixui-rich-text__text\"><span class=\"color_11 wixui-rich-text__text\">La fascia \u00e8 una membrana che avvolge tutte le strutture del corpo e le collega tra loro. Come una ragnatela, la fascia avvolge i muscoli, gli organi (intestino, cuore, polmoni) e il sistema nervoso centrale e periferico. Grazie alle connessioni della fascia tra i diversi sistemi del corpo, il fasciaterapeuta pu\u00f2 lavorare sia in profondit\u00e0 che in superficie, ristabilendo l'armonia psico-corporea attraverso il ripristino della flessibilit\u00e0 e dell'adattabilit\u00e0 della fascia.\u00a0<\/span><\/p><p class=\"font_10 wixui-rich-text__text\"><span class=\"color_11 wixui-rich-text__text\">La Fasciaterapia \u00e8 una terapia che utilizza un tocco delicato, lento e rispettoso per ascoltare il corpo.<\/span><\/p><\/div>\t\t\t\t\t\t\t\t<\/div>\n\t\t\t\t<\/div>\n\t\t\t\t\t<\/div>\n\t\t<\/div>\n\t\t\t\t\t<\/div>\n\t\t<\/section>\n\t\t\t\t<section class=\"elementor-section elementor-top-section elementor-element elementor-element-085dee4 elementor-section-boxed elementor-section-height-default elementor-section-height-default\" data-id=\"085dee4\" data-element_type=\"section\" data-e-type=\"section\">\n\t\t\t\t\t\t<div class=\"elementor-container elementor-column-gap-default\">\n\t\t\t\t\t<div class=\"elementor-column elementor-col-50 elementor-top-column elementor-element elementor-element-fd354a9\" data-id=\"fd354a9\" data-element_type=\"column\" data-e-type=\"column\">\n\t\t\t<div class=\"elementor-widget-wrap elementor-element-populated\">\n\t\t\t\t\t\t<div class=\"elementor-element elementor-element-056f65c elementor-widget elementor-widget-text-editor\" data-id=\"056f65c\" data-element_type=\"widget\" data-e-type=\"widget\" data-widget_type=\"text-editor.default\">\n\t\t\t\t<div class=\"elementor-widget-container\">\n\t\t\t\t\t\t\t\t\t<p><b>Fasciaterapie\u00a0<\/b><\/p>\t\t\t\t\t\t\t\t<\/div>\n\t\t\t\t<\/div>\n\t\t\t\t\t<\/div>\n\t\t<\/div>\n\t\t\t\t<div class=\"elementor-column elementor-col-50 elementor-top-column elementor-element elementor-element-f2fd1cd\" data-id=\"f2fd1cd\" data-element_type=\"column\" data-e-type=\"column\">\n\t\t\t<div class=\"elementor-widget-wrap elementor-element-populated\">\n\t\t\t\t\t\t<div class=\"elementor-element elementor-element-eb4a11b elementor-widget elementor-widget-text-editor\" data-id=\"eb4a11b\" data-element_type=\"widget\" data-e-type=\"widget\" data-widget_type=\"text-editor.default\">\n\t\t\t\t<div class=\"elementor-widget-container\">\n\t\t\t\t\t\t\t\t\t<p><a href=\"https:\/\/www.sophysio.ch\/\" target=\"_blank\" rel=\"noopener\">Per saperne di pi\u00f9, cliccate su questo link<\/a><\/p>\t\t\t\t\t\t\t\t<\/div>\n\t\t\t\t<\/div>\n\t\t\t\t\t<\/div>\n\t\t<\/div>\n\t\t\t\t\t<\/div>\n\t\t<\/section>\n\t\t\t\t<\/div>","protected":false},"excerpt":{"rendered":"<p>Physioth\u00e9rapeute depuis plus de 20 ans, j&rsquo;ai voulu approfondir mon toucher par le toucher fin et d\u00e9licat qu&rsquo;est celui de la fasciath\u00e9rapie. Je m&rsquo;y suis attel\u00e9e en 2017, en suivant [&hellip;]<\/p>\n","protected":false},"author":1,"featured_media":0,"parent":0,"menu_order":0,"comment_status":"closed","ping_status":"closed","template":"","meta":{"footnotes":""},"class_list":["post-5370","page","type-page","status-publish","hentry"],"publishpress_future_action":{"enabled":false,"date":"2026-05-14 17:24:40","action":"change-status","newStatus":"draft","terms":[],"taxonomy":"","extraData":[]},"publishpress_future_workflow_manual_trigger":{"enabledWorkflows":[]},"_links":{"self":[{"href":"https:\/\/suisse-fibromyalgie.ch\/it\/wp-json\/wp\/v2\/pages\/5370","targetHints":{"allow":["GET"]}}],"collection":[{"href":"https:\/\/suisse-fibromyalgie.ch\/it\/wp-json\/wp\/v2\/pages"}],"about":[{"href":"https:\/\/suisse-fibromyalgie.ch\/it\/wp-json\/wp\/v2\/types\/page"}],"author":[{"embeddable":true,"href":"https:\/\/suisse-fibromyalgie.ch\/it\/wp-json\/wp\/v2\/users\/1"}],"replies":[{"embeddable":true,"href":"https:\/\/suisse-fibromyalgie.ch\/it\/wp-json\/wp\/v2\/comments?post=5370"}],"version-history":[{"count":0,"href":"https:\/\/suisse-fibromyalgie.ch\/it\/wp-json\/wp\/v2\/pages\/5370\/revisions"}],"wp:attachment":[{"href":"https:\/\/suisse-fibromyalgie.ch\/it\/wp-json\/wp\/v2\/media?parent=5370"}],"curies":[{"name":"wp","href":"https:\/\/api.w.org\/{rel}","templated":true}]}}