{"id":264,"date":"2014-11-01T14:41:42","date_gmt":"2014-11-01T13:41:42","guid":{"rendered":"http:\/\/wordpress\/2014\/11\/01\/charte-reseaux-sociaux\/"},"modified":"2025-01-18T15:16:44","modified_gmt":"2025-01-18T14:16:44","slug":"charte-reseaux-sociaux","status":"publish","type":"page","link":"https:\/\/suisse-fibromyalgie.ch\/it\/charte-reseaux-sociaux\/","title":{"rendered":"Carta dei social network"},"content":{"rendered":"<div data-elementor-type=\"wp-page\" data-elementor-id=\"264\" class=\"elementor elementor-264\" data-elementor-post-type=\"page\">\n\t\t\t\t\t\t<section class=\"elementor-section elementor-top-section elementor-element elementor-element-193eaa1 elementor-section-boxed elementor-section-height-default elementor-section-height-default\" data-id=\"193eaa1\" data-element_type=\"section\" data-e-type=\"section\">\n\t\t\t\t\t\t<div class=\"elementor-container elementor-column-gap-default\">\n\t\t\t\t\t<div class=\"elementor-column elementor-col-100 elementor-top-column elementor-element elementor-element-5ef4244\" data-id=\"5ef4244\" data-element_type=\"column\" data-e-type=\"column\">\n\t\t\t<div class=\"elementor-widget-wrap elementor-element-populated\">\n\t\t\t\t\t\t<div class=\"elementor-element elementor-element-a8cbc03 elementor-widget elementor-widget-text-editor\" data-id=\"a8cbc03\" data-element_type=\"widget\" data-e-type=\"widget\" data-widget_type=\"text-editor.default\">\n\t\t\t\t<div class=\"elementor-widget-container\">\n\t\t\t\t\t\t\t\t\t<h1>Carta per l'utilizzo delle reti sociali dell'Associazione Svizzera Fibromialgia<\/h1>\t\t\t\t\t\t\t\t<\/div>\n\t\t\t\t<\/div>\n\t\t\t\t<div class=\"elementor-element elementor-element-c17e974 elementor-widget elementor-widget-text-editor\" data-id=\"c17e974\" data-element_type=\"widget\" data-e-type=\"widget\" data-widget_type=\"text-editor.default\">\n\t\t\t\t<div class=\"elementor-widget-container\">\n\t\t\t\t\t\t\t\t\t<p>Il presente statuto dell'Associazione Svizzera Fibromialgia (di seguito denominata \"SFGA\") vuole essere un sistema di principi per guidare l'uso di qualsiasi sito web che offre una piattaforma comunitaria di servizi, di seguito denominata \"social network\". Specifica le condizioni di utilizzo dei conti aperti a nome dell'ASFM e dei suoi gruppi di auto-aiuto. Non riguarda i conti personali dei membri dell'associazione. Tuttavia, si applica:<\/p><ul><li>i conti di persone fisiche o giuridiche che agiscono in qualit\u00e0 di rappresentanti della MFSA, da un lato (ad esempio il conto a nome del \"Presidente della MFSA\"),<\/li><li>ai conti ufficiali dell'associazione, d'altra parte.<\/li><\/ul><p>La presenza dell'ASFM sulle reti sociali fa parte delle sue attivit\u00e0. Come tale, \u00e8 conforme ai valori, agli obiettivi e ai principi definiti in particolare dagli statuti dell'associazione.<\/p><h1>1. Scopo<\/h1><p>L'associazione riunisce persone, affette da fibromialgia o meno, che, qualunque sia il loro mezzo di espressione, contribuiscono al miglioramento e alla diffusione della conoscenza della sindrome, dei progressi della scienza e della ricerca, delle informazioni sui trattamenti efficaci esistenti o in via di sviluppo, delle esperienze delle persone affette e delle loro famiglie, dei modi di vivere bene con la fibromialgia e di qualsiasi altra informazione relativa alla fibromialgia.<\/p><p>Per raggiungere questo obiettivo, l'associazione fa circolare l'informazione con i mezzi a sua disposizione, fa conoscere i suoi membri agli organismi interessati, informa i suoi membri di eventi, problemi e soluzioni di cui \u00e8 a conoscenza, e agisce con i mezzi appropriati affinch\u00e9 i media forniscano un'informazione accurata nei suoi campi di azione.<\/p><p>L'associazione vuole essere un intermediario. Si sforza di organizzare la diffusione delle informazioni e mira a riunire tutti coloro che sono coinvolti in questo campo medico, siano essi organismi ufficiali, ospedali, centri di ricerca, associazioni o individui, al fine di far conoscere la fibromialgia e di creare sinergie che permettano il progresso della ricerca.<\/p><p>La sua attivit\u00e0 sulle reti sociali persegue gli stessi obiettivi.<\/p><h1>2. Amministrazione<\/h1><p>Il comitato dell'associazione si assicura che i conti siano conformi alle regole in vigore all'interno dell'ASFM. Se trova qualche deviazione, prende le decisioni che ritiene necessarie per correggerla.<\/p><p>Ogni conto \u00e8 gestito da uno o pi\u00f9 membri dell'associazione, qui di seguito denominati \"amministratore\/i\" del conto in questione.<\/p><p>Per la durata del suo mandato, ogni membro del Comitato ASFM \u00e8, nel rispetto delle regole di funzionamento, un amministratore ex officio dei conti ufficiali dell'associazione. Questo status \u00e8 concesso su richiesta. Il comitato pu\u00f2 anche concedere questo status a qualsiasi membro dell'associazione che abbia debitamente pagato le sue quote associative.<\/p><p>Nel caso di una persona fisica o giuridica che agisce come rappresentante dell'associazione, la gestione del suo conto \u00e8 posta sotto la sua responsabilit\u00e0 e sotto la vigilanza del comitato ASFM.<\/p><p>I conti sono pubblici. In nessun caso possono essere utilizzati per scopi personali e si impone un dovere di riservatezza sulla vita interna dell'associazione.<\/p><h1>3. Contributi<\/h1><p>Solo gli amministratori di un account lo usano per pubblicare contenuti. I loro contributi sono scritti in un formato breve, in un linguaggio comune, comprensibile e rispettando i codici di comunicazione della rete sociale interessata. Ove possibile, l'origine delle informazioni \u00e8 indicata e viene fornito un link a un sito web.<\/p><p>Le pubblicazioni e i commenti sono fatti in un modo cortese, rispettoso e aperto, che non impedisce l'espressione di idee forti con convinzione. I contributi non sono ammessi:<\/p><ul><li>insultante, razzista, xenofoba, diffamatoria, denigratoria, abusiva, aggressiva, pornografica, pedofila o oscena;<\/li><li>esplicitamente o implicitamente attaccare o sminuire un individuo o un gruppo sulla base del loro sesso, razza, origine, religione, disabilit\u00e0, et\u00e0 o orientamento sessuale;<\/li><li>incitare all'odio, alla violenza, al suicidio, al negazionismo, alla discriminazione o a sostenere un crimine di guerra o un crimine contro l'umanit\u00e0;<\/li><li>Violare la privacy o menzionare dettagli personali;<\/li><li>di natura commerciale ;<\/li><li>partigiano o collegato politicamente;<\/li><li>fuori tema, incomprensibile o di natura ripetitiva;<\/li><li>contravvenire alla legislazione, in particolare ai diritti d'autore o d'immagine.<\/li><\/ul><h1>4. Nome e logo della MFSA<\/h1><p>Il nome e il logo dell'ASFM possono essere usati solo nello stretto contesto del perseguimento degli scopi dell'associazione. Non possono essere usati impropriamente per altri scopi.<\/p><p>L'uso del nome e del logo dell'ASFM \u00e8 riservato agli organi dell'associazione e ai gruppi di auto-aiuto dopo la convalida del comitato o del suo rappresentante. Qualsiasi altro uso non \u00e8 permesso.<\/p><p>Viene utilizzato solo il logo ufficiale della MFSA, per mantenere il suo aspetto originale come \u00e8 noto. Copie o riproduzioni sono vietate, perch\u00e9 non possono dare un'immagine seria dell'ASFM. Il logo ufficiale \u00e8 fornito dall'ufficio dell'associazione, dopo la convalida del presidente o di un membro del comitato.<\/p><p>Il nome e il logo della MFSA saranno sempre usati da soli, senza associazione con altri gruppi o individui. Cos\u00ec, gli account creati sulle reti sociali saranno sempre account intitolati o a nome dell'associazione stessa con il suo logo, o a nome di un gruppo di auto-aiuto, con il logo dell'associazione.<\/p><h1>5. Modello<\/h1><p>Il comitato dell'associazione definisce il modello da utilizzare per la creazione di un account su una rete sociale. Questo modello deve essere scrupolosamente rispettato, sia per quanto riguarda la forma che la presentazione e i caratteri utilizzati. Se necessario, l'MFSA crea un template o un modello che pu\u00f2 essere copiato.<\/p><h1>6. Fotografie<\/h1><p>\u00a0Una fotografia pu\u00f2 essere rilasciata se:<\/p><ul><li data-mce-word-list=\"1\">\u00e8 libero da diritti o il suo autore ha dato il suo accordo, il suo nome o pseudonimo \u00e8 indicato secondo le indicazioni che ha fornito;<\/li><li data-mce-word-list=\"1\">Le persone identificabili hanno dato il loro consenso o sono state fotografate in una funzione pubblica ufficiale, mentre le persone fotografate di spalle non sono considerate identificabili.<\/li><\/ul><p>Qualsiasi persona identificabile in una fotografia pubblicata pu\u00f2 richiederne la rimozione a un amministratore dell'account interessato. La rimozione non pu\u00f2 essere rifiutata.<\/p><p>In nessun caso una fotografia pu\u00f2 essere etichettata. Non si pu\u00f2 indicare n\u00e9 l'identit\u00e0 n\u00e9 il conto personale di una persona.<\/p><h1>7. Facebook<\/h1><p>L'uso di Facebook \u00e8 soggetto alle regole di cui ai punti da 1 a 4 di questa carta. Una pagina a nome dell'ASFM \u00e8 liberamente accessibile a qualsiasi utente di Internet che rispetti le condizioni richieste da Facebook.<\/p><p>L'account di un membro \u00e8 considerato privato e non pu\u00f2 essere trasmesso. D'altra parte, la pagina Facebook di un membro \u00e8 considerata pubblica e pu\u00f2 quindi essere trasmessa purch\u00e9 tratti un argomento in linea con lo scopo dell'associazione.<\/p><p>Facebook \u00e8 usato solo come vetrina per le informazioni sull'ASFM. \u00c8 quindi possibile pubblicare informazioni su:<\/p><ul><li>notizie sull'associazione, come un articolo pubblicato sul suo sito web, un annuncio di un evento che sta organizzando, una fotografia di un evento che ha organizzato o qualsiasi altro elemento della vita dell'associazione che pu\u00f2 essere reso pubblico;<\/li><li>un progetto dell'associazione, come un bando, un sondaggio o qualsiasi altro elemento che faciliti la realizzazione di un progetto dell'associazione;<\/li><li>notizie di un membro dell'associazione, come la pubblicazione di un libro, l'organizzazione di una mostra, la pubblicazione di un articolo sul proprio sito web, blog o social network, o qualsiasi notizia di un membro in linea con il suo interesse e lo scopo dell'associazione;<\/li><li>l'adesione all'associazione di un nuovo membro o membro associato, nel qual caso pu\u00f2 essere indicato solo il suo nome, la sua attivit\u00e0 e un link a un sito web, blog o social network che promuova il suo lavoro, nei limiti dello scopo dell'associazione.<\/li><\/ul><p>Per estensione, gli amministratori possono marcare un preferito (\"<em>link<\/em>\") o di ritrasmettere la pagina Facebook o un articolo pubblicato da un terzo alle stesse condizioni.<\/p><h1>8. Twitter<\/h1><p>L'uso di Twitter \u00e8 soggetto alle regole di cui ai punti da 1 a 4 di questa carta. Un feed a nome dell'ASFM \u00e8 liberamente disponibile per qualsiasi utente che rispetti le condizioni richieste da Twitter.<\/p><p>Il feed di Twitter di un membro \u00e8 considerato pubblico e pu\u00f2 quindi essere ritrasmesso, purch\u00e9 tratti un argomento che sia in linea con lo scopo dell'associazione.<\/p><p>Twitter \u00e8 usato come un feed di notizie su argomenti in linea con lo scopo dell'associazione. \u00c8 quindi possibile pubblicare informazioni su:<\/p><ul><li>notizie sull'associazione, come un articolo pubblicato sul suo sito web, un annuncio di un evento che sta organizzando, una fotografia di un evento che ha organizzato o qualsiasi altro elemento della vita dell'associazione che pu\u00f2 essere reso pubblico;<\/li><li>un progetto dell'associazione, come un bando, un sondaggio o qualsiasi altro elemento che faciliti la realizzazione di un progetto dell'associazione;<\/li><li>notizie di un membro dell'associazione, come la pubblicazione di un libro, l'organizzazione di una mostra, la pubblicazione di un articolo sul proprio sito web, blog o social network, o qualsiasi notizia di un membro in linea con il suo interesse e lo scopo dell'associazione;<\/li><\/ul><ul><li data-mce-word-list=\"1\">l'adesione all'associazione di un nuovo membro o membro associato, nel qual caso pu\u00f2 essere indicato solo il suo nome, la sua attivit\u00e0 e un link a un sito web, blog o social network che promuova il suo lavoro, nei limiti dello scopo dell'associazione;<\/li><li data-mce-word-list=\"1\">dichiarazioni fatte o eventi che si verificano in eventi pubblici relativi allo scopo dell'associazione;<\/li><li data-mce-word-list=\"1\">notizie relative alla fibromialgia, trasmettendo una fonte ufficiale (organi istituzionali, comunit\u00e0 medica, associazioni, ecc.), un titolo riconosciuto dalla professione o una personalit\u00e0 qualificata.<\/li><\/ul><p>Per estensione, gli amministratori possono seguire un account o ritwittare un messaggio alle stesse condizioni.<\/p>\t\t\t\t\t\t\t\t<\/div>\n\t\t\t\t<\/div>\n\t\t\t\t<div class=\"elementor-element elementor-element-c6e75bb elementor-widget-divider--view-line elementor-widget elementor-widget-divider\" data-id=\"c6e75bb\" data-element_type=\"widget\" data-e-type=\"widget\" data-widget_type=\"divider.default\">\n\t\t\t\t<div class=\"elementor-widget-container\">\n\t\t\t\t\t\t\t<div class=\"elementor-divider\">\n\t\t\t<span class=\"elementor-divider-separator\">\n\t\t\t\t\t\t<\/span>\n\t\t<\/div>\n\t\t\t\t\t\t<\/div>\n\t\t\t\t<\/div>\n\t\t\t\t<div class=\"elementor-element elementor-element-a0e5d02 elementor-widget elementor-widget-text-editor\" data-id=\"a0e5d02\" data-element_type=\"widget\" data-e-type=\"widget\" data-widget_type=\"text-editor.default\">\n\t\t\t\t<div class=\"elementor-widget-container\">\n\t\t\t\t\t\t\t\t\t<p>Questa carta \u00e8 stata convalidata dal comitato dell'Associazione Svizzera FibroMialgia nell'ottobre 2014.<\/p>\t\t\t\t\t\t\t\t<\/div>\n\t\t\t\t<\/div>\n\t\t\t\t\t<\/div>\n\t\t<\/div>\n\t\t\t\t\t<\/div>\n\t\t<\/section>\n\t\t\t\t<\/div>","protected":false},"excerpt":{"rendered":"<p>Charte d\u2019utilisation des r\u00e9seaux sociaux de l\u2019association suisse des fibromyalgiques La pr\u00e9sente charte de l\u2019Association suisse des fibromyalgiques (ci-apr\u00e8s ASFM) se veut un syst\u00e8me de principes pour guider l\u2019utilisation de [&hellip;]<\/p>\n","protected":false},"author":1,"featured_media":0,"parent":0,"menu_order":18,"comment_status":"open","ping_status":"open","template":"","meta":{"footnotes":""},"class_list":["post-264","page","type-page","status-publish","hentry"],"publishpress_future_action":{"enabled":false,"date":"2026-05-11 22:19:15","action":"change-status","newStatus":"draft","terms":[],"taxonomy":"","extraData":[]},"publishpress_future_workflow_manual_trigger":{"enabledWorkflows":[]},"_links":{"self":[{"href":"https:\/\/suisse-fibromyalgie.ch\/it\/wp-json\/wp\/v2\/pages\/264","targetHints":{"allow":["GET"]}}],"collection":[{"href":"https:\/\/suisse-fibromyalgie.ch\/it\/wp-json\/wp\/v2\/pages"}],"about":[{"href":"https:\/\/suisse-fibromyalgie.ch\/it\/wp-json\/wp\/v2\/types\/page"}],"author":[{"embeddable":true,"href":"https:\/\/suisse-fibromyalgie.ch\/it\/wp-json\/wp\/v2\/users\/1"}],"replies":[{"embeddable":true,"href":"https:\/\/suisse-fibromyalgie.ch\/it\/wp-json\/wp\/v2\/comments?post=264"}],"version-history":[{"count":6,"href":"https:\/\/suisse-fibromyalgie.ch\/it\/wp-json\/wp\/v2\/pages\/264\/revisions"}],"predecessor-version":[{"id":7853,"href":"https:\/\/suisse-fibromyalgie.ch\/it\/wp-json\/wp\/v2\/pages\/264\/revisions\/7853"}],"wp:attachment":[{"href":"https:\/\/suisse-fibromyalgie.ch\/it\/wp-json\/wp\/v2\/media?parent=264"}],"curies":[{"name":"wp","href":"https:\/\/api.w.org\/{rel}","templated":true}]}}