{"id":233,"date":"2013-08-06T15:54:07","date_gmt":"2013-08-06T13:54:07","guid":{"rendered":"http:\/\/wordpress\/2013\/08\/06\/administration\/"},"modified":"2025-04-15T14:23:48","modified_gmt":"2025-04-15T12:23:48","slug":"administration","status":"publish","type":"page","link":"https:\/\/suisse-fibromyalgie.ch\/it\/administration\/","title":{"rendered":"Segreteria \/ Comitato"},"content":{"rendered":"<div data-elementor-type=\"wp-page\" data-elementor-id=\"233\" class=\"elementor elementor-233\" data-elementor-post-type=\"page\">\n\t\t\t\t\t\t<section class=\"elementor-section elementor-top-section elementor-element elementor-element-27cd672 elementor-section-boxed elementor-section-height-default elementor-section-height-default\" data-id=\"27cd672\" data-element_type=\"section\" data-e-type=\"section\">\n\t\t\t\t\t\t<div class=\"elementor-container elementor-column-gap-default\">\n\t\t\t\t\t<div class=\"elementor-column elementor-col-100 elementor-top-column elementor-element elementor-element-0599b13\" data-id=\"0599b13\" data-element_type=\"column\" data-e-type=\"column\">\n\t\t\t<div class=\"elementor-widget-wrap elementor-element-populated\">\n\t\t\t\t\t\t<div class=\"elementor-element elementor-element-961b462 elementor-widget elementor-widget-image\" data-id=\"961b462\" data-element_type=\"widget\" data-e-type=\"widget\" data-widget_type=\"image.default\">\n\t\t\t\t<div class=\"elementor-widget-container\">\n\t\t\t\t\t\t\t\t\t\t\t\t\t\t\t<img fetchpriority=\"high\" decoding=\"async\" width=\"2560\" height=\"1440\" src=\"https:\/\/suisse-fibromyalgie.ch\/wp-content\/uploads\/Organigramme-comite-ASFM-2025-scaled.jpg\" class=\"attachment-full size-full wp-image-8382\" alt=\"\" srcset=\"https:\/\/suisse-fibromyalgie.ch\/wp-content\/uploads\/Organigramme-comite-ASFM-2025-scaled.jpg 2560w, https:\/\/suisse-fibromyalgie.ch\/wp-content\/uploads\/Organigramme-comite-ASFM-2025-300x169.jpg 300w, https:\/\/suisse-fibromyalgie.ch\/wp-content\/uploads\/Organigramme-comite-ASFM-2025-1024x576.jpg 1024w, https:\/\/suisse-fibromyalgie.ch\/wp-content\/uploads\/Organigramme-comite-ASFM-2025-768x432.jpg 768w, https:\/\/suisse-fibromyalgie.ch\/wp-content\/uploads\/Organigramme-comite-ASFM-2025-1536x864.jpg 1536w, https:\/\/suisse-fibromyalgie.ch\/wp-content\/uploads\/Organigramme-comite-ASFM-2025-2048x1152.jpg 2048w, https:\/\/suisse-fibromyalgie.ch\/wp-content\/uploads\/Organigramme-comite-ASFM-2025-18x10.jpg 18w\" sizes=\"(max-width: 2560px) 100vw, 2560px\" \/>\t\t\t\t\t\t\t\t\t\t\t\t\t\t\t<\/div>\n\t\t\t\t<\/div>\n\t\t\t\t\t<\/div>\n\t\t<\/div>\n\t\t\t\t\t<\/div>\n\t\t<\/section>\n\t\t\t\t<section class=\"elementor-section elementor-top-section elementor-element elementor-element-9ffc97c elementor-section-boxed elementor-section-height-default elementor-section-height-default\" data-id=\"9ffc97c\" data-element_type=\"section\" data-e-type=\"section\">\n\t\t\t\t\t\t<div class=\"elementor-container elementor-column-gap-default\">\n\t\t\t\t\t<div class=\"elementor-column elementor-col-100 elementor-top-column elementor-element elementor-element-c207df8\" data-id=\"c207df8\" data-element_type=\"column\" data-e-type=\"column\">\n\t\t\t<div class=\"elementor-widget-wrap elementor-element-populated\">\n\t\t\t\t\t\t<div class=\"elementor-element elementor-element-c213994 elementor-widget elementor-widget-text-editor\" data-id=\"c213994\" data-element_type=\"widget\" data-e-type=\"widget\" data-widget_type=\"text-editor.default\">\n\t\t\t\t<div class=\"elementor-widget-container\">\n\t\t\t\t\t\t\t\t\t<p><strong>L'organigramma del comitato \u00e8 stato ridisegnato su un'unica linea e in ordine di arrivo nel comitato, anzich\u00e9 per livello di titolo come in precedenza. Perch\u00e9 per me \u00e8 molto importante che tutti siano allo stesso livello.<\/strong><\/p><p><strong>Come ho detto in occasione della mia prima riunione del Comitato in qualit\u00e0 di Presidente il 12 dicembre 2023, io porto il titolo perch\u00e9 ne serve uno, ma il Comitato \u00e8 una squadra e tutti i membri sono sullo stesso piano con le loro conoscenze, capacit\u00e0 e idee.<\/strong><\/p><p><strong>\u00c8 l'unico modo per far muovere le cose per voi, cari soci!<\/strong><\/p>\t\t\t\t\t\t\t\t<\/div>\n\t\t\t\t<\/div>\n\t\t\t\t\t<\/div>\n\t\t<\/div>\n\t\t\t\t\t<\/div>\n\t\t<\/section>\n\t\t\t\t<section class=\"elementor-section elementor-top-section elementor-element elementor-element-4109228 elementor-section-boxed elementor-section-height-default elementor-section-height-default\" data-id=\"4109228\" data-element_type=\"section\" data-e-type=\"section\">\n\t\t\t\t\t\t<div class=\"elementor-container elementor-column-gap-default\">\n\t\t\t\t\t<div class=\"elementor-column elementor-col-100 elementor-top-column elementor-element elementor-element-d01bbca\" data-id=\"d01bbca\" data-element_type=\"column\" data-e-type=\"column\">\n\t\t\t<div class=\"elementor-widget-wrap elementor-element-populated\">\n\t\t\t\t\t\t<div class=\"elementor-element elementor-element-7b28f4a elementor-widget-divider--view-line elementor-widget elementor-widget-divider\" data-id=\"7b28f4a\" data-element_type=\"widget\" data-e-type=\"widget\" data-widget_type=\"divider.default\">\n\t\t\t\t<div class=\"elementor-widget-container\">\n\t\t\t\t\t\t\t<div class=\"elementor-divider\">\n\t\t\t<span class=\"elementor-divider-separator\">\n\t\t\t\t\t\t<\/span>\n\t\t<\/div>\n\t\t\t\t\t\t<\/div>\n\t\t\t\t<\/div>\n\t\t\t\t\t<\/div>\n\t\t<\/div>\n\t\t\t\t\t<\/div>\n\t\t<\/section>\n\t\t\t\t<section class=\"elementor-section elementor-top-section elementor-element elementor-element-7c04765 elementor-section-boxed elementor-section-height-default elementor-section-height-default\" data-id=\"7c04765\" data-element_type=\"section\" data-e-type=\"section\">\n\t\t\t\t\t\t<div class=\"elementor-container elementor-column-gap-default\">\n\t\t\t\t\t<div class=\"elementor-column elementor-col-100 elementor-top-column elementor-element elementor-element-2600558\" data-id=\"2600558\" data-element_type=\"column\" data-e-type=\"column\">\n\t\t\t<div class=\"elementor-widget-wrap elementor-element-populated\">\n\t\t\t\t\t\t<div class=\"elementor-element elementor-element-8f51a83 elementor-widget elementor-widget-text-editor\" data-id=\"8f51a83\" data-element_type=\"widget\" data-e-type=\"widget\" data-widget_type=\"text-editor.default\">\n\t\t\t\t<div class=\"elementor-widget-container\">\n\t\t\t\t\t\t\t\t\t<h5><strong>Il comitato ha molti progetti meravigliosi per garantire la continuit\u00e0 dell'esistenza e dello sviluppo dell'ASFM. Per garantire che questi progetti si svolgano senza intoppi, abbiamo bisogno di volontari che ci aiutino a sostenere i nostri soci e a migliorare i nostri servizi.<\/strong><\/h5><h5><strong>Se avete qualche ora alla settimana o al mese da dedicare e volete aiutare una buona causa entrando a far parte o sostenendo il comitato, contattatemi.<\/strong><\/h5><h5><strong>Potete raggiungermi via e-mail all'indirizzo\u00a0<\/strong><a href=\"mailto:philippe.schupbach@suisse-fibromyalgie.ch\" target=\"_blank\" rel=\"noopener\">philippe.schupbach@suisse-fibromyalgie.ch<\/a> o per telefono all'indirizzo 0763223316.<\/h5>\t\t\t\t\t\t\t\t<\/div>\n\t\t\t\t<\/div>\n\t\t\t\t\t<\/div>\n\t\t<\/div>\n\t\t\t\t\t<\/div>\n\t\t<\/section>\n\t\t\t\t<\/div>","protected":false},"excerpt":{"rendered":"<p>L\u2019organigramme du comit\u00e9 a \u00e9t\u00e9 refait sur une seule ligne et par ordre d&rsquo;arriv\u00e9e dans le comit\u00e9, et non par \u00e9tage des titres comme auparavant. Car, pour moi, il est [&hellip;]<\/p>\n","protected":false},"author":1,"featured_media":228,"parent":0,"menu_order":12,"comment_status":"open","ping_status":"open","template":"","meta":{"footnotes":""},"class_list":["post-233","page","type-page","status-publish","has-post-thumbnail","hentry"],"publishpress_future_action":{"enabled":false,"date":"2026-05-21 19:12:47","action":"change-status","newStatus":"draft","terms":[],"taxonomy":"","extraData":[]},"publishpress_future_workflow_manual_trigger":{"enabledWorkflows":[]},"_links":{"self":[{"href":"https:\/\/suisse-fibromyalgie.ch\/it\/wp-json\/wp\/v2\/pages\/233","targetHints":{"allow":["GET"]}}],"collection":[{"href":"https:\/\/suisse-fibromyalgie.ch\/it\/wp-json\/wp\/v2\/pages"}],"about":[{"href":"https:\/\/suisse-fibromyalgie.ch\/it\/wp-json\/wp\/v2\/types\/page"}],"author":[{"embeddable":true,"href":"https:\/\/suisse-fibromyalgie.ch\/it\/wp-json\/wp\/v2\/users\/1"}],"replies":[{"embeddable":true,"href":"https:\/\/suisse-fibromyalgie.ch\/it\/wp-json\/wp\/v2\/comments?post=233"}],"version-history":[{"count":42,"href":"https:\/\/suisse-fibromyalgie.ch\/it\/wp-json\/wp\/v2\/pages\/233\/revisions"}],"predecessor-version":[{"id":8402,"href":"https:\/\/suisse-fibromyalgie.ch\/it\/wp-json\/wp\/v2\/pages\/233\/revisions\/8402"}],"wp:featuredmedia":[{"embeddable":true,"href":"https:\/\/suisse-fibromyalgie.ch\/it\/wp-json\/"}],"wp:attachment":[{"href":"https:\/\/suisse-fibromyalgie.ch\/it\/wp-json\/wp\/v2\/media?parent=233"}],"curies":[{"name":"wp","href":"https:\/\/api.w.org\/{rel}","templated":true}]}}