{"id":222,"date":"2021-01-01T00:00:46","date_gmt":"2020-12-31T23:00:46","guid":{"rendered":"http:\/\/wordpress\/2013\/02\/22\/therapies-actuelles\/"},"modified":"2022-12-22T12:34:03","modified_gmt":"2022-12-22T11:34:03","slug":"les-therapies-actuelles","status":"publish","type":"page","link":"https:\/\/suisse-fibromyalgie.ch\/it\/les-therapies-actuelles\/","title":{"rendered":"Terapie attuali"},"content":{"rendered":"<div data-elementor-type=\"wp-page\" data-elementor-id=\"222\" class=\"elementor elementor-222\" data-elementor-post-type=\"page\">\n\t\t\t\t\t\t<section class=\"elementor-section elementor-top-section elementor-element elementor-element-b63b33f elementor-section-boxed elementor-section-height-default elementor-section-height-default\" data-id=\"b63b33f\" data-element_type=\"section\" data-e-type=\"section\">\n\t\t\t\t\t\t<div class=\"elementor-container elementor-column-gap-default\">\n\t\t\t\t\t<div class=\"elementor-column elementor-col-100 elementor-top-column elementor-element elementor-element-d6da296\" data-id=\"d6da296\" data-element_type=\"column\" data-e-type=\"column\">\n\t\t\t<div class=\"elementor-widget-wrap elementor-element-populated\">\n\t\t\t\t\t\t<div class=\"elementor-element elementor-element-6440ea0 elementor-widget elementor-widget-text-editor\" data-id=\"6440ea0\" data-element_type=\"widget\" data-e-type=\"widget\" data-widget_type=\"text-editor.default\">\n\t\t\t\t<div class=\"elementor-widget-container\">\n\t\t\t\t\t\t\t\t\t<p>Il trattamento della fibromialgia mira a ridurre il dolore e a migliorare il sonno. Sono i sintomi a essere trattati, piuttosto che la patologia stessa. L'approccio migliore sembra essere una combinazione di diverse tecniche (farmaci, esercizio fisico, terapia parallela e psicologica).<\/p><p>Purtroppo, gli analgesici e gli antinfiammatori non sono molto efficaci.<\/p><p>Gli antidepressivi triciclici sono pi\u00f9 spesso prescritti, in dosi molto pi\u00f9 basse che nel trattamento della depressione. In alcuni casi, questi farmaci riducono il dolore e migliorano il sonno. In altri casi, sembrano non avere alcun effetto benefico.<\/p><p>La ricerca \u00e8 attivamente perseguita su vari fronti per trovare farmaci efficaci.<\/p><p>La terapia cognitivo-comportamentale, combinata con la meditazione mindfulness (MBSR), ha dimostrato scientificamente di ridurre il dolore e di avere altri effetti benefici sui sistemi del corpo.<\/p><p>Le medicine alternative hanno affrontato il problema e hanno ottenuto risultati talvolta molto apprezzabili grazie a metodi psico-corporei: MLC (antiginnastica), sofrologia, medicine cinesi (agopuntura), tai-chi, chi-gong, uso di fiori di Bach, oli essenziali, terapia della luce, musicoterapia, arteterapia, ecc.<\/p><p>Tuttavia, \u00e8 sempre meglio consultare il proprio medico prima di prendere tali misure, e non sostituiscono la necessit\u00e0 della medicina convenzionale.<\/p>\t\t\t\t\t\t\t\t<\/div>\n\t\t\t\t<\/div>\n\t\t\t\t\t<\/div>\n\t\t<\/div>\n\t\t\t\t\t<\/div>\n\t\t<\/section>\n\t\t\t\t<\/div>","protected":false},"excerpt":{"rendered":"<p>Le traitement de la fibromyalgie vise \u00e0 r\u00e9duire la douleur et \u00e0 am\u00e9liorer le sommeil. Ce sont les sympt\u00f4mes qui sont trait\u00e9s, plut\u00f4t que l&rsquo;affection. Il semble que la meilleure [&hellip;]<\/p>\n","protected":false},"author":1,"featured_media":0,"parent":0,"menu_order":4,"comment_status":"open","ping_status":"closed","template":"","meta":{"footnotes":""},"class_list":["post-222","page","type-page","status-publish","hentry"],"publishpress_future_action":{"enabled":false,"date":"2026-05-23 10:24:19","action":"change-status","newStatus":"draft","terms":[],"taxonomy":"","extraData":[]},"publishpress_future_workflow_manual_trigger":{"enabledWorkflows":[]},"_links":{"self":[{"href":"https:\/\/suisse-fibromyalgie.ch\/it\/wp-json\/wp\/v2\/pages\/222","targetHints":{"allow":["GET"]}}],"collection":[{"href":"https:\/\/suisse-fibromyalgie.ch\/it\/wp-json\/wp\/v2\/pages"}],"about":[{"href":"https:\/\/suisse-fibromyalgie.ch\/it\/wp-json\/wp\/v2\/types\/page"}],"author":[{"embeddable":true,"href":"https:\/\/suisse-fibromyalgie.ch\/it\/wp-json\/wp\/v2\/users\/1"}],"replies":[{"embeddable":true,"href":"https:\/\/suisse-fibromyalgie.ch\/it\/wp-json\/wp\/v2\/comments?post=222"}],"version-history":[{"count":0,"href":"https:\/\/suisse-fibromyalgie.ch\/it\/wp-json\/wp\/v2\/pages\/222\/revisions"}],"wp:attachment":[{"href":"https:\/\/suisse-fibromyalgie.ch\/it\/wp-json\/wp\/v2\/media?parent=222"}],"curies":[{"name":"wp","href":"https:\/\/api.w.org\/{rel}","templated":true}]}}