{"id":221,"date":"2021-01-01T00:00:04","date_gmt":"2020-12-31T23:00:04","guid":{"rendered":"http:\/\/wordpress\/2013\/02\/22\/les-causes\/"},"modified":"2021-07-07T15:44:06","modified_gmt":"2021-07-07T13:44:06","slug":"les-causes","status":"publish","type":"page","link":"https:\/\/suisse-fibromyalgie.ch\/it\/les-causes\/","title":{"rendered":"Le cause"},"content":{"rendered":"<div data-elementor-type=\"wp-page\" data-elementor-id=\"221\" class=\"elementor elementor-221\" data-elementor-post-type=\"page\">\n\t\t\t\t\t\t<section class=\"elementor-section elementor-top-section elementor-element elementor-element-98cb1f3 elementor-section-boxed elementor-section-height-default elementor-section-height-default\" data-id=\"98cb1f3\" data-element_type=\"section\" data-e-type=\"section\">\n\t\t\t\t\t\t<div class=\"elementor-container elementor-column-gap-default\">\n\t\t\t\t\t<div class=\"elementor-column elementor-col-100 elementor-top-column elementor-element elementor-element-10eae0b\" data-id=\"10eae0b\" data-element_type=\"column\" data-e-type=\"column\">\n\t\t\t<div class=\"elementor-widget-wrap elementor-element-populated\">\n\t\t\t\t\t\t<div class=\"elementor-element elementor-element-a2f3c45 elementor-widget elementor-widget-text-editor\" data-id=\"a2f3c45\" data-element_type=\"widget\" data-e-type=\"widget\" data-widget_type=\"text-editor.default\">\n\t\t\t\t<div class=\"elementor-widget-container\">\n\t\t\t\t\t\t\t\t\t<p>La fibromialgia \u00e8 spesso scatenata da un'esperienza traumatica (uno shock fisico o emotivo), una caduta, un incidente, un'infezione, un'operazione, il parto, ma a volte si manifesta senza alcuna causa apparente.<\/p><p>La causa effettiva della fibromialgia non \u00e8 ancora stata determinata. Le ricerche degli ultimi anni hanno dimostrato che i malati sono generalmente privati di un sonno profondo e ristoratore. Occorre quindi scoprire l'origine di questo disturbo e incoraggiare lo sviluppo di tecniche terapeutiche pi\u00f9 efficaci e appropriate.<\/p><p>La ricerca si concentra attualmente sui segni \"oggettivi\" scoperti:<\/p><ul><li>flusso sanguigno irregolare in alcune parti del cervello<\/li><li>un disturbo nella produzione di cortisolo<\/li><li>un particolare tipo di pressione sanguigna bassa<\/li><li>disturbi del metabolismo o della circolazione muscolare<\/li><li>livelli anormali di certi mediatori chimici chiamati neurotrasmettitori.<\/li><\/ul>\t\t\t\t\t\t\t\t<\/div>\n\t\t\t\t<\/div>\n\t\t\t\t\t<\/div>\n\t\t<\/div>\n\t\t\t\t\t<\/div>\n\t\t<\/section>\n\t\t\t\t<\/div>","protected":false},"excerpt":{"rendered":"<p>La fibromyalgie est souvent d\u00e9clench\u00e9 par une exp\u00e9rience traumatique (un choc physique ou \u00e9motionnel), une chute, un accident, une infection, une intervention chirurgicale, un accouchement, mais parfois il se manifeste [&hellip;]<\/p>\n","protected":false},"author":1,"featured_media":0,"parent":0,"menu_order":5,"comment_status":"open","ping_status":"closed","template":"","meta":{"footnotes":""},"class_list":["post-221","page","type-page","status-publish","hentry"],"publishpress_future_action":{"enabled":false,"date":"2026-04-27 09:10:15","action":"change-status","newStatus":"draft","terms":[],"taxonomy":"","extraData":[]},"publishpress_future_workflow_manual_trigger":{"enabledWorkflows":[]},"_links":{"self":[{"href":"https:\/\/suisse-fibromyalgie.ch\/it\/wp-json\/wp\/v2\/pages\/221","targetHints":{"allow":["GET"]}}],"collection":[{"href":"https:\/\/suisse-fibromyalgie.ch\/it\/wp-json\/wp\/v2\/pages"}],"about":[{"href":"https:\/\/suisse-fibromyalgie.ch\/it\/wp-json\/wp\/v2\/types\/page"}],"author":[{"embeddable":true,"href":"https:\/\/suisse-fibromyalgie.ch\/it\/wp-json\/wp\/v2\/users\/1"}],"replies":[{"embeddable":true,"href":"https:\/\/suisse-fibromyalgie.ch\/it\/wp-json\/wp\/v2\/comments?post=221"}],"version-history":[{"count":0,"href":"https:\/\/suisse-fibromyalgie.ch\/it\/wp-json\/wp\/v2\/pages\/221\/revisions"}],"wp:attachment":[{"href":"https:\/\/suisse-fibromyalgie.ch\/it\/wp-json\/wp\/v2\/media?parent=221"}],"curies":[{"name":"wp","href":"https:\/\/api.w.org\/{rel}","templated":true}]}}