{"id":104,"date":"2021-01-01T00:00:00","date_gmt":"2020-12-31T23:00:00","guid":{"rendered":"https:\/\/suisse-fibromyalgie.ch\/?page_id=104"},"modified":"2024-05-14T09:12:42","modified_gmt":"2024-05-14T07:12:42","slug":"buts-de-lassociation","status":"publish","type":"page","link":"https:\/\/suisse-fibromyalgie.ch\/it\/buts-de-lassociation\/","title":{"rendered":"Obiettivi dell'associazione"},"content":{"rendered":"<div data-elementor-type=\"wp-page\" data-elementor-id=\"104\" class=\"elementor elementor-104\" data-elementor-post-type=\"page\">\n\t\t\t\t\t\t<section class=\"elementor-section elementor-top-section elementor-element elementor-element-b1fc271 elementor-section-boxed elementor-section-height-default elementor-section-height-default\" data-id=\"b1fc271\" data-element_type=\"section\" data-e-type=\"section\">\n\t\t\t\t\t\t<div class=\"elementor-container elementor-column-gap-default\">\n\t\t\t\t\t<div class=\"elementor-column elementor-col-100 elementor-top-column elementor-element elementor-element-5b822c0\" data-id=\"5b822c0\" data-element_type=\"column\" data-e-type=\"column\">\n\t\t\t<div class=\"elementor-widget-wrap elementor-element-populated\">\n\t\t\t\t\t\t<div class=\"elementor-element elementor-element-043dc3d elementor-widget elementor-widget-text-editor\" data-id=\"043dc3d\" data-element_type=\"widget\" data-e-type=\"widget\" data-widget_type=\"text-editor.default\">\n\t\t\t\t<div class=\"elementor-widget-container\">\n\t\t\t\t\t\t\t\t\t<p style=\"text-align: center;\"><strong>La nostra associazione \u00e8 sempre al vostro fianco per condividere informazioni, rispondere alle vostre domande e offrire una comunit\u00e0 di supporto. Insieme siamo forti e insieme possiamo affrontare le sfide della convivenza con la fibromialgia.<\/strong><\/p><p>Grazie all'impegno del suo comitato, del personale dell'ufficio, dei gruppi di auto-aiuto\/difesa e del supporto professionale, l'ASFM \u00e8 in grado di raggiungere i suoi obiettivi:<\/p><ul><li>Far conoscere ed eventualmente riconoscere la fibromialgia (a livello medico, sociale, farmaceutico, legale, politico, ecc.)<\/li><li>Essere il punto di contatto per la comunit\u00e0 scientifica, i media, gli studenti e chiunque cerchi informazioni.<\/li><li>Diffondere informazioni sulla fibromialgia e sui pi\u00f9 recenti progressi medici.<\/li><li>Promuovere il sostegno reciproco attraverso il coordinamento di gruppi di discussione\/aiuto.<\/li><li>Investire nel sostegno del malato offrendo diversi strumenti terapeutici.<\/li><li>Sostegno alle persone affette da fibromialgia, alle loro famiglie e agli amici<\/li><li>Sensibilizzare l'opinione pubblica su questa malattia<\/li><li>Sviluppare workshop pratici sulla gestione del dolore e sulle sue componenti<\/li><li>Fornire conoscenze utili ai diversi attori coinvolti nella fibromialgia attraverso conferenze, seminari e altra formazione<\/li><\/ul>\t\t\t\t\t\t\t\t<\/div>\n\t\t\t\t<\/div>\n\t\t\t\t\t<\/div>\n\t\t<\/div>\n\t\t\t\t\t<\/div>\n\t\t<\/section>\n\t\t\t\t<\/div>","protected":false},"excerpt":{"rendered":"<p>Notre association est toujours \u00e0 vos c\u00f4t\u00e9s pour partager des informations, r\u00e9pondre \u00e0 vos questions et offrir une communaut\u00e9 de soutien. Ensemble, nous sommes forts, et ensemble, nous pouvons relever [&hellip;]<\/p>\n","protected":false},"author":1,"featured_media":0,"parent":0,"menu_order":0,"comment_status":"closed","ping_status":"closed","template":"","meta":{"footnotes":""},"class_list":["post-104","page","type-page","status-publish","hentry"],"publishpress_future_action":{"enabled":false,"date":"2026-04-27 05:31:37","action":"change-status","newStatus":"draft","terms":[],"taxonomy":"","extraData":[]},"publishpress_future_workflow_manual_trigger":{"enabledWorkflows":[]},"_links":{"self":[{"href":"https:\/\/suisse-fibromyalgie.ch\/it\/wp-json\/wp\/v2\/pages\/104","targetHints":{"allow":["GET"]}}],"collection":[{"href":"https:\/\/suisse-fibromyalgie.ch\/it\/wp-json\/wp\/v2\/pages"}],"about":[{"href":"https:\/\/suisse-fibromyalgie.ch\/it\/wp-json\/wp\/v2\/types\/page"}],"author":[{"embeddable":true,"href":"https:\/\/suisse-fibromyalgie.ch\/it\/wp-json\/wp\/v2\/users\/1"}],"replies":[{"embeddable":true,"href":"https:\/\/suisse-fibromyalgie.ch\/it\/wp-json\/wp\/v2\/comments?post=104"}],"version-history":[{"count":0,"href":"https:\/\/suisse-fibromyalgie.ch\/it\/wp-json\/wp\/v2\/pages\/104\/revisions"}],"wp:attachment":[{"href":"https:\/\/suisse-fibromyalgie.ch\/it\/wp-json\/wp\/v2\/media?parent=104"}],"curies":[{"name":"wp","href":"https:\/\/api.w.org\/{rel}","templated":true}]}}