{"id":9055,"date":"2026-02-05T15:55:18","date_gmt":"2026-02-05T14:55:18","guid":{"rendered":"https:\/\/suisse-fibromyalgie.ch\/?page_id=9055"},"modified":"2026-02-05T16:03:27","modified_gmt":"2026-02-05T15:03:27","slug":"dorsaz-dalessio-brigitte-ecole-dapitherapie-holistique-melipona","status":"publish","type":"page","link":"https:\/\/suisse-fibromyalgie.ch\/fr\/dorsaz-dalessio-brigitte-ecole-dapitherapie-holistique-melipona\/","title":{"rendered":"Dorsaz D&rsquo;Alessio Brigitte &#8211; Ecole d\u2019apith\u00e9rapie holistique Melipona"},"content":{"rendered":"\t\t<div data-elementor-type=\"wp-page\" data-elementor-id=\"9055\" class=\"elementor elementor-9055\" data-elementor-post-type=\"page\">\n\t\t\t\t\t\t<section class=\"elementor-section elementor-top-section elementor-element elementor-element-5643a8c elementor-section-boxed elementor-section-height-default elementor-section-height-default\" data-id=\"5643a8c\" data-element_type=\"section\" data-e-type=\"section\">\n\t\t\t\t\t\t<div class=\"elementor-container elementor-column-gap-default\">\n\t\t\t\t\t<div class=\"elementor-column elementor-col-50 elementor-top-column elementor-element elementor-element-c953588\" data-id=\"c953588\" data-element_type=\"column\" data-e-type=\"column\">\n\t\t\t<div class=\"elementor-widget-wrap elementor-element-populated\">\n\t\t\t\t\t\t<div class=\"elementor-element elementor-element-68ab1cb elementor-widget elementor-widget-image\" data-id=\"68ab1cb\" data-element_type=\"widget\" data-e-type=\"widget\" data-widget_type=\"image.default\">\n\t\t\t\t<div class=\"elementor-widget-container\">\n\t\t\t\t\t\t\t\t\t\t\t\t\t\t\t<img fetchpriority=\"high\" decoding=\"async\" width=\"451\" height=\"432\" src=\"https:\/\/suisse-fibromyalgie.ch\/wp-content\/uploads\/Brigitte-Dorsaz-DAlessio.jpg\" class=\"attachment-large size-large wp-image-9056\" alt=\"\" srcset=\"https:\/\/suisse-fibromyalgie.ch\/wp-content\/uploads\/Brigitte-Dorsaz-DAlessio.jpg 451w, https:\/\/suisse-fibromyalgie.ch\/wp-content\/uploads\/Brigitte-Dorsaz-DAlessio-300x287.jpg 300w, https:\/\/suisse-fibromyalgie.ch\/wp-content\/uploads\/Brigitte-Dorsaz-DAlessio-13x12.jpg 13w\" sizes=\"(max-width: 451px) 100vw, 451px\" \/>\t\t\t\t\t\t\t\t\t\t\t\t\t\t\t<\/div>\n\t\t\t\t<\/div>\n\t\t\t\t\t<\/div>\n\t\t<\/div>\n\t\t\t\t<div class=\"elementor-column elementor-col-50 elementor-top-column elementor-element elementor-element-d7d3abd\" data-id=\"d7d3abd\" data-element_type=\"column\" data-e-type=\"column\">\n\t\t\t<div class=\"elementor-widget-wrap elementor-element-populated\">\n\t\t\t\t\t\t<div class=\"elementor-element elementor-element-cdd1fa2 elementor-widget elementor-widget-text-editor\" data-id=\"cdd1fa2\" data-element_type=\"widget\" data-e-type=\"widget\" data-widget_type=\"text-editor.default\">\n\t\t\t\t<div class=\"elementor-widget-container\">\n\t\t\t\t\t\t\t\t\t<p class=\"font_8 wixui-rich-text__text\">Fondatrice et directrice de l\u2019Ecole d\u2019apith\u00e9rapie Melipona, Brigitte Dorsaz D\u2019Alessio est n\u00e9e en Valais (Suisse). Tr\u00e8s t\u00f4t, elle s\u2019est int\u00e9ress\u00e9e \u00e0 l\u2019expression cr\u00e9ative sous toutes ses formes. De m\u00eame, elle v\u00e9cut des instants privil\u00e9gi\u00e9s de paix et de joie dans la Nature. Les activit\u00e9s li\u00e9es \u00e0 l\u2019\u00e9levage des abeilles et l\u2019extraction du miel par son grand-p\u00e8re demeurent des moments forts de joie intime durant son enfance.<\/p><p class=\"font_8 wixui-rich-text__text\">Depuis toujours, elle est puissamment attir\u00e9e par le Beau, le Bon, le Vrai qu\u2019elle per\u00e7oit dans la Nature et les personnes qu\u2019elle rencontre.<\/p><p class=\"font_8 wixui-rich-text__text\"><span class=\"wixGuard wixui-rich-text__text\">\u200b<\/span><\/p><p class=\"font_8 wixui-rich-text__text\">Tout l\u2019int\u00e9resse lorsqu\u2019il s\u2019agit de techniques cr\u00e9atives et\/ou th\u00e9rapeutiques. Elle a ainsi particip\u00e9 \u00e0 de nombreuses formations dans des domaines vari\u00e9s. Afin d\u2019avancer sur le chemin de la gu\u00e9rison int\u00e9rieure, elle a compl\u00e9t\u00e9 ces formations par des th\u00e9rapies personnelles (analyse jungienne, travail \u00e9nerg\u00e9tique, PNL, etc.), indispensables \u00e0 l\u2019imp\u00e9rieux besoin de coh\u00e9rence qui la motive.<\/p>\t\t\t\t\t\t\t\t<\/div>\n\t\t\t\t<\/div>\n\t\t\t\t\t<\/div>\n\t\t<\/div>\n\t\t\t\t\t<\/div>\n\t\t<\/section>\n\t\t\t\t<section class=\"elementor-section elementor-top-section elementor-element elementor-element-49a8769 elementor-section-boxed elementor-section-height-default elementor-section-height-default\" data-id=\"49a8769\" data-element_type=\"section\" data-e-type=\"section\">\n\t\t\t\t\t\t<div class=\"elementor-container elementor-column-gap-default\">\n\t\t\t\t\t<div class=\"elementor-column elementor-col-100 elementor-top-column elementor-element elementor-element-b832f5d\" data-id=\"b832f5d\" data-element_type=\"column\" data-e-type=\"column\">\n\t\t\t<div class=\"elementor-widget-wrap elementor-element-populated\">\n\t\t\t\t\t\t<div class=\"elementor-element elementor-element-d7d395e elementor-widget elementor-widget-text-editor\" data-id=\"d7d395e\" data-element_type=\"widget\" data-e-type=\"widget\" data-widget_type=\"text-editor.default\">\n\t\t\t\t<div class=\"elementor-widget-container\">\n\t\t\t\t\t\t\t\t\t<p class=\"font_8 wixui-rich-text__text\">Depuis pr\u00e8s de 30 ans, elle propose en cabinet des s\u00e9ances individuelles bas\u00e9es sur diff\u00e9rentes techniques : polarit\u00e9, \u00e9lixirs floraux et apicoles, massages m\u00e9tamorphiques, aromath\u00e9rapie, soins \u00e9nerg\u00e9tiques, massages au miel, soins en apith\u00e9rapie, etc. afin d\u2019accompagner au mieux d\u2019autres Qu\u00eateurs de V\u00e9rit\u00e9.<\/p><p class=\"font_8 wixui-rich-text__text\">Elle anime \u00e9galement des conf\u00e9rences, des ateliers et des formations.<\/p><p class=\"font_8 wixui-rich-text__text\">Son c\u0153ur de passion reste l\u2019apith\u00e9rapie et tout particuli\u00e8rement l\u2019apith\u00e9rapie \u00e9nerg\u00e9tique. Ainsi, inspir\u00e9e par les abeilles de ses ruches, elle a cr\u00e9\u00e9 une gamme d\u2019\u00e9lixirs apicoles, Les Elixirs des Abeilles, \u00e9labor\u00e9s selon la m\u00e9thode du Dr Edward Bach, \u00e0 partir des substances \u00e9labor\u00e9es par les abeilles et d\u2019\u00e9nergies \u00e9manant d&rsquo;elles. Elle a \u00e9galement \u00e9crit un livre intitul\u00e9 \u00ab\u00a0<a class=\"wixui-rich-text__text\" href=\"https:\/\/www.ecoledapitherapie.ch\/livres\" target=\"_self\">Collaborer avec les abeilles<\/a>\u00a0: manuel d\u2019apith\u00e9rapie \u00e9nerg\u00e9tique \u00bb afin de transmettre le maximum d\u2019informations possible au sujet de ces merveilleux outils th\u00e9rapeutiques que sont Les Elixirs des Abeilles, l\u2019art de les cr\u00e9er soi-m\u00eame, leur utilisation, etc. Ce livre est \u00e9dit\u00e9 chez Rossolis.<\/p><p class=\"font_8 wixui-rich-text__text\">Elle a pr\u00e9sid\u00e9 l\u2019Association Suisse d\u2019Apith\u00e9rapie, section romande de 2011 \u00e0 2013.<\/p><p class=\"font_8 wixui-rich-text__text\"><span class=\"wixGuard wixui-rich-text__text\">\u200b<\/span><\/p><p class=\"font_8 wixui-rich-text__text\">Enfin, elle a rassembl\u00e9 ses connaissances et exp\u00e9riences pour les mettre au service des personnes int\u00e9ress\u00e9es par l\u2019apith\u00e9rapie, la m\u00e9decine \u00e9nerg\u00e9tique, la phytoth\u00e9rapie au sens large et les diff\u00e9rentes m\u00e9thodes de soins, dans le cadre de l&rsquo;Ecole d&rsquo;apith\u00e9rapie holistique Melipona.<\/p>\t\t\t\t\t\t\t\t<\/div>\n\t\t\t\t<\/div>\n\t\t\t\t\t<\/div>\n\t\t<\/div>\n\t\t\t\t\t<\/div>\n\t\t<\/section>\n\t\t\t\t<section class=\"elementor-section elementor-top-section elementor-element elementor-element-fce1291 elementor-section-boxed elementor-section-height-default elementor-section-height-default\" data-id=\"fce1291\" data-element_type=\"section\" data-e-type=\"section\">\n\t\t\t\t\t\t<div class=\"elementor-container elementor-column-gap-default\">\n\t\t\t\t\t<div class=\"elementor-column elementor-col-50 elementor-top-column elementor-element elementor-element-3eb25a5\" data-id=\"3eb25a5\" data-element_type=\"column\" data-e-type=\"column\">\n\t\t\t<div class=\"elementor-widget-wrap elementor-element-populated\">\n\t\t\t\t\t\t<div class=\"elementor-element elementor-element-7b832d7 elementor-widget elementor-widget-text-editor\" data-id=\"7b832d7\" data-element_type=\"widget\" data-e-type=\"widget\" data-widget_type=\"text-editor.default\">\n\t\t\t\t<div class=\"elementor-widget-container\">\n\t\t\t\t\t\t\t\t\t<div id=\"bgLayers_comp-ljcvm8ir\" class=\"MW5IWV\" data-hook=\"bgLayers\" data-motion-part=\"BG_LAYER\"><div id=\"bgMedia_comp-ljcvm8ir\" class=\"VgO9Yg\" data-motion-part=\"BG_MEDIA\"><p class=\"font_8 wixui-rich-text__text\"><span class=\"wixui-rich-text__text\">L\u2019Ecole d\u2019apith\u00e9rapie holistique Melipona se veut un lieu d\u2019apprentissage de savoir,<\/span><\/p><p class=\"font_8 wixui-rich-text__text\"><span class=\"wixui-rich-text__text\">savoir-faire et savoir-\u00eatre en lien avec les abeilles et leur m\u00e9decine.<\/span><\/p><\/div><\/div>\t\t\t\t\t\t\t\t<\/div>\n\t\t\t\t<\/div>\n\t\t\t\t\t<\/div>\n\t\t<\/div>\n\t\t\t\t<div class=\"elementor-column elementor-col-50 elementor-top-column elementor-element elementor-element-dd614b0\" data-id=\"dd614b0\" data-element_type=\"column\" data-e-type=\"column\">\n\t\t\t<div class=\"elementor-widget-wrap elementor-element-populated\">\n\t\t\t\t\t\t<div class=\"elementor-element elementor-element-3570715 elementor-widget elementor-widget-text-editor\" data-id=\"3570715\" data-element_type=\"widget\" data-e-type=\"widget\" data-widget_type=\"text-editor.default\">\n\t\t\t\t<div class=\"elementor-widget-container\">\n\t\t\t\t\t\t\t\t\t<p><a href=\"https:\/\/www.ecoledapitherapie.ch\/\" target=\"_blank\" rel=\"noopener\">En savoir plus, cliquez sur ce lien<\/a><\/p>\t\t\t\t\t\t\t\t<\/div>\n\t\t\t\t<\/div>\n\t\t\t\t\t<\/div>\n\t\t<\/div>\n\t\t\t\t\t<\/div>\n\t\t<\/section>\n\t\t\t\t<\/div>\n\t\t","protected":false},"excerpt":{"rendered":"<p>Fondatrice et directrice de l\u2019Ecole d\u2019apith\u00e9rapie Melipona, Brigitte Dorsaz D\u2019Alessio est n\u00e9e en Valais (Suisse). Tr\u00e8s t\u00f4t, elle s\u2019est int\u00e9ress\u00e9e \u00e0 l\u2019expression cr\u00e9ative sous toutes ses formes. De m\u00eame, elle [&hellip;]<\/p>\n","protected":false},"author":1,"featured_media":0,"parent":0,"menu_order":0,"comment_status":"closed","ping_status":"closed","template":"","meta":{"footnotes":""},"class_list":["post-9055","page","type-page","status-publish","hentry"],"publishpress_future_action":{"enabled":false,"date":"2026-04-21 13:15:35","action":"change-status","newStatus":"draft","terms":[],"taxonomy":"","extraData":[]},"publishpress_future_workflow_manual_trigger":{"enabledWorkflows":[]},"_links":{"self":[{"href":"https:\/\/suisse-fibromyalgie.ch\/fr\/wp-json\/wp\/v2\/pages\/9055","targetHints":{"allow":["GET"]}}],"collection":[{"href":"https:\/\/suisse-fibromyalgie.ch\/fr\/wp-json\/wp\/v2\/pages"}],"about":[{"href":"https:\/\/suisse-fibromyalgie.ch\/fr\/wp-json\/wp\/v2\/types\/page"}],"author":[{"embeddable":true,"href":"https:\/\/suisse-fibromyalgie.ch\/fr\/wp-json\/wp\/v2\/users\/1"}],"replies":[{"embeddable":true,"href":"https:\/\/suisse-fibromyalgie.ch\/fr\/wp-json\/wp\/v2\/comments?post=9055"}],"version-history":[{"count":3,"href":"https:\/\/suisse-fibromyalgie.ch\/fr\/wp-json\/wp\/v2\/pages\/9055\/revisions"}],"predecessor-version":[{"id":9059,"href":"https:\/\/suisse-fibromyalgie.ch\/fr\/wp-json\/wp\/v2\/pages\/9055\/revisions\/9059"}],"wp:attachment":[{"href":"https:\/\/suisse-fibromyalgie.ch\/fr\/wp-json\/wp\/v2\/media?parent=9055"}],"curies":[{"name":"wp","href":"https:\/\/api.w.org\/{rel}","templated":true}]}}