{"id":9049,"date":"2026-02-05T15:38:35","date_gmt":"2026-02-05T14:38:35","guid":{"rendered":"https:\/\/suisse-fibromyalgie.ch\/?page_id=9049"},"modified":"2026-02-05T16:09:05","modified_gmt":"2026-02-05T15:09:05","slug":"thiemard-julien-coaching-nutrition-sport-sante","status":"publish","type":"page","link":"https:\/\/suisse-fibromyalgie.ch\/fr\/thiemard-julien-coaching-nutrition-sport-sante\/","title":{"rendered":"Thiemard Julien &#8211; Coaching nutrition, sport &#038; sant\u00e9"},"content":{"rendered":"\t\t<div data-elementor-type=\"wp-page\" data-elementor-id=\"9049\" class=\"elementor elementor-9049\" data-elementor-post-type=\"page\">\n\t\t\t\t\t\t<section class=\"elementor-section elementor-top-section elementor-element elementor-element-5643a8c elementor-section-boxed elementor-section-height-default elementor-section-height-default\" data-id=\"5643a8c\" data-element_type=\"section\" data-e-type=\"section\">\n\t\t\t\t\t\t<div class=\"elementor-container elementor-column-gap-default\">\n\t\t\t\t\t<div class=\"elementor-column elementor-col-50 elementor-top-column elementor-element elementor-element-c953588\" data-id=\"c953588\" data-element_type=\"column\" data-e-type=\"column\">\n\t\t\t<div class=\"elementor-widget-wrap elementor-element-populated\">\n\t\t\t\t\t\t<div class=\"elementor-element elementor-element-68ab1cb elementor-widget elementor-widget-image\" data-id=\"68ab1cb\" data-element_type=\"widget\" data-e-type=\"widget\" data-widget_type=\"image.default\">\n\t\t\t\t<div class=\"elementor-widget-container\">\n\t\t\t\t\t\t\t\t\t\t\t\t\t\t\t<img fetchpriority=\"high\" decoding=\"async\" width=\"238\" height=\"239\" src=\"https:\/\/suisse-fibromyalgie.ch\/wp-content\/uploads\/Julien-Thiemard.jpg\" class=\"attachment-large size-large wp-image-9050\" alt=\"\" srcset=\"https:\/\/suisse-fibromyalgie.ch\/wp-content\/uploads\/Julien-Thiemard.jpg 238w, https:\/\/suisse-fibromyalgie.ch\/wp-content\/uploads\/Julien-Thiemard-150x150.jpg 150w, https:\/\/suisse-fibromyalgie.ch\/wp-content\/uploads\/Julien-Thiemard-12x12.jpg 12w\" sizes=\"(max-width: 238px) 100vw, 238px\" \/>\t\t\t\t\t\t\t\t\t\t\t\t\t\t\t<\/div>\n\t\t\t\t<\/div>\n\t\t\t\t\t<\/div>\n\t\t<\/div>\n\t\t\t\t<div class=\"elementor-column elementor-col-50 elementor-top-column elementor-element elementor-element-d7d3abd\" data-id=\"d7d3abd\" data-element_type=\"column\" data-e-type=\"column\">\n\t\t\t<div class=\"elementor-widget-wrap elementor-element-populated\">\n\t\t\t\t\t\t<div class=\"elementor-element elementor-element-cdd1fa2 elementor-widget elementor-widget-text-editor\" data-id=\"cdd1fa2\" data-element_type=\"widget\" data-e-type=\"widget\" data-widget_type=\"text-editor.default\">\n\t\t\t\t<div class=\"elementor-widget-container\">\n\t\t\t\t\t\t\t\t\t<p>Bonjour et bienvenue dans mon univers,<\/p><p>Julien, la quarantaine, je suis avant tout un mari chanceux et un p\u00e8re de deux chouettes enfants. Je suis aussi infirmier, nutritionniste, accompagnateur en montagne et coach sportif dipl\u00f4m\u00e9.<\/p><p>Mes parcours priv\u00e9 et professionnel m\u2019ont amen\u00e9 \u00e0 d\u00e9velopper une approche diff\u00e9rente du coaching individuel dans le domaine de la perte de poids, de la remise en forme et de la pr\u00e9paration \u00e0 un challenge sportif. Je prends en compte la personne dans son ensemble, ses forces, ses faiblesses, ses r\u00e9ussites, ses \u00e9checs et surtout sa capacit\u00e9 d\u2019\u00e9volution.<\/p>\t\t\t\t\t\t\t\t<\/div>\n\t\t\t\t<\/div>\n\t\t\t\t\t<\/div>\n\t\t<\/div>\n\t\t\t\t\t<\/div>\n\t\t<\/section>\n\t\t\t\t<section class=\"elementor-section elementor-top-section elementor-element elementor-element-cb75e8f elementor-section-boxed elementor-section-height-default elementor-section-height-default\" data-id=\"cb75e8f\" data-element_type=\"section\" data-e-type=\"section\">\n\t\t\t\t\t\t<div class=\"elementor-container elementor-column-gap-default\">\n\t\t\t\t\t<div class=\"elementor-column elementor-col-100 elementor-top-column elementor-element elementor-element-3e83a3c\" data-id=\"3e83a3c\" data-element_type=\"column\" data-e-type=\"column\">\n\t\t\t<div class=\"elementor-widget-wrap elementor-element-populated\">\n\t\t\t\t\t\t<div class=\"elementor-element elementor-element-d543ca1 elementor-widget elementor-widget-text-editor\" data-id=\"d543ca1\" data-element_type=\"widget\" data-e-type=\"widget\" data-widget_type=\"text-editor.default\">\n\t\t\t\t<div class=\"elementor-widget-container\">\n\t\t\t\t\t\t\t\t\t<p>Mon approche est bas\u00e9e sur quatre piliers essentiels : nutrition, activit\u00e9s physiques et sportives, sant\u00e9 et nature.<\/p><p>Vous trouvez le d\u00e9tail de mon approche et mes offres de coaching individuel sur mon site web.<\/p><p>Vous avez des questions, n\u2019h\u00e9sitez pas \u00e0 me contacter<\/p><p>Au plaisir de vous rencontrer,<\/p><p><em>Julien<\/em><\/p>\t\t\t\t\t\t\t\t<\/div>\n\t\t\t\t<\/div>\n\t\t\t\t\t<\/div>\n\t\t<\/div>\n\t\t\t\t\t<\/div>\n\t\t<\/section>\n\t\t\t\t<section class=\"elementor-section elementor-top-section elementor-element elementor-element-fce1291 elementor-section-boxed elementor-section-height-default elementor-section-height-default\" data-id=\"fce1291\" data-element_type=\"section\" data-e-type=\"section\">\n\t\t\t\t\t\t<div class=\"elementor-container elementor-column-gap-default\">\n\t\t\t\t\t<div class=\"elementor-column elementor-col-50 elementor-top-column elementor-element elementor-element-3eb25a5\" data-id=\"3eb25a5\" data-element_type=\"column\" data-e-type=\"column\">\n\t\t\t<div class=\"elementor-widget-wrap elementor-element-populated\">\n\t\t\t\t\t\t<div class=\"elementor-element elementor-element-7b832d7 elementor-widget elementor-widget-text-editor\" data-id=\"7b832d7\" data-element_type=\"widget\" data-e-type=\"widget\" data-widget_type=\"text-editor.default\">\n\t\t\t\t<div class=\"elementor-widget-container\">\n\t\t\t\t\t\t\t\t\t<div id=\"bgLayers_comp-ljcvm8ir\" class=\"MW5IWV\" data-hook=\"bgLayers\" data-motion-part=\"BG_LAYER\"><div id=\"bgMedia_comp-ljcvm8ir\" class=\"VgO9Yg\" data-motion-part=\"BG_MEDIA\">Situ\u00e9 dans le canton de Vaud \u00e0 Puidoux, le cabinet Human to Nature vous propose un accompagnement sportif et nutritionnelles<\/div><\/div>\t\t\t\t\t\t\t\t<\/div>\n\t\t\t\t<\/div>\n\t\t\t\t\t<\/div>\n\t\t<\/div>\n\t\t\t\t<div class=\"elementor-column elementor-col-50 elementor-top-column elementor-element elementor-element-dd614b0\" data-id=\"dd614b0\" data-element_type=\"column\" data-e-type=\"column\">\n\t\t\t<div class=\"elementor-widget-wrap elementor-element-populated\">\n\t\t\t\t\t\t<div class=\"elementor-element elementor-element-3570715 elementor-widget elementor-widget-text-editor\" data-id=\"3570715\" data-element_type=\"widget\" data-e-type=\"widget\" data-widget_type=\"text-editor.default\">\n\t\t\t\t<div class=\"elementor-widget-container\">\n\t\t\t\t\t\t\t\t\t<p><a href=\"https:\/\/humantonature.ch\/\" target=\"_blank\" rel=\"noopener\">En savoir plus, cliquez sur ce lien<\/a><\/p>\t\t\t\t\t\t\t\t<\/div>\n\t\t\t\t<\/div>\n\t\t\t\t\t<\/div>\n\t\t<\/div>\n\t\t\t\t\t<\/div>\n\t\t<\/section>\n\t\t\t\t<\/div>\n\t\t","protected":false},"excerpt":{"rendered":"<p>Bonjour et bienvenue dans mon univers, Julien, la quarantaine, je suis avant tout un mari chanceux et un p\u00e8re de deux chouettes enfants. Je suis aussi infirmier, nutritionniste, accompagnateur en [&hellip;]<\/p>\n","protected":false},"author":1,"featured_media":0,"parent":0,"menu_order":0,"comment_status":"closed","ping_status":"closed","template":"","meta":{"footnotes":""},"class_list":["post-9049","page","type-page","status-publish","hentry"],"publishpress_future_action":{"enabled":false,"date":"2026-04-14 12:38:45","action":"change-status","newStatus":"draft","terms":[],"taxonomy":"","extraData":[]},"publishpress_future_workflow_manual_trigger":{"enabledWorkflows":[]},"_links":{"self":[{"href":"https:\/\/suisse-fibromyalgie.ch\/fr\/wp-json\/wp\/v2\/pages\/9049","targetHints":{"allow":["GET"]}}],"collection":[{"href":"https:\/\/suisse-fibromyalgie.ch\/fr\/wp-json\/wp\/v2\/pages"}],"about":[{"href":"https:\/\/suisse-fibromyalgie.ch\/fr\/wp-json\/wp\/v2\/types\/page"}],"author":[{"embeddable":true,"href":"https:\/\/suisse-fibromyalgie.ch\/fr\/wp-json\/wp\/v2\/users\/1"}],"replies":[{"embeddable":true,"href":"https:\/\/suisse-fibromyalgie.ch\/fr\/wp-json\/wp\/v2\/comments?post=9049"}],"version-history":[{"count":6,"href":"https:\/\/suisse-fibromyalgie.ch\/fr\/wp-json\/wp\/v2\/pages\/9049\/revisions"}],"predecessor-version":[{"id":9063,"href":"https:\/\/suisse-fibromyalgie.ch\/fr\/wp-json\/wp\/v2\/pages\/9049\/revisions\/9063"}],"wp:attachment":[{"href":"https:\/\/suisse-fibromyalgie.ch\/fr\/wp-json\/wp\/v2\/media?parent=9049"}],"curies":[{"name":"wp","href":"https:\/\/api.w.org\/{rel}","templated":true}]}}