{"id":9042,"date":"2026-02-05T12:18:55","date_gmt":"2026-02-05T11:18:55","guid":{"rendered":"https:\/\/suisse-fibromyalgie.ch\/?page_id=9042"},"modified":"2026-02-05T12:23:24","modified_gmt":"2026-02-05T11:23:24","slug":"haesslein-karine-yoga-reflexologie-2","status":"publish","type":"page","link":"https:\/\/suisse-fibromyalgie.ch\/fr\/haesslein-karine-yoga-reflexologie-2\/","title":{"rendered":"Haesslein Karine &#8211; Yoga &#038; r\u00e9flexologie"},"content":{"rendered":"\t\t<div data-elementor-type=\"wp-page\" data-elementor-id=\"9042\" class=\"elementor elementor-9042\" data-elementor-post-type=\"page\">\n\t\t\t\t\t\t<section class=\"elementor-section elementor-top-section elementor-element elementor-element-5643a8c elementor-section-boxed elementor-section-height-default elementor-section-height-default\" data-id=\"5643a8c\" data-element_type=\"section\" data-e-type=\"section\">\n\t\t\t\t\t\t<div class=\"elementor-container elementor-column-gap-default\">\n\t\t\t\t\t<div class=\"elementor-column elementor-col-50 elementor-top-column elementor-element elementor-element-c953588\" data-id=\"c953588\" data-element_type=\"column\" data-e-type=\"column\">\n\t\t\t<div class=\"elementor-widget-wrap elementor-element-populated\">\n\t\t\t\t\t\t<div class=\"elementor-element elementor-element-68ab1cb elementor-widget elementor-widget-image\" data-id=\"68ab1cb\" data-element_type=\"widget\" data-e-type=\"widget\" data-widget_type=\"image.default\">\n\t\t\t\t<div class=\"elementor-widget-container\">\n\t\t\t\t\t\t\t\t\t\t\t\t\t\t\t<img fetchpriority=\"high\" decoding=\"async\" width=\"329\" height=\"498\" src=\"https:\/\/suisse-fibromyalgie.ch\/wp-content\/uploads\/Karine-Haesslein-1.jpg\" class=\"attachment-large size-large wp-image-9043\" alt=\"\" srcset=\"https:\/\/suisse-fibromyalgie.ch\/wp-content\/uploads\/Karine-Haesslein-1.jpg 329w, https:\/\/suisse-fibromyalgie.ch\/wp-content\/uploads\/Karine-Haesslein-1-198x300.jpg 198w, https:\/\/suisse-fibromyalgie.ch\/wp-content\/uploads\/Karine-Haesslein-1-8x12.jpg 8w\" sizes=\"(max-width: 329px) 100vw, 329px\" \/>\t\t\t\t\t\t\t\t\t\t\t\t\t\t\t<\/div>\n\t\t\t\t<\/div>\n\t\t\t\t\t<\/div>\n\t\t<\/div>\n\t\t\t\t<div class=\"elementor-column elementor-col-50 elementor-top-column elementor-element elementor-element-d7d3abd\" data-id=\"d7d3abd\" data-element_type=\"column\" data-e-type=\"column\">\n\t\t\t<div class=\"elementor-widget-wrap elementor-element-populated\">\n\t\t\t\t\t\t<div class=\"elementor-element elementor-element-cdd1fa2 elementor-widget elementor-widget-text-editor\" data-id=\"cdd1fa2\" data-element_type=\"widget\" data-e-type=\"widget\" data-widget_type=\"text-editor.default\">\n\t\t\t\t<div class=\"elementor-widget-container\">\n\t\t\t\t\t\t\t\t\t<p class=\"body\" dir=\"auto\">C&rsquo;est lors d&rsquo;un voyage au Cambodge que j&rsquo;ai d\u00e9couvert le yoga, puis lors d&rsquo;une retraite au N\u00e9pal o\u00f9 j&rsquo;ai pu vivre pleinement la philosophie yogique.<\/p><p class=\"body\" dir=\"auto\">Depuis, j&rsquo;ai gard\u00e9 cet univers de bienveillance en m&rsquo;accordant de vivre pleinement ma vie de mani\u00e8re \u00e0 ce que je vive selon mes besoins afin d&rsquo;\u00eatre combl\u00e9e de joie chaque jour. Il n\u2019est jamais trop tard pour repartir \u00e0 z\u00e9ro, jamais trop tard pour \u00eatre heureuse. C&rsquo;est pourquoi, j&rsquo;ai d\u00e9cid\u00e9 de quitter le monde administratif afin de m&rsquo;orienter et me perfectionner dans l&rsquo;accompagnement des personnes qui souhaitent \u00e9galement d\u00e9couvrir le yoga avec ses diff\u00e9rentes techniques ainsi que ses nombreux bienfaits. <br \/><br \/>Le mot Yoga signifie la transformation de son \u00eatre int\u00e9rieur. En sortant de ma zone de confort, j&rsquo;ai d\u00e9couvert que ma mission de vie \u00e9tait d&rsquo;accompagner les personnes qui ressentent le besoin de se connecter \u00e0 ce qui se passe tout au fond d&rsquo;elle-m\u00eame pour s&rsquo;y aligner. Lorsqu&rsquo;on s&rsquo;unie \u00e0 Soi, on s&rsquo;unie \u00e0 la vie et tout devient plus facile et \u00e9vident. <br \/><br \/>Je remercie l&rsquo;univers de m&rsquo;amener vers ce chemin de vie o\u00f9 je me sens \u00e0 ma place et l&rsquo;o\u00f9 tout prend un sens. Le yoga m\u2019a permis de vivre en paix avec mon corps physique ainsi que corps mon mental.<\/p>\t\t\t\t\t\t\t\t<\/div>\n\t\t\t\t<\/div>\n\t\t\t\t\t<\/div>\n\t\t<\/div>\n\t\t\t\t\t<\/div>\n\t\t<\/section>\n\t\t\t\t<section class=\"elementor-section elementor-top-section elementor-element elementor-element-49a8769 elementor-section-boxed elementor-section-height-default elementor-section-height-default\" data-id=\"49a8769\" data-element_type=\"section\" data-e-type=\"section\">\n\t\t\t\t\t\t<div class=\"elementor-container elementor-column-gap-default\">\n\t\t\t\t\t<div class=\"elementor-column elementor-col-100 elementor-top-column elementor-element elementor-element-b832f5d\" data-id=\"b832f5d\" data-element_type=\"column\" data-e-type=\"column\">\n\t\t\t<div class=\"elementor-widget-wrap elementor-element-populated\">\n\t\t\t\t\t\t<div class=\"elementor-element elementor-element-d7d395e elementor-widget elementor-widget-text-editor\" data-id=\"d7d395e\" data-element_type=\"widget\" data-e-type=\"widget\" data-widget_type=\"text-editor.default\">\n\t\t\t\t<div class=\"elementor-widget-container\">\n\t\t\t\t\t\t\t\t\t<p>Ma mission est de soulager ton corps \u00e0 travers le souffle et le mouvement &amp; le toucher. Je t&rsquo;accompagne.<\/p><p>Au plaisir de te rencontrer!<\/p>\t\t\t\t\t\t\t\t<\/div>\n\t\t\t\t<\/div>\n\t\t\t\t\t<\/div>\n\t\t<\/div>\n\t\t\t\t\t<\/div>\n\t\t<\/section>\n\t\t\t\t<section class=\"elementor-section elementor-top-section elementor-element elementor-element-fce1291 elementor-section-boxed elementor-section-height-default elementor-section-height-default\" data-id=\"fce1291\" data-element_type=\"section\" data-e-type=\"section\">\n\t\t\t\t\t\t<div class=\"elementor-container elementor-column-gap-default\">\n\t\t\t\t\t<div class=\"elementor-column elementor-col-50 elementor-top-column elementor-element elementor-element-3eb25a5\" data-id=\"3eb25a5\" data-element_type=\"column\" data-e-type=\"column\">\n\t\t\t<div class=\"elementor-widget-wrap elementor-element-populated\">\n\t\t\t\t\t\t<div class=\"elementor-element elementor-element-7b832d7 elementor-widget elementor-widget-text-editor\" data-id=\"7b832d7\" data-element_type=\"widget\" data-e-type=\"widget\" data-widget_type=\"text-editor.default\">\n\t\t\t\t<div class=\"elementor-widget-container\">\n\t\t\t\t\t\t\t\t\t<div id=\"bgLayers_comp-ljcvm8ir\" class=\"MW5IWV\" data-hook=\"bgLayers\" data-motion-part=\"BG_LAYER\"><div id=\"bgMedia_comp-ljcvm8ir\" class=\"VgO9Yg\" data-motion-part=\"BG_MEDIA\">Situ\u00e9 dans le canton de Vaud \u00e0 Estavayer-le-Lac, le cabinet Kayoga vous accompagne pour prendre tu temps pour vous<\/div><\/div>\t\t\t\t\t\t\t\t<\/div>\n\t\t\t\t<\/div>\n\t\t\t\t\t<\/div>\n\t\t<\/div>\n\t\t\t\t<div class=\"elementor-column elementor-col-50 elementor-top-column elementor-element elementor-element-dd614b0\" data-id=\"dd614b0\" data-element_type=\"column\" data-e-type=\"column\">\n\t\t\t<div class=\"elementor-widget-wrap elementor-element-populated\">\n\t\t\t\t\t\t<div class=\"elementor-element elementor-element-3570715 elementor-widget elementor-widget-text-editor\" data-id=\"3570715\" data-element_type=\"widget\" data-e-type=\"widget\" data-widget_type=\"text-editor.default\">\n\t\t\t\t<div class=\"elementor-widget-container\">\n\t\t\t\t\t\t\t\t\t<p><a href=\"https:\/\/www.kayoga.ch\/\" target=\"_blank\" rel=\"noopener\">En savoir plus, cliquez sur ce lien<\/a><\/p>\t\t\t\t\t\t\t\t<\/div>\n\t\t\t\t<\/div>\n\t\t\t\t\t<\/div>\n\t\t<\/div>\n\t\t\t\t\t<\/div>\n\t\t<\/section>\n\t\t\t\t<\/div>\n\t\t","protected":false},"excerpt":{"rendered":"<p>C&rsquo;est lors d&rsquo;un voyage au Cambodge que j&rsquo;ai d\u00e9couvert le yoga, puis lors d&rsquo;une retraite au N\u00e9pal o\u00f9 j&rsquo;ai pu vivre pleinement la philosophie yogique. Depuis, j&rsquo;ai gard\u00e9 cet univers [&hellip;]<\/p>\n","protected":false},"author":1,"featured_media":0,"parent":0,"menu_order":0,"comment_status":"closed","ping_status":"closed","template":"","meta":{"footnotes":""},"class_list":["post-9042","page","type-page","status-publish","hentry"],"publishpress_future_action":{"enabled":false,"date":"2026-04-21 13:14:54","action":"change-status","newStatus":"draft","terms":[],"taxonomy":"","extraData":[]},"publishpress_future_workflow_manual_trigger":{"enabledWorkflows":[]},"_links":{"self":[{"href":"https:\/\/suisse-fibromyalgie.ch\/fr\/wp-json\/wp\/v2\/pages\/9042","targetHints":{"allow":["GET"]}}],"collection":[{"href":"https:\/\/suisse-fibromyalgie.ch\/fr\/wp-json\/wp\/v2\/pages"}],"about":[{"href":"https:\/\/suisse-fibromyalgie.ch\/fr\/wp-json\/wp\/v2\/types\/page"}],"author":[{"embeddable":true,"href":"https:\/\/suisse-fibromyalgie.ch\/fr\/wp-json\/wp\/v2\/users\/1"}],"replies":[{"embeddable":true,"href":"https:\/\/suisse-fibromyalgie.ch\/fr\/wp-json\/wp\/v2\/comments?post=9042"}],"version-history":[{"count":3,"href":"https:\/\/suisse-fibromyalgie.ch\/fr\/wp-json\/wp\/v2\/pages\/9042\/revisions"}],"predecessor-version":[{"id":9046,"href":"https:\/\/suisse-fibromyalgie.ch\/fr\/wp-json\/wp\/v2\/pages\/9042\/revisions\/9046"}],"wp:attachment":[{"href":"https:\/\/suisse-fibromyalgie.ch\/fr\/wp-json\/wp\/v2\/media?parent=9042"}],"curies":[{"name":"wp","href":"https:\/\/api.w.org\/{rel}","templated":true}]}}