{"id":8953,"date":"2025-12-02T11:15:24","date_gmt":"2025-12-02T10:15:24","guid":{"rendered":"https:\/\/suisse-fibromyalgie.ch\/?page_id=8953"},"modified":"2025-12-02T11:20:12","modified_gmt":"2025-12-02T10:20:12","slug":"dettwiler-aurore-audrey-therapeute-en-medecine-complementaire-reflexologue","status":"publish","type":"page","link":"https:\/\/suisse-fibromyalgie.ch\/fr\/dettwiler-aurore-audrey-therapeute-en-medecine-complementaire-reflexologue\/","title":{"rendered":"Dettwiler Aurore Audrey &#8211; Th\u00e9rapeute en m\u00e9decine compl\u00e9mentaire &#038; r\u00e9flexologue"},"content":{"rendered":"\t\t<div data-elementor-type=\"wp-page\" data-elementor-id=\"8953\" class=\"elementor elementor-8953\" data-elementor-post-type=\"page\">\n\t\t\t\t\t\t<section class=\"elementor-section elementor-top-section elementor-element elementor-element-5643a8c elementor-section-boxed elementor-section-height-default elementor-section-height-default\" data-id=\"5643a8c\" data-element_type=\"section\" data-e-type=\"section\">\n\t\t\t\t\t\t<div class=\"elementor-container elementor-column-gap-default\">\n\t\t\t\t\t<div class=\"elementor-column elementor-col-50 elementor-top-column elementor-element elementor-element-c953588\" data-id=\"c953588\" data-element_type=\"column\" data-e-type=\"column\">\n\t\t\t<div class=\"elementor-widget-wrap elementor-element-populated\">\n\t\t\t\t\t\t<div class=\"elementor-element elementor-element-68ab1cb elementor-widget elementor-widget-image\" data-id=\"68ab1cb\" data-element_type=\"widget\" data-e-type=\"widget\" data-widget_type=\"image.default\">\n\t\t\t\t<div class=\"elementor-widget-container\">\n\t\t\t\t\t\t\t\t\t\t\t\t\t\t\t<img fetchpriority=\"high\" decoding=\"async\" width=\"432\" height=\"436\" src=\"https:\/\/suisse-fibromyalgie.ch\/wp-content\/uploads\/Aurore-Dettwiler.jpg\" class=\"attachment-2048x2048 size-2048x2048 wp-image-8954\" alt=\"\" srcset=\"https:\/\/suisse-fibromyalgie.ch\/wp-content\/uploads\/Aurore-Dettwiler.jpg 432w, https:\/\/suisse-fibromyalgie.ch\/wp-content\/uploads\/Aurore-Dettwiler-297x300.jpg 297w, https:\/\/suisse-fibromyalgie.ch\/wp-content\/uploads\/Aurore-Dettwiler-150x150.jpg 150w, https:\/\/suisse-fibromyalgie.ch\/wp-content\/uploads\/Aurore-Dettwiler-12x12.jpg 12w\" sizes=\"(max-width: 432px) 100vw, 432px\" \/>\t\t\t\t\t\t\t\t\t\t\t\t\t\t\t<\/div>\n\t\t\t\t<\/div>\n\t\t\t\t\t<\/div>\n\t\t<\/div>\n\t\t\t\t<div class=\"elementor-column elementor-col-50 elementor-top-column elementor-element elementor-element-d7d3abd\" data-id=\"d7d3abd\" data-element_type=\"column\" data-e-type=\"column\">\n\t\t\t<div class=\"elementor-widget-wrap elementor-element-populated\">\n\t\t\t\t\t\t<div class=\"elementor-element elementor-element-cdd1fa2 elementor-widget elementor-widget-text-editor\" data-id=\"cdd1fa2\" data-element_type=\"widget\" data-e-type=\"widget\" data-widget_type=\"text-editor.default\">\n\t\t\t\t<div class=\"elementor-widget-container\">\n\t\t\t\t\t\t\t\t\t<div id=\"comp-l220jsmo1\" class=\"HcOXKn c9GqVL QxJLC3 comp-l220jsmo1 wixui-rich-text\" data-testid=\"richTextElement\"><div id=\"WRchTxtk\" class=\"Z_l5lU ku3DBC zQ9jDz qvSjx3 Vq6kJx WRchTxtk wixui-rich-text\" data-testid=\"richTextElement\"><h2 class=\"font_2 wixui-rich-text__text\"><span class=\"wixui-rich-text__text\">Mon parcours<\/span><\/h2><\/div><div id=\"WRchTxt7\" class=\"Z_l5lU ku3DBC zQ9jDz qvSjx3 Vq6kJx WRchTxt7 wixui-rich-text\" data-testid=\"richTextElement\"><h6 class=\"font_6 wixui-rich-text__text\"><span class=\"wixui-rich-text__text\">A. Audrey Dettwiler<\/span><\/h6><h6 class=\"font_6 wixui-rich-text__text\"><span class=\"wixui-rich-text__text\"><span class=\"color_15 wixui-rich-text__text\">R\u00e9flexologue<\/span><\/span><\/h6><p class=\"font_8 wixui-rich-text__text\"><span class=\"wixui-rich-text__text\">Enseignante Reiki Ushui<\/span><\/p><\/div><div id=\"WRchTxt1c\" class=\"Z_l5lU ku3DBC zQ9jDz qvSjx3 Vq6kJx WRchTxt1c wixui-rich-text\" data-testid=\"richTextElement\"><p class=\"font_8 wixui-rich-text__text\"><span class=\"wixui-rich-text__text\">\u00ab Si nous suivons nos intuitions, nos aspirations, nos id\u00e9es et nos d\u00e9sirs personnels, nous ne devrions jamais conna\u00eetre que joie et sant\u00e9. \u00bb<br class=\"wixui-rich-text__text\" \/>Edward Bach<\/span><\/p><p class=\"font_8 wixui-rich-text__text\">Ce principe guide mes pas depuis plusieurs ann\u00e9es d\u00e9j\u00e0. Trop souvent, les r\u00e8gles impos\u00e9es par la soci\u00e9t\u00e9 ou par notre entourage nous \u00e9loignent de notre v\u00e9ritable chemin de vie.<\/p><p class=\"font_8 wixui-rich-text__text\">Depuis mon enfance, j\u2019ai toujours \u00e9t\u00e9 fascin\u00e9e par la nature et sa beaut\u00e9. Au fil des ans, cette attirance s\u2019est transform\u00e9e en une v\u00e9ritable exploration \u00e0 travers diff\u00e9rentes approches :<\/p><ul class=\"font_8 wixui-rich-text__text\"><li class=\"wixui-rich-text__text\"><p class=\"font_8 wixui-rich-text__text\">La photographie, qui m\u2019a permis de capturer la lumi\u00e8re et la splendeur des paysages.<\/p><\/li><li class=\"wixui-rich-text__text\"><p class=\"font_8 wixui-rich-text__text\">Les balades en pleine nature, qui m\u2019ont appris \u00e0 observer et m\u2019ont offert d\u2019inoubliables rencontres.<\/p><\/li><li class=\"wixui-rich-text__text\"><p class=\"font_8 wixui-rich-text__text\">Les moments de partage autour d\u2019un feu, qui m\u2019ont ramen\u00e9e aux valeurs simples et essentielles de la vie-<\/p><\/li><\/ul><p class=\"font_8 wixui-rich-text__text\">C\u2019est ainsi que ma passion pour les vertus et les propri\u00e9t\u00e9s th\u00e9rapeutiques de la nature est n\u00e9e, me menant naturellement vers les th\u00e9rapies alternatives.<\/p><p class=\"font_8 wixui-rich-text__text\">Anim\u00e9e par une vision spirituelle de l\u2019existence, j\u2019ai commenc\u00e9 mon initiation au Reiki avant de me former aux Fleurs de Bach, \u00e0 la lithoth\u00e9rapie et \u00e0 l\u2019hydrolath\u00e9rapie. D\u00e9sireuse d\u2019approfondir mes connaissances et d\u2019offrir un accompagnement plus complet, j\u2019ai poursuivi mon apprentissage avec la technique de la m\u00e9tamorphose, la r\u00e9flexologie, ainsi que des formations en anatomie, physiologie, pathologie et psychologie.<\/p><p class=\"font_8 wixui-rich-text__text\">J\u2019ai \u00e9galement particip\u00e9 \u00e0 plusieurs s\u00e9minaires en psychologie afin de mieux comprendre les besoins de chacun et proposer un accompagnement personnalis\u00e9.<\/p><p class=\"font_8 wixui-rich-text__text\">Aujourd\u2019hui, forte de ce parcours, je mets mon savoir et mon exp\u00e9rience au service de ceux qui souhaitent avancer sur leur propre chemin, avec bienveillance et respect.<\/p><\/div><div id=\"WRchTxtj\" class=\"Z_l5lU ku3DBC zQ9jDz qvSjx3 Vq6kJx WRchTxtj wixui-rich-text\" data-testid=\"richTextElement\"><p class=\"font_8 wixui-rich-text__text\"><span class=\"wixui-rich-text__text\">Actuellement, je pr\u00e9pare mon dipl\u00f4me f\u00e9d\u00e9ral en r\u00e9flexologie&#8230;<\/span><\/p><p class=\"font_8 wixui-rich-text__text\"><span class=\"wixui-rich-text__text\">Ceci afin de vous offrir le top niveau prestations!\u00a0<\/span><\/p><\/div><\/div>\t\t\t\t\t\t\t\t<\/div>\n\t\t\t\t<\/div>\n\t\t\t\t\t<\/div>\n\t\t<\/div>\n\t\t\t\t\t<\/div>\n\t\t<\/section>\n\t\t\t\t<section class=\"elementor-section elementor-top-section elementor-element elementor-element-fce1291 elementor-section-boxed elementor-section-height-default elementor-section-height-default\" data-id=\"fce1291\" data-element_type=\"section\" data-e-type=\"section\">\n\t\t\t\t\t\t<div class=\"elementor-container elementor-column-gap-default\">\n\t\t\t\t\t<div class=\"elementor-column elementor-col-50 elementor-top-column elementor-element elementor-element-3eb25a5\" data-id=\"3eb25a5\" data-element_type=\"column\" data-e-type=\"column\">\n\t\t\t<div class=\"elementor-widget-wrap elementor-element-populated\">\n\t\t\t\t\t\t<div class=\"elementor-element elementor-element-7b832d7 elementor-widget elementor-widget-text-editor\" data-id=\"7b832d7\" data-element_type=\"widget\" data-e-type=\"widget\" data-widget_type=\"text-editor.default\">\n\t\t\t\t<div class=\"elementor-widget-container\">\n\t\t\t\t\t\t\t\t\t<div id=\"bgLayers_comp-ljcvm8ir\" class=\"MW5IWV\" data-hook=\"bgLayers\" data-motion-part=\"BG_LAYER\"><div id=\"bgMedia_comp-ljcvm8ir\" class=\"VgO9Yg\" data-motion-part=\"BG_MEDIA\">Mme Dettwiler dispose de deux cabinet, situ\u00e9 \u00e0 Martigny et Bourg-St-Pierre en Valais\u00a0<\/div><\/div>\t\t\t\t\t\t\t\t<\/div>\n\t\t\t\t<\/div>\n\t\t\t\t\t<\/div>\n\t\t<\/div>\n\t\t\t\t<div class=\"elementor-column elementor-col-50 elementor-top-column elementor-element elementor-element-dd614b0\" data-id=\"dd614b0\" data-element_type=\"column\" data-e-type=\"column\">\n\t\t\t<div class=\"elementor-widget-wrap elementor-element-populated\">\n\t\t\t\t\t\t<div class=\"elementor-element elementor-element-3570715 elementor-widget elementor-widget-text-editor\" data-id=\"3570715\" data-element_type=\"widget\" data-e-type=\"widget\" data-widget_type=\"text-editor.default\">\n\t\t\t\t<div class=\"elementor-widget-container\">\n\t\t\t\t\t\t\t\t\t<p><a href=\"https:\/\/www.audreydw.ch\/about\" target=\"_blank\" rel=\"noopener\">En savoir plus, cliquez sur ce lien<\/a><\/p>\t\t\t\t\t\t\t\t<\/div>\n\t\t\t\t<\/div>\n\t\t\t\t\t<\/div>\n\t\t<\/div>\n\t\t\t\t\t<\/div>\n\t\t<\/section>\n\t\t\t\t<\/div>\n\t\t","protected":false},"excerpt":{"rendered":"<p>Mon parcours A. Audrey Dettwiler R\u00e9flexologue Enseignante Reiki Ushui \u00ab Si nous suivons nos intuitions, nos aspirations, nos id\u00e9es et nos d\u00e9sirs personnels, nous ne devrions jamais conna\u00eetre que joie [&hellip;]<\/p>\n","protected":false},"author":1,"featured_media":0,"parent":0,"menu_order":0,"comment_status":"closed","ping_status":"closed","template":"","meta":{"footnotes":""},"class_list":["post-8953","page","type-page","status-publish","hentry"],"publishpress_future_action":{"enabled":false,"date":"2026-04-21 23:01:43","action":"change-status","newStatus":"draft","terms":[],"taxonomy":"","extraData":[]},"publishpress_future_workflow_manual_trigger":{"enabledWorkflows":[]},"_links":{"self":[{"href":"https:\/\/suisse-fibromyalgie.ch\/fr\/wp-json\/wp\/v2\/pages\/8953","targetHints":{"allow":["GET"]}}],"collection":[{"href":"https:\/\/suisse-fibromyalgie.ch\/fr\/wp-json\/wp\/v2\/pages"}],"about":[{"href":"https:\/\/suisse-fibromyalgie.ch\/fr\/wp-json\/wp\/v2\/types\/page"}],"author":[{"embeddable":true,"href":"https:\/\/suisse-fibromyalgie.ch\/fr\/wp-json\/wp\/v2\/users\/1"}],"replies":[{"embeddable":true,"href":"https:\/\/suisse-fibromyalgie.ch\/fr\/wp-json\/wp\/v2\/comments?post=8953"}],"version-history":[{"count":3,"href":"https:\/\/suisse-fibromyalgie.ch\/fr\/wp-json\/wp\/v2\/pages\/8953\/revisions"}],"predecessor-version":[{"id":8957,"href":"https:\/\/suisse-fibromyalgie.ch\/fr\/wp-json\/wp\/v2\/pages\/8953\/revisions\/8957"}],"wp:attachment":[{"href":"https:\/\/suisse-fibromyalgie.ch\/fr\/wp-json\/wp\/v2\/media?parent=8953"}],"curies":[{"name":"wp","href":"https:\/\/api.w.org\/{rel}","templated":true}]}}