{"id":8551,"date":"2025-06-05T13:07:28","date_gmt":"2025-06-05T11:07:28","guid":{"rendered":"https:\/\/suisse-fibromyalgie.ch\/?page_id=8551"},"modified":"2025-06-05T13:19:01","modified_gmt":"2025-06-05T11:19:01","slug":"gaetana-gisella-mazenauer-praticienne-et-enseignante-en-therapie-naturelles","status":"publish","type":"page","link":"https:\/\/suisse-fibromyalgie.ch\/fr\/gaetana-gisella-mazenauer-praticienne-et-enseignante-en-therapie-naturelles\/","title":{"rendered":"Gaetana Gisella Mazenauer &#8211; Praticienne et enseignante en th\u00e9rapie naturelles"},"content":{"rendered":"\t\t<div data-elementor-type=\"wp-page\" data-elementor-id=\"8551\" class=\"elementor elementor-8551\" data-elementor-post-type=\"page\">\n\t\t\t\t\t\t<section class=\"elementor-section elementor-top-section elementor-element elementor-element-5643a8c elementor-section-boxed elementor-section-height-default elementor-section-height-default\" data-id=\"5643a8c\" data-element_type=\"section\" data-e-type=\"section\">\n\t\t\t\t\t\t<div class=\"elementor-container elementor-column-gap-default\">\n\t\t\t\t\t<div class=\"elementor-column elementor-col-50 elementor-top-column elementor-element elementor-element-c953588\" data-id=\"c953588\" data-element_type=\"column\" data-e-type=\"column\">\n\t\t\t<div class=\"elementor-widget-wrap elementor-element-populated\">\n\t\t\t\t\t\t<div class=\"elementor-element elementor-element-68ab1cb elementor-widget elementor-widget-image\" data-id=\"68ab1cb\" data-element_type=\"widget\" data-e-type=\"widget\" data-widget_type=\"image.default\">\n\t\t\t\t<div class=\"elementor-widget-container\">\n\t\t\t\t\t\t\t\t\t\t\t\t\t\t\t<img fetchpriority=\"high\" decoding=\"async\" width=\"768\" height=\"768\" src=\"https:\/\/suisse-fibromyalgie.ch\/wp-content\/uploads\/Gaetana-Gisella-Mazenauer-768x768.jpg\" class=\"attachment-medium_large size-medium_large wp-image-8552\" alt=\"\" srcset=\"https:\/\/suisse-fibromyalgie.ch\/wp-content\/uploads\/Gaetana-Gisella-Mazenauer-768x768.jpg 768w, https:\/\/suisse-fibromyalgie.ch\/wp-content\/uploads\/Gaetana-Gisella-Mazenauer-300x300.jpg 300w, https:\/\/suisse-fibromyalgie.ch\/wp-content\/uploads\/Gaetana-Gisella-Mazenauer-1024x1024.jpg 1024w, https:\/\/suisse-fibromyalgie.ch\/wp-content\/uploads\/Gaetana-Gisella-Mazenauer-150x150.jpg 150w, https:\/\/suisse-fibromyalgie.ch\/wp-content\/uploads\/Gaetana-Gisella-Mazenauer-12x12.jpg 12w, https:\/\/suisse-fibromyalgie.ch\/wp-content\/uploads\/Gaetana-Gisella-Mazenauer.jpg 1228w\" sizes=\"(max-width: 768px) 100vw, 768px\" \/>\t\t\t\t\t\t\t\t\t\t\t\t\t\t\t<\/div>\n\t\t\t\t<\/div>\n\t\t\t\t\t<\/div>\n\t\t<\/div>\n\t\t\t\t<div class=\"elementor-column elementor-col-50 elementor-top-column elementor-element elementor-element-d7d3abd\" data-id=\"d7d3abd\" data-element_type=\"column\" data-e-type=\"column\">\n\t\t\t<div class=\"elementor-widget-wrap elementor-element-populated\">\n\t\t\t\t\t\t<div class=\"elementor-element elementor-element-cdd1fa2 elementor-widget elementor-widget-text-editor\" data-id=\"cdd1fa2\" data-element_type=\"widget\" data-e-type=\"widget\" data-widget_type=\"text-editor.default\">\n\t\t\t\t<div class=\"elementor-widget-container\">\n\t\t\t\t\t\t\t\t\t<div id=\"comp-l220jsmo1\" class=\"HcOXKn c9GqVL QxJLC3 comp-l220jsmo1 wixui-rich-text\" data-testid=\"richTextElement\"><h3 id=\"h-un-peu-de-moi\" class=\"wp-block-heading\">Un peu de moi \u2026<\/h3><p>Mon parcours a toujours \u00e9t\u00e9 guid\u00e9 par le d\u00e9sir d\u2019aider les autres. La naissance de mon fils a renforc\u00e9 cette envie, me poussant \u00e0 explorer les m\u00e9thodes de soins naturels pour le soulager. C\u2019est ainsi que, comme un puzzle, ma vie s\u2019est assembl\u00e9e, pi\u00e8ce par pi\u00e8ce, r\u00e9v\u00e9lant ma passion pour les th\u00e9rapies naturelles.<\/p><h3 id=\"h-ma-philosophie\" class=\"wp-block-heading\">Ma philosophie<\/h3><p>La recherche du bien-\u00eatre est un processus personnel qui n\u00e9cessite engagement, patience, pers\u00e9v\u00e9rance et confiance en soi. En tant que praticienne holistique, je suis l\u00e0 pour vous guider et vous accompagner, en vous offrant des outils adapt\u00e9s \u00e0 vos besoins sp\u00e9cifiques, lib\u00e9rant votre potentiel d\u2019auto-gu\u00e9rison pour atteindre vos objectifs!<\/p><p><strong>\u00c0 mon sens, la source la plus puissante de gu\u00e9rison, c\u2019est vous !<br \/><\/strong>Avez-vous d\u00e9j\u00e0 remarqu\u00e9 que parfois, lorsque vous allez voir votre m\u00e9decin, vous allez d\u00e9j\u00e0 mieux ? Ou comment un simple sourire peut illuminer votre journ\u00e9e ? Ou comment une pens\u00e9e n\u00e9gative peut vous plonger dans la tristesse ? Tout est en nous. Nous avons cette incroyable et merveilleuse capacit\u00e9 d\u2019influencer notre corps par notre esprit. C\u2019est la source la plus puissante de gu\u00e9rison.<\/p><\/div>\t\t\t\t\t\t\t\t<\/div>\n\t\t\t\t<\/div>\n\t\t\t\t\t<\/div>\n\t\t<\/div>\n\t\t\t\t\t<\/div>\n\t\t<\/section>\n\t\t\t\t<section class=\"elementor-section elementor-top-section elementor-element elementor-element-fce1291 elementor-section-boxed elementor-section-height-default elementor-section-height-default\" data-id=\"fce1291\" data-element_type=\"section\" data-e-type=\"section\">\n\t\t\t\t\t\t<div class=\"elementor-container elementor-column-gap-default\">\n\t\t\t\t\t<div class=\"elementor-column elementor-col-50 elementor-top-column elementor-element elementor-element-3eb25a5\" data-id=\"3eb25a5\" data-element_type=\"column\" data-e-type=\"column\">\n\t\t\t<div class=\"elementor-widget-wrap elementor-element-populated\">\n\t\t\t\t\t\t<div class=\"elementor-element elementor-element-7b832d7 elementor-widget elementor-widget-text-editor\" data-id=\"7b832d7\" data-element_type=\"widget\" data-e-type=\"widget\" data-widget_type=\"text-editor.default\">\n\t\t\t\t<div class=\"elementor-widget-container\">\n\t\t\t\t\t\t\t\t\t<div id=\"bgLayers_comp-ljcvm8ir\" class=\"MW5IWV\" data-hook=\"bgLayers\" data-motion-part=\"BG_LAYER\"><div id=\"bgMedia_comp-ljcvm8ir\" class=\"VgO9Yg\" data-motion-part=\"BG_MEDIA\">Situ\u00e9 \u00e0 Duillier, je propose des soins tel que:<\/div><div data-motion-part=\"BG_MEDIA\">Le massage classique, assis, pierres chaudes, r\u00e9flexologie par les diapasons th\u00e9rapeutiques, soins \u00e9nerg\u00e9tique et massage sportif<\/div><\/div>\t\t\t\t\t\t\t\t<\/div>\n\t\t\t\t<\/div>\n\t\t\t\t\t<\/div>\n\t\t<\/div>\n\t\t\t\t<div class=\"elementor-column elementor-col-50 elementor-top-column elementor-element elementor-element-dd614b0\" data-id=\"dd614b0\" data-element_type=\"column\" data-e-type=\"column\">\n\t\t\t<div class=\"elementor-widget-wrap elementor-element-populated\">\n\t\t\t\t\t\t<div class=\"elementor-element elementor-element-3570715 elementor-widget elementor-widget-text-editor\" data-id=\"3570715\" data-element_type=\"widget\" data-e-type=\"widget\" data-widget_type=\"text-editor.default\">\n\t\t\t\t<div class=\"elementor-widget-container\">\n\t\t\t\t\t\t\t\t\t<p><a href=\"https:\/\/alegis.ch\/\" target=\"_blank\" rel=\"noopener\">En savoir plus, cliquez sur ce lien<\/a><\/p>\t\t\t\t\t\t\t\t<\/div>\n\t\t\t\t<\/div>\n\t\t\t\t\t<\/div>\n\t\t<\/div>\n\t\t\t\t\t<\/div>\n\t\t<\/section>\n\t\t\t\t<\/div>\n\t\t","protected":false},"excerpt":{"rendered":"<p>Un peu de moi \u2026 Mon parcours a toujours \u00e9t\u00e9 guid\u00e9 par le d\u00e9sir d\u2019aider les autres. La naissance de mon fils a renforc\u00e9 cette envie, me poussant \u00e0 explorer [&hellip;]<\/p>\n","protected":false},"author":1,"featured_media":0,"parent":0,"menu_order":0,"comment_status":"closed","ping_status":"closed","template":"","meta":{"footnotes":""},"class_list":["post-8551","page","type-page","status-publish","hentry"],"publishpress_future_action":{"enabled":false,"date":"2026-05-09 19:43:35","action":"change-status","newStatus":"draft","terms":[],"taxonomy":"","extraData":[]},"publishpress_future_workflow_manual_trigger":{"enabledWorkflows":[]},"_links":{"self":[{"href":"https:\/\/suisse-fibromyalgie.ch\/fr\/wp-json\/wp\/v2\/pages\/8551","targetHints":{"allow":["GET"]}}],"collection":[{"href":"https:\/\/suisse-fibromyalgie.ch\/fr\/wp-json\/wp\/v2\/pages"}],"about":[{"href":"https:\/\/suisse-fibromyalgie.ch\/fr\/wp-json\/wp\/v2\/types\/page"}],"author":[{"embeddable":true,"href":"https:\/\/suisse-fibromyalgie.ch\/fr\/wp-json\/wp\/v2\/users\/1"}],"replies":[{"embeddable":true,"href":"https:\/\/suisse-fibromyalgie.ch\/fr\/wp-json\/wp\/v2\/comments?post=8551"}],"version-history":[{"count":3,"href":"https:\/\/suisse-fibromyalgie.ch\/fr\/wp-json\/wp\/v2\/pages\/8551\/revisions"}],"predecessor-version":[{"id":8555,"href":"https:\/\/suisse-fibromyalgie.ch\/fr\/wp-json\/wp\/v2\/pages\/8551\/revisions\/8555"}],"wp:attachment":[{"href":"https:\/\/suisse-fibromyalgie.ch\/fr\/wp-json\/wp\/v2\/media?parent=8551"}],"curies":[{"name":"wp","href":"https:\/\/api.w.org\/{rel}","templated":true}]}}