{"id":7215,"date":"2025-01-05T21:19:45","date_gmt":"2025-01-05T20:19:45","guid":{"rendered":"https:\/\/suisse-fibromyalgie.ch\/?page_id=7215"},"modified":"2025-01-05T21:23:12","modified_gmt":"2025-01-05T20:23:12","slug":"les-causes-de-la-fibromyalgie","status":"publish","type":"page","link":"https:\/\/suisse-fibromyalgie.ch\/fr\/les-causes-de-la-fibromyalgie\/","title":{"rendered":"Les Causes de la Fibromyalgie"},"content":{"rendered":"\t\t<div data-elementor-type=\"wp-page\" data-elementor-id=\"7215\" class=\"elementor elementor-7215\" data-elementor-post-type=\"page\">\n\t\t\t\t\t\t<section class=\"elementor-section elementor-top-section elementor-element elementor-element-f843809 elementor-section-boxed elementor-section-height-default elementor-section-height-default\" data-id=\"f843809\" data-element_type=\"section\" data-e-type=\"section\">\n\t\t\t\t\t\t<div class=\"elementor-container elementor-column-gap-default\">\n\t\t\t\t\t<div class=\"elementor-column elementor-col-33 elementor-top-column elementor-element elementor-element-1ca29f8\" data-id=\"1ca29f8\" data-element_type=\"column\" data-e-type=\"column\">\n\t\t\t<div class=\"elementor-widget-wrap elementor-element-populated\">\n\t\t\t\t\t\t<div class=\"elementor-element elementor-element-95b927e elementor-widget elementor-widget-image\" data-id=\"95b927e\" data-element_type=\"widget\" data-e-type=\"widget\" data-widget_type=\"image.default\">\n\t\t\t\t<div class=\"elementor-widget-container\">\n\t\t\t\t\t\t\t\t\t\t\t\t\t\t\t<img fetchpriority=\"high\" decoding=\"async\" width=\"791\" height=\"1024\" src=\"https:\/\/suisse-fibromyalgie.ch\/wp-content\/uploads\/cdc-c4IBsSCuwIU-unsplash-791x1024.jpg\" class=\"attachment-large size-large wp-image-7220\" alt=\"\" srcset=\"https:\/\/suisse-fibromyalgie.ch\/wp-content\/uploads\/cdc-c4IBsSCuwIU-unsplash-791x1024.jpg 791w, https:\/\/suisse-fibromyalgie.ch\/wp-content\/uploads\/cdc-c4IBsSCuwIU-unsplash-232x300.jpg 232w, https:\/\/suisse-fibromyalgie.ch\/wp-content\/uploads\/cdc-c4IBsSCuwIU-unsplash-768x994.jpg 768w, https:\/\/suisse-fibromyalgie.ch\/wp-content\/uploads\/cdc-c4IBsSCuwIU-unsplash-1187x1536.jpg 1187w, https:\/\/suisse-fibromyalgie.ch\/wp-content\/uploads\/cdc-c4IBsSCuwIU-unsplash-1583x2048.jpg 1583w, https:\/\/suisse-fibromyalgie.ch\/wp-content\/uploads\/cdc-c4IBsSCuwIU-unsplash-9x12.jpg 9w, https:\/\/suisse-fibromyalgie.ch\/wp-content\/uploads\/cdc-c4IBsSCuwIU-unsplash-scaled.jpg 1978w\" sizes=\"(max-width: 791px) 100vw, 791px\" \/>\t\t\t\t\t\t\t\t\t\t\t\t\t\t\t<\/div>\n\t\t\t\t<\/div>\n\t\t\t\t\t<\/div>\n\t\t<\/div>\n\t\t\t\t<div class=\"elementor-column elementor-col-66 elementor-top-column elementor-element elementor-element-561be42\" data-id=\"561be42\" data-element_type=\"column\" data-e-type=\"column\">\n\t\t\t<div class=\"elementor-widget-wrap elementor-element-populated\">\n\t\t\t\t\t\t<div class=\"elementor-element elementor-element-f4a1bae elementor-widget elementor-widget-text-editor\" data-id=\"f4a1bae\" data-element_type=\"widget\" data-e-type=\"widget\" data-widget_type=\"text-editor.default\">\n\t\t\t\t<div class=\"elementor-widget-container\">\n\t\t\t\t\t\t\t\t\t<h1>Les Causes<\/h1><p>La fibromyalgie est une affection complexe dont les causes exactes demeurent inconnues. Traditionnellement, plusieurs facteurs ont \u00e9t\u00e9 associ\u00e9s \u00e0 son d\u00e9veloppement :<\/p><h3>Anomalies du syst\u00e8me nerveux central :<\/h3><p>Une alt\u00e9ration des voies de contr\u00f4le de la douleur au niveau du syst\u00e8me nerveux central, entra\u00eenant une sensibilit\u00e9 accrue \u00e0 la douleur.<\/p><h3>Facteurs psychologiques et sociaux :<\/h3><p>Le stress, des traumatismes physiques et psychiques, sont des facteurs d\u00e9clenchants reconnus de la fibromyalgie.<\/p><h3>Pr\u00e9disposition g\u00e9n\u00e9tique :<\/h3><p>Des signes de susceptibilit\u00e9 familiale \u00e0 cette maladie ont \u00e9t\u00e9 observ\u00e9s, bien que ces signes demandent \u00e0 \u00eatre confirm\u00e9s.<\/p><p>Des recherches r\u00e9centes ont mis en lumi\u00e8re de nouveaux \u00e9l\u00e9ments susceptibles de contribuer \u00e0 la compr\u00e9hension de la fibromyalgie :<\/p><h3>Alt\u00e9rations du microbiome intestinal :<\/h3><p>Des \u00e9tudes ont r\u00e9v\u00e9l\u00e9 des modifications des bact\u00e9ries intestinales et des acides biliaires sanguins chez les personnes atteintes de fibromyalgie, sugg\u00e9rant une interaction entre le microbiome et la maladie.<\/p><h3>Dysfonctionnements musculaires :<\/h3><p>Des anomalies au niveau des muscles, telles qu&rsquo;une activit\u00e9 \u00e9lectrique musculaire anormale et des dysfonctionnements des mitochondries (les usines \u00e9nerg\u00e9tiques des cellules), pourraient \u00eatre \u00e0 l&rsquo;origine des douleurs et de la faiblesse musculaires souvent associ\u00e9es \u00e0 la fibromyalgie.<\/p><h3>Hypersensibilit\u00e9 du syst\u00e8me nerveux :<\/h3><p>Une stimulation r\u00e9p\u00e9t\u00e9e des nerfs pourrait entra\u00eener une modification au niveau du cerveau, augmentant la sensibilit\u00e9 \u00e0 la douleur.<\/p>\t\t\t\t\t\t\t\t<\/div>\n\t\t\t\t<\/div>\n\t\t\t\t\t<\/div>\n\t\t<\/div>\n\t\t\t\t\t<\/div>\n\t\t<\/section>\n\t\t\t\t<section class=\"elementor-section elementor-top-section elementor-element elementor-element-8f201bd elementor-section-boxed elementor-section-height-default elementor-section-height-default\" data-id=\"8f201bd\" data-element_type=\"section\" data-e-type=\"section\">\n\t\t\t\t\t\t<div class=\"elementor-container elementor-column-gap-default\">\n\t\t\t\t\t<div class=\"elementor-column elementor-col-100 elementor-top-column elementor-element elementor-element-f10dad4\" data-id=\"f10dad4\" data-element_type=\"column\" data-e-type=\"column\">\n\t\t\t<div class=\"elementor-widget-wrap\">\n\t\t\t\t\t\t\t<\/div>\n\t\t<\/div>\n\t\t\t\t\t<\/div>\n\t\t<\/section>\n\t\t\t\t<\/div>\n\t\t","protected":false},"excerpt":{"rendered":"<p>Les Causes La fibromyalgie est une affection complexe dont les causes exactes demeurent inconnues. Traditionnellement, plusieurs facteurs ont \u00e9t\u00e9 associ\u00e9s \u00e0 son d\u00e9veloppement : Anomalies du syst\u00e8me nerveux central : [&hellip;]<\/p>\n","protected":false},"author":569,"featured_media":7216,"parent":0,"menu_order":0,"comment_status":"closed","ping_status":"closed","template":"","meta":{"footnotes":""},"class_list":["post-7215","page","type-page","status-publish","has-post-thumbnail","hentry"],"publishpress_future_action":{"enabled":false,"date":"2026-05-15 19:47:19","action":"change-status","newStatus":"draft","terms":[],"taxonomy":"","extraData":[]},"publishpress_future_workflow_manual_trigger":{"enabledWorkflows":[]},"_links":{"self":[{"href":"https:\/\/suisse-fibromyalgie.ch\/fr\/wp-json\/wp\/v2\/pages\/7215","targetHints":{"allow":["GET"]}}],"collection":[{"href":"https:\/\/suisse-fibromyalgie.ch\/fr\/wp-json\/wp\/v2\/pages"}],"about":[{"href":"https:\/\/suisse-fibromyalgie.ch\/fr\/wp-json\/wp\/v2\/types\/page"}],"author":[{"embeddable":true,"href":"https:\/\/suisse-fibromyalgie.ch\/fr\/wp-json\/wp\/v2\/users\/569"}],"replies":[{"embeddable":true,"href":"https:\/\/suisse-fibromyalgie.ch\/fr\/wp-json\/wp\/v2\/comments?post=7215"}],"version-history":[{"count":4,"href":"https:\/\/suisse-fibromyalgie.ch\/fr\/wp-json\/wp\/v2\/pages\/7215\/revisions"}],"predecessor-version":[{"id":7223,"href":"https:\/\/suisse-fibromyalgie.ch\/fr\/wp-json\/wp\/v2\/pages\/7215\/revisions\/7223"}],"wp:featuredmedia":[{"embeddable":true,"href":"https:\/\/suisse-fibromyalgie.ch\/fr\/wp-json\/wp\/v2\/media\/7216"}],"wp:attachment":[{"href":"https:\/\/suisse-fibromyalgie.ch\/fr\/wp-json\/wp\/v2\/media?parent=7215"}],"curies":[{"name":"wp","href":"https:\/\/api.w.org\/{rel}","templated":true}]}}