{"id":7204,"date":"2025-01-05T21:11:32","date_gmt":"2025-01-05T20:11:32","guid":{"rendered":"https:\/\/suisse-fibromyalgie.ch\/?page_id=7204"},"modified":"2025-01-05T21:16:44","modified_gmt":"2025-01-05T20:16:44","slug":"les-symptomes-de-la-fibromyalgie","status":"publish","type":"page","link":"https:\/\/suisse-fibromyalgie.ch\/fr\/les-symptomes-de-la-fibromyalgie\/","title":{"rendered":"Les Symptomes de la Fibromyalgie"},"content":{"rendered":"\t\t<div data-elementor-type=\"wp-page\" data-elementor-id=\"7204\" class=\"elementor elementor-7204\" data-elementor-post-type=\"page\">\n\t\t\t\t\t\t<section class=\"elementor-section elementor-top-section elementor-element elementor-element-b22efe8 elementor-section-boxed elementor-section-height-default elementor-section-height-default\" data-id=\"b22efe8\" data-element_type=\"section\" data-e-type=\"section\">\n\t\t\t\t\t\t<div class=\"elementor-container elementor-column-gap-default\">\n\t\t\t\t\t<div class=\"elementor-column elementor-col-33 elementor-top-column elementor-element elementor-element-c7b3126\" data-id=\"c7b3126\" data-element_type=\"column\" data-e-type=\"column\">\n\t\t\t<div class=\"elementor-widget-wrap elementor-element-populated\">\n\t\t\t\t\t\t<div class=\"elementor-element elementor-element-4bb1093 elementor-widget elementor-widget-image\" data-id=\"4bb1093\" data-element_type=\"widget\" data-e-type=\"widget\" data-widget_type=\"image.default\">\n\t\t\t\t<div class=\"elementor-widget-container\">\n\t\t\t\t\t\t\t\t\t\t\t\t\t\t\t<img fetchpriority=\"high\" decoding=\"async\" width=\"683\" height=\"1024\" src=\"https:\/\/suisse-fibromyalgie.ch\/wp-content\/uploads\/pexels-tima-miroshnichenko-5717264-683x1024.jpg\" class=\"attachment-large size-large wp-image-7207\" alt=\"\" srcset=\"https:\/\/suisse-fibromyalgie.ch\/wp-content\/uploads\/pexels-tima-miroshnichenko-5717264-683x1024.jpg 683w, https:\/\/suisse-fibromyalgie.ch\/wp-content\/uploads\/pexels-tima-miroshnichenko-5717264-200x300.jpg 200w, https:\/\/suisse-fibromyalgie.ch\/wp-content\/uploads\/pexels-tima-miroshnichenko-5717264-768x1152.jpg 768w, https:\/\/suisse-fibromyalgie.ch\/wp-content\/uploads\/pexels-tima-miroshnichenko-5717264-1024x1536.jpg 1024w, https:\/\/suisse-fibromyalgie.ch\/wp-content\/uploads\/pexels-tima-miroshnichenko-5717264-1365x2048.jpg 1365w, https:\/\/suisse-fibromyalgie.ch\/wp-content\/uploads\/pexels-tima-miroshnichenko-5717264-8x12.jpg 8w, https:\/\/suisse-fibromyalgie.ch\/wp-content\/uploads\/pexels-tima-miroshnichenko-5717264-scaled.jpg 1707w\" sizes=\"(max-width: 683px) 100vw, 683px\" \/>\t\t\t\t\t\t\t\t\t\t\t\t\t\t\t<\/div>\n\t\t\t\t<\/div>\n\t\t\t\t\t<\/div>\n\t\t<\/div>\n\t\t\t\t<div class=\"elementor-column elementor-col-66 elementor-top-column elementor-element elementor-element-0aee92d\" data-id=\"0aee92d\" data-element_type=\"column\" data-e-type=\"column\">\n\t\t\t<div class=\"elementor-widget-wrap elementor-element-populated\">\n\t\t\t\t\t\t<div class=\"elementor-element elementor-element-ff61dbb elementor-widget elementor-widget-text-editor\" data-id=\"ff61dbb\" data-element_type=\"widget\" data-e-type=\"widget\" data-widget_type=\"text-editor.default\">\n\t\t\t\t<div class=\"elementor-widget-container\">\n\t\t\t\t\t\t\t\t\t<h1><a href=\"https:\/\/suisse-fibromyalgie.ch\/les-symptomes\/\">Les Sympt\u00f4mes<\/a><\/h1><p>La fibromyalgie est une affection chronique caract\u00e9ris\u00e9e par une constellation de sympt\u00f4mes vari\u00e9s et souvent invalidants. Les principaux sympt\u00f4mes incluent :<\/p><h3>Douleurs diffuses :<\/h3><p>Les patients ressentent des douleurs musculaires et articulaires g\u00e9n\u00e9ralis\u00e9es, souvent d\u00e9crites comme des sensations de br\u00fblure ou de courbatures. Ces douleurs sont permanentes, fluctuantes en intensit\u00e9 et peuvent \u00eatre exacerb\u00e9es par le stress, le froid ou l&rsquo;humidit\u00e9.<\/p><h3>Fatigue chronique :<\/h3><p>Une sensation persistante de fatigue ou d&rsquo;\u00e9puisement, m\u00eame apr\u00e8s une nuit de sommeil, est courante. Cette fatigue peut entraver les activit\u00e9s quotidiennes et r\u00e9duire la qualit\u00e9 de vie.<\/p><h2>Troubles du sommeil :<\/h2><p>Les personnes atteintes de fibromyalgie rapportent souvent un sommeil non r\u00e9parateur, avec des difficult\u00e9s d&rsquo;endormissement, des r\u00e9veils fr\u00e9quents et une impression de sommeil superficiel.<\/p><h3>Raideur musculaire :<\/h3><p>Une raideur, particuli\u00e8rement prononc\u00e9e le matin ou apr\u00e8s des p\u00e9riodes d&rsquo;inactivit\u00e9, est fr\u00e9quemment observ\u00e9e.<\/p><h3>Troubles cognitifs :<\/h3><p>Des difficult\u00e9s de concentration, des troubles de la m\u00e9moire \u00e0 court terme et une sensation de brouillard mental, souvent appel\u00e9s \u00ab\u00a0fibro-brouillard\u00a0\u00bb, peuvent survenir.<\/p><h3>Maux de t\u00eate :<\/h3><p>Des c\u00e9phal\u00e9es de tension ou des migraines sont courantes chez les personnes atteintes de fibromyalgie.<\/p><h3>Troubles digestifs :<\/h3><p>Des sympt\u00f4mes tels que des douleurs abdominales, des ballonnements et des alternances de diarrh\u00e9e et de constipation, souvent associ\u00e9s au syndrome de l&rsquo;intestin irritable, sont fr\u00e9quents.<\/p><h3>Hypersensibilit\u00e9 sensorielle :<\/h3><p>Une sensibilit\u00e9 accrue au bruit, \u00e0 la lumi\u00e8re, aux odeurs ou aux variations de temp\u00e9rature peut \u00eatre pr\u00e9sente.<\/p><h3>Troubles de l&rsquo;humeur :<\/h3><p>Des \u00e9pisodes d&rsquo;anxi\u00e9t\u00e9, de d\u00e9pression ou des sautes d&rsquo;humeur peuvent accompagner la fibromyalgie, exacerbant la perception de la douleur et la fatigue.<\/p><h3>Syndrome des jambes sans repos :<\/h3><p>Une envie irr\u00e9sistible de bouger les jambes, souvent accompagn\u00e9e de sensations d\u00e9sagr\u00e9ables, peut survenir, surtout au repos ou pendant la nuit.<\/p>\t\t\t\t\t\t\t\t<\/div>\n\t\t\t\t<\/div>\n\t\t\t\t\t<\/div>\n\t\t<\/div>\n\t\t\t\t\t<\/div>\n\t\t<\/section>\n\t\t\t\t<\/div>\n\t\t","protected":false},"excerpt":{"rendered":"<p>Les Sympt\u00f4mes La fibromyalgie est une affection chronique caract\u00e9ris\u00e9e par une constellation de sympt\u00f4mes vari\u00e9s et souvent invalidants. Les principaux sympt\u00f4mes incluent : Douleurs diffuses : Les patients ressentent des [&hellip;]<\/p>\n","protected":false},"author":569,"featured_media":7205,"parent":0,"menu_order":0,"comment_status":"closed","ping_status":"closed","template":"","meta":{"footnotes":""},"class_list":["post-7204","page","type-page","status-publish","has-post-thumbnail","hentry"],"publishpress_future_action":{"enabled":false,"date":"2026-05-15 19:46:47","action":"change-status","newStatus":"draft","terms":[],"taxonomy":"","extraData":[]},"publishpress_future_workflow_manual_trigger":{"enabledWorkflows":[]},"_links":{"self":[{"href":"https:\/\/suisse-fibromyalgie.ch\/fr\/wp-json\/wp\/v2\/pages\/7204","targetHints":{"allow":["GET"]}}],"collection":[{"href":"https:\/\/suisse-fibromyalgie.ch\/fr\/wp-json\/wp\/v2\/pages"}],"about":[{"href":"https:\/\/suisse-fibromyalgie.ch\/fr\/wp-json\/wp\/v2\/types\/page"}],"author":[{"embeddable":true,"href":"https:\/\/suisse-fibromyalgie.ch\/fr\/wp-json\/wp\/v2\/users\/569"}],"replies":[{"embeddable":true,"href":"https:\/\/suisse-fibromyalgie.ch\/fr\/wp-json\/wp\/v2\/comments?post=7204"}],"version-history":[{"count":4,"href":"https:\/\/suisse-fibromyalgie.ch\/fr\/wp-json\/wp\/v2\/pages\/7204\/revisions"}],"predecessor-version":[{"id":7211,"href":"https:\/\/suisse-fibromyalgie.ch\/fr\/wp-json\/wp\/v2\/pages\/7204\/revisions\/7211"}],"wp:featuredmedia":[{"embeddable":true,"href":"https:\/\/suisse-fibromyalgie.ch\/fr\/wp-json\/wp\/v2\/media\/7205"}],"wp:attachment":[{"href":"https:\/\/suisse-fibromyalgie.ch\/fr\/wp-json\/wp\/v2\/media?parent=7204"}],"curies":[{"name":"wp","href":"https:\/\/api.w.org\/{rel}","templated":true}]}}