{"id":7179,"date":"2025-01-05T20:39:04","date_gmt":"2025-01-05T19:39:04","guid":{"rendered":"https:\/\/suisse-fibromyalgie.ch\/?page_id=7179"},"modified":"2025-01-11T09:52:58","modified_gmt":"2025-01-11T08:52:58","slug":"fibromyalgie-la-maladie","status":"publish","type":"page","link":"https:\/\/suisse-fibromyalgie.ch\/fr\/fibromyalgie-la-maladie\/","title":{"rendered":"Fibromyalgie: La maladie"},"content":{"rendered":"\t\t<div data-elementor-type=\"wp-page\" data-elementor-id=\"7179\" class=\"elementor elementor-7179\" data-elementor-post-type=\"page\">\n\t\t\t\t\t\t<section class=\"elementor-section elementor-top-section elementor-element elementor-element-6120b38 elementor-section-boxed elementor-section-height-default elementor-section-height-default\" data-id=\"6120b38\" data-element_type=\"section\" data-e-type=\"section\">\n\t\t\t\t\t\t<div class=\"elementor-container elementor-column-gap-default\">\n\t\t\t\t\t<div class=\"elementor-column elementor-col-33 elementor-top-column elementor-element elementor-element-0695a4b\" data-id=\"0695a4b\" data-element_type=\"column\" data-e-type=\"column\">\n\t\t\t<div class=\"elementor-widget-wrap elementor-element-populated\">\n\t\t\t\t\t\t<div class=\"elementor-element elementor-element-9bed154 elementor-widget elementor-widget-image\" data-id=\"9bed154\" data-element_type=\"widget\" data-e-type=\"widget\" data-widget_type=\"image.default\">\n\t\t\t\t<div class=\"elementor-widget-container\">\n\t\t\t\t\t\t\t\t\t\t\t\t\t\t\t<img fetchpriority=\"high\" decoding=\"async\" width=\"683\" height=\"1024\" src=\"https:\/\/suisse-fibromyalgie.ch\/wp-content\/uploads\/pexels-alex-green-5700162-683x1024.jpg\" class=\"attachment-large size-large wp-image-7181\" alt=\"\" srcset=\"https:\/\/suisse-fibromyalgie.ch\/wp-content\/uploads\/pexels-alex-green-5700162-683x1024.jpg 683w, https:\/\/suisse-fibromyalgie.ch\/wp-content\/uploads\/pexels-alex-green-5700162-200x300.jpg 200w, https:\/\/suisse-fibromyalgie.ch\/wp-content\/uploads\/pexels-alex-green-5700162-768x1152.jpg 768w, https:\/\/suisse-fibromyalgie.ch\/wp-content\/uploads\/pexels-alex-green-5700162-1024x1536.jpg 1024w, https:\/\/suisse-fibromyalgie.ch\/wp-content\/uploads\/pexels-alex-green-5700162-1365x2048.jpg 1365w, https:\/\/suisse-fibromyalgie.ch\/wp-content\/uploads\/pexels-alex-green-5700162-8x12.jpg 8w, https:\/\/suisse-fibromyalgie.ch\/wp-content\/uploads\/pexels-alex-green-5700162-scaled.jpg 1707w\" sizes=\"(max-width: 683px) 100vw, 683px\" \/>\t\t\t\t\t\t\t\t\t\t\t\t\t\t\t<\/div>\n\t\t\t\t<\/div>\n\t\t\t\t\t<\/div>\n\t\t<\/div>\n\t\t\t\t<div class=\"elementor-column elementor-col-66 elementor-top-column elementor-element elementor-element-971de11\" data-id=\"971de11\" data-element_type=\"column\" data-e-type=\"column\">\n\t\t\t<div class=\"elementor-widget-wrap elementor-element-populated\">\n\t\t\t\t\t\t<div class=\"elementor-element elementor-element-755e158 elementor-widget elementor-widget-text-editor\" data-id=\"755e158\" data-element_type=\"widget\" data-e-type=\"widget\" data-widget_type=\"text-editor.default\">\n\t\t\t\t<div class=\"elementor-widget-container\">\n\t\t\t\t\t\t\t\t\t<h1>D\u00e9finition de la maladie<\/h1><p>La fibromyalgie, autrefois d\u00e9sign\u00e9e sous les termes de fibrosite ou de polyinsertionite, est un syndrome caract\u00e9ris\u00e9 par des douleurs diffuses et une fatigue profonde. Le terme \u00ab\u00a0fibromyalgie\u00a0\u00bb a \u00e9t\u00e9 introduit en 1976 pour d\u00e9crire cette maladie.<\/p><p>En Suisse, la reconnaissance de la fibromyalgie a \u00e9volu\u00e9 au fil des ann\u00e9es. Bien que l&rsquo;Organisation mondiale de la sant\u00e9 (OMS) ait reconnu la fibromyalgie comme une maladie rhumatismale en 1992, sa reconnaissance par les institutions suisses, notamment l&rsquo;Assurance Invalidit\u00e9 (AI), demeure limit\u00e9e.<\/p><p>En 2022, l&rsquo;OMS a reclass\u00e9 la fibromyalgie, la retirant du groupe des maladies rhumatismales pour l&rsquo;inclure dans le groupe des douleurs chroniques primaires. Cependant, cette nouvelle classification (CIM-11) n&rsquo;est pas encore en vigueur en Suisse et n&rsquo;a pas modifi\u00e9 la prise en charge par les rhumatologues.<\/p><p>La fibromyalgie reste une maladie complexe, souvent mal comprise, avec des sympt\u00f4mes vari\u00e9s tels que des douleurs musculaires g\u00e9n\u00e9ralis\u00e9es, une fatigue chronique et des troubles du sommeil. La reconnaissance limit\u00e9e de cette condition en Suisse pose des d\u00e9fis pour les patients en qu\u00eate de soutien m\u00e9dical et social.<\/p><p>Des initiatives, telles que des p\u00e9titions, ont \u00e9t\u00e9 lanc\u00e9es pour am\u00e9liorer la reconnaissance de la fibromyalgie par l&rsquo;AI en Suisse, soulignant la n\u00e9cessit\u00e9 d&rsquo;une meilleure prise en charge des personnes affect\u00e9es.<\/p><p>En conclusion, bien que des progr\u00e8s aient \u00e9t\u00e9 r\u00e9alis\u00e9s dans la compr\u00e9hension et la reconnaissance de la fibromyalgie, des efforts suppl\u00e9mentaires sont n\u00e9cessaires en Suisse pour assurer une prise en charge ad\u00e9quate des patients et une reconnaissance officielle de cette maladie invalidante.<\/p>\t\t\t\t\t\t\t\t<\/div>\n\t\t\t\t<\/div>\n\t\t\t\t\t<\/div>\n\t\t<\/div>\n\t\t\t\t\t<\/div>\n\t\t<\/section>\n\t\t\t\t<section class=\"elementor-section elementor-top-section elementor-element elementor-element-6ed3272 elementor-section-boxed elementor-section-height-default elementor-section-height-default\" data-id=\"6ed3272\" data-element_type=\"section\" data-e-type=\"section\">\n\t\t\t\t\t\t<div class=\"elementor-container elementor-column-gap-default\">\n\t\t\t\t\t<div class=\"elementor-column elementor-col-100 elementor-top-column elementor-element elementor-element-1b2d562\" data-id=\"1b2d562\" data-element_type=\"column\" data-e-type=\"column\">\n\t\t\t<div class=\"elementor-widget-wrap elementor-element-populated\">\n\t\t\t\t\t\t<div class=\"elementor-element elementor-element-6d4f2d5 elementor-widget-divider--view-line elementor-widget elementor-widget-divider\" data-id=\"6d4f2d5\" data-element_type=\"widget\" data-e-type=\"widget\" data-widget_type=\"divider.default\">\n\t\t\t\t<div class=\"elementor-widget-container\">\n\t\t\t\t\t\t\t<div class=\"elementor-divider\">\n\t\t\t<span class=\"elementor-divider-separator\">\n\t\t\t\t\t\t<\/span>\n\t\t<\/div>\n\t\t\t\t\t\t<\/div>\n\t\t\t\t<\/div>\n\t\t\t\t\t<\/div>\n\t\t<\/div>\n\t\t\t\t\t<\/div>\n\t\t<\/section>\n\t\t\t\t<section class=\"elementor-section elementor-top-section elementor-element elementor-element-a0b249c elementor-section-boxed elementor-section-height-default elementor-section-height-default\" data-id=\"a0b249c\" data-element_type=\"section\" data-e-type=\"section\">\n\t\t\t\t\t\t<div class=\"elementor-container elementor-column-gap-default\">\n\t\t\t\t\t<div class=\"elementor-column elementor-col-25 elementor-top-column elementor-element elementor-element-f314cdb\" data-id=\"f314cdb\" data-element_type=\"column\" data-e-type=\"column\">\n\t\t\t<div class=\"elementor-widget-wrap elementor-element-populated\">\n\t\t\t\t\t\t<div class=\"elementor-element elementor-element-4db3687 elementor-button-info elementor-align-justify elementor-widget elementor-widget-button\" data-id=\"4db3687\" data-element_type=\"widget\" data-e-type=\"widget\" data-widget_type=\"button.default\">\n\t\t\t\t<div class=\"elementor-widget-container\">\n\t\t\t\t\t\t\t\t\t<div class=\"elementor-button-wrapper\">\n\t\t\t\t\t<a class=\"elementor-button elementor-button-link elementor-size-sm\" href=\"https:\/\/suisse-fibromyalgie.ch\/les-symptomes-de-la-fibromyalgie\/\">\n\t\t\t\t\t\t<span class=\"elementor-button-content-wrapper\">\n\t\t\t\t\t\t\t\t\t<span class=\"elementor-button-text\">Symptomes<\/span>\n\t\t\t\t\t<\/span>\n\t\t\t\t\t<\/a>\n\t\t\t\t<\/div>\n\t\t\t\t\t\t\t\t<\/div>\n\t\t\t\t<\/div>\n\t\t\t\t\t<\/div>\n\t\t<\/div>\n\t\t\t\t<div class=\"elementor-column elementor-col-25 elementor-top-column elementor-element elementor-element-eecb884\" data-id=\"eecb884\" data-element_type=\"column\" data-e-type=\"column\">\n\t\t\t<div class=\"elementor-widget-wrap elementor-element-populated\">\n\t\t\t\t\t\t<div class=\"elementor-element elementor-element-17860dd elementor-button-info elementor-align-justify elementor-widget elementor-widget-button\" data-id=\"17860dd\" data-element_type=\"widget\" data-e-type=\"widget\" data-widget_type=\"button.default\">\n\t\t\t\t<div class=\"elementor-widget-container\">\n\t\t\t\t\t\t\t\t\t<div class=\"elementor-button-wrapper\">\n\t\t\t\t\t<a class=\"elementor-button elementor-button-link elementor-size-sm\" href=\"https:\/\/suisse-fibromyalgie.ch\/les-causes-de-la-fibromyalgie\/\">\n\t\t\t\t\t\t<span class=\"elementor-button-content-wrapper\">\n\t\t\t\t\t\t\t\t\t<span class=\"elementor-button-text\">Causes<\/span>\n\t\t\t\t\t<\/span>\n\t\t\t\t\t<\/a>\n\t\t\t\t<\/div>\n\t\t\t\t\t\t\t\t<\/div>\n\t\t\t\t<\/div>\n\t\t\t\t\t<\/div>\n\t\t<\/div>\n\t\t\t\t<div class=\"elementor-column elementor-col-25 elementor-top-column elementor-element elementor-element-82cea25\" data-id=\"82cea25\" data-element_type=\"column\" data-e-type=\"column\">\n\t\t\t<div class=\"elementor-widget-wrap elementor-element-populated\">\n\t\t\t\t\t\t<div class=\"elementor-element elementor-element-3983602 elementor-button-info elementor-align-justify elementor-widget elementor-widget-button\" data-id=\"3983602\" data-element_type=\"widget\" data-e-type=\"widget\" data-widget_type=\"button.default\">\n\t\t\t\t<div class=\"elementor-widget-container\">\n\t\t\t\t\t\t\t\t\t<div class=\"elementor-button-wrapper\">\n\t\t\t\t\t<a class=\"elementor-button elementor-button-link elementor-size-sm\" href=\"https:\/\/suisse-fibromyalgie.ch\/qui-est-concerne\/\">\n\t\t\t\t\t\t<span class=\"elementor-button-content-wrapper\">\n\t\t\t\t\t\t\t\t\t<span class=\"elementor-button-text\">Qui est concern\u00e9?<\/span>\n\t\t\t\t\t<\/span>\n\t\t\t\t\t<\/a>\n\t\t\t\t<\/div>\n\t\t\t\t\t\t\t\t<\/div>\n\t\t\t\t<\/div>\n\t\t\t\t\t<\/div>\n\t\t<\/div>\n\t\t\t\t<div class=\"elementor-column elementor-col-25 elementor-top-column elementor-element elementor-element-3f53e77\" data-id=\"3f53e77\" data-element_type=\"column\" data-e-type=\"column\">\n\t\t\t<div class=\"elementor-widget-wrap elementor-element-populated\">\n\t\t\t\t\t\t<div class=\"elementor-element elementor-element-eedcc26 elementor-button-info elementor-align-justify elementor-widget elementor-widget-button\" data-id=\"eedcc26\" data-element_type=\"widget\" data-e-type=\"widget\" data-widget_type=\"button.default\">\n\t\t\t\t<div class=\"elementor-widget-container\">\n\t\t\t\t\t\t\t\t\t<div class=\"elementor-button-wrapper\">\n\t\t\t\t\t<a class=\"elementor-button elementor-button-link elementor-size-sm\" href=\"https:\/\/suisse-fibromyalgie.ch\/symptomes-de-la-fibromyalgie\/\">\n\t\t\t\t\t\t<span class=\"elementor-button-content-wrapper\">\n\t\t\t\t\t\t\t\t\t<span class=\"elementor-button-text\">Traitement<\/span>\n\t\t\t\t\t<\/span>\n\t\t\t\t\t<\/a>\n\t\t\t\t<\/div>\n\t\t\t\t\t\t\t\t<\/div>\n\t\t\t\t<\/div>\n\t\t\t\t\t<\/div>\n\t\t<\/div>\n\t\t\t\t\t<\/div>\n\t\t<\/section>\n\t\t\t\t<section class=\"elementor-section elementor-top-section elementor-element elementor-element-3b60d24 elementor-section-boxed elementor-section-height-default elementor-section-height-default\" data-id=\"3b60d24\" data-element_type=\"section\" data-e-type=\"section\">\n\t\t\t\t\t\t<div class=\"elementor-container elementor-column-gap-default\">\n\t\t\t\t\t<div class=\"elementor-column elementor-col-100 elementor-top-column elementor-element elementor-element-77b4629\" data-id=\"77b4629\" data-element_type=\"column\" data-e-type=\"column\">\n\t\t\t<div class=\"elementor-widget-wrap elementor-element-populated\">\n\t\t\t\t\t\t<div class=\"elementor-element elementor-element-f5410d1 elementor-widget elementor-widget-text-editor\" data-id=\"f5410d1\" data-element_type=\"widget\" data-e-type=\"widget\" data-widget_type=\"text-editor.default\">\n\t\t\t\t<div class=\"elementor-widget-container\">\n\t\t\t\t\t\t\t\t\t<h1>Vivre avec la fibromyalgie<\/h1><p>Cela peut \u00eatre un d\u00e9fi quotidien en raison de la douleur chronique, de la fatigue et des autres sympt\u00f4mes associ\u00e9s.<\/p><p>Cependant, de nombreuses personnes parviennent \u00e0 mener une vie relativement normale en adoptant des strat\u00e9gies adapt\u00e9es \u00e0 leur situation individuelle.<\/p><p>Voici quelques conseils et approches pour mieux vivre avec la fibromyalgie.<\/p><h3><strong>Comprendre et accepter la maladie<\/strong><\/h3><p>La premi\u00e8re \u00e9tape pour mieux vivre avec la fibromyalgie est de comprendre la maladie. Bien qu\u2019il n\u2019y ait pas de rem\u00e8de d\u00e9finitif, il est important de savoir que les sympt\u00f4mes peuvent \u00eatre g\u00e9r\u00e9s et que les traitements peuvent apporter un soulagement. L&rsquo;acceptation de la fibromyalgie comme une maladie chronique permet de r\u00e9duire l&rsquo;anxi\u00e9t\u00e9 et la frustration li\u00e9es aux sympt\u00f4mes.<\/p><h3><strong>\u00c9tablir une routine de gestion de la douleur<\/strong><\/h3><p>La gestion de la douleur est essentielle pour am\u00e9liorer la qualit\u00e9 de vie. Pour cela, plusieurs strat\u00e9gies peuvent \u00eatre mises en place :<\/p><ul><li><p><strong>M\u00e9dicaments adapt\u00e9s<\/strong> : Discutez avec votre m\u00e9decin des m\u00e9dicaments les plus adapt\u00e9s \u00e0 vos sympt\u00f4mes. Cela peut inclure des analg\u00e9siques, des antid\u00e9presseurs, des anticonvulsivants, etc. Si les m\u00e9dicaments prescrits ne sont pas efficaces, il peut \u00eatre n\u00e9cessaire d\u2019ajuster le traitement.<\/p><\/li><li><p><strong>Th\u00e9rapies physiques<\/strong> : La kin\u00e9sith\u00e9rapie, le massage th\u00e9rapeutique, l\u2019acupuncture et d&rsquo;autres approches peuvent aider \u00e0 r\u00e9duire la douleur et la tension musculaire. Ces techniques sont souvent plus efficaces lorsqu\u2019elles sont combin\u00e9es.<\/p><\/li><li><p><strong>Chaleur et froid<\/strong> : Utiliser des compresses chaudes ou froides peut apporter un soulagement temporaire pour les douleurs musculaires et les inflammations. Un bain chaud ou une douche peuvent \u00e9galement aider \u00e0 d\u00e9tendre les muscles.<\/p><\/li><\/ul><h3><strong>Prendre soin de son sommeil<\/strong><\/h3><p>Les troubles du sommeil sont fr\u00e9quents chez les personnes atteintes de fibromyalgie, mais un sommeil r\u00e9parateur est essentiel pour la gestion des sympt\u00f4mes. Voici quelques conseils pour am\u00e9liorer le sommeil :<\/p><ul><li><p><strong>\u00c9tablir une routine de sommeil<\/strong> : Essayez d\u2019aller vous coucher et de vous lever \u00e0 la m\u00eame heure chaque jour, m\u00eame le week-end.<\/p><\/li><li><p><strong>Cr\u00e9er un environnement propice au sommeil<\/strong> : Assurez-vous que votre chambre est calme, sombre et fra\u00eeche. Limitez l\u2019utilisation des \u00e9crans avant le coucher.<\/p><\/li><li><p><strong>Relaxation avant le coucher<\/strong> : La m\u00e9ditation, la respiration profonde, ou des exercices de relaxation musculaire progressive peuvent aider \u00e0 calmer l\u2019esprit et \u00e0 am\u00e9liorer la qualit\u00e9 du sommeil.<\/p><\/li><\/ul><h3><strong>Adopter une alimentation \u00e9quilibr\u00e9e<\/strong><\/h3><p>Une alimentation \u00e9quilibr\u00e9e peut aider \u00e0 r\u00e9duire l\u2019inflammation et am\u00e9liorer l&rsquo;\u00e9nergie. Bien qu\u2019il n&rsquo;existe pas de r\u00e9gime sp\u00e9cifique pour la fibromyalgie, certains aliments peuvent aggraver les sympt\u00f4mes, comme les produits riches en sucres raffin\u00e9s, en graisses satur\u00e9es ou en gluten. Attention au tabac qui augmente fortement l&rsquo;intensit\u00e9 des douleurs, ainsi que l&rsquo;alcool.<\/p><p>Il est conseill\u00e9 d&rsquo;opter pour un r\u00e9gime riche en fruits, l\u00e9gumes, prot\u00e9ines maigres, grains entiers et huile de colza et d&rsquo;olive.<\/p><p>La compl\u00e9mentation en certains nutriments comme la vitamine D, le magn\u00e9sium et les acides gras om\u00e9ga-3 sont recommand\u00e9s en cas de carence.<\/p><h3><strong>Faire de l\u2019exercice mod\u00e9r\u00e9<\/strong><\/h3><p>L\u2019exercice physique est b\u00e9n\u00e9fique, mais avec des activit\u00e9s adapt\u00e9es et de ne pas en faire trop. L\u2019exercice mod\u00e9r\u00e9 peut aider \u00e0 renforcer les muscles, \u00e0 am\u00e9liorer la circulation sanguine et \u00e0 r\u00e9duire la douleur. Des activit\u00e9s comme la marche, la natation, le yoga ou le tai-chi sont souvent recommand\u00e9es. Il est important d&rsquo;\u00e9couter son corps et de ne pas pousser trop loin, car un exc\u00e8s d&rsquo;exercice peut aggraver les sympt\u00f4mes.<\/p><h3><strong>G\u00e9rer le stress et les \u00e9motions<\/strong><\/h3><p>La fibromyalgie est souvent associ\u00e9e \u00e0 des sympt\u00f4mes d&rsquo;anxi\u00e9t\u00e9 et de d\u00e9pression. Cci est li\u00e9e \u00e0 une perturbation des neurotransmetteurs. Il faut donc trouver des moyens de g\u00e9rer le stress en pemier lieu. Les techniques suivantes peuvent aider :<\/p><ul><li><p><strong>M\u00e9ditation et pleine conscience<\/strong> : La m\u00e9ditation, la respiration profonde , la coh\u00e9rence cardiaque peuvent aider \u00e0 r\u00e9duire le stress et \u00e0 am\u00e9liorer la perception de la douleur.<\/p><\/li><li><p><strong>Th\u00e9rapie cognitivo-comportementale (TCC)<\/strong> : La TCC peut aider \u00e0 g\u00e9rer la douleur en modifiant les sch\u00e9mas de pens\u00e9e n\u00e9gatifs et en apprenant des techniques pour faire face \u00e0 la douleur chronique.<\/p><\/li><li><p><strong>Prendre du temps pour soi<\/strong> : Il est essentiel de prendre du temps pour soi et de pratiquer des activit\u00e9s relaxantes qui apportent du plaisir, comme lire, \u00e9couter de la musique ou passer du temps dans la nature.<\/p><\/li><\/ul><h3><strong>B\u00e9n\u00e9ficier de soutien social<\/strong><\/h3><p>L&rsquo;isolement social peut \u00eatre un probl\u00e8me majeur pour les personnes atteintes de fibromyalgie. Il est donc important de maintenir des relations sociales et de chercher du soutien :<\/p><ul><li><p><strong>Groupes de soutien<\/strong> : Participer \u00e0 des groupes de soutien en ligne ou en personne peut offrir des conseils pratiques et une source de r\u00e9confort.<\/p><\/li><li><p><strong>Communiquer avec les proches<\/strong> : Il est important que vos amis et votre famille comprennent votre condition pour pouvoir vous soutenir de mani\u00e8re appropri\u00e9e. La communication ouverte peut am\u00e9liorer la qualit\u00e9 de vos relations et r\u00e9duire la frustration.<\/p><\/li><\/ul><h3><strong>Explorer les m\u00e9decines alternatives<\/strong><\/h3><p>De plus en plus de personnes atteintes de fibromyalgie se tournent vers des approches alternatives pour compl\u00e9ter les traitements traditionnels. Certaines th\u00e9rapies compl\u00e9mentaires comme l\u2019acupuncture, la phytoth\u00e9rapie, l&rsquo;hom\u00e9opathie ou le Reiki peuvent \u00eatre b\u00e9n\u00e9fiques pour r\u00e9duire la douleur et am\u00e9liorer le bien-\u00eatre g\u00e9n\u00e9ral.\u00a0<\/p><h3><strong>Faire attention \u00e0 ses limites<\/strong><\/h3><p>Il est important de reconna\u00eetre et d&rsquo;accepter ses limites physiques. La fatigue et la douleur sont des sympt\u00f4mes constants de la fibromyalgie, et il peut \u00eatre n\u00e9cessaire de modifier ses habitudes de vie pour mieux g\u00e9rer ces contraintes. Prenez des pauses r\u00e9guli\u00e8res et ne vous forcez pas \u00e0 accomplir des t\u00e2ches lorsque vous vous sentez trop fatigu\u00e9(e).<\/p><h3><strong>Suivi m\u00e9dical r\u00e9gulier<\/strong><\/h3><p>Enfin, il est essentiel de maintenir un suivi m\u00e9dical r\u00e9gulier pour ajuster les traitements en fonction de l&rsquo;\u00e9volution des sympt\u00f4mes et des nouvelles approches th\u00e9rapeutiques.\u00a0<\/p>\t\t\t\t\t\t\t\t<\/div>\n\t\t\t\t<\/div>\n\t\t\t\t\t<\/div>\n\t\t<\/div>\n\t\t\t\t\t<\/div>\n\t\t<\/section>\n\t\t\t\t<\/div>\n\t\t","protected":false},"excerpt":{"rendered":"<p>D\u00e9finition de la maladie La fibromyalgie, autrefois d\u00e9sign\u00e9e sous les termes de fibrosite ou de polyinsertionite, est un syndrome caract\u00e9ris\u00e9 par des douleurs diffuses et une fatigue profonde. Le terme [&hellip;]<\/p>\n","protected":false},"author":569,"featured_media":0,"parent":0,"menu_order":0,"comment_status":"closed","ping_status":"closed","template":"","meta":{"footnotes":""},"class_list":["post-7179","page","type-page","status-publish","hentry"],"publishpress_future_action":{"enabled":false,"date":"2026-04-20 12:04:23","action":"change-status","newStatus":"draft","terms":[],"taxonomy":"","extraData":[]},"publishpress_future_workflow_manual_trigger":{"enabledWorkflows":[]},"_links":{"self":[{"href":"https:\/\/suisse-fibromyalgie.ch\/fr\/wp-json\/wp\/v2\/pages\/7179","targetHints":{"allow":["GET"]}}],"collection":[{"href":"https:\/\/suisse-fibromyalgie.ch\/fr\/wp-json\/wp\/v2\/pages"}],"about":[{"href":"https:\/\/suisse-fibromyalgie.ch\/fr\/wp-json\/wp\/v2\/types\/page"}],"author":[{"embeddable":true,"href":"https:\/\/suisse-fibromyalgie.ch\/fr\/wp-json\/wp\/v2\/users\/569"}],"replies":[{"embeddable":true,"href":"https:\/\/suisse-fibromyalgie.ch\/fr\/wp-json\/wp\/v2\/comments?post=7179"}],"version-history":[{"count":31,"href":"https:\/\/suisse-fibromyalgie.ch\/fr\/wp-json\/wp\/v2\/pages\/7179\/revisions"}],"predecessor-version":[{"id":7311,"href":"https:\/\/suisse-fibromyalgie.ch\/fr\/wp-json\/wp\/v2\/pages\/7179\/revisions\/7311"}],"wp:attachment":[{"href":"https:\/\/suisse-fibromyalgie.ch\/fr\/wp-json\/wp\/v2\/media?parent=7179"}],"curies":[{"name":"wp","href":"https:\/\/api.w.org\/{rel}","templated":true}]}}