{"id":6856,"date":"2024-11-12T11:17:11","date_gmt":"2024-11-12T10:17:11","guid":{"rendered":"https:\/\/suisse-fibromyalgie.ch\/?page_id=6856"},"modified":"2024-11-12T11:21:31","modified_gmt":"2024-11-12T10:21:31","slug":"glassey-cotruzzola-linda-facilitation-et-coaching-en-ajustement-de-valeurs","status":"publish","type":"page","link":"https:\/\/suisse-fibromyalgie.ch\/fr\/glassey-cotruzzola-linda-facilitation-et-coaching-en-ajustement-de-valeurs\/","title":{"rendered":"Glassey-Cotruzzol\u00e0 Linda &#8211; Facilitation et coaching en ajustement de valeurs"},"content":{"rendered":"\t\t<div data-elementor-type=\"wp-page\" data-elementor-id=\"6856\" class=\"elementor elementor-6856\" data-elementor-post-type=\"page\">\n\t\t\t\t\t\t<section class=\"elementor-section elementor-top-section elementor-element elementor-element-5643a8c elementor-section-boxed elementor-section-height-default elementor-section-height-default\" data-id=\"5643a8c\" data-element_type=\"section\" data-e-type=\"section\">\n\t\t\t\t\t\t<div class=\"elementor-container elementor-column-gap-default\">\n\t\t\t\t\t<div class=\"elementor-column elementor-col-50 elementor-top-column elementor-element elementor-element-c953588\" data-id=\"c953588\" data-element_type=\"column\" data-e-type=\"column\">\n\t\t\t<div class=\"elementor-widget-wrap elementor-element-populated\">\n\t\t\t\t\t\t<div class=\"elementor-element elementor-element-68ab1cb elementor-widget elementor-widget-image\" data-id=\"68ab1cb\" data-element_type=\"widget\" data-e-type=\"widget\" data-widget_type=\"image.default\">\n\t\t\t\t<div class=\"elementor-widget-container\">\n\t\t\t\t\t\t\t\t\t\t\t\t\t\t\t<img fetchpriority=\"high\" decoding=\"async\" width=\"256\" height=\"300\" src=\"https:\/\/suisse-fibromyalgie.ch\/wp-content\/uploads\/Glassey-Linda-256x300.jpg\" class=\"attachment-medium size-medium wp-image-6857\" alt=\"\" srcset=\"https:\/\/suisse-fibromyalgie.ch\/wp-content\/uploads\/Glassey-Linda-256x300.jpg 256w, https:\/\/suisse-fibromyalgie.ch\/wp-content\/uploads\/Glassey-Linda-10x12.jpg 10w, https:\/\/suisse-fibromyalgie.ch\/wp-content\/uploads\/Glassey-Linda.jpg 569w\" sizes=\"(max-width: 256px) 100vw, 256px\" \/>\t\t\t\t\t\t\t\t\t\t\t\t\t\t\t<\/div>\n\t\t\t\t<\/div>\n\t\t\t\t\t<\/div>\n\t\t<\/div>\n\t\t\t\t<div class=\"elementor-column elementor-col-50 elementor-top-column elementor-element elementor-element-d7d3abd\" data-id=\"d7d3abd\" data-element_type=\"column\" data-e-type=\"column\">\n\t\t\t<div class=\"elementor-widget-wrap elementor-element-populated\">\n\t\t\t\t\t\t<div class=\"elementor-element elementor-element-cdd1fa2 elementor-widget elementor-widget-text-editor\" data-id=\"cdd1fa2\" data-element_type=\"widget\" data-e-type=\"widget\" data-widget_type=\"text-editor.default\">\n\t\t\t\t<div class=\"elementor-widget-container\">\n\t\t\t\t\t\t\t\t\t<div id=\"comp-ldg6z0t0\" class=\"HcOXKn c9GqVL QxJLC3 lq2cno comp-ldg6z0t0 wixui-rich-text\" data-testid=\"richTextElement\"><p class=\"font_4 wixui-rich-text__text\"><span class=\"wixui-rich-text__text\">Quelle est votre valeur ?<\/span><\/p><\/div><div id=\"comp-ldg6z0t4\" class=\"HcOXKn c9GqVL QxJLC3 lq2cno comp-ldg6z0t4 wixui-rich-text\" data-testid=\"richTextElement\"><p class=\"font_7 wixui-rich-text__text\"><span class=\"wixui-rich-text__text\">Le coaching que je propose est une discussion qui va permettre d\u2019aligner votre objectif et d\u2019ajuster vos actions sur vos valeurs. Nous avons toutes et tous de la valeur et des valeurs ; ce qui fait que vous avez une vie riche, c\u2019est la mani\u00e8re dont elles vous inspirent pour impacter positivement vos proches, vos communaut\u00e9s et le monde en g\u00e9n\u00e9ral. Je me r\u00e9jouis de vous d\u00e9couvrir, d&rsquo;apprendre quelles sont les causes qui vous tiennent \u00e0 coeur et de d\u00e9couvrir vos projets.<\/span><\/p><\/div><div id=\"comp-ldg6z0t7\" class=\"comp-ldg6z0t7\" data-semantic-classname=\"button\"><a class=\"StylableButton2545352419__root style-ldg6z0tg__root wixui-button StylableButton2545352419__link\" href=\"https:\/\/www.valeurs-ajustees.com\/a-propos\" target=\"_blank\" rel=\"noopener\" data-testid=\"linkElement\" aria-label=\"A propos de moi.\"><span class=\"StylableButton2545352419__container\"><span class=\"StylableButton2545352419__label wixui-button__label\" data-testid=\"stylablebutton-label\">A propos de moi.<\/span><\/span><\/a><\/div><div id=\"comp-lpo5a55s\" class=\"HcOXKn c9GqVL QxJLC3 lq2cno comp-lpo5a55s wixui-rich-text\" data-testid=\"richTextElement\"><p class=\"font_9 wixui-rich-text__text\"><span class=\"wixui-rich-text__text\">Linda<\/span><\/p><\/div>\t\t\t\t\t\t\t\t<\/div>\n\t\t\t\t<\/div>\n\t\t\t\t\t<\/div>\n\t\t<\/div>\n\t\t\t\t\t<\/div>\n\t\t<\/section>\n\t\t\t\t<section class=\"elementor-section elementor-top-section elementor-element elementor-element-49a8769 elementor-section-boxed elementor-section-height-default elementor-section-height-default\" data-id=\"49a8769\" data-element_type=\"section\" data-e-type=\"section\">\n\t\t\t\t\t\t<div class=\"elementor-container elementor-column-gap-default\">\n\t\t\t\t\t<div class=\"elementor-column elementor-col-100 elementor-top-column elementor-element elementor-element-b832f5d\" data-id=\"b832f5d\" data-element_type=\"column\" data-e-type=\"column\">\n\t\t\t<div class=\"elementor-widget-wrap elementor-element-populated\">\n\t\t\t\t\t\t<div class=\"elementor-element elementor-element-d7d395e elementor-widget elementor-widget-text-editor\" data-id=\"d7d395e\" data-element_type=\"widget\" data-e-type=\"widget\" data-widget_type=\"text-editor.default\">\n\t\t\t\t<div class=\"elementor-widget-container\">\n\t\t\t\t\t\t\t\t\t<h4 class=\"font_0 wixui-rich-text__text\" style=\"text-align: center;\"><span class=\"wixui-rich-text__text\" style=\"color: #3366ff;\">\u00a0\u00bb \u00catre bienveillant. C&rsquo;est la meilleure fa\u00e7on de r\u00e9aliser son propre bonheur.\u00a0\u00bb<br class=\"wixui-rich-text__text\" \/>Matthieu Ricard<\/span><\/h4>\t\t\t\t\t\t\t\t<\/div>\n\t\t\t\t<\/div>\n\t\t\t\t\t<\/div>\n\t\t<\/div>\n\t\t\t\t\t<\/div>\n\t\t<\/section>\n\t\t\t\t<section class=\"elementor-section elementor-top-section elementor-element elementor-element-fce1291 elementor-section-boxed elementor-section-height-default elementor-section-height-default\" data-id=\"fce1291\" data-element_type=\"section\" data-e-type=\"section\">\n\t\t\t\t\t\t<div class=\"elementor-container elementor-column-gap-default\">\n\t\t\t\t\t<div class=\"elementor-column elementor-col-50 elementor-top-column elementor-element elementor-element-3eb25a5\" data-id=\"3eb25a5\" data-element_type=\"column\" data-e-type=\"column\">\n\t\t\t<div class=\"elementor-widget-wrap elementor-element-populated\">\n\t\t\t\t\t\t<div class=\"elementor-element elementor-element-7b832d7 elementor-widget elementor-widget-text-editor\" data-id=\"7b832d7\" data-element_type=\"widget\" data-e-type=\"widget\" data-widget_type=\"text-editor.default\">\n\t\t\t\t<div class=\"elementor-widget-container\">\n\t\t\t\t\t\t\t\t\t<div id=\"bgLayers_comp-ljcvm8ir\" class=\"MW5IWV\" data-hook=\"bgLayers\" data-motion-part=\"BG_LAYER\"><div id=\"bgMedia_comp-ljcvm8ir\" class=\"VgO9Yg\" data-motion-part=\"BG_MEDIA\">Situ\u00e9 en Valais \u00e0 Saint-Maurice, l&rsquo;atelier Valeurs Ajust\u00e9es propose des coachings en ajustement de valeurs.<\/div><\/div>\t\t\t\t\t\t\t\t<\/div>\n\t\t\t\t<\/div>\n\t\t\t\t\t<\/div>\n\t\t<\/div>\n\t\t\t\t<div class=\"elementor-column elementor-col-50 elementor-top-column elementor-element elementor-element-dd614b0\" data-id=\"dd614b0\" data-element_type=\"column\" data-e-type=\"column\">\n\t\t\t<div class=\"elementor-widget-wrap elementor-element-populated\">\n\t\t\t\t\t\t<div class=\"elementor-element elementor-element-3570715 elementor-widget elementor-widget-text-editor\" data-id=\"3570715\" data-element_type=\"widget\" data-e-type=\"widget\" data-widget_type=\"text-editor.default\">\n\t\t\t\t<div class=\"elementor-widget-container\">\n\t\t\t\t\t\t\t\t\t<p><a href=\"https:\/\/www.valeurs-ajustees.com\/\" target=\"_blank\" rel=\"noopener\">En savoir plus, cliquez sur ce lien<\/a><\/p>\t\t\t\t\t\t\t\t<\/div>\n\t\t\t\t<\/div>\n\t\t\t\t\t<\/div>\n\t\t<\/div>\n\t\t\t\t\t<\/div>\n\t\t<\/section>\n\t\t\t\t<\/div>\n\t\t","protected":false},"excerpt":{"rendered":"<p>Quelle est votre valeur ? Le coaching que je propose est une discussion qui va permettre d\u2019aligner votre objectif et d\u2019ajuster vos actions sur vos valeurs. Nous avons toutes et [&hellip;]<\/p>\n","protected":false},"author":1,"featured_media":0,"parent":0,"menu_order":0,"comment_status":"closed","ping_status":"closed","template":"","meta":{"footnotes":""},"class_list":["post-6856","page","type-page","status-publish","hentry"],"publishpress_future_action":{"enabled":false,"date":"2026-04-21 23:01:26","action":"change-status","newStatus":"draft","terms":[],"taxonomy":"","extraData":[]},"publishpress_future_workflow_manual_trigger":{"enabledWorkflows":[]},"_links":{"self":[{"href":"https:\/\/suisse-fibromyalgie.ch\/fr\/wp-json\/wp\/v2\/pages\/6856","targetHints":{"allow":["GET"]}}],"collection":[{"href":"https:\/\/suisse-fibromyalgie.ch\/fr\/wp-json\/wp\/v2\/pages"}],"about":[{"href":"https:\/\/suisse-fibromyalgie.ch\/fr\/wp-json\/wp\/v2\/types\/page"}],"author":[{"embeddable":true,"href":"https:\/\/suisse-fibromyalgie.ch\/fr\/wp-json\/wp\/v2\/users\/1"}],"replies":[{"embeddable":true,"href":"https:\/\/suisse-fibromyalgie.ch\/fr\/wp-json\/wp\/v2\/comments?post=6856"}],"version-history":[{"count":3,"href":"https:\/\/suisse-fibromyalgie.ch\/fr\/wp-json\/wp\/v2\/pages\/6856\/revisions"}],"predecessor-version":[{"id":6860,"href":"https:\/\/suisse-fibromyalgie.ch\/fr\/wp-json\/wp\/v2\/pages\/6856\/revisions\/6860"}],"wp:attachment":[{"href":"https:\/\/suisse-fibromyalgie.ch\/fr\/wp-json\/wp\/v2\/media?parent=6856"}],"curies":[{"name":"wp","href":"https:\/\/api.w.org\/{rel}","templated":true}]}}