{"id":6694,"date":"2024-11-11T14:43:13","date_gmt":"2024-11-11T13:43:13","guid":{"rendered":"https:\/\/suisse-fibromyalgie.ch\/?page_id=6694"},"modified":"2025-12-01T18:12:10","modified_gmt":"2025-12-01T17:12:10","slug":"pour-le-secretariat-administratif","status":"publish","type":"page","link":"https:\/\/suisse-fibromyalgie.ch\/fr\/pour-le-secretariat-administratif\/","title":{"rendered":"Secr\u00e9tariat administratif"},"content":{"rendered":"\t\t<div data-elementor-type=\"wp-page\" data-elementor-id=\"6694\" class=\"elementor elementor-6694\" data-elementor-post-type=\"page\">\n\t\t\t\t\t\t<section class=\"elementor-section elementor-top-section elementor-element elementor-element-ecac868 elementor-section-boxed elementor-section-height-default elementor-section-height-default\" data-id=\"ecac868\" data-element_type=\"section\" data-e-type=\"section\">\n\t\t\t\t\t\t<div class=\"elementor-container elementor-column-gap-default\">\n\t\t\t\t\t<div class=\"elementor-column elementor-col-100 elementor-top-column elementor-element elementor-element-f8f4559\" data-id=\"f8f4559\" data-element_type=\"column\" data-e-type=\"column\">\n\t\t\t<div class=\"elementor-widget-wrap elementor-element-populated\">\n\t\t\t\t\t\t<div class=\"elementor-element elementor-element-deab1bc elementor-widget elementor-widget-text-editor\" data-id=\"deab1bc\" data-element_type=\"widget\" data-e-type=\"widget\" data-widget_type=\"text-editor.default\">\n\t\t\t\t<div class=\"elementor-widget-container\">\n\t\t\t\t\t\t\t\t\t<h3>Comp\u00e9tences requises\u00a0:<\/h3><ul><li>Travail de bureau en g\u00e9n\u00e9ral, et prise de PV<\/li><li>Ma\u00eetrise des outils informatiques<\/li><li>Sens de l\u2019organisation<\/li><li>Participation \u00e0 l\u2019AG pour la prise de PV<\/li><li>Autonomie<\/li><\/ul><h3>\u00a0<\/h3><h3>Exigences requises\u00a0:<\/h3><ul><li>Respect de la confidentialit\u00e9<\/li><\/ul><h3>\u00a0<\/h3><h3>Nous offrons\u00a0:<\/h3><ul><li>Des t\u00e2ches int\u00e9ressantes et vari\u00e9es<\/li><li>Ind\u00e9pendance dans le travail<\/li><li>Des horaires souples<\/li><li>Possibilit\u00e9 de travail au bureau \u00e0 Champagne ou en t\u00e9l\u00e9travail<\/li><li>Une journ\u00e9e d\u00e9di\u00e9e aux b\u00e9n\u00e9voles<\/li><li>Tarifs pr\u00e9f\u00e9rentiels \u00e0 nos activit\u00e9s<\/li><li>Cotisation annuelle \u00e0 l\u2019ASFM offerte<\/li><\/ul><h3>\u00a0<\/h3><h3>Ce que vous offre l\u2019ASFM:<\/h3><ul><li>La cotisation annuelle offerte<\/li><li>Le prix membre sur les activit\u00e9s<\/li><li>Une journ\u00e9e des b\u00e9n\u00e9voles annuelle offerte<\/li><li>Un accompagnement tout au long de votre parcours<\/li><\/ul><h3>\u00a0<\/h3><h3>Ce que le b\u00e9n\u00e9volat vous apporte:<\/h3><ul><li>Acquisition et renforcement de comp\u00e9tences<\/li><li>Meilleure employabilit\u00e9<\/li><li>Stimulation cognitive<\/li><li>Estime de soi et confiance<\/li><li>R\u00e9duction du stress<\/li><li>Am\u00e9lioration de la sant\u00e9<\/li><li>Renforcement des liens sociaux<\/li><li>Int\u00e9gration sociale<\/li><\/ul>\t\t\t\t\t\t\t\t<\/div>\n\t\t\t\t<\/div>\n\t\t\t\t\t<\/div>\n\t\t<\/div>\n\t\t\t\t\t<\/div>\n\t\t<\/section>\n\t\t\t\t<section class=\"elementor-section elementor-top-section elementor-element elementor-element-7db217f elementor-section-boxed elementor-section-height-default elementor-section-height-default\" data-id=\"7db217f\" data-element_type=\"section\" data-e-type=\"section\">\n\t\t\t\t\t\t<div class=\"elementor-container elementor-column-gap-default\">\n\t\t\t\t\t<div class=\"elementor-column elementor-col-100 elementor-top-column elementor-element elementor-element-2ca5fd1\" data-id=\"2ca5fd1\" data-element_type=\"column\" data-e-type=\"column\">\n\t\t\t<div class=\"elementor-widget-wrap elementor-element-populated\">\n\t\t\t\t\t\t<div class=\"elementor-element elementor-element-d3eae4d elementor-widget elementor-widget-text-editor\" data-id=\"d3eae4d\" data-element_type=\"widget\" data-e-type=\"widget\" data-widget_type=\"text-editor.default\">\n\t\t\t\t<div class=\"elementor-widget-container\">\n\t\t\t\t\t\t\t\t\t<h4>En cas de questions ou d&rsquo;int\u00e9r\u00eats, vous pouvez contacter le pr\u00e9sident, Monsieur Philippe Sch\u00fcpbach<\/h4><p><strong>T\u00e9l\u00e9phone:<\/strong> 076 322 33 16<\/p><p><strong>Courriel:<\/strong> <a href=\"mailto:philippe.schupbach@suisse-fibromyalgie.ch\" target=\"_blank\" rel=\"noopener\">philippe.schupbach@suisse-fibromyalgie.ch<\/a><\/p>\t\t\t\t\t\t\t\t<\/div>\n\t\t\t\t<\/div>\n\t\t\t\t\t<\/div>\n\t\t<\/div>\n\t\t\t\t\t<\/div>\n\t\t<\/section>\n\t\t\t\t<\/div>\n\t\t","protected":false},"excerpt":{"rendered":"<p>&#8211;\tTravail de bureau en g\u00e9n\u00e9ral, et prise de PV<br \/>\n&#8211;\tMa\u00eetrise des outils informatiques<br \/>\n&#8211;\tSens de l\u2019organisation<br \/>\n&#8211;\tParticipation \u00e0 l\u2019AG pour la prise de PV<br \/>\n&#8211;\tAutonomie<br \/>\n&#8211;\tBilingue fran\u00e7ais\/allemand (souhait\u00e9)<\/p>\n","protected":false},"author":1,"featured_media":0,"parent":0,"menu_order":0,"comment_status":"closed","ping_status":"closed","template":"","meta":{"footnotes":""},"class_list":["post-6694","page","type-page","status-publish","hentry"],"publishpress_future_action":{"enabled":false,"date":"2026-04-23 17:02:27","action":"change-status","newStatus":"draft","terms":[],"taxonomy":"","extraData":[]},"publishpress_future_workflow_manual_trigger":{"enabledWorkflows":[]},"_links":{"self":[{"href":"https:\/\/suisse-fibromyalgie.ch\/fr\/wp-json\/wp\/v2\/pages\/6694","targetHints":{"allow":["GET"]}}],"collection":[{"href":"https:\/\/suisse-fibromyalgie.ch\/fr\/wp-json\/wp\/v2\/pages"}],"about":[{"href":"https:\/\/suisse-fibromyalgie.ch\/fr\/wp-json\/wp\/v2\/types\/page"}],"author":[{"embeddable":true,"href":"https:\/\/suisse-fibromyalgie.ch\/fr\/wp-json\/wp\/v2\/users\/1"}],"replies":[{"embeddable":true,"href":"https:\/\/suisse-fibromyalgie.ch\/fr\/wp-json\/wp\/v2\/comments?post=6694"}],"version-history":[{"count":22,"href":"https:\/\/suisse-fibromyalgie.ch\/fr\/wp-json\/wp\/v2\/pages\/6694\/revisions"}],"predecessor-version":[{"id":8944,"href":"https:\/\/suisse-fibromyalgie.ch\/fr\/wp-json\/wp\/v2\/pages\/6694\/revisions\/8944"}],"wp:attachment":[{"href":"https:\/\/suisse-fibromyalgie.ch\/fr\/wp-json\/wp\/v2\/media?parent=6694"}],"curies":[{"name":"wp","href":"https:\/\/api.w.org\/{rel}","templated":true}]}}