{"id":6576,"date":"2024-10-15T10:45:39","date_gmt":"2024-10-15T08:45:39","guid":{"rendered":"https:\/\/suisse-fibromyalgie.ch\/?page_id=6576"},"modified":"2024-10-15T10:47:31","modified_gmt":"2024-10-15T08:47:31","slug":"quelles-prestations-proposent-lasfm","status":"publish","type":"page","link":"https:\/\/suisse-fibromyalgie.ch\/fr\/quelles-prestations-proposent-lasfm\/","title":{"rendered":"Quelles prestations proposent l\u2019ASFM"},"content":{"rendered":"\t\t<div data-elementor-type=\"wp-page\" data-elementor-id=\"6576\" class=\"elementor elementor-6576\" data-elementor-post-type=\"page\">\n\t\t\t\t\t\t<section class=\"elementor-section elementor-top-section elementor-element elementor-element-b1fc271 elementor-section-boxed elementor-section-height-default elementor-section-height-default\" data-id=\"b1fc271\" data-element_type=\"section\" data-e-type=\"section\">\n\t\t\t\t\t\t<div class=\"elementor-container elementor-column-gap-default\">\n\t\t\t\t\t<div class=\"elementor-column elementor-col-100 elementor-top-column elementor-element elementor-element-5b822c0\" data-id=\"5b822c0\" data-element_type=\"column\" data-e-type=\"column\">\n\t\t\t<div class=\"elementor-widget-wrap elementor-element-populated\">\n\t\t\t\t\t\t<div class=\"elementor-element elementor-element-043dc3d elementor-widget elementor-widget-text-editor\" data-id=\"043dc3d\" data-element_type=\"widget\" data-e-type=\"widget\" data-widget_type=\"text-editor.default\">\n\t\t\t\t<div class=\"elementor-widget-container\">\n\t\t\t\t\t\t\t\t\t<ul><li><h6>Une r\u00e9ponse t\u00e9l\u00e9phonique du <strong>lundi<\/strong> au <strong>jeudi<\/strong> matin au 077 409 92 28<\/h6><\/li><li><h6>Une permanence t\u00e9l\u00e9phonique du <strong>lundi<\/strong> au <strong>jeudi<\/strong> de 18h00 \u00e0 21h00 au 076 585 20 54<\/h6><\/li><li><h6>Une r\u00e9ponse courriel \u00e0 info@suisse-fibromyalgie.ch<\/h6><\/li><li><h6>Un soutien social<\/h6><\/li><li><h6>Un soutien juridique<\/h6><\/li><li><h6>Des ateliers, des cours, des conf\u00e9rences et des sorties<\/h6><\/li><li><h6>Des s\u00e9minaires d\u2019un jour avec le repas<\/h6><\/li><li><h6>Des activit\u00e9s dans toute la Suisse<\/h6><\/li><li><h6>Des stands lors de manifestations<\/h6><\/li><li><h6>Du soutien aux \u00e9tudiants<\/h6><\/li><li><h6>Des groupes d\u2019entraide r\u00e9partis dans toute la Suisse\u00a0<\/h6><\/li><li><h6>Le journal annuel de l\u2019ASFM \u00ab L\u2019envol \u00bb traduit en trois langues (fran\u00e7ais, allemand et italien)<\/h6><\/li><li><h6>La revue trimestrielle de la Ligue suisse contre le rhumatisme (LSR) forumR\u00a0\u00bb<\/h6><\/li><li><h6>Le site internet de l\u2019ASFM \u00a0<a href=\"http:\/\/www.suisse-fibromyalgie.ch\">www.suisse-fibromyalgie.ch <\/a>\u00a0r\u00e9guli\u00e8rement mis \u00e0 jour<\/h6><\/li><\/ul>\t\t\t\t\t\t\t\t<\/div>\n\t\t\t\t<\/div>\n\t\t\t\t\t<\/div>\n\t\t<\/div>\n\t\t\t\t\t<\/div>\n\t\t<\/section>\n\t\t\t\t<\/div>\n\t\t","protected":false},"excerpt":{"rendered":"<p>Une r\u00e9ponse t\u00e9l\u00e9phonique du lundi au jeudi matin au 077 409 92 28 Une permanence t\u00e9l\u00e9phonique du lundi au jeudi de 18h00 \u00e0 21h00 au 076 585 20 54 Une [&hellip;]<\/p>\n","protected":false},"author":1,"featured_media":0,"parent":0,"menu_order":0,"comment_status":"closed","ping_status":"closed","template":"","meta":{"footnotes":""},"class_list":["post-6576","page","type-page","status-publish","hentry"],"publishpress_future_action":{"enabled":false,"date":"2026-05-23 08:07:20","action":"change-status","newStatus":"draft","terms":[],"taxonomy":"","extraData":[]},"publishpress_future_workflow_manual_trigger":{"enabledWorkflows":[]},"_links":{"self":[{"href":"https:\/\/suisse-fibromyalgie.ch\/fr\/wp-json\/wp\/v2\/pages\/6576","targetHints":{"allow":["GET"]}}],"collection":[{"href":"https:\/\/suisse-fibromyalgie.ch\/fr\/wp-json\/wp\/v2\/pages"}],"about":[{"href":"https:\/\/suisse-fibromyalgie.ch\/fr\/wp-json\/wp\/v2\/types\/page"}],"author":[{"embeddable":true,"href":"https:\/\/suisse-fibromyalgie.ch\/fr\/wp-json\/wp\/v2\/users\/1"}],"replies":[{"embeddable":true,"href":"https:\/\/suisse-fibromyalgie.ch\/fr\/wp-json\/wp\/v2\/comments?post=6576"}],"version-history":[{"count":3,"href":"https:\/\/suisse-fibromyalgie.ch\/fr\/wp-json\/wp\/v2\/pages\/6576\/revisions"}],"predecessor-version":[{"id":6579,"href":"https:\/\/suisse-fibromyalgie.ch\/fr\/wp-json\/wp\/v2\/pages\/6576\/revisions\/6579"}],"wp:attachment":[{"href":"https:\/\/suisse-fibromyalgie.ch\/fr\/wp-json\/wp\/v2\/media?parent=6576"}],"curies":[{"name":"wp","href":"https:\/\/api.w.org\/{rel}","templated":true}]}}