{"id":6444,"date":"2024-09-30T13:20:51","date_gmt":"2024-09-30T11:20:51","guid":{"rendered":"https:\/\/suisse-fibromyalgie.ch\/?page_id=6444"},"modified":"2024-09-30T14:56:44","modified_gmt":"2024-09-30T12:56:44","slug":"karima-mahmani-infirmiere-independante-specialisee-en-sante-mentale-et-sante-au-travail","status":"publish","type":"page","link":"https:\/\/suisse-fibromyalgie.ch\/fr\/karima-mahmani-infirmiere-independante-specialisee-en-sante-mentale-et-sante-au-travail\/","title":{"rendered":"Mahmani Karima &#8211; Infirmi\u00e9re independante sp\u00e9cialis\u00e9e en sant\u00e9 mentale et sant\u00e9 au travail"},"content":{"rendered":"\t\t<div data-elementor-type=\"wp-page\" data-elementor-id=\"6444\" class=\"elementor elementor-6444\" data-elementor-post-type=\"page\">\n\t\t\t\t\t\t<section class=\"elementor-section elementor-top-section elementor-element elementor-element-5643a8c elementor-section-boxed elementor-section-height-default elementor-section-height-default\" data-id=\"5643a8c\" data-element_type=\"section\" data-e-type=\"section\">\n\t\t\t\t\t\t<div class=\"elementor-container elementor-column-gap-default\">\n\t\t\t\t\t<div class=\"elementor-column elementor-col-50 elementor-top-column elementor-element elementor-element-c953588\" data-id=\"c953588\" data-element_type=\"column\" data-e-type=\"column\">\n\t\t\t<div class=\"elementor-widget-wrap elementor-element-populated\">\n\t\t\t\t\t\t<div class=\"elementor-element elementor-element-68ab1cb elementor-widget elementor-widget-image\" data-id=\"68ab1cb\" data-element_type=\"widget\" data-e-type=\"widget\" data-widget_type=\"image.default\">\n\t\t\t\t<div class=\"elementor-widget-container\">\n\t\t\t\t\t\t\t\t\t\t\t\t\t\t\t<img fetchpriority=\"high\" decoding=\"async\" width=\"768\" height=\"773\" src=\"https:\/\/suisse-fibromyalgie.ch\/wp-content\/uploads\/Karima-Mahmani-768x773.jpg\" class=\"attachment-medium_large size-medium_large wp-image-6445\" alt=\"\" srcset=\"https:\/\/suisse-fibromyalgie.ch\/wp-content\/uploads\/Karima-Mahmani-768x773.jpg 768w, https:\/\/suisse-fibromyalgie.ch\/wp-content\/uploads\/Karima-Mahmani-298x300.jpg 298w, https:\/\/suisse-fibromyalgie.ch\/wp-content\/uploads\/Karima-Mahmani-1018x1024.jpg 1018w, https:\/\/suisse-fibromyalgie.ch\/wp-content\/uploads\/Karima-Mahmani-150x150.jpg 150w, https:\/\/suisse-fibromyalgie.ch\/wp-content\/uploads\/Karima-Mahmani-12x12.jpg 12w, https:\/\/suisse-fibromyalgie.ch\/wp-content\/uploads\/Karima-Mahmani.jpg 1360w\" sizes=\"(max-width: 768px) 100vw, 768px\" \/>\t\t\t\t\t\t\t\t\t\t\t\t\t\t\t<\/div>\n\t\t\t\t<\/div>\n\t\t\t\t\t<\/div>\n\t\t<\/div>\n\t\t\t\t<div class=\"elementor-column elementor-col-50 elementor-top-column elementor-element elementor-element-d7d3abd\" data-id=\"d7d3abd\" data-element_type=\"column\" data-e-type=\"column\">\n\t\t\t<div class=\"elementor-widget-wrap elementor-element-populated\">\n\t\t\t\t\t\t<div class=\"elementor-element elementor-element-cdd1fa2 elementor-widget elementor-widget-text-editor\" data-id=\"cdd1fa2\" data-element_type=\"widget\" data-e-type=\"widget\" data-widget_type=\"text-editor.default\">\n\t\t\t\t<div class=\"elementor-widget-container\">\n\t\t\t\t\t\t\t\t\t<div id=\"comp-l220jsmo1\" class=\"HcOXKn c9GqVL QxJLC3 comp-l220jsmo1 wixui-rich-text\" data-testid=\"richTextElement\"><div class=\"elementor-element elementor-element-bac9469 elementor-widget elementor-widget-heading\" data-id=\"bac9469\" data-element_type=\"widget\" data-widget_type=\"heading.default\"><div class=\"elementor-widget-container\"><h2 class=\"elementor-heading-title elementor-size-default\">Human Kare, fond\u00e9e par Madame Karima MAHMANI passionn\u00e9e et pleine de vie<\/h2><\/div><\/div><div class=\"elementor-element elementor-element-f2fa966 elementor-widget elementor-widget-text-editor\" data-id=\"f2fa966\" data-element_type=\"widget\" data-widget_type=\"text-editor.default\"><div class=\"elementor-widget-container\"><p>\u00a0<\/p><p>Elle a un r\u00eave, celui de vous permettre de vivre plus sereinement en \u00e9tant accompagn\u00e9e de personnes form\u00e9es, passionn\u00e9es qui travaillent ensemble pour vous.<\/p><p>Infirmi\u00e8re depuis de nombreuses ann\u00e9es dans diff\u00e9rents services de soins aigus, soins psychiatriques, soins de longues dur\u00e9es g\u00e9riatriques et psycho-g\u00e9riatriques, elle d\u00e9cide de se former en sant\u00e9 au travail afin que les collaborateurs puissent \u00eatre en bonne sant\u00e9 et \u00e9panouis au travail. Elle a eu la chance \u00e9galement de pouvoir accompagner des \u00e9quipes en ayant diff\u00e9rentes missions de direction.<\/p><div class=\"elementor-element elementor-element-997b0fc e-con-full e-flex e-con e-child\" data-id=\"997b0fc\" data-element_type=\"container\"><div class=\"elementor-element elementor-element-53a2a4d elementor-widget elementor-widget-text-editor\" data-id=\"53a2a4d\" data-element_type=\"widget\" data-widget_type=\"text-editor.default\"><div class=\"elementor-widget-container\"><p><em>\u201cJ\u2019ai\u00a0<strong>ESPOIR<\/strong>\u00a0que chacun puisse \u00eatre compris dans son \u00eatre et \u00eatre consid\u00e9r\u00e9 comme une personne \u00e0 part enti\u00e8re\u201d<\/em><\/p><\/div><\/div><\/div><div class=\"elementor-element elementor-element-47af916 e-con-full e-flex e-con e-child\" data-id=\"47af916\" data-element_type=\"container\"><div class=\"elementor-element elementor-element-f8851e9 elementor-widget elementor-widget-text-editor\" data-id=\"f8851e9\" data-element_type=\"widget\" data-widget_type=\"text-editor.default\"><div class=\"elementor-widget-container\"><p><em>\u201cJe\u00a0<strong>PERSEVERE<\/strong>\u00a0dans l\u2019id\u00e9e que chaque \u00eatre humain a le droit d\u2019\u00eatre accompagn\u00e9 avec dignit\u00e9, bienveillance et respect\u201d<\/em><\/p><\/div><\/div><\/div><\/div><\/div><\/div>\t\t\t\t\t\t\t\t<\/div>\n\t\t\t\t<\/div>\n\t\t\t\t\t<\/div>\n\t\t<\/div>\n\t\t\t\t\t<\/div>\n\t\t<\/section>\n\t\t\t\t<section class=\"elementor-section elementor-top-section elementor-element elementor-element-49a8769 elementor-section-boxed elementor-section-height-default elementor-section-height-default\" data-id=\"49a8769\" data-element_type=\"section\" data-e-type=\"section\">\n\t\t\t\t\t\t<div class=\"elementor-container elementor-column-gap-default\">\n\t\t\t\t\t<div class=\"elementor-column elementor-col-100 elementor-top-column elementor-element elementor-element-b832f5d\" data-id=\"b832f5d\" data-element_type=\"column\" data-e-type=\"column\">\n\t\t\t<div class=\"elementor-widget-wrap elementor-element-populated\">\n\t\t\t\t\t\t<div class=\"elementor-element elementor-element-d7d395e elementor-widget elementor-widget-text-editor\" data-id=\"d7d395e\" data-element_type=\"widget\" data-e-type=\"widget\" data-widget_type=\"text-editor.default\">\n\t\t\t\t<div class=\"elementor-widget-container\">\n\t\t\t\t\t\t\t\t\t<p>L&rsquo;objectif est d&rsquo;assurer des soins de qualit\u00e9 aux personnes en souffrance psychique \u00e0 travers un accompagnement qui prend en compte la personne comme un \u00eatre a part enti\u00e8re et non comme un malade.<\/p><p>Le but est de soulager, soutenir, conseiller et informer la personne tant dans des situations de crise comme dans un accompagnement au quotidien afin d&rsquo;\u00e9veiller sa force et sa beaut\u00e9.<\/p>\t\t\t\t\t\t\t\t<\/div>\n\t\t\t\t<\/div>\n\t\t\t\t\t<\/div>\n\t\t<\/div>\n\t\t\t\t\t<\/div>\n\t\t<\/section>\n\t\t\t\t<section class=\"elementor-section elementor-top-section elementor-element elementor-element-fce1291 elementor-section-boxed elementor-section-height-default elementor-section-height-default\" data-id=\"fce1291\" data-element_type=\"section\" data-e-type=\"section\">\n\t\t\t\t\t\t<div class=\"elementor-container elementor-column-gap-default\">\n\t\t\t\t\t<div class=\"elementor-column elementor-col-50 elementor-top-column elementor-element elementor-element-3eb25a5\" data-id=\"3eb25a5\" data-element_type=\"column\" data-e-type=\"column\">\n\t\t\t<div class=\"elementor-widget-wrap elementor-element-populated\">\n\t\t\t\t\t\t<div class=\"elementor-element elementor-element-7b832d7 elementor-widget elementor-widget-text-editor\" data-id=\"7b832d7\" data-element_type=\"widget\" data-e-type=\"widget\" data-widget_type=\"text-editor.default\">\n\t\t\t\t<div class=\"elementor-widget-container\">\n\t\t\t\t\t\t\t\t\t<div id=\"bgLayers_comp-ljcvm8ir\" class=\"MW5IWV\" data-hook=\"bgLayers\" data-motion-part=\"BG_LAYER\"><div id=\"bgMedia_comp-ljcvm8ir\" class=\"VgO9Yg\" data-motion-part=\"BG_MEDIA\">www.humankare.ch<\/div><\/div>\t\t\t\t\t\t\t\t<\/div>\n\t\t\t\t<\/div>\n\t\t\t\t\t<\/div>\n\t\t<\/div>\n\t\t\t\t<div class=\"elementor-column elementor-col-50 elementor-top-column elementor-element elementor-element-dd614b0\" data-id=\"dd614b0\" data-element_type=\"column\" data-e-type=\"column\">\n\t\t\t<div class=\"elementor-widget-wrap elementor-element-populated\">\n\t\t\t\t\t\t<div class=\"elementor-element elementor-element-3570715 elementor-widget elementor-widget-text-editor\" data-id=\"3570715\" data-element_type=\"widget\" data-e-type=\"widget\" data-widget_type=\"text-editor.default\">\n\t\t\t\t<div class=\"elementor-widget-container\">\n\t\t\t\t\t\t\t\t\t<p><a href=\"https:\/\/humankare.ch\/\" target=\"_blank\" rel=\"noopener\">En savoir plus, cliquez sur ce lien<\/a><\/p>\t\t\t\t\t\t\t\t<\/div>\n\t\t\t\t<\/div>\n\t\t\t\t\t<\/div>\n\t\t<\/div>\n\t\t\t\t\t<\/div>\n\t\t<\/section>\n\t\t\t\t<\/div>\n\t\t","protected":false},"excerpt":{"rendered":"<p>Human Kare, fond\u00e9e par Madame Karima MAHMANI passionn\u00e9e et pleine de vie \u00a0 Elle a un r\u00eave, celui de vous permettre de vivre plus sereinement en \u00e9tant accompagn\u00e9e de personnes [&hellip;]<\/p>\n","protected":false},"author":1,"featured_media":0,"parent":0,"menu_order":0,"comment_status":"closed","ping_status":"closed","template":"","meta":{"footnotes":""},"class_list":["post-6444","page","type-page","status-publish","hentry"],"publishpress_future_action":{"enabled":false,"date":"2026-05-24 10:06:37","action":"change-status","newStatus":"draft","terms":[],"taxonomy":"","extraData":[]},"publishpress_future_workflow_manual_trigger":{"enabledWorkflows":[]},"_links":{"self":[{"href":"https:\/\/suisse-fibromyalgie.ch\/fr\/wp-json\/wp\/v2\/pages\/6444","targetHints":{"allow":["GET"]}}],"collection":[{"href":"https:\/\/suisse-fibromyalgie.ch\/fr\/wp-json\/wp\/v2\/pages"}],"about":[{"href":"https:\/\/suisse-fibromyalgie.ch\/fr\/wp-json\/wp\/v2\/types\/page"}],"author":[{"embeddable":true,"href":"https:\/\/suisse-fibromyalgie.ch\/fr\/wp-json\/wp\/v2\/users\/1"}],"replies":[{"embeddable":true,"href":"https:\/\/suisse-fibromyalgie.ch\/fr\/wp-json\/wp\/v2\/comments?post=6444"}],"version-history":[{"count":9,"href":"https:\/\/suisse-fibromyalgie.ch\/fr\/wp-json\/wp\/v2\/pages\/6444\/revisions"}],"predecessor-version":[{"id":6476,"href":"https:\/\/suisse-fibromyalgie.ch\/fr\/wp-json\/wp\/v2\/pages\/6444\/revisions\/6476"}],"wp:attachment":[{"href":"https:\/\/suisse-fibromyalgie.ch\/fr\/wp-json\/wp\/v2\/media?parent=6444"}],"curies":[{"name":"wp","href":"https:\/\/api.w.org\/{rel}","templated":true}]}}