{"id":6425,"date":"2024-09-27T15:37:33","date_gmt":"2024-09-27T13:37:33","guid":{"rendered":"https:\/\/suisse-fibromyalgie.ch\/?page_id=6425"},"modified":"2024-09-27T15:47:44","modified_gmt":"2024-09-27T13:47:44","slug":"therapiestrategien-der-fibromyalgie","status":"publish","type":"page","link":"https:\/\/suisse-fibromyalgie.ch\/fr\/therapiestrategien-der-fibromyalgie\/","title":{"rendered":"Therapiestrategien der Fibromyalgie"},"content":{"rendered":"\t\t<div data-elementor-type=\"wp-page\" data-elementor-id=\"6425\" class=\"elementor elementor-6425\" data-elementor-post-type=\"page\">\n\t\t\t\t\t\t<section class=\"elementor-section elementor-top-section elementor-element elementor-element-deae11b elementor-section-boxed elementor-section-height-default elementor-section-height-default\" data-id=\"deae11b\" data-element_type=\"section\" data-e-type=\"section\">\n\t\t\t\t\t\t<div class=\"elementor-container elementor-column-gap-default\">\n\t\t\t\t\t<div class=\"elementor-column elementor-col-100 elementor-top-column elementor-element elementor-element-b5d783b\" data-id=\"b5d783b\" data-element_type=\"column\" data-e-type=\"column\">\n\t\t\t<div class=\"elementor-widget-wrap elementor-element-populated\">\n\t\t\t\t\t\t<div class=\"elementor-element elementor-element-7253295 elementor-widget elementor-widget-heading\" data-id=\"7253295\" data-element_type=\"widget\" data-e-type=\"widget\" data-widget_type=\"heading.default\">\n\t\t\t\t<div class=\"elementor-widget-container\">\n\t\t\t\t\t<h2 class=\"elementor-heading-title elementor-size-default\">Artikel in der Zeitung Rheuma Schweiz Fachzeitschrift von PD Dr. med. Matthias\nSeidel,\nZurzachCare Rehaklinik Freihof, Baden<\/h2>\t\t\t\t<\/div>\n\t\t\t\t<\/div>\n\t\t\t\t\t<\/div>\n\t\t<\/div>\n\t\t\t\t\t<\/div>\n\t\t<\/section>\n\t\t\t\t<section class=\"elementor-section elementor-top-section elementor-element elementor-element-497ceef elementor-section-boxed elementor-section-height-default elementor-section-height-default\" data-id=\"497ceef\" data-element_type=\"section\" data-e-type=\"section\">\n\t\t\t\t\t\t<div class=\"elementor-container elementor-column-gap-default\">\n\t\t\t\t\t<div class=\"elementor-column elementor-col-100 elementor-top-column elementor-element elementor-element-8eb5239\" data-id=\"8eb5239\" data-element_type=\"column\" data-e-type=\"column\">\n\t\t\t<div class=\"elementor-widget-wrap elementor-element-populated\">\n\t\t\t\t\t\t<div class=\"elementor-element elementor-element-f4079ec elementor-widget elementor-widget-text-editor\" data-id=\"f4079ec\" data-element_type=\"widget\" data-e-type=\"widget\" data-widget_type=\"text-editor.default\">\n\t\t\t\t<div class=\"elementor-widget-container\">\n\t\t\t\t\t\t\t\t\t<p>Zusammenfassung Die Fibromyalgie ist eine chronische Schmerzst\u00f6rung mit unterschiedlichen pathophysiologischen Mechanismen.<\/p><p>Demzufolge sollten verschiedene therapeutische Ans\u00e4tze nach pr\u00e4ziser differenzialdiagnostischer Abkl\u00e4rung verfolgt<br \/>werden. Zur Verf\u00fcgung stehen psychologische, physiotherapeutische und medikament\u00f6se<br \/>Massnahmen. Meist ist eine Kombination verschiedener Regime erforderlich. Langzeitbehandlungen sollten eine Reduktion der Schmerzsymptomatik, Verbesserung der Lebensqualit\u00e4t und eine Normalisierung vegetativer St\u00f6rungen verfolgen. Randomisierte Studien f\u00fcr einzelne Behandlungsregime ergeben teilweise unterschiedliche Ansprechraten.<\/p><p>Hier werden einige wichtige evidenz-basierte Studien mit zus\u00e4tzlich einer Expertenmeinung zusammengefasst.<\/p>\t\t\t\t\t\t\t\t<\/div>\n\t\t\t\t<\/div>\n\t\t\t\t\t<\/div>\n\t\t<\/div>\n\t\t\t\t\t<\/div>\n\t\t<\/section>\n\t\t\t\t<section class=\"elementor-section elementor-top-section elementor-element elementor-element-958e6ec elementor-section-boxed elementor-section-height-default elementor-section-height-default\" data-id=\"958e6ec\" data-element_type=\"section\" data-e-type=\"section\">\n\t\t\t\t\t\t<div class=\"elementor-container elementor-column-gap-default\">\n\t\t\t\t\t<div class=\"elementor-column elementor-col-100 elementor-top-column elementor-element elementor-element-afefd1e\" data-id=\"afefd1e\" data-element_type=\"column\" data-e-type=\"column\">\n\t\t\t<div class=\"elementor-widget-wrap elementor-element-populated\">\n\t\t\t\t\t\t<div class=\"elementor-element elementor-element-5f0ab28 elementor-widget elementor-widget-text-editor\" data-id=\"5f0ab28\" data-element_type=\"widget\" data-e-type=\"widget\" data-widget_type=\"text-editor.default\">\n\t\t\t\t<div class=\"elementor-widget-container\">\n\t\t\t\t\t\t\t\t\t<h5 style=\"text-align: center;\">Um den Artikel herunterzuladen, klicken Sie auf den untenstehenden Link:<\/h5><p style=\"text-align: center;\"><a href=\"https:\/\/suisse-fibromyalgie.ch\/wp-content\/uploads\/Therapiestrategien-der-Fibromyalgie-Seidel-09.24.pdf\" target=\"_blank\" rel=\"noopener\">Therapiestrategien der Fibromyalgie Seidel 09.24<\/a><\/p>\t\t\t\t\t\t\t\t<\/div>\n\t\t\t\t<\/div>\n\t\t\t\t\t<\/div>\n\t\t<\/div>\n\t\t\t\t\t<\/div>\n\t\t<\/section>\n\t\t\t\t<\/div>\n\t\t","protected":false},"excerpt":{"rendered":"<p>Artikel in der Zeitung Rheuma Schweiz Fachzeitschrift von PD Dr. med. Matthias Seidel, ZurzachCare Rehaklinik Freihof, Baden Zusammenfassung Die Fibromyalgie ist eine chronische Schmerzst\u00f6rung mit unterschiedlichen pathophysiologischen Mechanismen. Demzufolge sollten [&hellip;]<\/p>\n","protected":false},"author":1,"featured_media":0,"parent":0,"menu_order":0,"comment_status":"closed","ping_status":"closed","template":"","meta":{"footnotes":""},"class_list":["post-6425","page","type-page","status-publish","hentry"],"publishpress_future_action":{"enabled":false,"date":"2026-04-21 20:34:17","action":"change-status","newStatus":"draft","terms":[],"taxonomy":"","extraData":[]},"publishpress_future_workflow_manual_trigger":{"enabledWorkflows":[]},"_links":{"self":[{"href":"https:\/\/suisse-fibromyalgie.ch\/fr\/wp-json\/wp\/v2\/pages\/6425","targetHints":{"allow":["GET"]}}],"collection":[{"href":"https:\/\/suisse-fibromyalgie.ch\/fr\/wp-json\/wp\/v2\/pages"}],"about":[{"href":"https:\/\/suisse-fibromyalgie.ch\/fr\/wp-json\/wp\/v2\/types\/page"}],"author":[{"embeddable":true,"href":"https:\/\/suisse-fibromyalgie.ch\/fr\/wp-json\/wp\/v2\/users\/1"}],"replies":[{"embeddable":true,"href":"https:\/\/suisse-fibromyalgie.ch\/fr\/wp-json\/wp\/v2\/comments?post=6425"}],"version-history":[{"count":3,"href":"https:\/\/suisse-fibromyalgie.ch\/fr\/wp-json\/wp\/v2\/pages\/6425\/revisions"}],"predecessor-version":[{"id":6429,"href":"https:\/\/suisse-fibromyalgie.ch\/fr\/wp-json\/wp\/v2\/pages\/6425\/revisions\/6429"}],"wp:attachment":[{"href":"https:\/\/suisse-fibromyalgie.ch\/fr\/wp-json\/wp\/v2\/media?parent=6425"}],"curies":[{"name":"wp","href":"https:\/\/api.w.org\/{rel}","templated":true}]}}