{"id":6406,"date":"2024-09-27T15:09:23","date_gmt":"2024-09-27T13:09:23","guid":{"rendered":"https:\/\/suisse-fibromyalgie.ch\/?page_id=6406"},"modified":"2024-09-27T15:21:09","modified_gmt":"2024-09-27T13:21:09","slug":"douleur-chronique-primaire-le-manque-de-reconnaissance-dun-handicap-invisible","status":"publish","type":"page","link":"https:\/\/suisse-fibromyalgie.ch\/fr\/douleur-chronique-primaire-le-manque-de-reconnaissance-dun-handicap-invisible\/","title":{"rendered":"Douleur chronique primaire : le manque de reconnaissance d\u2019un handicap invisible"},"content":{"rendered":"\t\t<div data-elementor-type=\"wp-page\" data-elementor-id=\"6406\" class=\"elementor elementor-6406\" data-elementor-post-type=\"page\">\n\t\t\t\t\t\t<section class=\"elementor-section elementor-top-section elementor-element elementor-element-deae11b elementor-section-boxed elementor-section-height-default elementor-section-height-default\" data-id=\"deae11b\" data-element_type=\"section\" data-e-type=\"section\">\n\t\t\t\t\t\t<div class=\"elementor-container elementor-column-gap-default\">\n\t\t\t\t\t<div class=\"elementor-column elementor-col-100 elementor-top-column elementor-element elementor-element-b5d783b\" data-id=\"b5d783b\" data-element_type=\"column\" data-e-type=\"column\">\n\t\t\t<div class=\"elementor-widget-wrap elementor-element-populated\">\n\t\t\t\t\t\t<div class=\"elementor-element elementor-element-7253295 elementor-widget elementor-widget-heading\" data-id=\"7253295\" data-element_type=\"widget\" data-e-type=\"widget\" data-widget_type=\"heading.default\">\n\t\t\t\t<div class=\"elementor-widget-container\">\n\t\t\t\t\t<h2 class=\"elementor-heading-title elementor-size-default\">Article publi\u00e9 par Mme Aimie Chiron, Dre Aurore Fernandez, Dr Carlo Delli Noci et Pre Chantal Berna parus dans \"La revu m\u00e9dical Suisse\" du 19 juin 2024.<\/h2>\t\t\t\t<\/div>\n\t\t\t\t<\/div>\n\t\t\t\t\t<\/div>\n\t\t<\/div>\n\t\t\t\t\t<\/div>\n\t\t<\/section>\n\t\t\t\t<section class=\"elementor-section elementor-top-section elementor-element elementor-element-497ceef elementor-section-boxed elementor-section-height-default elementor-section-height-default\" data-id=\"497ceef\" data-element_type=\"section\" data-e-type=\"section\">\n\t\t\t\t\t\t<div class=\"elementor-container elementor-column-gap-default\">\n\t\t\t\t\t<div class=\"elementor-column elementor-col-100 elementor-top-column elementor-element elementor-element-8eb5239\" data-id=\"8eb5239\" data-element_type=\"column\" data-e-type=\"column\">\n\t\t\t<div class=\"elementor-widget-wrap elementor-element-populated\">\n\t\t\t\t\t\t<div class=\"elementor-element elementor-element-f4079ec elementor-widget elementor-widget-text-editor\" data-id=\"f4079ec\" data-element_type=\"widget\" data-e-type=\"widget\" data-widget_type=\"text-editor.default\">\n\t\t\t\t<div class=\"elementor-widget-container\">\n\t\t\t\t\t\t\t\t\t<p>Malgr\u00e9 une reconnaissance de la douleur chronique primaire comme maladie \u00e0 part enti\u00e8re dans la 11e r\u00e9vision de la Classification internationale des maladies (CIM), les patient-e-s en souffrant font encore trop fr\u00e9quemment face \u00e0 un certain scepticisme.<\/p><p>Cela peut leur porter pr\u00e9judice dans leur parcours de soin, leur vie sociale et leur stabilit\u00e9 \u00e9conomique.<\/p><p>Cet article retrace une partie de l\u2019\u00e9volution l\u00e9gale de la reconnaissance de la douleur chronique ainsi que les dispositions ass\u00e9curologiques en vigueur en Suisse.<\/p><p>Une bonne connaissance de ce syst\u00e8me de la part des m\u00e9decins peut diminuer la frustration des patient-e-s, les litiges et la lenteur des d\u00e9cisions. Enfin, cet article conclut en proposant des conseils et des outils pour que les m\u00e9decins puissent accompagner au mieux leurs patient-e-s dans les proc\u00e9dures ass\u00e9curologiques.<\/p>\t\t\t\t\t\t\t\t<\/div>\n\t\t\t\t<\/div>\n\t\t\t\t\t<\/div>\n\t\t<\/div>\n\t\t\t\t\t<\/div>\n\t\t<\/section>\n\t\t\t\t<section class=\"elementor-section elementor-top-section elementor-element elementor-element-958e6ec elementor-section-boxed elementor-section-height-default elementor-section-height-default\" data-id=\"958e6ec\" data-element_type=\"section\" data-e-type=\"section\">\n\t\t\t\t\t\t<div class=\"elementor-container elementor-column-gap-default\">\n\t\t\t\t\t<div class=\"elementor-column elementor-col-100 elementor-top-column elementor-element elementor-element-afefd1e\" data-id=\"afefd1e\" data-element_type=\"column\" data-e-type=\"column\">\n\t\t\t<div class=\"elementor-widget-wrap elementor-element-populated\">\n\t\t\t\t\t\t<div class=\"elementor-element elementor-element-5f0ab28 elementor-widget elementor-widget-text-editor\" data-id=\"5f0ab28\" data-element_type=\"widget\" data-e-type=\"widget\" data-widget_type=\"text-editor.default\">\n\t\t\t\t<div class=\"elementor-widget-container\">\n\t\t\t\t\t\t\t\t\t<h5 style=\"text-align: center;\"><strong>Pour t\u00e9l\u00e9charger l&rsquo;article<\/strong><strong>, cliquez sur le lien ci-dessous:<\/strong><\/h5><h5 style=\"text-align: center;\"><a href=\"https:\/\/suisse-fibromyalgie.ch\/wp-content\/uploads\/RMS_Douleur-chronique-primaire.pdf\" target=\"_blank\" rel=\"noopener\">RMS_Douleur chronique primaire<\/a><\/h5>\t\t\t\t\t\t\t\t<\/div>\n\t\t\t\t<\/div>\n\t\t\t\t\t<\/div>\n\t\t<\/div>\n\t\t\t\t\t<\/div>\n\t\t<\/section>\n\t\t\t\t<\/div>\n\t\t","protected":false},"excerpt":{"rendered":"<p>Article publi\u00e9 par Mme Aimie Chiron, Dre Aurore Fernandez, Dr Carlo Delli Noci et Pre Chantal Berna parus dans \u00ab\u00a0La revu m\u00e9dical Suisse\u00a0\u00bb du 19 juin 2024. Malgr\u00e9 une reconnaissance [&hellip;]<\/p>\n","protected":false},"author":1,"featured_media":0,"parent":0,"menu_order":0,"comment_status":"closed","ping_status":"closed","template":"","meta":{"footnotes":""},"class_list":["post-6406","page","type-page","status-publish","hentry"],"publishpress_future_action":{"enabled":false,"date":"2026-04-21 23:02:10","action":"change-status","newStatus":"draft","terms":[],"taxonomy":"","extraData":[]},"publishpress_future_workflow_manual_trigger":{"enabledWorkflows":[]},"_links":{"self":[{"href":"https:\/\/suisse-fibromyalgie.ch\/fr\/wp-json\/wp\/v2\/pages\/6406","targetHints":{"allow":["GET"]}}],"collection":[{"href":"https:\/\/suisse-fibromyalgie.ch\/fr\/wp-json\/wp\/v2\/pages"}],"about":[{"href":"https:\/\/suisse-fibromyalgie.ch\/fr\/wp-json\/wp\/v2\/types\/page"}],"author":[{"embeddable":true,"href":"https:\/\/suisse-fibromyalgie.ch\/fr\/wp-json\/wp\/v2\/users\/1"}],"replies":[{"embeddable":true,"href":"https:\/\/suisse-fibromyalgie.ch\/fr\/wp-json\/wp\/v2\/comments?post=6406"}],"version-history":[{"count":12,"href":"https:\/\/suisse-fibromyalgie.ch\/fr\/wp-json\/wp\/v2\/pages\/6406\/revisions"}],"predecessor-version":[{"id":6420,"href":"https:\/\/suisse-fibromyalgie.ch\/fr\/wp-json\/wp\/v2\/pages\/6406\/revisions\/6420"}],"wp:attachment":[{"href":"https:\/\/suisse-fibromyalgie.ch\/fr\/wp-json\/wp\/v2\/media?parent=6406"}],"curies":[{"name":"wp","href":"https:\/\/api.w.org\/{rel}","templated":true}]}}