{"id":5871,"date":"2024-08-05T20:06:19","date_gmt":"2024-08-05T18:06:19","guid":{"rendered":"https:\/\/suisse-fibromyalgie.ch\/?page_id=5871"},"modified":"2026-02-05T16:11:48","modified_gmt":"2026-02-05T15:11:48","slug":"avagadro-aubrey-therapie-alternative-reiki-et-chromotherapie","status":"publish","type":"page","link":"https:\/\/suisse-fibromyalgie.ch\/fr\/avagadro-aubrey-therapie-alternative-reiki-et-chromotherapie\/","title":{"rendered":"Avogadro Audrey &#8211;  Th\u00e9rapie alternative  (Reiki et chromoth\u00e9rapie)"},"content":{"rendered":"\t\t<div data-elementor-type=\"wp-page\" data-elementor-id=\"5871\" class=\"elementor elementor-5871\" data-elementor-post-type=\"page\">\n\t\t\t\t\t\t<section class=\"elementor-section elementor-top-section elementor-element elementor-element-5643a8c elementor-section-boxed elementor-section-height-default elementor-section-height-default\" data-id=\"5643a8c\" data-element_type=\"section\" data-e-type=\"section\">\n\t\t\t\t\t\t<div class=\"elementor-container elementor-column-gap-default\">\n\t\t\t\t\t<div class=\"elementor-column elementor-col-50 elementor-top-column elementor-element elementor-element-c953588\" data-id=\"c953588\" data-element_type=\"column\" data-e-type=\"column\">\n\t\t\t<div class=\"elementor-widget-wrap elementor-element-populated\">\n\t\t\t\t\t\t<div class=\"elementor-element elementor-element-68ab1cb elementor-widget elementor-widget-image\" data-id=\"68ab1cb\" data-element_type=\"widget\" data-e-type=\"widget\" data-widget_type=\"image.default\">\n\t\t\t\t<div class=\"elementor-widget-container\">\n\t\t\t\t\t\t\t\t\t\t\t\t\t\t\t<img fetchpriority=\"high\" decoding=\"async\" width=\"204\" height=\"343\" src=\"https:\/\/suisse-fibromyalgie.ch\/wp-content\/uploads\/Avogadro-Audrey.jpg\" class=\"attachment-large size-large wp-image-5872\" alt=\"\" srcset=\"https:\/\/suisse-fibromyalgie.ch\/wp-content\/uploads\/Avogadro-Audrey.jpg 204w, https:\/\/suisse-fibromyalgie.ch\/wp-content\/uploads\/Avogadro-Audrey-178x300.jpg 178w, https:\/\/suisse-fibromyalgie.ch\/wp-content\/uploads\/Avogadro-Audrey-7x12.jpg 7w\" sizes=\"(max-width: 204px) 100vw, 204px\" \/>\t\t\t\t\t\t\t\t\t\t\t\t\t\t\t<\/div>\n\t\t\t\t<\/div>\n\t\t\t\t\t<\/div>\n\t\t<\/div>\n\t\t\t\t<div class=\"elementor-column elementor-col-50 elementor-top-column elementor-element elementor-element-d7d3abd\" data-id=\"d7d3abd\" data-element_type=\"column\" data-e-type=\"column\">\n\t\t\t<div class=\"elementor-widget-wrap elementor-element-populated\">\n\t\t\t\t\t\t<div class=\"elementor-element elementor-element-cdd1fa2 elementor-widget elementor-widget-text-editor\" data-id=\"cdd1fa2\" data-element_type=\"widget\" data-e-type=\"widget\" data-widget_type=\"text-editor.default\">\n\t\t\t\t<div class=\"elementor-widget-container\">\n\t\t\t\t\t\t\t\t\t<p class=\"font_9 wixui-rich-text__text\"><span class=\"wixui-rich-text__text\"><span class=\"color_15 wixui-rich-text__text\">Je m&rsquo;appelle Audrey,<\/span><\/span><\/p><p class=\"font_9 wixui-rich-text__text\"><span class=\"wixui-rich-text__text\"><span class=\"color_15 wixui-rich-text__text\">Enseignante de profession et dipl\u00f4m\u00e9e d&rsquo;une ma\u00eetrise en psychologie du d\u00e9veloppement,<\/span><\/span><span class=\"color_15 wixui-rich-text__text\">\u00a0je prends part depuis plusieurs ann\u00e9es sur mon temps libre \u00e0 diff\u00e9rentes formations qui m&rsquo;ont permis d&rsquo;approfondir mon d\u00e9veloppement personnel, mais aussi d&rsquo;apporter une \u00e9coute attentive, un soutien et des gu\u00e9risons aux personnes demandeuses.\u00a0<\/span><\/p><p class=\"font_9 wixui-rich-text__text\"><span class=\"wixui-rich-text__text\"><span class=\"color_15 wixui-rich-text__text\">J&rsquo;ai d\u00e9couvert le reiki et pass\u00e9 mon premier degr\u00e9 en 2014. Passionn\u00e9e par cet apprentissage et le travail personnel qu&rsquo;il m&rsquo;a permis d&rsquo;effectuer, j&rsquo;ai continu\u00e9 jusqu&rsquo;au niveau de ma\u00eetrise.<\/span><\/span><\/p><p class=\"font_9 wixui-rich-text__text\"><span class=\"color_15 wixui-rich-text__text\">J&rsquo;ai donc mes dipl\u00f4mes en tant que ma\u00eetre formatrice en reiki depuis 2018. En parall\u00e8le j&rsquo;ai eu l&rsquo;occasion de continuer de me former dans divers domaines spirituels (laochi, chamanisme, radiesth\u00e9sie, vies ant\u00e9rieures, chromoth\u00e9rapies).<\/span><\/p><p class=\"font_9 wixui-rich-text__text\"><span class=\"color_15 wixui-rich-text__text\"><span class=\"wixui-rich-text__text\">La formation en chromoth\u00e9rapie (ou th\u00e9rapie par les couleurs) m&rsquo;a permis d&rsquo;obtenir la validation et la reconnaissance des\u00a0<a class=\"wixui-rich-text__text\" href=\"https:\/\/www.graine-de-conscience.com\/blank-4\" target=\"_self\" data-anchor=\"dataItem-lna6pgda\">compl\u00e9mentaires reconnues par ASCA,<\/a>\u00a0sigle 275.\u00a0<\/span><\/span><\/p><p class=\"font_9 wixui-rich-text__text\"><span class=\"color_15 wixui-rich-text__text\"><span class=\"wixui-rich-text__text\">(RME d&rsquo;ici la fin de l&rsquo;ann\u00e9e).<\/span><\/span><\/p><p class=\"font_9 wixui-rich-text__text\"><span class=\"wixui-rich-text__text\"><span class=\"color_15 wixui-rich-text__text\">\u00a0Durant les s\u00e9ances, je m&rsquo;engage \u00e0 aider mes clients, \u00e0 les accompagner dans leurs transitions physiques, \u00e9motionnelles et spirituelles de la mani\u00e8re la plus professionnelle et bienveillante possible. Les soins<\/span><\/span><span class=\"wixui-rich-text__text\"><span class=\"color_15 wixui-rich-text__text\">\u00a0sont sp\u00e9cialement adapt\u00e9s aux besoins de chacun afin de\u00a0 b\u00e9n\u00e9ficier de l&rsquo;approche la plus appropri\u00e9e.<\/span><\/span><\/p><p class=\"font_9 wixui-rich-text__text\"><span class=\"wixui-rich-text__text\"><span class=\"color_15 wixui-rich-text__text\">N&rsquo;h\u00e9sitez pas \u00e0 me contacter pour en savoir plus \ud83d\ude42\u00a0<\/span><\/span><\/p>\t\t\t\t\t\t\t\t<\/div>\n\t\t\t\t<\/div>\n\t\t\t\t\t<\/div>\n\t\t<\/div>\n\t\t\t\t\t<\/div>\n\t\t<\/section>\n\t\t\t\t<section class=\"elementor-section elementor-top-section elementor-element elementor-element-631ed05 elementor-section-boxed elementor-section-height-default elementor-section-height-default\" data-id=\"631ed05\" data-element_type=\"section\" data-e-type=\"section\">\n\t\t\t\t\t\t<div class=\"elementor-container elementor-column-gap-default\">\n\t\t\t\t\t<div class=\"elementor-column elementor-col-50 elementor-top-column elementor-element elementor-element-5a37222\" data-id=\"5a37222\" data-element_type=\"column\" data-e-type=\"column\">\n\t\t\t<div class=\"elementor-widget-wrap elementor-element-populated\">\n\t\t\t\t\t\t<div class=\"elementor-element elementor-element-b7b5307 elementor-widget elementor-widget-text-editor\" data-id=\"b7b5307\" data-element_type=\"widget\" data-e-type=\"widget\" data-widget_type=\"text-editor.default\">\n\t\t\t\t<div class=\"elementor-widget-container\">\n\t\t\t\t\t\t\t\t\t<h5 class=\"font_0 wixui-rich-text__text\" style=\"text-align: right;\"><span class=\"wixui-rich-text__text\"><span class=\"color_35 wixui-rich-text__text\">Oui, j&rsquo;ose prendre ma vie en main<\/span><\/span><\/h5>\t\t\t\t\t\t\t\t<\/div>\n\t\t\t\t<\/div>\n\t\t\t\t\t<\/div>\n\t\t<\/div>\n\t\t\t\t<div class=\"elementor-column elementor-col-50 elementor-top-column elementor-element elementor-element-ee4ce02\" data-id=\"ee4ce02\" data-element_type=\"column\" data-e-type=\"column\">\n\t\t\t<div class=\"elementor-widget-wrap elementor-element-populated\">\n\t\t\t\t\t\t<div class=\"elementor-element elementor-element-0df1417 elementor-widget elementor-widget-text-editor\" data-id=\"0df1417\" data-element_type=\"widget\" data-e-type=\"widget\" data-widget_type=\"text-editor.default\">\n\t\t\t\t<div class=\"elementor-widget-container\">\n\t\t\t\t\t\t\t\t\t<p><a href=\"https:\/\/www.graine-de-conscience.com\/\" target=\"_blank\" rel=\"noopener\">Pour en savoir plus, cliquez sur ce lien<\/a><\/p>\t\t\t\t\t\t\t\t<\/div>\n\t\t\t\t<\/div>\n\t\t\t\t\t<\/div>\n\t\t<\/div>\n\t\t\t\t\t<\/div>\n\t\t<\/section>\n\t\t\t\t<\/div>\n\t\t","protected":false},"excerpt":{"rendered":"<p>Je m&rsquo;appelle Audrey, Enseignante de profession et dipl\u00f4m\u00e9e d&rsquo;une ma\u00eetrise en psychologie du d\u00e9veloppement,\u00a0je prends part depuis plusieurs ann\u00e9es sur mon temps libre \u00e0 diff\u00e9rentes formations qui m&rsquo;ont permis d&rsquo;approfondir [&hellip;]<\/p>\n","protected":false},"author":1,"featured_media":0,"parent":0,"menu_order":0,"comment_status":"closed","ping_status":"closed","template":"","meta":{"footnotes":""},"class_list":["post-5871","page","type-page","status-publish","hentry"],"publishpress_future_action":{"enabled":false,"date":"2026-04-16 12:20:48","action":"change-status","newStatus":"draft","terms":[],"taxonomy":"","extraData":[]},"publishpress_future_workflow_manual_trigger":{"enabledWorkflows":[]},"_links":{"self":[{"href":"https:\/\/suisse-fibromyalgie.ch\/fr\/wp-json\/wp\/v2\/pages\/5871","targetHints":{"allow":["GET"]}}],"collection":[{"href":"https:\/\/suisse-fibromyalgie.ch\/fr\/wp-json\/wp\/v2\/pages"}],"about":[{"href":"https:\/\/suisse-fibromyalgie.ch\/fr\/wp-json\/wp\/v2\/types\/page"}],"author":[{"embeddable":true,"href":"https:\/\/suisse-fibromyalgie.ch\/fr\/wp-json\/wp\/v2\/users\/1"}],"replies":[{"embeddable":true,"href":"https:\/\/suisse-fibromyalgie.ch\/fr\/wp-json\/wp\/v2\/comments?post=5871"}],"version-history":[{"count":3,"href":"https:\/\/suisse-fibromyalgie.ch\/fr\/wp-json\/wp\/v2\/pages\/5871\/revisions"}],"predecessor-version":[{"id":9067,"href":"https:\/\/suisse-fibromyalgie.ch\/fr\/wp-json\/wp\/v2\/pages\/5871\/revisions\/9067"}],"wp:attachment":[{"href":"https:\/\/suisse-fibromyalgie.ch\/fr\/wp-json\/wp\/v2\/media?parent=5871"}],"curies":[{"name":"wp","href":"https:\/\/api.w.org\/{rel}","templated":true}]}}