{"id":5838,"date":"2024-07-22T11:30:06","date_gmt":"2024-07-22T09:30:06","guid":{"rendered":"https:\/\/suisse-fibromyalgie.ch\/?page_id=5838"},"modified":"2024-07-22T13:52:42","modified_gmt":"2024-07-22T11:52:42","slug":"lecapitaine-martin-la-sono-therapie","status":"publish","type":"page","link":"https:\/\/suisse-fibromyalgie.ch\/fr\/lecapitaine-martin-la-sono-therapie\/","title":{"rendered":"Lecapitaine Martin &#8211; La sono th\u00e9rapie"},"content":{"rendered":"\t\t<div data-elementor-type=\"wp-page\" data-elementor-id=\"5838\" class=\"elementor elementor-5838\" data-elementor-post-type=\"page\">\n\t\t\t\t\t\t<section class=\"elementor-section elementor-top-section elementor-element elementor-element-455576d elementor-section-boxed elementor-section-height-default elementor-section-height-default\" data-id=\"455576d\" data-element_type=\"section\" data-e-type=\"section\">\n\t\t\t\t\t\t<div class=\"elementor-container elementor-column-gap-default\">\n\t\t\t\t\t<div class=\"elementor-column elementor-col-50 elementor-top-column elementor-element elementor-element-be31f53\" data-id=\"be31f53\" data-element_type=\"column\" data-e-type=\"column\">\n\t\t\t<div class=\"elementor-widget-wrap elementor-element-populated\">\n\t\t\t\t\t\t<div class=\"elementor-element elementor-element-6c5ee45 elementor-widget elementor-widget-image\" data-id=\"6c5ee45\" data-element_type=\"widget\" data-e-type=\"widget\" data-widget_type=\"image.default\">\n\t\t\t\t<div class=\"elementor-widget-container\">\n\t\t\t\t\t\t\t\t\t\t\t\t\t\t\t<img fetchpriority=\"high\" decoding=\"async\" width=\"800\" height=\"529\" src=\"https:\/\/suisse-fibromyalgie.ch\/wp-content\/uploads\/adultmelodia-002.jpg\" class=\"attachment-large size-large wp-image-5854\" alt=\"\" srcset=\"https:\/\/suisse-fibromyalgie.ch\/wp-content\/uploads\/adultmelodia-002.jpg 951w, https:\/\/suisse-fibromyalgie.ch\/wp-content\/uploads\/adultmelodia-002-300x198.jpg 300w, https:\/\/suisse-fibromyalgie.ch\/wp-content\/uploads\/adultmelodia-002-768x508.jpg 768w, https:\/\/suisse-fibromyalgie.ch\/wp-content\/uploads\/adultmelodia-002-18x12.jpg 18w\" sizes=\"(max-width: 800px) 100vw, 800px\" \/>\t\t\t\t\t\t\t\t\t\t\t\t\t\t\t<\/div>\n\t\t\t\t<\/div>\n\t\t\t\t\t<\/div>\n\t\t<\/div>\n\t\t\t\t<div class=\"elementor-column elementor-col-50 elementor-top-column elementor-element elementor-element-728ab29\" data-id=\"728ab29\" data-element_type=\"column\" data-e-type=\"column\">\n\t\t\t<div class=\"elementor-widget-wrap elementor-element-populated\">\n\t\t\t\t\t\t<div class=\"elementor-element elementor-element-1147fc4 elementor-widget elementor-widget-text-editor\" data-id=\"1147fc4\" data-element_type=\"widget\" data-e-type=\"widget\" data-widget_type=\"text-editor.default\">\n\t\t\t\t<div class=\"elementor-widget-container\">\n\t\t\t\t\t\t\t\t\t<h3>La sono th\u00e9rapie<\/h3><div class=\"elementor-element elementor-element-0ede247 elementor-widget__width-initial elementor-widget elementor-widget-text-editor\" data-id=\"0ede247\" data-element_type=\"widget\" data-widget_type=\"text-editor.default\"><div class=\"elementor-widget-container\"><p><span lang=\"FR\">La sono th\u00e9rapie agit de fa\u00e7on directe sur le cerveau, et c\u2019est tout \u00e0 fait observable gr\u00e2ce aux \u00e9lectro-enc\u00e9phalogrammes.<\/span><\/p><p><span lang=\"FR\">L\u2019\u00e9tat profond de relaxation, par exemple, ralenti l\u2019activit\u00e9 c\u00e9r\u00e9brale et active les ondes \u00ab alpha \u00bb du cerveau. Elles se situent entre 8hz et 12hz et permettent une r\u00e9cup\u00e9ration profonde de l\u2019organisme. Un autre exemple, les ondes \u00ab beta \u00bb sont comprises entre 12hz et 20hz et correspondent \u00e0 un \u00e9tat accru de vigilance, de concentration.<\/span><\/p><p><span lang=\"FR\">Il existe 5 ondes principales \u00e9mises par notre cerveau (delta, th\u00eata, alpha, beta et gamma) et on peut lier chacune d\u2019entre elles \u00e0 un \u00e9tat.\u00a0<\/span><\/p><p><span lang=\"FR\">C\u2019est en ciblant ces ondes via la sono th\u00e9rapie et le battement binaural que nous pouvons activer ou inhiber certaines fonctions cognitives.<br \/>Et gr\u00e2ce \u00e0 cela nous pouvons agir directement sur la sensation de bien-\u00eatre, sur la sensation de certains sympt\u00f4mes, et cela de fa\u00e7on non m\u00e9dicamenteuse, non invasive et sans contre-indications.<\/span><\/p><\/div><\/div>\t\t\t\t\t\t\t\t<\/div>\n\t\t\t\t<\/div>\n\t\t\t\t\t<\/div>\n\t\t<\/div>\n\t\t\t\t\t<\/div>\n\t\t<\/section>\n\t\t\t\t<section class=\"elementor-section elementor-top-section elementor-element elementor-element-8e9f295 elementor-section-boxed elementor-section-height-default elementor-section-height-default\" data-id=\"8e9f295\" data-element_type=\"section\" data-e-type=\"section\">\n\t\t\t\t\t\t<div class=\"elementor-container elementor-column-gap-default\">\n\t\t\t\t\t<div class=\"elementor-column elementor-col-100 elementor-top-column elementor-element elementor-element-92d61b9\" data-id=\"92d61b9\" data-element_type=\"column\" data-e-type=\"column\">\n\t\t\t<div class=\"elementor-widget-wrap elementor-element-populated\">\n\t\t\t\t\t\t<div class=\"elementor-element elementor-element-f867ac4 elementor-widget elementor-widget-text-editor\" data-id=\"f867ac4\" data-element_type=\"widget\" data-e-type=\"widget\" data-widget_type=\"text-editor.default\">\n\t\t\t\t<div class=\"elementor-widget-container\">\n\t\t\t\t\t\t\t\t\t<ul><li><p>Melodia Therapy est une application de sono th\u00e9rapie et de neuroscience qui utilise des sons de la nature, des musiques relaxantes et des vibrations sp\u00e9cifiques (battement binaural et tons isochrones) pour stimuler votre bien-\u00eatre et vous aider \u00e0 vous sentir mieux.<\/p><\/li><li><p>Notre application de th\u00e9rapie sonore utilise des techniques de relaxation profonde pour r\u00e9duire le stress, soulager les sympt\u00f4mes de diverses pathologies et vous soutenir dans votre vie quotidienne.<\/p><\/li><li><p>La musique th\u00e9rapeutique est utilis\u00e9e depuis des si\u00e8cles pour am\u00e9liorer la sant\u00e9 mentale et physique. Avec Melodia Therapy, vous pouvez acc\u00e9der \u00e0 une vari\u00e9t\u00e9 de musiques et de sons qui ont \u00e9t\u00e9 sp\u00e9cialement s\u00e9lectionn\u00e9s pour leur effet th\u00e9rapeutique.<\/p><\/li><li><p>Les binaural beats, associ\u00e9s aux sons de la nature et aux musiques relaxantes, cr\u00e9ent une synergie puissante pour vous aider \u00e0 atteindre un \u00e9tat de relaxation profonde, am\u00e9liorer votre qualit\u00e9 de sommeil et stimuler votre bien-\u00eatre physique et mental.<\/p><\/li><li><p>Que vous souffriez d\u2019anxi\u00e9t\u00e9, de d\u00e9pression, de stress ou de douleur, Melodia Therapy peut vous aider \u00e0 vous sentir mieux et \u00e0 am\u00e9liorer votre qualit\u00e9 de vie gr\u00e2ce \u00e0 notre approche holistique de la sant\u00e9 et du bien-\u00eatre.<\/p><\/li><\/ul><p><em>\u00ab\u00a0<strong>La musique donne une \u00e2me \u00e0 nos c\u0153urs et des ailes \u00e0 la pens\u00e9e<\/strong>\u00bb<\/em><em>Platon (po\u00e8me La Musique)\u00a0<\/em><\/p>\t\t\t\t\t\t\t\t<\/div>\n\t\t\t\t<\/div>\n\t\t\t\t\t<\/div>\n\t\t<\/div>\n\t\t\t\t\t<\/div>\n\t\t<\/section>\n\t\t\t\t<section class=\"elementor-section elementor-top-section elementor-element elementor-element-085dee4 elementor-section-boxed elementor-section-height-default elementor-section-height-default\" data-id=\"085dee4\" data-element_type=\"section\" data-e-type=\"section\">\n\t\t\t\t\t\t<div class=\"elementor-container elementor-column-gap-default\">\n\t\t\t\t\t<div class=\"elementor-column elementor-col-50 elementor-top-column elementor-element elementor-element-fd354a9\" data-id=\"fd354a9\" data-element_type=\"column\" data-e-type=\"column\">\n\t\t\t<div class=\"elementor-widget-wrap elementor-element-populated\">\n\t\t\t\t\t\t<div class=\"elementor-element elementor-element-056f65c elementor-widget elementor-widget-text-editor\" data-id=\"056f65c\" data-element_type=\"widget\" data-e-type=\"widget\" data-widget_type=\"text-editor.default\">\n\t\t\t\t<div class=\"elementor-widget-container\">\n\t\t\t\t\t\t\t\t\t<p><span class=\"uael-before-heading\"><span class=\"elementor-inline-editing uael-dual-heading-text uael-first-text\" data-elementor-setting-key=\"before_heading_text\" data-elementor-inline-editing-toolbar=\"basic\">Melodia Therapy. <\/span><\/span><span class=\"uael-adv-heading-stack\"><span class=\"elementor-inline-editing uael-dual-heading-text uael-highlight-text\" data-elementor-setting-key=\"second_heading_text\" data-elementor-inline-editing-toolbar=\"basic\">Votre application de sonoth\u00e9rapie<\/span><\/span><\/p>\t\t\t\t\t\t\t\t<\/div>\n\t\t\t\t<\/div>\n\t\t\t\t\t<\/div>\n\t\t<\/div>\n\t\t\t\t<div class=\"elementor-column elementor-col-50 elementor-top-column elementor-element elementor-element-f2fd1cd\" data-id=\"f2fd1cd\" data-element_type=\"column\" data-e-type=\"column\">\n\t\t\t<div class=\"elementor-widget-wrap elementor-element-populated\">\n\t\t\t\t\t\t<div class=\"elementor-element elementor-element-eb4a11b elementor-widget elementor-widget-text-editor\" data-id=\"eb4a11b\" data-element_type=\"widget\" data-e-type=\"widget\" data-widget_type=\"text-editor.default\">\n\t\t\t\t<div class=\"elementor-widget-container\">\n\t\t\t\t\t\t\t\t\t<p><a href=\"https:\/\/www.melodiatherapy.com\/fr\/home-fr\/\" target=\"_blank\" rel=\"noopener\">Pour en savoir plus, cliquez sur ce lien<\/a><\/p>\t\t\t\t\t\t\t\t<\/div>\n\t\t\t\t<\/div>\n\t\t\t\t\t<\/div>\n\t\t<\/div>\n\t\t\t\t\t<\/div>\n\t\t<\/section>\n\t\t\t\t<section class=\"elementor-section elementor-top-section elementor-element elementor-element-b7c627a elementor-section-boxed elementor-section-height-default elementor-section-height-default\" data-id=\"b7c627a\" data-element_type=\"section\" data-e-type=\"section\">\n\t\t\t\t\t\t<div class=\"elementor-container elementor-column-gap-default\">\n\t\t\t\t\t<div class=\"elementor-column elementor-col-50 elementor-top-column elementor-element elementor-element-d322403\" data-id=\"d322403\" data-element_type=\"column\" data-e-type=\"column\">\n\t\t\t<div class=\"elementor-widget-wrap elementor-element-populated\">\n\t\t\t\t\t\t<div class=\"elementor-element elementor-element-9b00742 elementor-widget elementor-widget-text-editor\" data-id=\"9b00742\" data-element_type=\"widget\" data-e-type=\"widget\" data-widget_type=\"text-editor.default\">\n\t\t\t\t<div class=\"elementor-widget-container\">\n\t\t\t\t\t\t\t\t\t<p><strong>FIBROMYALGIE : BIEN-\u00caTRE PAR LA SONOTH\u00c9RAPIE AVEC MELODIA THERAPY<\/strong><\/p>\t\t\t\t\t\t\t\t<\/div>\n\t\t\t\t<\/div>\n\t\t\t\t\t<\/div>\n\t\t<\/div>\n\t\t\t\t<div class=\"elementor-column elementor-col-50 elementor-top-column elementor-element elementor-element-5f17e86\" data-id=\"5f17e86\" data-element_type=\"column\" data-e-type=\"column\">\n\t\t\t<div class=\"elementor-widget-wrap elementor-element-populated\">\n\t\t\t\t\t\t<div class=\"elementor-element elementor-element-4b4a699 elementor-widget elementor-widget-text-editor\" data-id=\"4b4a699\" data-element_type=\"widget\" data-e-type=\"widget\" data-widget_type=\"text-editor.default\">\n\t\t\t\t<div class=\"elementor-widget-container\">\n\t\t\t\t\t\t\t\t\t<p><a href=\"https:\/\/suisse-fibromyalgie.ch\/wp-content\/uploads\/Article-ASFM-Melodia-Therapy.pdf\" target=\"_blank\" rel=\"noopener\">Pour en savoir plus, cliquez sur ce lien pour voir l&rsquo;article en PDF<\/a><\/p>\t\t\t\t\t\t\t\t<\/div>\n\t\t\t\t<\/div>\n\t\t\t\t\t<\/div>\n\t\t<\/div>\n\t\t\t\t\t<\/div>\n\t\t<\/section>\n\t\t\t\t<\/div>\n\t\t","protected":false},"excerpt":{"rendered":"<p>La sono th\u00e9rapie La sono th\u00e9rapie agit de fa\u00e7on directe sur le cerveau, et c\u2019est tout \u00e0 fait observable gr\u00e2ce aux \u00e9lectro-enc\u00e9phalogrammes. L\u2019\u00e9tat profond de relaxation, par exemple, ralenti l\u2019activit\u00e9 [&hellip;]<\/p>\n","protected":false},"author":1,"featured_media":0,"parent":0,"menu_order":0,"comment_status":"closed","ping_status":"closed","template":"","meta":{"footnotes":""},"class_list":["post-5838","page","type-page","status-publish","hentry"],"publishpress_future_action":{"enabled":false,"date":"2026-04-21 19:57:03","action":"change-status","newStatus":"draft","terms":[],"taxonomy":"","extraData":[]},"publishpress_future_workflow_manual_trigger":{"enabledWorkflows":[]},"_links":{"self":[{"href":"https:\/\/suisse-fibromyalgie.ch\/fr\/wp-json\/wp\/v2\/pages\/5838","targetHints":{"allow":["GET"]}}],"collection":[{"href":"https:\/\/suisse-fibromyalgie.ch\/fr\/wp-json\/wp\/v2\/pages"}],"about":[{"href":"https:\/\/suisse-fibromyalgie.ch\/fr\/wp-json\/wp\/v2\/types\/page"}],"author":[{"embeddable":true,"href":"https:\/\/suisse-fibromyalgie.ch\/fr\/wp-json\/wp\/v2\/users\/1"}],"replies":[{"embeddable":true,"href":"https:\/\/suisse-fibromyalgie.ch\/fr\/wp-json\/wp\/v2\/comments?post=5838"}],"version-history":[{"count":0,"href":"https:\/\/suisse-fibromyalgie.ch\/fr\/wp-json\/wp\/v2\/pages\/5838\/revisions"}],"wp:attachment":[{"href":"https:\/\/suisse-fibromyalgie.ch\/fr\/wp-json\/wp\/v2\/media?parent=5838"}],"curies":[{"name":"wp","href":"https:\/\/api.w.org\/{rel}","templated":true}]}}