{"id":5642,"date":"2024-06-20T10:30:24","date_gmt":"2024-06-20T08:30:24","guid":{"rendered":"https:\/\/suisse-fibromyalgie.ch\/?page_id=5642"},"modified":"2024-06-21T13:38:19","modified_gmt":"2024-06-21T11:38:19","slug":"seminaire-ecriture-therapeutique-du-18-juin-2024","status":"publish","type":"page","link":"https:\/\/suisse-fibromyalgie.ch\/fr\/seminaire-ecriture-therapeutique-du-18-juin-2024\/","title":{"rendered":"S\u00e9minaire \u00ab\u00a0Ecriture th\u00e9rapeutique\u00a0\u00bb du 15 juin 2024"},"content":{"rendered":"\t\t<div data-elementor-type=\"wp-page\" data-elementor-id=\"5642\" class=\"elementor elementor-5642\" data-elementor-post-type=\"page\">\n\t\t\t\t\t\t<section class=\"elementor-section elementor-top-section elementor-element elementor-element-deae11b elementor-section-boxed elementor-section-height-default elementor-section-height-default\" data-id=\"deae11b\" data-element_type=\"section\" data-e-type=\"section\">\n\t\t\t\t\t\t<div class=\"elementor-container elementor-column-gap-default\">\n\t\t\t\t\t<div class=\"elementor-column elementor-col-100 elementor-top-column elementor-element elementor-element-b5d783b\" data-id=\"b5d783b\" data-element_type=\"column\" data-e-type=\"column\">\n\t\t\t<div class=\"elementor-widget-wrap elementor-element-populated\">\n\t\t\t\t\t\t<div class=\"elementor-element elementor-element-7253295 elementor-widget elementor-widget-heading\" data-id=\"7253295\" data-element_type=\"widget\" data-e-type=\"widget\" data-widget_type=\"heading.default\">\n\t\t\t\t<div class=\"elementor-widget-container\">\n\t\t\t\t\t<h2 class=\"elementor-heading-title elementor-size-default\">Lors du s\u00e9minaire sur \"L'\u00e9criture th\u00e9rapeutique\" organis\u00e9 par  l\u2019Association Suisse des fibromyalgiques ASFM, et anim\u00e9 par Madame Mauranne Etienne, psychologue qui a eu lieu le 15 juin 2024 dans le caveau \"Le Champagoux\" \u00e0 Champagne.<br>\nUne participante a \u00e9crit un magnifique texte sur une \"licorne\" qu'elle a \u00e9t\u00e9 d'accord de partager avec vous.<\/h2>\t\t\t\t<\/div>\n\t\t\t\t<\/div>\n\t\t\t\t\t<\/div>\n\t\t<\/div>\n\t\t\t\t\t<\/div>\n\t\t<\/section>\n\t\t\t\t<section class=\"elementor-section elementor-top-section elementor-element elementor-element-faad180 elementor-section-boxed elementor-section-height-default elementor-section-height-default\" data-id=\"faad180\" data-element_type=\"section\" data-e-type=\"section\">\n\t\t\t\t\t\t<div class=\"elementor-container elementor-column-gap-default\">\n\t\t\t\t\t<div class=\"elementor-column elementor-col-100 elementor-top-column elementor-element elementor-element-906c4fd\" data-id=\"906c4fd\" data-element_type=\"column\" data-e-type=\"column\">\n\t\t\t<div class=\"elementor-widget-wrap elementor-element-populated\">\n\t\t\t\t\t\t<div class=\"elementor-element elementor-element-742d9a0 elementor-widget elementor-widget-image\" data-id=\"742d9a0\" data-element_type=\"widget\" data-e-type=\"widget\" data-widget_type=\"image.default\">\n\t\t\t\t<div class=\"elementor-widget-container\">\n\t\t\t\t\t\t\t\t\t\t\t\t\t\t\t<img fetchpriority=\"high\" decoding=\"async\" width=\"429\" height=\"325\" src=\"https:\/\/suisse-fibromyalgie.ch\/wp-content\/uploads\/Licorne.jpg\" class=\"attachment-large size-large wp-image-5643\" alt=\"\" srcset=\"https:\/\/suisse-fibromyalgie.ch\/wp-content\/uploads\/Licorne.jpg 429w, https:\/\/suisse-fibromyalgie.ch\/wp-content\/uploads\/Licorne-300x227.jpg 300w, https:\/\/suisse-fibromyalgie.ch\/wp-content\/uploads\/Licorne-16x12.jpg 16w\" sizes=\"(max-width: 429px) 100vw, 429px\" \/>\t\t\t\t\t\t\t\t\t\t\t\t\t\t\t<\/div>\n\t\t\t\t<\/div>\n\t\t\t\t\t<\/div>\n\t\t<\/div>\n\t\t\t\t\t<\/div>\n\t\t<\/section>\n\t\t\t\t<section class=\"elementor-section elementor-top-section elementor-element elementor-element-9a9826c elementor-section-boxed elementor-section-height-default elementor-section-height-default\" data-id=\"9a9826c\" data-element_type=\"section\" data-e-type=\"section\">\n\t\t\t\t\t\t<div class=\"elementor-container elementor-column-gap-default\">\n\t\t\t\t\t<div class=\"elementor-column elementor-col-100 elementor-top-column elementor-element elementor-element-dc54c54\" data-id=\"dc54c54\" data-element_type=\"column\" data-e-type=\"column\">\n\t\t\t<div class=\"elementor-widget-wrap elementor-element-populated\">\n\t\t\t\t\t\t<div class=\"elementor-element elementor-element-823d2dc elementor-widget elementor-widget-text-editor\" data-id=\"823d2dc\" data-element_type=\"widget\" data-e-type=\"widget\" data-widget_type=\"text-editor.default\">\n\t\t\t\t<div class=\"elementor-widget-container\">\n\t\t\t\t\t\t\t\t\t<p><em>Quel\u00a0 est\u00a0 ce\u00a0 monde\u00a0 ?<\/em><\/p><p>Le b\u00e9b\u00e9 Licorne se sent \u00e0 l\u2019\u00e9troit. Dans cet \u0153uf qui l\u2019a si bien prot\u00e9g\u00e9e durant plusieurs mois, elle a maintenant besoin de bouger, de s\u2019\u00e9tirer, d\u2019aller d\u00e9couvrir d\u2019o\u00f9 viennent les sons qu\u2019elle per\u00e7oit au travers de la coquille.<\/p><p>Elle pousse avec ses pattes, arrondit son dos, utilise sa corne pour percer cette coquille et enfin se lib\u00e9rer.<br \/>Elle d\u00e9couvre en premier la lumi\u00e8re, qui l\u2019\u00e9blouit et lui fait cligner des yeux le temps qu\u2019elle s\u2019habitue \u00e0 cette clart\u00e9.<br \/>Puis viennent les premiers gestes, libres de toute entrave. <br \/>Oh\u00a0! que de place dont elle dispose, qu\u2019il est bon de pouvoir s\u2019\u00e9tirer, bouger en toute libert\u00e9\u00a0!<\/p><p>Elle tente de se lever sur ses pattes mais\u2026 elle a besoin d\u2019un peu de temps pour d\u00e9couvrir la notion d\u2019\u00e9quilibre. Son arri\u00e8re train fait connaissance avec le sol bien quelques fois avant que, enfin, elle arrive \u00e0 se tenir debout.<\/p><p>B\u00e9b\u00e9 Licorne d\u00e9couvre la possibilit\u00e9 de marcher, puis courir et elle se met \u00e0 gambader, sautiller, ruer\u00a0; tant de mouvements possibles\u00a0! tant de capacit\u00e9s \u00e0 d\u00e9couvrir\u00a0!<\/p><p>Mais la d\u00e9couverte ne s\u2019arr\u00eate pas \u00e0 ses propres possibilit\u00e9s int\u00e9rieures. La Licorne, encore amoindrie par la p\u00e9riode de gestation enferm\u00e9e dans sa coquille, souhaite d\u00e9couvrir ce monde dont elle fait partie.<\/p><p>Elle observe ce monde qui l\u2019entoure et aper\u00e7oit un \u00eatre \u00e9trange, pos\u00e9 sur deux pattes seulement\u00a0! Comme c\u2019est bizarre\u00a0! sur deux pattes\u00a0!!!<br \/>Toute joyeuse de pouvoir entrer en contact avec quelqu\u2019un, elle s\u2019approche de ce bip\u00e8de. Elle \u00e9tudie ce nouvel \u00eatre tout en gambadant dans sa direction.<\/p><p>Emplie de positivit\u00e9 et de sociabilit\u00e9, elle s\u2019adresse au bip\u00e8de, lui demandant qui il est, quel est ce monde, que sont ces objets tr\u00e8s color\u00e9s qui sortent du sol, d\u2019o\u00f9 vient cette clart\u00e9 qui l\u2019a \u00e9blouie \u00e0 la sortie de son \u0153uf.<\/p><p>Le bip\u00e8de se pr\u00e9sente\u00a0: je suis un humain, toi tu es une Licorne, ce sont des fleurs qui nous entourent, le soleil nous \u00e9claire et nous r\u00e9chauffe, et vous vivons sur la plan\u00e8te Terre.<br \/>Bienvenue \u00e0 toi dans notre beau monde\u00a0!<br \/>Et l\u2019humain enlace la Licorne pour lui faire d\u00e9couvrir\u2026la tendresse.<\/p><p>\u00a0 \u00a0 \u00a0 \u00a0 \u00a0 \u00a0 \u00a0 \u00a0 \u00a0 \u00a0 \u00a0 \u00a0 \u00a0 \u00a0 \u00a0 \u00a0 \u00a0 \u00a0 \u00a0 \u00a0 \u00a0 \u00a0 \u00a0 \u00a0 \u00a0 \u00a0 \u00a0 \u00a0 \u00a0 \u00a0 \u00a0 \u00a0 \u00a0 \u00a0 \u00a0 \u00a0 \u00a0 \u00a0 \u00a0 \u00a0 \u00a0 \u00a0 \u00a0 \u00a0 \u00a0 \u00a0 \u00a0 \u00a0 \u00a0 \u00a0 Jacqueline<\/p>\t\t\t\t\t\t\t\t<\/div>\n\t\t\t\t<\/div>\n\t\t\t\t\t<\/div>\n\t\t<\/div>\n\t\t\t\t\t<\/div>\n\t\t<\/section>\n\t\t\t\t<\/div>\n\t\t","protected":false},"excerpt":{"rendered":"<p>Lors du s\u00e9minaire sur \u00ab\u00a0L&rsquo;\u00e9criture th\u00e9rapeutique\u00a0\u00bb organis\u00e9 par l\u2019Association Suisse des fibromyalgiques ASFM, et anim\u00e9 par Madame Mauranne Etienne, psychologue qui a eu lieu le 15 juin 2024 dans le [&hellip;]<\/p>\n","protected":false},"author":1,"featured_media":0,"parent":0,"menu_order":0,"comment_status":"closed","ping_status":"closed","template":"","meta":{"footnotes":""},"class_list":["post-5642","page","type-page","status-publish","hentry"],"publishpress_future_action":{"enabled":false,"date":"2026-05-13 23:14:04","action":"change-status","newStatus":"draft","terms":[],"taxonomy":"","extraData":[]},"publishpress_future_workflow_manual_trigger":{"enabledWorkflows":[]},"_links":{"self":[{"href":"https:\/\/suisse-fibromyalgie.ch\/fr\/wp-json\/wp\/v2\/pages\/5642","targetHints":{"allow":["GET"]}}],"collection":[{"href":"https:\/\/suisse-fibromyalgie.ch\/fr\/wp-json\/wp\/v2\/pages"}],"about":[{"href":"https:\/\/suisse-fibromyalgie.ch\/fr\/wp-json\/wp\/v2\/types\/page"}],"author":[{"embeddable":true,"href":"https:\/\/suisse-fibromyalgie.ch\/fr\/wp-json\/wp\/v2\/users\/1"}],"replies":[{"embeddable":true,"href":"https:\/\/suisse-fibromyalgie.ch\/fr\/wp-json\/wp\/v2\/comments?post=5642"}],"version-history":[{"count":0,"href":"https:\/\/suisse-fibromyalgie.ch\/fr\/wp-json\/wp\/v2\/pages\/5642\/revisions"}],"wp:attachment":[{"href":"https:\/\/suisse-fibromyalgie.ch\/fr\/wp-json\/wp\/v2\/media?parent=5642"}],"curies":[{"name":"wp","href":"https:\/\/api.w.org\/{rel}","templated":true}]}}