{"id":5600,"date":"2024-06-11T17:16:30","date_gmt":"2024-06-11T15:16:30","guid":{"rendered":"https:\/\/suisse-fibromyalgie.ch\/?page_id=5600"},"modified":"2025-01-11T17:56:06","modified_gmt":"2025-01-11T16:56:06","slug":"jacques-valerie-therapie-bien-etre-sonotherapie","status":"publish","type":"page","link":"https:\/\/suisse-fibromyalgie.ch\/fr\/jacques-valerie-therapie-bien-etre-sonotherapie\/","title":{"rendered":"Jaques Val\u00e9rie &#8211; Th\u00e9rapie bien-\u00eatre \u00ab\u00a0Sonoth\u00e9rapie\u00a0\u00bb"},"content":{"rendered":"\t\t<div data-elementor-type=\"wp-page\" data-elementor-id=\"5600\" class=\"elementor elementor-5600\" data-elementor-post-type=\"page\">\n\t\t\t\t\t\t<section class=\"elementor-section elementor-top-section elementor-element elementor-element-5643a8c elementor-section-boxed elementor-section-height-default elementor-section-height-default\" data-id=\"5643a8c\" data-element_type=\"section\" data-e-type=\"section\">\n\t\t\t\t\t\t<div class=\"elementor-container elementor-column-gap-default\">\n\t\t\t\t\t<div class=\"elementor-column elementor-col-50 elementor-top-column elementor-element elementor-element-c953588\" data-id=\"c953588\" data-element_type=\"column\" data-e-type=\"column\">\n\t\t\t<div class=\"elementor-widget-wrap elementor-element-populated\">\n\t\t\t\t\t\t<div class=\"elementor-element elementor-element-68ab1cb elementor-widget elementor-widget-image\" data-id=\"68ab1cb\" data-element_type=\"widget\" data-e-type=\"widget\" data-widget_type=\"image.default\">\n\t\t\t\t<div class=\"elementor-widget-container\">\n\t\t\t\t\t\t\t\t\t\t\t\t\t\t\t<img fetchpriority=\"high\" decoding=\"async\" width=\"493\" height=\"490\" src=\"https:\/\/suisse-fibromyalgie.ch\/wp-content\/uploads\/Jacques-Valerie.jpg\" class=\"attachment-medium_large size-medium_large wp-image-5601\" alt=\"\" srcset=\"https:\/\/suisse-fibromyalgie.ch\/wp-content\/uploads\/Jacques-Valerie.jpg 493w, https:\/\/suisse-fibromyalgie.ch\/wp-content\/uploads\/Jacques-Valerie-300x298.jpg 300w, https:\/\/suisse-fibromyalgie.ch\/wp-content\/uploads\/Jacques-Valerie-150x150.jpg 150w, https:\/\/suisse-fibromyalgie.ch\/wp-content\/uploads\/Jacques-Valerie-12x12.jpg 12w\" sizes=\"(max-width: 493px) 100vw, 493px\" \/>\t\t\t\t\t\t\t\t\t\t\t\t\t\t\t<\/div>\n\t\t\t\t<\/div>\n\t\t\t\t\t<\/div>\n\t\t<\/div>\n\t\t\t\t<div class=\"elementor-column elementor-col-50 elementor-top-column elementor-element elementor-element-d7d3abd\" data-id=\"d7d3abd\" data-element_type=\"column\" data-e-type=\"column\">\n\t\t\t<div class=\"elementor-widget-wrap elementor-element-populated\">\n\t\t\t\t\t\t<div class=\"elementor-element elementor-element-cdd1fa2 elementor-widget elementor-widget-text-editor\" data-id=\"cdd1fa2\" data-element_type=\"widget\" data-e-type=\"widget\" data-widget_type=\"text-editor.default\">\n\t\t\t\t<div class=\"elementor-widget-container\">\n\t\t\t\t\t\t\t\t\t<p class=\"\"><strong>Je suis Val\u00e9rie<\/strong>, sonoth\u00e9rapeute, aromath\u00e9rapeute et entrepreneuse.<\/p><p class=\"\">Depuis toujours, je suis anim\u00e9e par cette certitude de <strong>notre plein potentiel pour cr\u00e9er le changement et acc\u00e9der \u00e0 sa propre libert\u00e9 int\u00e9rieure. Que tout est vibration, que nous sommes vibrations.<\/strong><\/p><p class=\"\">Aujourd\u2019hui, dans le cadre de mes accompagnements, c\u2019est votre plein potentiel que je d\u00e9sire <strong>\u00e9veiller, activer<\/strong> pour vous permettre de <strong>prendre conscience<\/strong> de votre dimension int\u00e9rieure, des outils qui sont les v\u00f4tres pour <strong>oser vous affranchir.<\/strong><\/p><p class=\"\">Mes ann\u00e9es de formation, de recherche autour de l\u2019\u00e9quilibre du corps, de l\u2019esprit, de l\u2019\u00e2me et mon parcours de vie sont ceux qui me permettent de transmettre dans cet espace.<\/p><p class=\"\">Mon amour pour la m\u00e9decine traditionnelle, holistique, vibratoire, les neurosciences, la physique quantique est celui du coeur. Il est \u00e9vidence qu\u2019elles ne peuvent \u00eatre dissoci\u00e9es mais doivent \u00eatre mises en connexion pour un travail en synergie autour de l\u2019\u00catre.<\/p><p class=\"\"><strong><em>Le processus de la vie est exp\u00e9rimentation. C\u2019est un voyage avec Soi rempli de changements constants et d\u2019impr\u00e9visibilit\u00e9.<\/em><\/strong><\/p><p class=\"\">La surcharge mentale et \u00e9motionnelle induite par nos conditionnements de vie actuels est une probl\u00e9matique tr\u00e8s pr\u00e9sente dans notre soci\u00e9t\u00e9 d\u2019aujourd\u2019hui. Avec la pression des responsabilit\u00e9s professionnelles, familiales et sociales, il est facile de se sentir submerg\u00e9 et d\u00e9pass\u00e9. Les attentes constantes de r\u00e9ussite, de productivit\u00e9 et de perfection peuvent entra\u00eener un stress intense, \u00e0 moyen terme, amenant \u00e0 des pathologies psychologiques plus lourdes dans leur prise en charge.<\/p><p class=\"\">Rester pleinement align\u00e9 au quotidien face aux al\u00e9as de l\u2019instant n\u2019est pas chose ais\u00e9e. <strong>Nous avons parfois juste besoin d\u2019une INSPIRATION pour prendre un temps de pause, un temps de recul nous permettant de voir au-del\u00e0 du visible pour revenir dans notre centre.<\/strong><\/p><p class=\"\">Au travers des partages, des fr\u00e9quences, des \u00e9nergies, de l\u2019aromath\u00e9rapie, du toucher, je vous propose de vous accompagner, de vous offrir cet instant \u00e0 Soi aux sons des bols chantants, des instruments, des diapasons que nous offre la Sonoth\u00e9rapie.<\/p><p class=\"\">Dans un espace qui est celui du commencement de vos nouvelles fr\u00e9quences, je vous donne rendez-vous pour l\u2019embarquement de votre instant.<\/p>\t\t\t\t\t\t\t\t<\/div>\n\t\t\t\t<\/div>\n\t\t\t\t\t<\/div>\n\t\t<\/div>\n\t\t\t\t\t<\/div>\n\t\t<\/section>\n\t\t\t\t<section class=\"elementor-section elementor-top-section elementor-element elementor-element-085dee4 elementor-section-boxed elementor-section-height-default elementor-section-height-default\" data-id=\"085dee4\" data-element_type=\"section\" data-e-type=\"section\">\n\t\t\t\t\t\t<div class=\"elementor-container elementor-column-gap-default\">\n\t\t\t\t\t<div class=\"elementor-column elementor-col-50 elementor-top-column elementor-element elementor-element-fd354a9\" data-id=\"fd354a9\" data-element_type=\"column\" data-e-type=\"column\">\n\t\t\t<div class=\"elementor-widget-wrap elementor-element-populated\">\n\t\t\t\t\t\t<div class=\"elementor-element elementor-element-056f65c elementor-widget elementor-widget-text-editor\" data-id=\"056f65c\" data-element_type=\"widget\" data-e-type=\"widget\" data-widget_type=\"text-editor.default\">\n\t\t\t\t<div class=\"elementor-widget-container\">\n\t\t\t\t\t\t\t\t\t<ul>\n<li>Soin individuel<\/li>\n<li>Cours collectif le jeudi soir<\/li><li>Tarifs pr\u00e9f\u00e9rentiels pour les membres de l&rsquo;ASFM<\/li>\n<\/ul>\t\t\t\t\t\t\t\t<\/div>\n\t\t\t\t<\/div>\n\t\t\t\t\t<\/div>\n\t\t<\/div>\n\t\t\t\t<div class=\"elementor-column elementor-col-50 elementor-top-column elementor-element elementor-element-f2fd1cd\" data-id=\"f2fd1cd\" data-element_type=\"column\" data-e-type=\"column\">\n\t\t\t<div class=\"elementor-widget-wrap elementor-element-populated\">\n\t\t\t\t\t\t<div class=\"elementor-element elementor-element-eb4a11b elementor-widget elementor-widget-text-editor\" data-id=\"eb4a11b\" data-element_type=\"widget\" data-e-type=\"widget\" data-widget_type=\"text-editor.default\">\n\t\t\t\t<div class=\"elementor-widget-container\">\n\t\t\t\t\t\t\t\t\t<p><a href=\"https:\/\/www.sonotherapieinspiration.com\/\" target=\"_blank\" rel=\"noopener\">En savoir plus, cliquez sur ce lien<\/a><\/p>\t\t\t\t\t\t\t\t<\/div>\n\t\t\t\t<\/div>\n\t\t\t\t\t<\/div>\n\t\t<\/div>\n\t\t\t\t\t<\/div>\n\t\t<\/section>\n\t\t\t\t<\/div>\n\t\t","protected":false},"excerpt":{"rendered":"<p>Je suis Val\u00e9rie, sonoth\u00e9rapeute, aromath\u00e9rapeute et entrepreneuse. Depuis toujours, je suis anim\u00e9e par cette certitude de notre plein potentiel pour cr\u00e9er le changement et acc\u00e9der \u00e0 sa propre libert\u00e9 int\u00e9rieure. [&hellip;]<\/p>\n","protected":false},"author":1,"featured_media":0,"parent":0,"menu_order":0,"comment_status":"closed","ping_status":"closed","template":"","meta":{"footnotes":""},"class_list":["post-5600","page","type-page","status-publish","hentry"],"publishpress_future_action":{"enabled":false,"date":"2026-04-29 12:11:48","action":"change-status","newStatus":"draft","terms":[],"taxonomy":"","extraData":[]},"publishpress_future_workflow_manual_trigger":{"enabledWorkflows":[]},"_links":{"self":[{"href":"https:\/\/suisse-fibromyalgie.ch\/fr\/wp-json\/wp\/v2\/pages\/5600","targetHints":{"allow":["GET"]}}],"collection":[{"href":"https:\/\/suisse-fibromyalgie.ch\/fr\/wp-json\/wp\/v2\/pages"}],"about":[{"href":"https:\/\/suisse-fibromyalgie.ch\/fr\/wp-json\/wp\/v2\/types\/page"}],"author":[{"embeddable":true,"href":"https:\/\/suisse-fibromyalgie.ch\/fr\/wp-json\/wp\/v2\/users\/1"}],"replies":[{"embeddable":true,"href":"https:\/\/suisse-fibromyalgie.ch\/fr\/wp-json\/wp\/v2\/comments?post=5600"}],"version-history":[{"count":3,"href":"https:\/\/suisse-fibromyalgie.ch\/fr\/wp-json\/wp\/v2\/pages\/5600\/revisions"}],"predecessor-version":[{"id":7599,"href":"https:\/\/suisse-fibromyalgie.ch\/fr\/wp-json\/wp\/v2\/pages\/5600\/revisions\/7599"}],"wp:attachment":[{"href":"https:\/\/suisse-fibromyalgie.ch\/fr\/wp-json\/wp\/v2\/media?parent=5600"}],"curies":[{"name":"wp","href":"https:\/\/api.w.org\/{rel}","templated":true}]}}