{"id":5590,"date":"2024-06-11T14:56:25","date_gmt":"2024-06-11T12:56:25","guid":{"rendered":"https:\/\/suisse-fibromyalgie.ch\/?page_id=5590"},"modified":"2024-06-11T15:00:59","modified_gmt":"2024-06-11T13:00:59","slug":"de-frino-florence-hypnose-et-relaxation","status":"publish","type":"page","link":"https:\/\/suisse-fibromyalgie.ch\/fr\/de-frino-florence-hypnose-et-relaxation\/","title":{"rendered":"De Frino Florence &#8211; Hypnose et relaxation"},"content":{"rendered":"\t\t<div data-elementor-type=\"wp-page\" data-elementor-id=\"5590\" class=\"elementor elementor-5590\" data-elementor-post-type=\"page\">\n\t\t\t\t\t\t<section class=\"elementor-section elementor-top-section elementor-element elementor-element-5643a8c elementor-section-boxed elementor-section-height-default elementor-section-height-default\" data-id=\"5643a8c\" data-element_type=\"section\" data-e-type=\"section\">\n\t\t\t\t\t\t<div class=\"elementor-container elementor-column-gap-default\">\n\t\t\t\t\t<div class=\"elementor-column elementor-col-50 elementor-top-column elementor-element elementor-element-c953588\" data-id=\"c953588\" data-element_type=\"column\" data-e-type=\"column\">\n\t\t\t<div class=\"elementor-widget-wrap elementor-element-populated\">\n\t\t\t\t\t\t<div class=\"elementor-element elementor-element-68ab1cb elementor-widget elementor-widget-image\" data-id=\"68ab1cb\" data-element_type=\"widget\" data-e-type=\"widget\" data-widget_type=\"image.default\">\n\t\t\t\t<div class=\"elementor-widget-container\">\n\t\t\t\t\t\t\t\t\t\t\t\t\t\t\t<img fetchpriority=\"high\" decoding=\"async\" width=\"768\" height=\"1019\" src=\"https:\/\/suisse-fibromyalgie.ch\/wp-content\/uploads\/De-Frino-Florence-768x1019.jpg\" class=\"attachment-medium_large size-medium_large wp-image-5591\" alt=\"\" srcset=\"https:\/\/suisse-fibromyalgie.ch\/wp-content\/uploads\/De-Frino-Florence-768x1019.jpg 768w, https:\/\/suisse-fibromyalgie.ch\/wp-content\/uploads\/De-Frino-Florence-226x300.jpg 226w, https:\/\/suisse-fibromyalgie.ch\/wp-content\/uploads\/De-Frino-Florence-772x1024.jpg 772w, https:\/\/suisse-fibromyalgie.ch\/wp-content\/uploads\/De-Frino-Florence-9x12.jpg 9w, https:\/\/suisse-fibromyalgie.ch\/wp-content\/uploads\/De-Frino-Florence.jpg 1158w\" sizes=\"(max-width: 768px) 100vw, 768px\" \/>\t\t\t\t\t\t\t\t\t\t\t\t\t\t\t<\/div>\n\t\t\t\t<\/div>\n\t\t\t\t\t<\/div>\n\t\t<\/div>\n\t\t\t\t<div class=\"elementor-column elementor-col-50 elementor-top-column elementor-element elementor-element-d7d3abd\" data-id=\"d7d3abd\" data-element_type=\"column\" data-e-type=\"column\">\n\t\t\t<div class=\"elementor-widget-wrap elementor-element-populated\">\n\t\t\t\t\t\t<div class=\"elementor-element elementor-element-cdd1fa2 elementor-widget elementor-widget-text-editor\" data-id=\"cdd1fa2\" data-element_type=\"widget\" data-e-type=\"widget\" data-widget_type=\"text-editor.default\">\n\t\t\t\t<div class=\"elementor-widget-container\">\n\t\t\t\t\t\t\t\t\t<p>Passionn\u00e9e par les autres, j\u2019ai d\u00e9cid\u00e9 il y a quelques ann\u00e9es de r\u00e9orienter ma carri\u00e8re professionnelle.<\/p><p>Tout a commenc\u00e9 par une formation dipl\u00f4mante en\u00a0<strong>relaxation<\/strong>.<\/p><p>Puis, forte de cette exp\u00e9rience, je me suis dirig\u00e9e vers des \u00e9tudes compl\u00e9mentaires, me permettant d\u2019obtenir le titre de\u00a0<strong>Ma\u00eetre praticienne en hypnose<\/strong>.<\/p><p>De nature tr\u00e8s stress\u00e9e, j\u2019ai tout d\u2019abord test\u00e9 les techniques sur moi-m\u00eame, le r\u00e9sultat a \u00e9t\u00e9 au-del\u00e0 de mes attentes.<\/p><p>Suite \u00e0 cela, je me suis orient\u00e9es vers diverses formations me permettant d\u2019accompagner au mieux mes clients souffrant de\u00a0<strong>troubles anxieux<\/strong>. Etant d\u00e9j\u00e0 en procession d\u2019un dipl\u00f4me en relaxation, j\u2019ai d\u00e9cid\u00e9 d\u2019am\u00e9liorer ma pratique en y associant l\u2019hypnose, les deux techniques sont tr\u00e8s compl\u00e9mentaires pour un r\u00e9sultat optimal<strong>.<\/strong><\/p><ul><li>Formation continue Troubles anxieux et hypnose chez MHP<\/li><li>Formation continue Th\u00e9rapie br\u00e8ve orient\u00e9 solution chez MHP<\/li><li>Formation Techniques avanc\u00e9es d\u2019hypnose chez MHP<\/li><\/ul><p>Ces derni\u00e8res ann\u00e9es, je me suis essentiellement\u00a0<strong>sp\u00e9cialis\u00e9e en hypnose<\/strong>\u00a0pour les\u00a0<strong>enfants<\/strong>\u00a0et les\u00a0<strong>adolescents<\/strong>. C\u2019est un plaisir immense pour moi de pouvoir les soulager et les aider \u00e0 continuer leur vie plus sereinement.<\/p><ul><li>Formation continue enfant et hypnose chez MHP<\/li><li>Formation hypnose enfant de Lise Bartoli<\/li><li>Formation continue en p\u00e9dorelaxation (relaxation pour les enfants)<\/li><li>Formation \u00e0 la M\u00e9thode Barkley<\/li><\/ul><p>Venez essayer\u00a0<strong>l\u2019hypnose<\/strong>\u00a0!<\/p><p>Je vous re\u00e7ois dans mon cabinet au\u00a0<strong>Val-de-Ruz<\/strong>, plus pr\u00e9cis\u00e9ment dans le village de\u00a0<strong>Fenin,\u00a0<\/strong>\u00e0 seulement 10 minutes du centre-ville de<strong>\u00a0Neuch\u00e2tel<\/strong>.<\/p><p>Florence<\/p>\t\t\t\t\t\t\t\t<\/div>\n\t\t\t\t<\/div>\n\t\t\t\t\t<\/div>\n\t\t<\/div>\n\t\t\t\t\t<\/div>\n\t\t<\/section>\n\t\t\t\t<section class=\"elementor-section elementor-top-section elementor-element elementor-element-085dee4 elementor-section-boxed elementor-section-height-default elementor-section-height-default\" data-id=\"085dee4\" data-element_type=\"section\" data-e-type=\"section\">\n\t\t\t\t\t\t<div class=\"elementor-container elementor-column-gap-default\">\n\t\t\t\t\t<div class=\"elementor-column elementor-col-50 elementor-top-column elementor-element elementor-element-fd354a9\" data-id=\"fd354a9\" data-element_type=\"column\" data-e-type=\"column\">\n\t\t\t<div class=\"elementor-widget-wrap elementor-element-populated\">\n\t\t\t\t\t\t<div class=\"elementor-element elementor-element-056f65c elementor-widget elementor-widget-text-editor\" data-id=\"056f65c\" data-element_type=\"widget\" data-e-type=\"widget\" data-widget_type=\"text-editor.default\">\n\t\t\t\t<div class=\"elementor-widget-container\">\n\t\t\t\t\t\t\t\t\t<p>Apprendre \u00e0 mieux g\u00e9rer ses douleurs \u00e0 l&rsquo;aide d&rsquo;exercices de relaxation et de techniques simplifi\u00e9es d&rsquo;hypnose. Apprendre \u00e0 relacher sa musculature pour diminuer les douleurs chroniques. En hypnose \u00e9liminer ses douleurs avec une technique color\u00e9e.<\/p>\t\t\t\t\t\t\t\t<\/div>\n\t\t\t\t<\/div>\n\t\t\t\t\t<\/div>\n\t\t<\/div>\n\t\t\t\t<div class=\"elementor-column elementor-col-50 elementor-top-column elementor-element elementor-element-f2fd1cd\" data-id=\"f2fd1cd\" data-element_type=\"column\" data-e-type=\"column\">\n\t\t\t<div class=\"elementor-widget-wrap elementor-element-populated\">\n\t\t\t\t\t\t<div class=\"elementor-element elementor-element-eb4a11b elementor-widget elementor-widget-text-editor\" data-id=\"eb4a11b\" data-element_type=\"widget\" data-e-type=\"widget\" data-widget_type=\"text-editor.default\">\n\t\t\t\t<div class=\"elementor-widget-container\">\n\t\t\t\t\t\t\t\t\t<p><a href=\"https:\/\/hypno-relax.ch\/\" target=\"_blank\" rel=\"noopener\">En savoir plus, cliquez sur ce lien<\/a><\/p>\t\t\t\t\t\t\t\t<\/div>\n\t\t\t\t<\/div>\n\t\t\t\t\t<\/div>\n\t\t<\/div>\n\t\t\t\t\t<\/div>\n\t\t<\/section>\n\t\t\t\t<\/div>\n\t\t","protected":false},"excerpt":{"rendered":"<p>Passionn\u00e9e par les autres, j\u2019ai d\u00e9cid\u00e9 il y a quelques ann\u00e9es de r\u00e9orienter ma carri\u00e8re professionnelle. Tout a commenc\u00e9 par une formation dipl\u00f4mante en\u00a0relaxation. Puis, forte de cette exp\u00e9rience, je [&hellip;]<\/p>\n","protected":false},"author":1,"featured_media":0,"parent":0,"menu_order":0,"comment_status":"closed","ping_status":"closed","template":"","meta":{"footnotes":""},"class_list":["post-5590","page","type-page","status-publish","hentry"],"publishpress_future_action":{"enabled":false,"date":"2026-05-23 04:47:38","action":"change-status","newStatus":"draft","terms":[],"taxonomy":"","extraData":[]},"publishpress_future_workflow_manual_trigger":{"enabledWorkflows":[]},"_links":{"self":[{"href":"https:\/\/suisse-fibromyalgie.ch\/fr\/wp-json\/wp\/v2\/pages\/5590","targetHints":{"allow":["GET"]}}],"collection":[{"href":"https:\/\/suisse-fibromyalgie.ch\/fr\/wp-json\/wp\/v2\/pages"}],"about":[{"href":"https:\/\/suisse-fibromyalgie.ch\/fr\/wp-json\/wp\/v2\/types\/page"}],"author":[{"embeddable":true,"href":"https:\/\/suisse-fibromyalgie.ch\/fr\/wp-json\/wp\/v2\/users\/1"}],"replies":[{"embeddable":true,"href":"https:\/\/suisse-fibromyalgie.ch\/fr\/wp-json\/wp\/v2\/comments?post=5590"}],"version-history":[{"count":0,"href":"https:\/\/suisse-fibromyalgie.ch\/fr\/wp-json\/wp\/v2\/pages\/5590\/revisions"}],"wp:attachment":[{"href":"https:\/\/suisse-fibromyalgie.ch\/fr\/wp-json\/wp\/v2\/media?parent=5590"}],"curies":[{"name":"wp","href":"https:\/\/api.w.org\/{rel}","templated":true}]}}