{"id":5303,"date":"2024-05-06T17:48:00","date_gmt":"2024-05-06T15:48:00","guid":{"rendered":"https:\/\/suisse-fibromyalgie.ch\/?page_id=5303"},"modified":"2026-04-02T17:30:13","modified_gmt":"2026-04-02T15:30:13","slug":"publications","status":"publish","type":"page","link":"https:\/\/suisse-fibromyalgie.ch\/fr\/publications\/","title":{"rendered":"Publications"},"content":{"rendered":"\t\t<div data-elementor-type=\"wp-page\" data-elementor-id=\"5303\" class=\"elementor elementor-5303\" data-elementor-post-type=\"page\">\n\t\t\t\t\t\t<section class=\"elementor-section elementor-top-section elementor-element elementor-element-a17f105 elementor-section-boxed elementor-section-height-default elementor-section-height-default\" data-id=\"a17f105\" data-element_type=\"section\" data-e-type=\"section\">\n\t\t\t\t\t\t<div class=\"elementor-container elementor-column-gap-default\">\n\t\t\t\t\t<div class=\"elementor-column elementor-col-100 elementor-top-column elementor-element elementor-element-cf859be\" data-id=\"cf859be\" data-element_type=\"column\" data-e-type=\"column\">\n\t\t\t<div class=\"elementor-widget-wrap elementor-element-populated\">\n\t\t\t\t\t\t<div class=\"elementor-element elementor-element-87fad3e elementor-widget elementor-widget-heading\" data-id=\"87fad3e\" data-element_type=\"widget\" data-e-type=\"widget\" data-widget_type=\"heading.default\">\n\t\t\t\t<div class=\"elementor-widget-container\">\n\t\t\t\t\t<h2 class=\"elementor-heading-title elementor-size-default\"><a href=\"https:\/\/suisse-fibromyalgie.ch\/wp-content\/uploads\/Agenda-2025.pdf\">Activit\u00e9 2025 <\/a><\/h2>\t\t\t\t<\/div>\n\t\t\t\t<\/div>\n\t\t\t\t\t<\/div>\n\t\t<\/div>\n\t\t\t\t\t<\/div>\n\t\t<\/section>\n\t\t\t\t<section class=\"elementor-section elementor-top-section elementor-element elementor-element-20d3cbd elementor-section-boxed elementor-section-height-default elementor-section-height-default\" data-id=\"20d3cbd\" data-element_type=\"section\" data-e-type=\"section\">\n\t\t\t\t\t\t<div class=\"elementor-container elementor-column-gap-default\">\n\t\t\t\t\t<div class=\"elementor-column elementor-col-100 elementor-top-column elementor-element elementor-element-160ff31\" data-id=\"160ff31\" data-element_type=\"column\" data-e-type=\"column\">\n\t\t\t<div class=\"elementor-widget-wrap elementor-element-populated\">\n\t\t\t\t\t\t<div class=\"elementor-element elementor-element-478a64f elementor-widget elementor-widget-text-editor\" data-id=\"478a64f\" data-element_type=\"widget\" data-e-type=\"widget\" data-widget_type=\"text-editor.default\">\n\t\t\t\t<div class=\"elementor-widget-container\">\n\t\t\t\t\t\t\t\t\t<ul><li><strong><a href=\"https:\/\/suisse-fibromyalgie.ch\/fr\/premier-repas-de-soutien-en-faveur-de-lasfm-du-22-novembre-2025\/\" target=\"_blank\" rel=\"noopener\">22 novembre 2025: Premier repas de soutien en faveur de l&rsquo;ASFM<\/a><\/strong><\/li><\/ul>\t\t\t\t\t\t\t\t<\/div>\n\t\t\t\t<\/div>\n\t\t\t\t\t<\/div>\n\t\t<\/div>\n\t\t\t\t\t<\/div>\n\t\t<\/section>\n\t\t\t\t<section class=\"elementor-section elementor-top-section elementor-element elementor-element-291418c elementor-section-boxed elementor-section-height-default elementor-section-height-default\" data-id=\"291418c\" data-element_type=\"section\" data-e-type=\"section\">\n\t\t\t\t\t\t<div class=\"elementor-container elementor-column-gap-default\">\n\t\t\t\t\t<div class=\"elementor-column elementor-col-100 elementor-top-column elementor-element elementor-element-ef315f7\" data-id=\"ef315f7\" data-element_type=\"column\" data-e-type=\"column\">\n\t\t\t<div class=\"elementor-widget-wrap elementor-element-populated\">\n\t\t\t\t\t\t<div class=\"elementor-element elementor-element-993389e elementor-widget elementor-widget-heading\" data-id=\"993389e\" data-element_type=\"widget\" data-e-type=\"widget\" data-widget_type=\"heading.default\">\n\t\t\t\t<div class=\"elementor-widget-container\">\n\t\t\t\t\t<h2 class=\"elementor-heading-title elementor-size-default\">Activit\u00e9s  2024<\/h2>\t\t\t\t<\/div>\n\t\t\t\t<\/div>\n\t\t\t\t\t<\/div>\n\t\t<\/div>\n\t\t\t\t\t<\/div>\n\t\t<\/section>\n\t\t\t\t<section class=\"elementor-section elementor-top-section elementor-element elementor-element-33a5bbb elementor-section-boxed elementor-section-height-default elementor-section-height-default\" data-id=\"33a5bbb\" data-element_type=\"section\" data-e-type=\"section\">\n\t\t\t\t\t\t<div class=\"elementor-container elementor-column-gap-default\">\n\t\t\t\t\t<div class=\"elementor-column elementor-col-100 elementor-top-column elementor-element elementor-element-2c6cde9\" data-id=\"2c6cde9\" data-element_type=\"column\" data-e-type=\"column\">\n\t\t\t<div class=\"elementor-widget-wrap elementor-element-populated\">\n\t\t\t\t\t\t<div class=\"elementor-element elementor-element-f4f8541 elementor-widget elementor-widget-text-editor\" data-id=\"f4f8541\" data-element_type=\"widget\" data-e-type=\"widget\" data-widget_type=\"text-editor.default\">\n\t\t\t\t<div class=\"elementor-widget-container\">\n\t\t\t\t\t\t\t\t\t<ul><li class=\"elementor-heading-title elementor-size-default\"><p><strong><a href=\"https:\/\/suisse-fibromyalgie.ch\/fr\/journee-decouverte-de-lart-therapie-du-20-avril-2024\/\">20 avril 2024: <\/a><a href=\"https:\/\/suisse-fibromyalgie.ch\/fr\/journee-decouverte-de-lart-therapie-du-20-avril-2024\/\">Journ\u00e9e d\u00e9couverte de l\u2019art-th\u00e9rapie<\/a><\/strong><\/p><\/li><li class=\"elementor-heading-title elementor-size-default\"><h3><strong><a style=\"font-size: 16px;\" href=\"https:\/\/suisse-fibromyalgie.ch\/fr\/notre-journee-de-la-fibromyalgie-du-25-mai-2024\/\">25 mai 2024<\/a><span style=\"font-size: 16px;\">: <\/span><a style=\"font-size: 16px;\" href=\"https:\/\/suisse-fibromyalgie.ch\/fr\/notre-journee-de-la-fibromyalgie-du-25-mai-2024\/\">Notre journ\u00e9e de la fibromyalgie<\/a><\/strong><\/h3><\/li><li class=\"elementor-heading-title elementor-size-default\"><h3><strong><a style=\"font-size: 16px;\" href=\"https:\/\/suisse-fibromyalgie.ch\/fr\/seminaire-ecriture-therapeutique-du-18-juin-2024\/\">15 juin 2024<\/a><span style=\"font-size: 16px;\">:\u00a0<\/span><a style=\"font-size: 16px;\" href=\"https:\/\/suisse-fibromyalgie.ch\/fr\/seminaire-ecriture-therapeutique-du-18-juin-2024\/\">S\u00e9minaire \u00ab Ecriture th\u00e9rapeutique <\/a><\/strong><\/h3><\/li><li class=\"elementor-heading-title elementor-size-default\"><h3><strong><a style=\"font-size: 16px;\" href=\"https:\/\/suisse-fibromyalgie.ch\/fr\/douleur-chronique-primaire-le-manque-de-reconnaissance-dun-handicap-invisible\/\">19 juin 2024: Douleur chronique primaire : le manque de reconnaissance d\u2019un handicap invisible<\/a><\/strong><\/h3><\/li><li class=\"elementor-heading-title elementor-size-default\"><h3><strong><a style=\"font-size: 16px;\" href=\"https:\/\/suisse-fibromyalgie.ch\/fr\/sortie-au-jardin-alpin-du-26-juillet-2024\/\">26 juillet 2024<\/a><span style=\"font-size: 16px;\">:\u00a0<\/span><a style=\"font-size: 16px;\" href=\"https:\/\/suisse-fibromyalgie.ch\/fr\/sortie-au-jardin-alpin-du-26-juillet-2024\/\">Sortie au \u00ab Jardin Alpin \u00bb de Pont de Nant<\/a><\/strong><\/h3><\/li><li class=\"elementor-heading-title elementor-size-default\"><h3><strong><a style=\"font-size: 16px;\" href=\"https:\/\/suisse-fibromyalgie.ch\/fr\/atelier-bain-de-foret-du-3-aout-2024\/\">3 ao\u00fbt 2024<\/a><span style=\"font-size: 16px;\">:\u00a0<\/span><a style=\"font-size: 16px;\" href=\"https:\/\/suisse-fibromyalgie.ch\/fr\/atelier-bain-de-foret-du-3-aout-2024\/\">Atelier \u00ab Bain de for\u00eat \u00bb<\/a><\/strong><\/h3><\/li><li class=\"elementor-heading-title elementor-size-default\"><h3><strong><a style=\"font-size: 16px;\" href=\"https:\/\/suisse-fibromyalgie.ch\/fr\/la-fibromyalgie-et-sa-prise-en-charge-globale-en-suisse-romande\/\">La Fibromyalgie et sa prise en charge globale en Suisse romande<\/a><\/strong><\/h3><\/li><li class=\"elementor-heading-title elementor-size-default\"><h3><strong><a style=\"font-size: 16px;\" href=\"https:\/\/suisse-fibromyalgie.ch\/fr\/therapiestrategien-der-fibromyalgie\/\">09\/2024: Therapiestrategien der Fibromyalgie<\/a><\/strong><\/h3><\/li><\/ul>\t\t\t\t\t\t\t\t<\/div>\n\t\t\t\t<\/div>\n\t\t\t\t\t<\/div>\n\t\t<\/div>\n\t\t\t\t\t<\/div>\n\t\t<\/section>\n\t\t\t\t<\/div>\n\t\t","protected":false},"excerpt":{"rendered":"<p>Activit\u00e9 2025 22 novembre 2025: Premier repas de soutien en faveur de l&rsquo;ASFM Activit\u00e9s 2024 20 avril 2024: Journ\u00e9e d\u00e9couverte de l\u2019art-th\u00e9rapie 25 mai 2024: Notre journ\u00e9e de la fibromyalgie [&hellip;]<\/p>\n","protected":false},"author":1,"featured_media":0,"parent":0,"menu_order":0,"comment_status":"closed","ping_status":"closed","template":"","meta":{"footnotes":""},"class_list":["post-5303","page","type-page","status-publish","hentry"],"publishpress_future_action":{"enabled":false,"date":"2026-04-21 13:15:27","action":"change-status","newStatus":"draft","terms":[],"taxonomy":"","extraData":[]},"publishpress_future_workflow_manual_trigger":{"enabledWorkflows":[]},"_links":{"self":[{"href":"https:\/\/suisse-fibromyalgie.ch\/fr\/wp-json\/wp\/v2\/pages\/5303","targetHints":{"allow":["GET"]}}],"collection":[{"href":"https:\/\/suisse-fibromyalgie.ch\/fr\/wp-json\/wp\/v2\/pages"}],"about":[{"href":"https:\/\/suisse-fibromyalgie.ch\/fr\/wp-json\/wp\/v2\/types\/page"}],"author":[{"embeddable":true,"href":"https:\/\/suisse-fibromyalgie.ch\/fr\/wp-json\/wp\/v2\/users\/1"}],"replies":[{"embeddable":true,"href":"https:\/\/suisse-fibromyalgie.ch\/fr\/wp-json\/wp\/v2\/comments?post=5303"}],"version-history":[{"count":36,"href":"https:\/\/suisse-fibromyalgie.ch\/fr\/wp-json\/wp\/v2\/pages\/5303\/revisions"}],"predecessor-version":[{"id":9403,"href":"https:\/\/suisse-fibromyalgie.ch\/fr\/wp-json\/wp\/v2\/pages\/5303\/revisions\/9403"}],"wp:attachment":[{"href":"https:\/\/suisse-fibromyalgie.ch\/fr\/wp-json\/wp\/v2\/media?parent=5303"}],"curies":[{"name":"wp","href":"https:\/\/api.w.org\/{rel}","templated":true}]}}