{"id":5292,"date":"2024-05-06T17:21:56","date_gmt":"2024-05-06T15:21:56","guid":{"rendered":"https:\/\/suisse-fibromyalgie.ch\/?page_id=5292"},"modified":"2024-08-05T21:11:05","modified_gmt":"2024-08-05T19:11:05","slug":"casanova-andre-la-sante-autrement","status":"publish","type":"page","link":"https:\/\/suisse-fibromyalgie.ch\/fr\/casanova-andre-la-sante-autrement\/","title":{"rendered":"Casanova Andr\u00e9 &#8211; La sant\u00e9 autrement &#8211; Saint-Maurice"},"content":{"rendered":"\t\t<div data-elementor-type=\"wp-page\" data-elementor-id=\"5292\" class=\"elementor elementor-5292\" data-elementor-post-type=\"page\">\n\t\t\t\t\t\t<section class=\"elementor-section elementor-top-section elementor-element elementor-element-5643a8c elementor-section-boxed elementor-section-height-default elementor-section-height-default\" data-id=\"5643a8c\" data-element_type=\"section\" data-e-type=\"section\">\n\t\t\t\t\t\t<div class=\"elementor-container elementor-column-gap-default\">\n\t\t\t\t\t<div class=\"elementor-column elementor-col-50 elementor-top-column elementor-element elementor-element-c953588\" data-id=\"c953588\" data-element_type=\"column\" data-e-type=\"column\">\n\t\t\t<div class=\"elementor-widget-wrap elementor-element-populated\">\n\t\t\t\t\t\t<div class=\"elementor-element elementor-element-68ab1cb elementor-widget elementor-widget-image\" data-id=\"68ab1cb\" data-element_type=\"widget\" data-e-type=\"widget\" data-widget_type=\"image.default\">\n\t\t\t\t<div class=\"elementor-widget-container\">\n\t\t\t\t\t\t\t\t\t\t\t\t\t\t\t<img fetchpriority=\"high\" decoding=\"async\" width=\"768\" height=\"278\" src=\"https:\/\/suisse-fibromyalgie.ch\/wp-content\/uploads\/Photo-Andre-Casanova-768x278.jpg\" class=\"attachment-medium_large size-medium_large wp-image-4672\" alt=\"\" srcset=\"https:\/\/suisse-fibromyalgie.ch\/wp-content\/uploads\/Photo-Andre-Casanova-768x278.jpg 768w, https:\/\/suisse-fibromyalgie.ch\/wp-content\/uploads\/Photo-Andre-Casanova-300x108.jpg 300w, https:\/\/suisse-fibromyalgie.ch\/wp-content\/uploads\/Photo-Andre-Casanova-1024x370.jpg 1024w, https:\/\/suisse-fibromyalgie.ch\/wp-content\/uploads\/Photo-Andre-Casanova-18x7.jpg 18w, https:\/\/suisse-fibromyalgie.ch\/wp-content\/uploads\/Photo-Andre-Casanova.jpg 1223w\" sizes=\"(max-width: 768px) 100vw, 768px\" \/>\t\t\t\t\t\t\t\t\t\t\t\t\t\t\t<\/div>\n\t\t\t\t<\/div>\n\t\t\t\t\t<\/div>\n\t\t<\/div>\n\t\t\t\t<div class=\"elementor-column elementor-col-50 elementor-top-column elementor-element elementor-element-d7d3abd\" data-id=\"d7d3abd\" data-element_type=\"column\" data-e-type=\"column\">\n\t\t\t<div class=\"elementor-widget-wrap elementor-element-populated\">\n\t\t\t\t\t\t<div class=\"elementor-element elementor-element-cdd1fa2 elementor-widget elementor-widget-text-editor\" data-id=\"cdd1fa2\" data-element_type=\"widget\" data-e-type=\"widget\" data-widget_type=\"text-editor.default\">\n\t\t\t\t<div class=\"elementor-widget-container\">\n\t\t\t\t\t\t\t\t\t<p class=\"font_8 wixui-rich-text__text\">Th\u00e9rapeute form\u00e9 dans le m\u00e9dical et sp\u00e9cialis\u00e9 dans la sant\u00e9 psycho-\u00e9motionelle. Il compte d\u00e9j\u00e0 avec plusieurs ann\u00e9es d\u2019exp\u00e9rience. Atypique, dr\u00f4le et percutant, Andr\u00e9 Casanova accompagne les personnes et les entreprises de tout horizon.<\/p><p class=\"font_8 wixui-rich-text__text\">Form\u00e9 initialement dans le m\u00e9dical, il est dot\u00e9 d\u2019une sensibilit\u00e9 hors norme. Il alterne de fa\u00e7on in\u00e9e entre les postures de mentor, de coach de vie et bien plus encore.<\/p><p class=\"font_8 wixui-rich-text__text\">La clairvoyance, l\u2019intuition, ainsi qu\u2019une communication hors pair sont ses outils de guidance.<\/p><p class=\"font_8 wixui-rich-text__text\">Des questions pertinentes, certaines incisives, une \u00e9coute en un humour singuliers donne aux s\u00e9ances un caract\u00e8re unique.<\/p><p class=\"font_8 wixui-rich-text__text\">Le d\u00e9codage biologique est sans doute mon outil principal. Il consiste \u00e0 comprendre la cause des probl\u00e8mes physiques d\u2019origine psycho-\u00e9motionnel.\u00a0<\/p>\t\t\t\t\t\t\t\t<\/div>\n\t\t\t\t<\/div>\n\t\t\t\t\t<\/div>\n\t\t<\/div>\n\t\t\t\t\t<\/div>\n\t\t<\/section>\n\t\t\t\t<section class=\"elementor-section elementor-top-section elementor-element elementor-element-085dee4 elementor-section-boxed elementor-section-height-default elementor-section-height-default\" data-id=\"085dee4\" data-element_type=\"section\" data-e-type=\"section\">\n\t\t\t\t\t\t<div class=\"elementor-container elementor-column-gap-default\">\n\t\t\t\t\t<div class=\"elementor-column elementor-col-50 elementor-top-column elementor-element elementor-element-fd354a9\" data-id=\"fd354a9\" data-element_type=\"column\" data-e-type=\"column\">\n\t\t\t<div class=\"elementor-widget-wrap elementor-element-populated\">\n\t\t\t\t\t\t<div class=\"elementor-element elementor-element-056f65c elementor-widget elementor-widget-text-editor\" data-id=\"056f65c\" data-element_type=\"widget\" data-e-type=\"widget\" data-widget_type=\"text-editor.default\">\n\t\t\t\t<div class=\"elementor-widget-container\">\n\t\t\t\t\t\t\t\t\t<p><strong>D\u00e9codage biologique, le lien \u00e9met l\u2019aspect psycho-\u00e9motionnel de la maladie \u2013 la fibromyalgie<\/strong><\/p>\t\t\t\t\t\t\t\t<\/div>\n\t\t\t\t<\/div>\n\t\t\t\t\t<\/div>\n\t\t<\/div>\n\t\t\t\t<div class=\"elementor-column elementor-col-50 elementor-top-column elementor-element elementor-element-f2fd1cd\" data-id=\"f2fd1cd\" data-element_type=\"column\" data-e-type=\"column\">\n\t\t\t<div class=\"elementor-widget-wrap elementor-element-populated\">\n\t\t\t\t\t\t<div class=\"elementor-element elementor-element-eb4a11b elementor-widget elementor-widget-text-editor\" data-id=\"eb4a11b\" data-element_type=\"widget\" data-e-type=\"widget\" data-widget_type=\"text-editor.default\">\n\t\t\t\t<div class=\"elementor-widget-container\">\n\t\t\t\t\t\t\t\t\t<p><a href=\"https:\/\/www.casanovaandre.com\/\" target=\"_blank\" rel=\"noopener\">En savoir plus, cliquez sur ce lien<\/a><\/p>\t\t\t\t\t\t\t\t<\/div>\n\t\t\t\t<\/div>\n\t\t\t\t\t<\/div>\n\t\t<\/div>\n\t\t\t\t\t<\/div>\n\t\t<\/section>\n\t\t\t\t<\/div>\n\t\t","protected":false},"excerpt":{"rendered":"<p>Th\u00e9rapeute form\u00e9 dans le m\u00e9dical et sp\u00e9cialis\u00e9 dans la sant\u00e9 psycho-\u00e9motionelle. Il compte d\u00e9j\u00e0 avec plusieurs ann\u00e9es d\u2019exp\u00e9rience. Atypique, dr\u00f4le et percutant, Andr\u00e9 Casanova accompagne les personnes et les entreprises [&hellip;]<\/p>\n","protected":false},"author":1,"featured_media":0,"parent":0,"menu_order":0,"comment_status":"closed","ping_status":"closed","template":"","meta":{"footnotes":""},"class_list":["post-5292","page","type-page","status-publish","hentry"],"publishpress_future_action":{"enabled":false,"date":"2026-05-23 06:49:16","action":"change-status","newStatus":"draft","terms":[],"taxonomy":"","extraData":[]},"publishpress_future_workflow_manual_trigger":{"enabledWorkflows":[]},"_links":{"self":[{"href":"https:\/\/suisse-fibromyalgie.ch\/fr\/wp-json\/wp\/v2\/pages\/5292","targetHints":{"allow":["GET"]}}],"collection":[{"href":"https:\/\/suisse-fibromyalgie.ch\/fr\/wp-json\/wp\/v2\/pages"}],"about":[{"href":"https:\/\/suisse-fibromyalgie.ch\/fr\/wp-json\/wp\/v2\/types\/page"}],"author":[{"embeddable":true,"href":"https:\/\/suisse-fibromyalgie.ch\/fr\/wp-json\/wp\/v2\/users\/1"}],"replies":[{"embeddable":true,"href":"https:\/\/suisse-fibromyalgie.ch\/fr\/wp-json\/wp\/v2\/comments?post=5292"}],"version-history":[{"count":0,"href":"https:\/\/suisse-fibromyalgie.ch\/fr\/wp-json\/wp\/v2\/pages\/5292\/revisions"}],"wp:attachment":[{"href":"https:\/\/suisse-fibromyalgie.ch\/fr\/wp-json\/wp\/v2\/media?parent=5292"}],"curies":[{"name":"wp","href":"https:\/\/api.w.org\/{rel}","templated":true}]}}