{"id":51,"date":"2021-01-01T00:00:14","date_gmt":"2020-12-31T23:00:14","guid":{"rendered":"http:\/\/wordpress\/2013\/02\/22\/qui-atteint-elle\/"},"modified":"2021-07-07T15:57:58","modified_gmt":"2021-07-07T13:57:58","slug":"qui-atteint-elle","status":"publish","type":"page","link":"https:\/\/suisse-fibromyalgie.ch\/fr\/qui-atteint-elle\/","title":{"rendered":"Qui atteint-elle ?"},"content":{"rendered":"\t\t<div data-elementor-type=\"wp-page\" data-elementor-id=\"51\" class=\"elementor elementor-51\" data-elementor-post-type=\"page\">\n\t\t\t\t\t\t<section class=\"elementor-section elementor-top-section elementor-element elementor-element-14c15e8 elementor-section-boxed elementor-section-height-default elementor-section-height-default\" data-id=\"14c15e8\" data-element_type=\"section\" data-e-type=\"section\">\n\t\t\t\t\t\t<div class=\"elementor-container elementor-column-gap-default\">\n\t\t\t\t\t<div class=\"elementor-column elementor-col-100 elementor-top-column elementor-element elementor-element-1e59c68\" data-id=\"1e59c68\" data-element_type=\"column\" data-e-type=\"column\">\n\t\t\t<div class=\"elementor-widget-wrap elementor-element-populated\">\n\t\t\t\t\t\t<div class=\"elementor-element elementor-element-5ab3f0a elementor-widget elementor-widget-text-editor\" data-id=\"5ab3f0a\" data-element_type=\"widget\" data-e-type=\"widget\" data-widget_type=\"text-editor.default\">\n\t\t\t\t<div class=\"elementor-widget-container\">\n\t\t\t\t\t\t\t\t\t<p>La fibromyalgie est une affection courante, aussi r\u00e9pandue que les rhumatismes articulaires et pouvant \u00eatre plus douloureuse encore.<\/p><p>80-90% des personnes atteintes sont des femmes, les hommes \u00e9tant moins souvent touch\u00e9s.<\/p><p>Bien que le syndrome concerne des patients de plus en plus jeunes (avant l&rsquo;\u00e2ge de 30 ans), il affecte tr\u00e8s rarement les enfants.<\/p><p>La fibromyalgie touche 2 \u00e0 4% des populations des pays industrialis\u00e9s et 2% de la population mondiale.<\/p>\t\t\t\t\t\t\t\t<\/div>\n\t\t\t\t<\/div>\n\t\t\t\t\t<\/div>\n\t\t<\/div>\n\t\t\t\t\t<\/div>\n\t\t<\/section>\n\t\t\t\t<\/div>\n\t\t","protected":false},"excerpt":{"rendered":"<p>La fibromyalgie est une affection courante, aussi r\u00e9pandue que les rhumatismes articulaires et pouvant \u00eatre plus douloureuse encore. 80-90% des personnes atteintes sont des femmes, les hommes \u00e9tant moins souvent [&hellip;]<\/p>\n","protected":false},"author":1,"featured_media":0,"parent":0,"menu_order":7,"comment_status":"open","ping_status":"closed","template":"","meta":{"footnotes":""},"class_list":["post-51","page","type-page","status-publish","hentry"],"publishpress_future_action":{"enabled":false,"date":"2026-04-14 02:07:17","action":"change-status","newStatus":"draft","terms":[],"taxonomy":"","extraData":[]},"publishpress_future_workflow_manual_trigger":{"enabledWorkflows":[]},"_links":{"self":[{"href":"https:\/\/suisse-fibromyalgie.ch\/fr\/wp-json\/wp\/v2\/pages\/51","targetHints":{"allow":["GET"]}}],"collection":[{"href":"https:\/\/suisse-fibromyalgie.ch\/fr\/wp-json\/wp\/v2\/pages"}],"about":[{"href":"https:\/\/suisse-fibromyalgie.ch\/fr\/wp-json\/wp\/v2\/types\/page"}],"author":[{"embeddable":true,"href":"https:\/\/suisse-fibromyalgie.ch\/fr\/wp-json\/wp\/v2\/users\/1"}],"replies":[{"embeddable":true,"href":"https:\/\/suisse-fibromyalgie.ch\/fr\/wp-json\/wp\/v2\/comments?post=51"}],"version-history":[{"count":0,"href":"https:\/\/suisse-fibromyalgie.ch\/fr\/wp-json\/wp\/v2\/pages\/51\/revisions"}],"wp:attachment":[{"href":"https:\/\/suisse-fibromyalgie.ch\/fr\/wp-json\/wp\/v2\/media?parent=51"}],"curies":[{"name":"wp","href":"https:\/\/api.w.org\/{rel}","templated":true}]}}