{"id":264,"date":"2014-11-01T14:41:42","date_gmt":"2014-11-01T13:41:42","guid":{"rendered":"http:\/\/wordpress\/2014\/11\/01\/charte-reseaux-sociaux\/"},"modified":"2025-01-18T15:16:44","modified_gmt":"2025-01-18T14:16:44","slug":"charte-reseaux-sociaux","status":"publish","type":"page","link":"https:\/\/suisse-fibromyalgie.ch\/fr\/charte-reseaux-sociaux\/","title":{"rendered":"Charte des r\u00e9seaux sociaux"},"content":{"rendered":"\t\t<div data-elementor-type=\"wp-page\" data-elementor-id=\"264\" class=\"elementor elementor-264\" data-elementor-post-type=\"page\">\n\t\t\t\t\t\t<section class=\"elementor-section elementor-top-section elementor-element elementor-element-193eaa1 elementor-section-boxed elementor-section-height-default elementor-section-height-default\" data-id=\"193eaa1\" data-element_type=\"section\" data-e-type=\"section\">\n\t\t\t\t\t\t<div class=\"elementor-container elementor-column-gap-default\">\n\t\t\t\t\t<div class=\"elementor-column elementor-col-100 elementor-top-column elementor-element elementor-element-5ef4244\" data-id=\"5ef4244\" data-element_type=\"column\" data-e-type=\"column\">\n\t\t\t<div class=\"elementor-widget-wrap elementor-element-populated\">\n\t\t\t\t\t\t<div class=\"elementor-element elementor-element-a8cbc03 elementor-widget elementor-widget-text-editor\" data-id=\"a8cbc03\" data-element_type=\"widget\" data-e-type=\"widget\" data-widget_type=\"text-editor.default\">\n\t\t\t\t<div class=\"elementor-widget-container\">\n\t\t\t\t\t\t\t\t\t<h1>Charte d\u2019utilisation des r\u00e9seaux sociaux de l\u2019association suisse des fibromyalgiques<\/h1>\t\t\t\t\t\t\t\t<\/div>\n\t\t\t\t<\/div>\n\t\t\t\t<div class=\"elementor-element elementor-element-c17e974 elementor-widget elementor-widget-text-editor\" data-id=\"c17e974\" data-element_type=\"widget\" data-e-type=\"widget\" data-widget_type=\"text-editor.default\">\n\t\t\t\t<div class=\"elementor-widget-container\">\n\t\t\t\t\t\t\t\t\t<p>La pr\u00e9sente charte de l\u2019Association suisse des fibromyalgiques (ci-apr\u00e8s ASFM) se veut un syst\u00e8me de principes pour guider l\u2019utilisation de tout site Internet offrant une plate-forme communautaire de services, ci-apr\u00e8s nomm\u00e9 \u00abr\u00e9seau social\u00bb. Elle pr\u00e9cise les conditions d\u2019utilisation des comptes qui y sont ouverts au nom de l\u2019ASFM et de ses groupes d\u2019entraide. Elle ne concerne pas les comptes personnels des membres de l\u2019association. En revanche, elle s\u2019applique:<\/p><ul><li>aux comptes des personnes physiques ou morales agissant comme repr\u00e9sentants de l\u2019ASFM, d\u2019une part (ex.: compte au nom du \u00abpr\u00e9sident de l\u2019ASFM\u00bb),<\/li><li>aux comptes officiels de l\u2019association, d\u2019autre part.<\/li><\/ul><p>La pr\u00e9sence sur les r\u00e9seaux sociaux de l\u2019ASFM s\u2019inscrit dans le cadre de ses activit\u00e9s. A ce titre, elle s\u2019y conforme aux valeurs, objectifs et principes tels qu\u2019ils sont notamment d\u00e9finis par les statuts de l\u2019association.<\/p><h1>1. Objet<\/h1><p>L\u2019association regroupe des personnes, atteintes ou non par la fibromyalgie, qui, quel que soit leur moyen d\u2019expression, contribuent \u00e0 l\u2019am\u00e9lioration et \u00e0 la diffusion des connaissances sur le syndrome, des avanc\u00e9es de la science et de la recherche, des informations sur les traitements efficaces existants ou en d\u00e9veloppement, des exp\u00e9riences des personnes touch\u00e9es et de leur entourage, des moyens de bien vivre avec la fibromyalgie, et de toute autre information touchant de pr\u00e8s ou de plus loin \u00e0 la fibromyalgie.<\/p><p>Pour y parvenir, l\u2019association fait circuler l\u2019information par les moyens dont elle dispose, fait conna\u00eetre ses membres aux organismes int\u00e9ress\u00e9s, informe ses adh\u00e9rents des \u00e9v\u00e9nements, probl\u00e8mes et solutions dont elle a connaissance, agit par les moyens appropri\u00e9s pour que les m\u00e9dias d\u00e9livrent une information rigoureuse dans ses domaines d\u2019action.<\/p><p>L\u2019association se veut un interm\u00e9diaire. Elle s\u2019efforce d\u2019organiser la diffusion d\u2019informations et vise \u00e0 mettre en relation tous les acteurs de ce domaine m\u00e9dical, qu\u2019il s\u2019agisse d\u2019organismes officiels, d\u2019h\u00f4pitaux, de centres de recherche, d\u2019associations ou d\u2019individus, afin de permettre de faire conna\u00eetre la fibromyalgie et donner naissance \u00e0 des synergies permettant de faire avancer la recherche.<\/p><p>Son activit\u00e9 sur les r\u00e9seaux sociaux poursuit les m\u00eames buts.<\/p><h1>2. Administration<\/h1><p>Le comit\u00e9 de l\u2019association s\u2019assure de la conformit\u00e9 des comptes avec les r\u00e8gles en vigueur au sein de l\u2019ASFM. S\u2019il constate une d\u00e9rive, il prend les d\u00e9cisions qu\u2019il juge n\u00e9cessaires pour la corriger.<\/p><p>Chaque compte est g\u00e9r\u00e9 par un ou plusieurs membres de l\u2019association, ci-apr\u00e8s nomm\u00e9(s) \u00abadministrateur(s)\u00bb du compte concern\u00e9.<\/p><p>Sur la dur\u00e9e de son mandat, tout membre du comit\u00e9 de l\u2019ASFM est, sous r\u00e9serve du respect des r\u00e8gles de fonctionnement, administrateur de droit des comptes officiels de l\u2019association. Ce statut lui est octroy\u00e9 sur demande. Le comit\u00e9 peut aussi attribuer, comme retirer, ce statut \u00e0 tout membre de l\u2019association qui s\u2019est d\u00fbment acquitt\u00e9 de ses cotisations.<\/p><p>S\u2019agissant d\u2019une personne morale ou physique agissant en tant que repr\u00e9sentant de l\u2019association, la gestion de son compte est plac\u00e9e sous sa responsabilit\u00e9 et sous la vigilance du comit\u00e9 de l\u2019ASFM.<\/p><p>Les comptes sont \u00e0 caract\u00e8re public. En aucun cas, ils ne peuvent \u00eatre utilis\u00e9s \u00e0 des fins personnelles et un devoir de r\u00e9serve s\u2019impose sur la vie interne de l\u2019association.<\/p><h1>3. Contributions<\/h1><p>Seuls les administrateurs d\u2019un compte l\u2019utilisent pour publier du contenu. Leurs contributions sont r\u00e9dig\u00e9es dans un format court, dans un langage courant, compr\u00e9hensible et respectant les codes de communication du r\u00e9seau social concern\u00e9. Dans la mesure du possible, l\u2019origine d\u2019une information est indiqu\u00e9e et un lien renvoie vers un site Internet.<\/p><p>Les publications et commentaires se font dans la courtoisie, le respect et un esprit d\u2019ouverture, ce qui n\u2019emp\u00eache pas d\u2019exprimer des id\u00e9es tranch\u00e9es avec conviction. De fa\u00e7on non-exhaustive, sont interdites les contributions:<\/p><ul><li>\u00e0 caract\u00e8re insultant, raciste, x\u00e9nophobe, diffamatoire, d\u00e9nigrant, injurieux, agressif, pornographique, p\u00e9dophile ou obsc\u00e8ne\u00a0;<\/li><li>attaquant ou d\u00e9valorisant explicitement ou par insinuation un individu ou un groupe en raison de son sexe, de sa race, de son origine, de sa religion, de son handicap, de son \u00e2ge ou de son orientation sexuelle\u00a0;<\/li><li>incitant \u00e0 la haine, \u00e0 la violence, au suicide, au n\u00e9gationnisme, \u00e0 la discrimination ou faisant l\u2019apologie d\u2019un crime de guerre ou d\u2019un crime contre l\u2019humanit\u00e9\u00a0;<\/li><li>portant atteinte \u00e0 la vie priv\u00e9e ou mentionnant des coordonn\u00e9es personnelles\u00a0;<\/li><li>\u00e0 caract\u00e8re commercial\u00a0;<\/li><li>partisanes ou li\u00e9es \u00e0 une attache politique\u00a0;<\/li><li>hors-sujet, incompr\u00e9hensibles ou de nature r\u00e9p\u00e9titive\u00a0;<\/li><li>contrevenant \u00e0 la l\u00e9gislation, notamment au droit d\u2019auteur ou au droit \u00e0 l\u2019image.<\/li><\/ul><h1>4. Nom et logo de l\u2019ASFM<\/h1><p>Le nom et le logo de l\u2019ASFM ne peuvent \u00eatre utilis\u00e9s que dans le cadre strict de la poursuite des buts de l\u2019association. Ils ne sauraient \u00eatre d\u00e9tourn\u00e9s \u00e0 d\u2019autres fins.<\/p><p>L\u2019utilisation du nom et du logo de l\u2019ASFM est r\u00e9serv\u00e9e aux organes de l\u2019association et aux groupes d\u2019entraide apr\u00e8s validation par le comit\u00e9 ou son repr\u00e9sentant. Tout autre usage n\u2019est pas autoris\u00e9.<\/p><p>Seul le logo officiel de l\u2019ASFM est utilis\u00e9, afin de conserver son apparence originale telle qu\u2019elle est connue. Les copies ou reproductions sont bannies, car elles ne sauraient donner une image s\u00e9rieuse de l\u2019ASFM. Le logo officiel est fourni par le bureau de l\u2019association, apr\u00e8s validation par le pr\u00e9sident ou un membre du comit\u00e9.<\/p><p>Le nom et le logo de l\u2019ASFM seront toujours utilis\u00e9s seuls, sans association \u00e0 d\u2019autres groupes ou individus. Ainsi, les comptes cr\u00e9\u00e9s sur les r\u00e9seaux sociaux seront toujours des comptes intitul\u00e9s soit au nom de l\u2019association elle-m\u00eame accompagn\u00e9 de son logo, ou au nom d\u2019un groupe d\u2019entraide, avec le logo de l\u2019association.<\/p><h1>5. Mod\u00e8le<\/h1><p>Le comit\u00e9 de l\u2019association d\u00e9finit le mod\u00e8le \u00e0 utiliser pour la cr\u00e9ation d\u2019un compte sur un r\u00e9seau social. Ce mod\u00e8le doit \u00eatre scrupuleusement respect\u00e9, tant dans la forme que dans la pr\u00e9sentation et les polices de caract\u00e8res utilis\u00e9es. Le cas \u00e9ch\u00e9ant, l\u2019ASFM cr\u00e9e un canevas ou un mod\u00e8le qui peut \u00eatre copi\u00e9.<\/p><h1>6. Photographies<\/h1><p>\u00a0Une photographie peut \u00eatre diffus\u00e9e si:<\/p><ul><li data-mce-word-list=\"1\">elle est libre de droit ou son auteur a donn\u00e9 son accord, son nom ou pseudonyme \u00e9tant indiqu\u00e9 suivant les indications qu\u2019il a fournies;<\/li><li data-mce-word-list=\"1\">les personnes identifiables ont donn\u00e9 leur accord ou ont \u00e9t\u00e9 photographi\u00e9es dans une fonction officielle publique, les personnes photographi\u00e9es de dos n\u2019\u00e9tant pas consid\u00e9r\u00e9es comme identifiables.<\/li><\/ul><p>Toute personne identifiable sur une photographie diffus\u00e9e peut en demander le retrait \u00e0 un administrateur du compte concern\u00e9. Le retrait ne peut alors pas lui \u00eatre refus\u00e9.<\/p><p>En aucun cas, une photographie ne peut \u00eatre tagu\u00e9e. Ni l\u2019identit\u00e9, ni le compte personnel d\u2019une personne ne peuvent ainsi y \u00eatre indiqu\u00e9s.<\/p><h1>7. Facebook<\/h1><p>L\u2019utilisation de Facebook est soumise aux r\u00e8gles fix\u00e9es aux points 1 \u00e0 4 de la pr\u00e9sente charte. Une page au nom de l\u2019ASFM est libre d\u2019acc\u00e8s pour tout internaute respectant les conditions demand\u00e9es par Facebook.<\/p><p>Le compte d\u2019un membre est consid\u00e9r\u00e9 comme priv\u00e9 et ne peut pas \u00eatre relay\u00e9. En revanche, la page Facebook d\u2019un membre est consid\u00e9r\u00e9e comme publique et peut donc \u00eatre relay\u00e9e dans la mesure o\u00f9 elle traite d\u2019un sujet conforme \u00e0 l\u2019objet de l\u2019association.<\/p><p>Facebook est utilis\u00e9 comme vitrine pour diffuser exclusivement des informations concernant l\u2019ASFM. Peuvent donc y \u00eatre diffus\u00e9s des \u00e9l\u00e9ments sur:<\/p><ul><li>l\u2019actualit\u00e9 de l\u2019association, comme un article publi\u00e9 sur son site Internet, l\u2019annonce d\u2019un \u00e9v\u00e9nement qu\u2019elle organise, la photographie d\u2019un \u00e9v\u00e9nement qu\u2019elle a organis\u00e9 ou tout autre \u00e9l\u00e9ment de la vie de l\u2019association pouvant \u00eatre rendu public;<\/li><li>un projet de l\u2019association, comme un appel \u00e0 t\u00e9moignage, un sondage ou tout autre \u00e9l\u00e9ment facilitant la r\u00e9alisation d\u2019un projet de l\u2019association;<\/li><li>l\u2019actualit\u00e9 d\u2019un membre de l\u2019association, comme la parution d\u2019un ouvrage, l\u2019organisation d\u2019une exposition, la publication d\u2019un article sur son propre site Internet, son blog ou un r\u00e9seau social, ou toute actualit\u00e9 d\u2019un membre conforme \u00e0 son int\u00e9r\u00eat et \u00e0 l\u2019objet de l\u2019association;<\/li><li>l\u2019adh\u00e9sion \u00e0 l\u2019association d\u2019un nouveau membre ou membre associ\u00e9, seuls pouvant alors \u00eatre indiqu\u00e9s son nom, son activit\u00e9 et un lien vers un site Internet, un blog ou un r\u00e9seau social valorisant son travail, dans la limite de l\u2019objet de l\u2019association.<\/li><\/ul><p>Par extension, les administrateurs peuvent marquer comme favori (\u00ab<em>liker<\/em>\u00bb) ou relayer la page Facebook ou un \u00e9l\u00e9ment publi\u00e9 par un tiers dans la limite des m\u00eames conditions.<\/p><h1>8. Twitter<\/h1><p>L\u2019utilisation de Twitter est soumise aux r\u00e8gles fix\u00e9es aux points 1 \u00e0 4 de la pr\u00e9sente charte. Un fil au nom de l\u2019ASFM est libre d\u2019acc\u00e8s pour tout internaute respectant les conditions demand\u00e9es par Twitter.<\/p><p>Le fil Twitter d\u2019un membre est consid\u00e9r\u00e9 comme public et peut donc \u00eatre relay\u00e9 dans la mesure o\u00f9 il traite d\u2019un sujet conforme \u00e0 l\u2019objet de l\u2019association.<\/p><p>Twitter est utilis\u00e9 comme fil d\u2019informations sur des sujets conformes \u00e0 l\u2019objet de l\u2019association. Peuvent donc y \u00eatre diffus\u00e9s des \u00e9l\u00e9ments sur:<\/p><ul><li>l\u2019actualit\u00e9 de l\u2019association, comme un article publi\u00e9 sur son site Internet, l\u2019annonce d\u2019un \u00e9v\u00e9nement qu\u2019elle organise, la photographie d\u2019un \u00e9v\u00e9nement qu\u2019elle a organis\u00e9 ou tout autre \u00e9l\u00e9ment de la vie de l\u2019association pouvant \u00eatre rendu public;<\/li><li>un projet de l\u2019association, comme un appel \u00e0 t\u00e9moignage, un sondage ou tout autre \u00e9l\u00e9ment facilitant la r\u00e9alisation d\u2019un projet de l\u2019association;<\/li><li>l\u2019actualit\u00e9 d\u2019un membre de l\u2019association, comme la parution d\u2019un ouvrage, l\u2019organisation d\u2019une exposition, la publication d\u2019un article sur son propre site Internet, son blog ou un r\u00e9seau social, ou toute actualit\u00e9 d\u2019un membre conforme \u00e0 son int\u00e9r\u00eat et \u00e0 l\u2019objet de l\u2019association;<\/li><\/ul><ul><li data-mce-word-list=\"1\">l\u2019adh\u00e9sion \u00e0 l\u2019association d\u2019un nouveau membre ou membre associ\u00e9, seuls pouvant alors \u00eatre indiqu\u00e9s son nom, son activit\u00e9 et un lien vers un site Internet, un blog ou un r\u00e9seau social valorisant son travail, dans la limite de l\u2019objet de l\u2019association;<\/li><li data-mce-word-list=\"1\">des propos tenus ou des faits survenus lors d\u2019\u00e9v\u00e9nements publics li\u00e9s \u00e0 l\u2019objet de l\u2019association;<\/li><li data-mce-word-list=\"1\">l\u2019actualit\u00e9 li\u00e9e \u00e0 la fibromyalgie, en relayant une source officielle (organismes institutionnels, milieu m\u00e9dical, associations, etc.), un titre reconnu par la profession ou une personnalit\u00e9 qualifi\u00e9e.<\/li><\/ul><p>Par extension, les administrateurs peuvent suivre un compte ou relayer un message (\u00abretweeter\u00bb) dans la limite des m\u00eames conditions.<\/p>\t\t\t\t\t\t\t\t<\/div>\n\t\t\t\t<\/div>\n\t\t\t\t<div class=\"elementor-element elementor-element-c6e75bb elementor-widget-divider--view-line elementor-widget elementor-widget-divider\" data-id=\"c6e75bb\" data-element_type=\"widget\" data-e-type=\"widget\" data-widget_type=\"divider.default\">\n\t\t\t\t<div class=\"elementor-widget-container\">\n\t\t\t\t\t\t\t<div class=\"elementor-divider\">\n\t\t\t<span class=\"elementor-divider-separator\">\n\t\t\t\t\t\t<\/span>\n\t\t<\/div>\n\t\t\t\t\t\t<\/div>\n\t\t\t\t<\/div>\n\t\t\t\t<div class=\"elementor-element elementor-element-a0e5d02 elementor-widget elementor-widget-text-editor\" data-id=\"a0e5d02\" data-element_type=\"widget\" data-e-type=\"widget\" data-widget_type=\"text-editor.default\">\n\t\t\t\t<div class=\"elementor-widget-container\">\n\t\t\t\t\t\t\t\t\t<p>Cette charte a \u00e9t\u00e9 valid\u00e9e par le comit\u00e9 de l\u2019Association Suisse des FibroMyalgiques en octobre 2014.<\/p>\t\t\t\t\t\t\t\t<\/div>\n\t\t\t\t<\/div>\n\t\t\t\t\t<\/div>\n\t\t<\/div>\n\t\t\t\t\t<\/div>\n\t\t<\/section>\n\t\t\t\t<\/div>\n\t\t","protected":false},"excerpt":{"rendered":"<p>Charte d\u2019utilisation des r\u00e9seaux sociaux de l\u2019association suisse des fibromyalgiques La pr\u00e9sente charte de l\u2019Association suisse des fibromyalgiques (ci-apr\u00e8s ASFM) se veut un syst\u00e8me de principes pour guider l\u2019utilisation de [&hellip;]<\/p>\n","protected":false},"author":1,"featured_media":0,"parent":0,"menu_order":18,"comment_status":"open","ping_status":"open","template":"","meta":{"footnotes":""},"class_list":["post-264","page","type-page","status-publish","hentry"],"publishpress_future_action":{"enabled":false,"date":"2026-05-11 23:29:57","action":"change-status","newStatus":"draft","terms":[],"taxonomy":"","extraData":[]},"publishpress_future_workflow_manual_trigger":{"enabledWorkflows":[]},"_links":{"self":[{"href":"https:\/\/suisse-fibromyalgie.ch\/fr\/wp-json\/wp\/v2\/pages\/264","targetHints":{"allow":["GET"]}}],"collection":[{"href":"https:\/\/suisse-fibromyalgie.ch\/fr\/wp-json\/wp\/v2\/pages"}],"about":[{"href":"https:\/\/suisse-fibromyalgie.ch\/fr\/wp-json\/wp\/v2\/types\/page"}],"author":[{"embeddable":true,"href":"https:\/\/suisse-fibromyalgie.ch\/fr\/wp-json\/wp\/v2\/users\/1"}],"replies":[{"embeddable":true,"href":"https:\/\/suisse-fibromyalgie.ch\/fr\/wp-json\/wp\/v2\/comments?post=264"}],"version-history":[{"count":6,"href":"https:\/\/suisse-fibromyalgie.ch\/fr\/wp-json\/wp\/v2\/pages\/264\/revisions"}],"predecessor-version":[{"id":7853,"href":"https:\/\/suisse-fibromyalgie.ch\/fr\/wp-json\/wp\/v2\/pages\/264\/revisions\/7853"}],"wp:attachment":[{"href":"https:\/\/suisse-fibromyalgie.ch\/fr\/wp-json\/wp\/v2\/media?parent=264"}],"curies":[{"name":"wp","href":"https:\/\/api.w.org\/{rel}","templated":true}]}}