{"id":233,"date":"2013-08-06T15:54:07","date_gmt":"2013-08-06T13:54:07","guid":{"rendered":"http:\/\/wordpress\/2013\/08\/06\/administration\/"},"modified":"2025-04-15T14:23:48","modified_gmt":"2025-04-15T12:23:48","slug":"administration","status":"publish","type":"page","link":"https:\/\/suisse-fibromyalgie.ch\/fr\/administration\/","title":{"rendered":"Secr\u00e9tariat \/ Comit\u00e9"},"content":{"rendered":"\t\t<div data-elementor-type=\"wp-page\" data-elementor-id=\"233\" class=\"elementor elementor-233\" data-elementor-post-type=\"page\">\n\t\t\t\t\t\t<section class=\"elementor-section elementor-top-section elementor-element elementor-element-27cd672 elementor-section-boxed elementor-section-height-default elementor-section-height-default\" data-id=\"27cd672\" data-element_type=\"section\" data-e-type=\"section\">\n\t\t\t\t\t\t<div class=\"elementor-container elementor-column-gap-default\">\n\t\t\t\t\t<div class=\"elementor-column elementor-col-100 elementor-top-column elementor-element elementor-element-0599b13\" data-id=\"0599b13\" data-element_type=\"column\" data-e-type=\"column\">\n\t\t\t<div class=\"elementor-widget-wrap elementor-element-populated\">\n\t\t\t\t\t\t<div class=\"elementor-element elementor-element-961b462 elementor-widget elementor-widget-image\" data-id=\"961b462\" data-element_type=\"widget\" data-e-type=\"widget\" data-widget_type=\"image.default\">\n\t\t\t\t<div class=\"elementor-widget-container\">\n\t\t\t\t\t\t\t\t\t\t\t\t\t\t\t<img fetchpriority=\"high\" decoding=\"async\" width=\"2560\" height=\"1440\" src=\"https:\/\/suisse-fibromyalgie.ch\/wp-content\/uploads\/Organigramme-comite-ASFM-2025-scaled.jpg\" class=\"attachment-full size-full wp-image-8382\" alt=\"\" srcset=\"https:\/\/suisse-fibromyalgie.ch\/wp-content\/uploads\/Organigramme-comite-ASFM-2025-scaled.jpg 2560w, https:\/\/suisse-fibromyalgie.ch\/wp-content\/uploads\/Organigramme-comite-ASFM-2025-300x169.jpg 300w, https:\/\/suisse-fibromyalgie.ch\/wp-content\/uploads\/Organigramme-comite-ASFM-2025-1024x576.jpg 1024w, https:\/\/suisse-fibromyalgie.ch\/wp-content\/uploads\/Organigramme-comite-ASFM-2025-768x432.jpg 768w, https:\/\/suisse-fibromyalgie.ch\/wp-content\/uploads\/Organigramme-comite-ASFM-2025-1536x864.jpg 1536w, https:\/\/suisse-fibromyalgie.ch\/wp-content\/uploads\/Organigramme-comite-ASFM-2025-2048x1152.jpg 2048w, https:\/\/suisse-fibromyalgie.ch\/wp-content\/uploads\/Organigramme-comite-ASFM-2025-18x10.jpg 18w\" sizes=\"(max-width: 2560px) 100vw, 2560px\" \/>\t\t\t\t\t\t\t\t\t\t\t\t\t\t\t<\/div>\n\t\t\t\t<\/div>\n\t\t\t\t\t<\/div>\n\t\t<\/div>\n\t\t\t\t\t<\/div>\n\t\t<\/section>\n\t\t\t\t<section class=\"elementor-section elementor-top-section elementor-element elementor-element-9ffc97c elementor-section-boxed elementor-section-height-default elementor-section-height-default\" data-id=\"9ffc97c\" data-element_type=\"section\" data-e-type=\"section\">\n\t\t\t\t\t\t<div class=\"elementor-container elementor-column-gap-default\">\n\t\t\t\t\t<div class=\"elementor-column elementor-col-100 elementor-top-column elementor-element elementor-element-c207df8\" data-id=\"c207df8\" data-element_type=\"column\" data-e-type=\"column\">\n\t\t\t<div class=\"elementor-widget-wrap elementor-element-populated\">\n\t\t\t\t\t\t<div class=\"elementor-element elementor-element-c213994 elementor-widget elementor-widget-text-editor\" data-id=\"c213994\" data-element_type=\"widget\" data-e-type=\"widget\" data-widget_type=\"text-editor.default\">\n\t\t\t\t<div class=\"elementor-widget-container\">\n\t\t\t\t\t\t\t\t\t<p><strong>L\u2019organigramme du comit\u00e9 a \u00e9t\u00e9 refait sur une seule ligne et par ordre d&rsquo;arriv\u00e9e dans le comit\u00e9, et non par \u00e9tage des titres comme auparavant. Car, pour moi, il est tr\u00e8s important que tout le monde soit au m\u00eame niveau.<\/strong><\/p><p><strong>Comme je l\u2019ai dit lors de ma premi\u00e8re s\u00e9ance du comit\u00e9 en tant que pr\u00e9sident le 12 d\u00e9cembre 2023, je porte le titre, car il en faut un, mais le comit\u00e9 forme une \u00e9quipe et tous les membres sont sur un pied d\u2019\u00e9galit\u00e9 avec leurs connaissances, leurs capacit\u00e9s et leurs id\u00e9es.<\/strong><\/p><p><strong>C\u2019est que comme cela que nous arrivons \u00e0 faire avancer les choses pour vous nos chers membres\u00a0!<\/strong><\/p>\t\t\t\t\t\t\t\t<\/div>\n\t\t\t\t<\/div>\n\t\t\t\t\t<\/div>\n\t\t<\/div>\n\t\t\t\t\t<\/div>\n\t\t<\/section>\n\t\t\t\t<section class=\"elementor-section elementor-top-section elementor-element elementor-element-4109228 elementor-section-boxed elementor-section-height-default elementor-section-height-default\" data-id=\"4109228\" data-element_type=\"section\" data-e-type=\"section\">\n\t\t\t\t\t\t<div class=\"elementor-container elementor-column-gap-default\">\n\t\t\t\t\t<div class=\"elementor-column elementor-col-100 elementor-top-column elementor-element elementor-element-d01bbca\" data-id=\"d01bbca\" data-element_type=\"column\" data-e-type=\"column\">\n\t\t\t<div class=\"elementor-widget-wrap elementor-element-populated\">\n\t\t\t\t\t\t<div class=\"elementor-element elementor-element-7b28f4a elementor-widget-divider--view-line elementor-widget elementor-widget-divider\" data-id=\"7b28f4a\" data-element_type=\"widget\" data-e-type=\"widget\" data-widget_type=\"divider.default\">\n\t\t\t\t<div class=\"elementor-widget-container\">\n\t\t\t\t\t\t\t<div class=\"elementor-divider\">\n\t\t\t<span class=\"elementor-divider-separator\">\n\t\t\t\t\t\t<\/span>\n\t\t<\/div>\n\t\t\t\t\t\t<\/div>\n\t\t\t\t<\/div>\n\t\t\t\t\t<\/div>\n\t\t<\/div>\n\t\t\t\t\t<\/div>\n\t\t<\/section>\n\t\t\t\t<section class=\"elementor-section elementor-top-section elementor-element elementor-element-7c04765 elementor-section-boxed elementor-section-height-default elementor-section-height-default\" data-id=\"7c04765\" data-element_type=\"section\" data-e-type=\"section\">\n\t\t\t\t\t\t<div class=\"elementor-container elementor-column-gap-default\">\n\t\t\t\t\t<div class=\"elementor-column elementor-col-100 elementor-top-column elementor-element elementor-element-2600558\" data-id=\"2600558\" data-element_type=\"column\" data-e-type=\"column\">\n\t\t\t<div class=\"elementor-widget-wrap elementor-element-populated\">\n\t\t\t\t\t\t<div class=\"elementor-element elementor-element-8f51a83 elementor-widget elementor-widget-text-editor\" data-id=\"8f51a83\" data-element_type=\"widget\" data-e-type=\"widget\" data-widget_type=\"text-editor.default\">\n\t\t\t\t<div class=\"elementor-widget-container\">\n\t\t\t\t\t\t\t\t\t<h5><strong>Le comit\u00e9 a beaucoup de magnifiques projets pour assurer la p\u00e9rennit\u00e9 et d\u00e9velopper l\u2019ASFM. Afin de garantir le bon d\u00e9roulement de ces projets, nous avons besoin de force vive b\u00e9n\u00e9vole pour nous aider \u00e0 soutenir nos membres et \u00e0 am\u00e9liorer nos prestations.<\/strong><\/h5><h5><strong>Si vous disposez de quelques heures par semaine ou par mois et que vous souhaitez apporter votre soutien \u00e0 une bonne cause en int\u00e9grant le comit\u00e9 ou en le soutenant, n\u2019h\u00e9sitez pas \u00e0 me contacter.<\/strong><\/h5><h5><strong>Je suis \u00e0 votre disposition, soit par courriel \u00e0\u00a0<\/strong><a href=\"mailto:philippe.schupbach@suisse-fibromyalgie.ch\" target=\"_blank\" rel=\"noopener\">philippe.schupbach@suisse-fibromyalgie.ch<\/a> ou par t\u00e9l\u00e9phone au 0763223316.<\/h5>\t\t\t\t\t\t\t\t<\/div>\n\t\t\t\t<\/div>\n\t\t\t\t\t<\/div>\n\t\t<\/div>\n\t\t\t\t\t<\/div>\n\t\t<\/section>\n\t\t\t\t<\/div>\n\t\t","protected":false},"excerpt":{"rendered":"<p>L\u2019organigramme du comit\u00e9 a \u00e9t\u00e9 refait sur une seule ligne et par ordre d&rsquo;arriv\u00e9e dans le comit\u00e9, et non par \u00e9tage des titres comme auparavant. Car, pour moi, il est [&hellip;]<\/p>\n","protected":false},"author":1,"featured_media":228,"parent":0,"menu_order":12,"comment_status":"open","ping_status":"open","template":"","meta":{"footnotes":""},"class_list":["post-233","page","type-page","status-publish","has-post-thumbnail","hentry"],"publishpress_future_action":{"enabled":false,"date":"2026-04-22 07:37:43","action":"change-status","newStatus":"draft","terms":[],"taxonomy":"","extraData":[]},"publishpress_future_workflow_manual_trigger":{"enabledWorkflows":[]},"_links":{"self":[{"href":"https:\/\/suisse-fibromyalgie.ch\/fr\/wp-json\/wp\/v2\/pages\/233","targetHints":{"allow":["GET"]}}],"collection":[{"href":"https:\/\/suisse-fibromyalgie.ch\/fr\/wp-json\/wp\/v2\/pages"}],"about":[{"href":"https:\/\/suisse-fibromyalgie.ch\/fr\/wp-json\/wp\/v2\/types\/page"}],"author":[{"embeddable":true,"href":"https:\/\/suisse-fibromyalgie.ch\/fr\/wp-json\/wp\/v2\/users\/1"}],"replies":[{"embeddable":true,"href":"https:\/\/suisse-fibromyalgie.ch\/fr\/wp-json\/wp\/v2\/comments?post=233"}],"version-history":[{"count":42,"href":"https:\/\/suisse-fibromyalgie.ch\/fr\/wp-json\/wp\/v2\/pages\/233\/revisions"}],"predecessor-version":[{"id":8402,"href":"https:\/\/suisse-fibromyalgie.ch\/fr\/wp-json\/wp\/v2\/pages\/233\/revisions\/8402"}],"wp:featuredmedia":[{"embeddable":true,"href":"https:\/\/suisse-fibromyalgie.ch\/fr\/wp-json\/"}],"wp:attachment":[{"href":"https:\/\/suisse-fibromyalgie.ch\/fr\/wp-json\/wp\/v2\/media?parent=233"}],"curies":[{"name":"wp","href":"https:\/\/api.w.org\/{rel}","templated":true}]}}