{"id":222,"date":"2021-01-01T00:00:46","date_gmt":"2020-12-31T23:00:46","guid":{"rendered":"http:\/\/wordpress\/2013\/02\/22\/therapies-actuelles\/"},"modified":"2022-12-22T12:34:03","modified_gmt":"2022-12-22T11:34:03","slug":"les-therapies-actuelles","status":"publish","type":"page","link":"https:\/\/suisse-fibromyalgie.ch\/fr\/les-therapies-actuelles\/","title":{"rendered":"Les th\u00e9rapies actuelles"},"content":{"rendered":"\t\t<div data-elementor-type=\"wp-page\" data-elementor-id=\"222\" class=\"elementor elementor-222\" data-elementor-post-type=\"page\">\n\t\t\t\t\t\t<section class=\"elementor-section elementor-top-section elementor-element elementor-element-b63b33f elementor-section-boxed elementor-section-height-default elementor-section-height-default\" data-id=\"b63b33f\" data-element_type=\"section\" data-e-type=\"section\">\n\t\t\t\t\t\t<div class=\"elementor-container elementor-column-gap-default\">\n\t\t\t\t\t<div class=\"elementor-column elementor-col-100 elementor-top-column elementor-element elementor-element-d6da296\" data-id=\"d6da296\" data-element_type=\"column\" data-e-type=\"column\">\n\t\t\t<div class=\"elementor-widget-wrap elementor-element-populated\">\n\t\t\t\t\t\t<div class=\"elementor-element elementor-element-6440ea0 elementor-widget elementor-widget-text-editor\" data-id=\"6440ea0\" data-element_type=\"widget\" data-e-type=\"widget\" data-widget_type=\"text-editor.default\">\n\t\t\t\t<div class=\"elementor-widget-container\">\n\t\t\t\t\t\t\t\t\t<p>Le traitement de la fibromyalgie vise \u00e0 r\u00e9duire la douleur et \u00e0 am\u00e9liorer le sommeil. Ce sont les sympt\u00f4mes qui sont trait\u00e9s, plut\u00f4t que l&rsquo;affection. Il semble que la meilleure voie soit une association de plusieurs techniques (m\u00e9dicaments, activit\u00e9 sportive, th\u00e9rapie parall\u00e8le et psychique).<\/p><p>En ce qui concerne les m\u00e9dicaments, les antalgiques et les anti-inflammatoires ne sont malheureusement que peu efficaces.<\/p><p>Ce sont les antid\u00e9presseurs tricycliques qui sont le plus souvent prescrits, en doses beaucoup plus faibles que lors d&rsquo;un traitement de la d\u00e9pression. Dans certains cas, ces m\u00e9dicaments att\u00e9nuent la douleur et am\u00e9liorent le sommeil. Dans d&rsquo;autres cas, ils semblent sans effet b\u00e9n\u00e9fique.<\/p><p>Les recherches se poursuivent activement sur diff\u00e9rents plans pour trouver des m\u00e9dicaments efficaces.<\/p><p>La th\u00e9rapie cognitivo-comportementale, associ\u00e9e \u00e0 la m\u00e9ditation de pleine conscience (MBSR) a prouv\u00e9 scientifiquement son potentiel de r\u00e9duction de la douleur et autres effets b\u00e9n\u00e9fiques sur les syst\u00e8mes corporels.<\/p><p>Les m\u00e9decines parall\u00e8les se sont pench\u00e9es sur le probl\u00e8me et ont obtenu des r\u00e9sultats parfois tr\u00e8s appr\u00e9ciables gr\u00e2ce \u00e0 des m\u00e9thodes psycho-corporelles : m\u00e9thode de lib\u00e9ration de cuirasses MLC (anti-gymnastique), sophrologie, m\u00e9decines chinoises (acupuncture), tai-chi, chi-gong, utilisation des fleurs de Bach, huiles essentielles, luminoth\u00e9rapie, musicoth\u00e9rapie, art-th\u00e9rapie, etc.<\/p><p>Cependant, mieux vaut toujours consulter son m\u00e9decin avant d&rsquo;entreprendre de telles d\u00e9marches, et celles-ci ne dispensent en rien le recours \u00e0 la m\u00e9decine classique.<\/p>\t\t\t\t\t\t\t\t<\/div>\n\t\t\t\t<\/div>\n\t\t\t\t\t<\/div>\n\t\t<\/div>\n\t\t\t\t\t<\/div>\n\t\t<\/section>\n\t\t\t\t<\/div>\n\t\t","protected":false},"excerpt":{"rendered":"<p>Le traitement de la fibromyalgie vise \u00e0 r\u00e9duire la douleur et \u00e0 am\u00e9liorer le sommeil. Ce sont les sympt\u00f4mes qui sont trait\u00e9s, plut\u00f4t que l&rsquo;affection. Il semble que la meilleure [&hellip;]<\/p>\n","protected":false},"author":1,"featured_media":0,"parent":0,"menu_order":4,"comment_status":"open","ping_status":"closed","template":"","meta":{"footnotes":""},"class_list":["post-222","page","type-page","status-publish","hentry"],"publishpress_future_action":{"enabled":false,"date":"2026-05-23 12:12:05","action":"change-status","newStatus":"draft","terms":[],"taxonomy":"","extraData":[]},"publishpress_future_workflow_manual_trigger":{"enabledWorkflows":[]},"_links":{"self":[{"href":"https:\/\/suisse-fibromyalgie.ch\/fr\/wp-json\/wp\/v2\/pages\/222","targetHints":{"allow":["GET"]}}],"collection":[{"href":"https:\/\/suisse-fibromyalgie.ch\/fr\/wp-json\/wp\/v2\/pages"}],"about":[{"href":"https:\/\/suisse-fibromyalgie.ch\/fr\/wp-json\/wp\/v2\/types\/page"}],"author":[{"embeddable":true,"href":"https:\/\/suisse-fibromyalgie.ch\/fr\/wp-json\/wp\/v2\/users\/1"}],"replies":[{"embeddable":true,"href":"https:\/\/suisse-fibromyalgie.ch\/fr\/wp-json\/wp\/v2\/comments?post=222"}],"version-history":[{"count":0,"href":"https:\/\/suisse-fibromyalgie.ch\/fr\/wp-json\/wp\/v2\/pages\/222\/revisions"}],"wp:attachment":[{"href":"https:\/\/suisse-fibromyalgie.ch\/fr\/wp-json\/wp\/v2\/media?parent=222"}],"curies":[{"name":"wp","href":"https:\/\/api.w.org\/{rel}","templated":true}]}}