{"id":221,"date":"2021-01-01T00:00:04","date_gmt":"2020-12-31T23:00:04","guid":{"rendered":"http:\/\/wordpress\/2013\/02\/22\/les-causes\/"},"modified":"2021-07-07T15:44:06","modified_gmt":"2021-07-07T13:44:06","slug":"les-causes","status":"publish","type":"page","link":"https:\/\/suisse-fibromyalgie.ch\/fr\/les-causes\/","title":{"rendered":"Les causes"},"content":{"rendered":"\t\t<div data-elementor-type=\"wp-page\" data-elementor-id=\"221\" class=\"elementor elementor-221\" data-elementor-post-type=\"page\">\n\t\t\t\t\t\t<section class=\"elementor-section elementor-top-section elementor-element elementor-element-98cb1f3 elementor-section-boxed elementor-section-height-default elementor-section-height-default\" data-id=\"98cb1f3\" data-element_type=\"section\" data-e-type=\"section\">\n\t\t\t\t\t\t<div class=\"elementor-container elementor-column-gap-default\">\n\t\t\t\t\t<div class=\"elementor-column elementor-col-100 elementor-top-column elementor-element elementor-element-10eae0b\" data-id=\"10eae0b\" data-element_type=\"column\" data-e-type=\"column\">\n\t\t\t<div class=\"elementor-widget-wrap elementor-element-populated\">\n\t\t\t\t\t\t<div class=\"elementor-element elementor-element-a2f3c45 elementor-widget elementor-widget-text-editor\" data-id=\"a2f3c45\" data-element_type=\"widget\" data-e-type=\"widget\" data-widget_type=\"text-editor.default\">\n\t\t\t\t<div class=\"elementor-widget-container\">\n\t\t\t\t\t\t\t\t\t<p>La fibromyalgie est souvent d\u00e9clench\u00e9 par une exp\u00e9rience traumatique (un choc physique ou \u00e9motionnel), une chute, un accident, une infection, une intervention chirurgicale, un accouchement, mais parfois il se manifeste sans cause apparente.<\/p><p>La cause r\u00e9elle de la fibromyalgie n&rsquo;a pas encore pu \u00eatre d\u00e9termin\u00e9e. Les recherches de ces derni\u00e8res ann\u00e9es ont mis en \u00e9vidence que les personnes atteintes sont en g\u00e9n\u00e9ral priv\u00e9es de sommeil r\u00e9parateur profond. Il faudrait donc d\u00e9couvrir la source de ce trouble et encourager le d\u00e9veloppement de techniques th\u00e9rapeutiques plus efficaces et mieux adapt\u00e9es.<\/p><p>Les recherches se portent actuellement sur les signes \u00ab\u00a0objectifs\u00a0\u00bb d\u00e9couverts :<\/p><ul><li>un d\u00e9bit sanguin irr\u00e9gulier dans certaines parties du cerveau<\/li><li>un d\u00e9r\u00e8glement de production de cortisol<\/li><li>un type particulier d&rsquo;hypotension art\u00e9rielle<\/li><li>des perturbations du m\u00e9tabolisme ou de la circulation musculaire<\/li><li>des niveaux anormaux de certains m\u00e9diateurs chimiques appel\u00e9s neurotransmetteurs.<\/li><\/ul>\t\t\t\t\t\t\t\t<\/div>\n\t\t\t\t<\/div>\n\t\t\t\t\t<\/div>\n\t\t<\/div>\n\t\t\t\t\t<\/div>\n\t\t<\/section>\n\t\t\t\t<\/div>\n\t\t","protected":false},"excerpt":{"rendered":"<p>La fibromyalgie est souvent d\u00e9clench\u00e9 par une exp\u00e9rience traumatique (un choc physique ou \u00e9motionnel), une chute, un accident, une infection, une intervention chirurgicale, un accouchement, mais parfois il se manifeste [&hellip;]<\/p>\n","protected":false},"author":1,"featured_media":0,"parent":0,"menu_order":5,"comment_status":"open","ping_status":"closed","template":"","meta":{"footnotes":""},"class_list":["post-221","page","type-page","status-publish","hentry"],"publishpress_future_action":{"enabled":false,"date":"2026-04-27 03:55:23","action":"change-status","newStatus":"draft","terms":[],"taxonomy":"","extraData":[]},"publishpress_future_workflow_manual_trigger":{"enabledWorkflows":[]},"_links":{"self":[{"href":"https:\/\/suisse-fibromyalgie.ch\/fr\/wp-json\/wp\/v2\/pages\/221","targetHints":{"allow":["GET"]}}],"collection":[{"href":"https:\/\/suisse-fibromyalgie.ch\/fr\/wp-json\/wp\/v2\/pages"}],"about":[{"href":"https:\/\/suisse-fibromyalgie.ch\/fr\/wp-json\/wp\/v2\/types\/page"}],"author":[{"embeddable":true,"href":"https:\/\/suisse-fibromyalgie.ch\/fr\/wp-json\/wp\/v2\/users\/1"}],"replies":[{"embeddable":true,"href":"https:\/\/suisse-fibromyalgie.ch\/fr\/wp-json\/wp\/v2\/comments?post=221"}],"version-history":[{"count":0,"href":"https:\/\/suisse-fibromyalgie.ch\/fr\/wp-json\/wp\/v2\/pages\/221\/revisions"}],"wp:attachment":[{"href":"https:\/\/suisse-fibromyalgie.ch\/fr\/wp-json\/wp\/v2\/media?parent=221"}],"curies":[{"name":"wp","href":"https:\/\/api.w.org\/{rel}","templated":true}]}}