{"id":152,"date":"2021-01-01T00:00:14","date_gmt":"2020-12-31T23:00:14","guid":{"rendered":"https:\/\/suisse-fibromyalgie.ch\/?page_id=152"},"modified":"2021-07-07T15:24:15","modified_gmt":"2021-07-07T13:24:15","slug":"la-maladie","status":"publish","type":"page","link":"https:\/\/suisse-fibromyalgie.ch\/fr\/la-maladie\/","title":{"rendered":"La maladie"},"content":{"rendered":"\t\t<div data-elementor-type=\"wp-page\" data-elementor-id=\"152\" class=\"elementor elementor-152\" data-elementor-post-type=\"page\">\n\t\t\t\t\t\t<section class=\"elementor-section elementor-top-section elementor-element elementor-element-3449519 elementor-section-boxed elementor-section-height-default elementor-section-height-default\" data-id=\"3449519\" data-element_type=\"section\" data-e-type=\"section\">\n\t\t\t\t\t\t<div class=\"elementor-container elementor-column-gap-default\">\n\t\t\t\t\t<div class=\"elementor-column elementor-col-100 elementor-top-column elementor-element elementor-element-2b6e427\" data-id=\"2b6e427\" data-element_type=\"column\" data-e-type=\"column\">\n\t\t\t<div class=\"elementor-widget-wrap elementor-element-populated\">\n\t\t\t\t\t\t<div class=\"elementor-element elementor-element-263e2a7 elementor-widget elementor-widget-text-editor\" data-id=\"263e2a7\" data-element_type=\"widget\" data-e-type=\"widget\" data-widget_type=\"text-editor.default\">\n\t\t\t\t<div class=\"elementor-widget-container\">\n\t\t\t\t\t\t\t\t\t<p>Mal partout, mal tout le temps !<\/p><p>Connue autrefois sous les noms de fibrosite ou de polyinsertionite, le syndrome est commun\u00e9ment appel\u00e9 fibromyalgie et provient des termes \u00ab\u00a0fibro\u00a0\u00bb pour les tendons et les ligaments, \u00ab\u00a0my(o)\u00a0\u00bb pour les muscles et \u00ab\u00a0algie\u00a0\u00bb pour la douleur.<\/p><p>La fibromyalgie est un syndrome caract\u00e9ris\u00e9 par une sensation de douleur g\u00e9n\u00e9rale diffuse et un sentiment de fatigue profonde. C&rsquo;est un rhumatisme abarticulaire p\u00e9nible \u00e0 supporter, qui peut, dans certains cas, devenir invalidant.<\/p><p>La douleur est ressentie comme une sensation de br\u00fblure de la t\u00eate aux pieds. Aigu\u00eb \u00e0 certains moments, elle peut passer d&rsquo;un endroit \u00e0 l&rsquo;autre et devenir plus intense dans les parties du corps les plus utilis\u00e9es. Elle peut \u00eatre suffisamment forte pour entraver une activit\u00e9 professionnelle et les t\u00e2ches quotidiennes ou n&rsquo;\u00eatre qu&rsquo;un l\u00e9ger inconfort, selon les personnes atteintes. Elle peut aussi avoir des phases de r\u00e9mission.<\/p><p>La fatigue varie d&rsquo;un sentiment de lassitude \u00e0 un \u00e9puisement total, semblable aux effets d&rsquo;une grosse grippe. Elle est intermittente aussi. Parfois, les personnes atteintes se sentent vid\u00e9es de toute \u00e9nergie; elles ont momentan\u00e9ment compl\u00e8tement perdu leurs forces.<\/p><p>Le sommeil perturb\u00e9 aggrave ou provoque les sympt\u00f4mes cit\u00e9s ci-dessus.<\/p>\t\t\t\t\t\t\t\t<\/div>\n\t\t\t\t<\/div>\n\t\t\t\t<div class=\"elementor-element elementor-element-86ce3e3 elementor-widget elementor-widget-text-editor\" data-id=\"86ce3e3\" data-element_type=\"widget\" data-e-type=\"widget\" data-widget_type=\"text-editor.default\">\n\t\t\t\t<div class=\"elementor-widget-container\">\n\t\t\t\t\t\t\t\t\t<p>Auteur : sources diverses.<\/p>\t\t\t\t\t\t\t\t<\/div>\n\t\t\t\t<\/div>\n\t\t\t\t\t<\/div>\n\t\t<\/div>\n\t\t\t\t\t<\/div>\n\t\t<\/section>\n\t\t\t\t<\/div>\n\t\t","protected":false},"excerpt":{"rendered":"<p>Mal partout, mal tout le temps ! Connue autrefois sous les noms de fibrosite ou de polyinsertionite, le syndrome est commun\u00e9ment appel\u00e9 fibromyalgie et provient des termes \u00ab\u00a0fibro\u00a0\u00bb pour les [&hellip;]<\/p>\n","protected":false},"author":1,"featured_media":0,"parent":0,"menu_order":0,"comment_status":"closed","ping_status":"closed","template":"","meta":{"footnotes":""},"class_list":["post-152","page","type-page","status-publish","hentry"],"publishpress_future_action":{"enabled":false,"date":"2026-04-14 07:00:20","action":"change-status","newStatus":"draft","terms":[],"taxonomy":"","extraData":[]},"publishpress_future_workflow_manual_trigger":{"enabledWorkflows":[]},"_links":{"self":[{"href":"https:\/\/suisse-fibromyalgie.ch\/fr\/wp-json\/wp\/v2\/pages\/152","targetHints":{"allow":["GET"]}}],"collection":[{"href":"https:\/\/suisse-fibromyalgie.ch\/fr\/wp-json\/wp\/v2\/pages"}],"about":[{"href":"https:\/\/suisse-fibromyalgie.ch\/fr\/wp-json\/wp\/v2\/types\/page"}],"author":[{"embeddable":true,"href":"https:\/\/suisse-fibromyalgie.ch\/fr\/wp-json\/wp\/v2\/users\/1"}],"replies":[{"embeddable":true,"href":"https:\/\/suisse-fibromyalgie.ch\/fr\/wp-json\/wp\/v2\/comments?post=152"}],"version-history":[{"count":0,"href":"https:\/\/suisse-fibromyalgie.ch\/fr\/wp-json\/wp\/v2\/pages\/152\/revisions"}],"wp:attachment":[{"href":"https:\/\/suisse-fibromyalgie.ch\/fr\/wp-json\/wp\/v2\/media?parent=152"}],"curies":[{"name":"wp","href":"https:\/\/api.w.org\/{rel}","templated":true}]}}