{"id":1489,"date":"2021-07-07T14:55:24","date_gmt":"2021-07-07T12:55:24","guid":{"rendered":"https:\/\/suisse-fibromyalgie.ch\/?page_id=1489"},"modified":"2025-01-11T10:01:07","modified_gmt":"2025-01-11T09:01:07","slug":"charte-dentraide","status":"publish","type":"page","link":"https:\/\/suisse-fibromyalgie.ch\/fr\/charte-dentraide\/","title":{"rendered":"Charte d&rsquo;entraide"},"content":{"rendered":"\t\t<div data-elementor-type=\"wp-page\" data-elementor-id=\"1489\" class=\"elementor elementor-1489\" data-elementor-post-type=\"page\">\n\t\t\t\t\t\t<section class=\"elementor-section elementor-top-section elementor-element elementor-element-193eaa1 elementor-section-boxed elementor-section-height-default elementor-section-height-default\" data-id=\"193eaa1\" data-element_type=\"section\" data-e-type=\"section\">\n\t\t\t\t\t\t<div class=\"elementor-container elementor-column-gap-default\">\n\t\t\t\t\t<div class=\"elementor-column elementor-col-100 elementor-top-column elementor-element elementor-element-5ef4244\" data-id=\"5ef4244\" data-element_type=\"column\" data-e-type=\"column\">\n\t\t\t<div class=\"elementor-widget-wrap elementor-element-populated\">\n\t\t\t\t\t\t<div class=\"elementor-element elementor-element-a8cbc03 elementor-widget elementor-widget-text-editor\" data-id=\"a8cbc03\" data-element_type=\"widget\" data-e-type=\"widget\" data-widget_type=\"text-editor.default\">\n\t\t\t\t<div class=\"elementor-widget-container\">\n\t\t\t\t\t\t\t\t\t<h1><strong>Charte r\u00e9gissant les groupes d\u2019entraide de l\u2019association suisse des fibromyalgiques<\/strong><\/h1>\t\t\t\t\t\t\t\t<\/div>\n\t\t\t\t<\/div>\n\t\t\t\t\t<\/div>\n\t\t<\/div>\n\t\t\t\t\t<\/div>\n\t\t<\/section>\n\t\t\t\t<section class=\"elementor-section elementor-top-section elementor-element elementor-element-38df6df elementor-section-boxed elementor-section-height-default elementor-section-height-default\" data-id=\"38df6df\" data-element_type=\"section\" data-e-type=\"section\">\n\t\t\t\t\t\t<div class=\"elementor-container elementor-column-gap-default\">\n\t\t\t\t\t<div class=\"elementor-column elementor-col-100 elementor-top-column elementor-element elementor-element-fdab148\" data-id=\"fdab148\" data-element_type=\"column\" data-e-type=\"column\">\n\t\t\t<div class=\"elementor-widget-wrap elementor-element-populated\">\n\t\t\t\t\t\t<div class=\"elementor-element elementor-element-267f3d2 elementor-widget elementor-widget-text-editor\" data-id=\"267f3d2\" data-element_type=\"widget\" data-e-type=\"widget\" data-widget_type=\"text-editor.default\">\n\t\t\t\t<div class=\"elementor-widget-container\">\n\t\t\t\t\t\t\t\t\t<div><p>La pr\u00e9sente charte de l\u2019Association Suisse des FibroMyalgiques (ci-apr\u00e8s ASFM) se veut un cadre ethique visant \u00e0 guider le fonctionnement des groupes d\u2019entraide. Elle pr\u00e9cise les conditions r\u00e9gissant lesdits groupes.<\/p><\/div><h2>1. Objet<\/h2><p>L\u2019association regroupe des personnes, atteintes ou non par la fibromyalgie, qui prennent part \u00e0 des groupes d\u2019entraide. Ces groupes sont un soutien informel \u00e0 tout individu touch\u00e9 de pr\u00e8s ou de loin par la fibromyalgie, et des rencontres r\u00e9guli\u00e8res y sont organis\u00e9es.<\/p><p>La pr\u00e9sente charte veut r\u00e9glementer le fonctionnement de ces groupes d\u2019entraide, afin d\u2019avoir une unit\u00e9 de pr\u00e9sentation, de fonctionnement et de communication. Il n\u2019est nullement ici question de limiter l\u2019action des groupes, mais bien de leur donner une coh\u00e9rence d\u2019engagement, permettant ensuite un travail cr\u00e9atif et efficace.<\/p><h2>2. Repr\u00e9sentation<\/h2><p>Seuls les membres du Comit\u00e9 de l\u2019association ont le droit de repr\u00e9senter l\u2019ASFM vers l\u2019ext\u00e9rieur. Toute autre intervention en tant que repr\u00e9sentant doit faire l\u2019objet d\u2019une demande en bonne et due forme \u00e0 la pr\u00e9sidence ou \u00e0 la vice-pr\u00e9sidence et obtenir l\u2019accord de l\u2019un d\u2019eux.<\/p><h2>3. Cr\u00e9ation d\u2019un nouveau groupe<\/h2><p>Lorsque la cr\u00e9ation d\u2019un nouveau groupe est envisag\u00e9e, il convient de se mettre en contact avec le\/ la responsable de la coordination des groupes pour la mise sur pied du groupe.<\/p><h2>4. Communication<\/h2><h3><b>1) A l\u2019interne<\/b><\/h3><p>Les activit\u00e9s et informations du groupe d\u2019entraide sont communiqu\u00e9es au bureau de l\u2019ASFM. En particulier:<\/p><ul><li>Les coordonn\u00e9es de son responsable<\/li><li>Les dates et lieu des r\u00e9unions<\/li><li>Les activit\u00e9s organis\u00e9es par le groupe (march\u00e9, conf\u00e9rence, visite, \u2026)<\/li><\/ul><p>En cas de question relative au groupe, \u00e0 un changement ou \u00e0 toute autre interrogation li\u00e9e \u00e0 son fonctionnement, le responsable s\u2019adresse \u00e0 son r\u00e9pondant au sein du Comit\u00e9.<\/p><h3><b>2) Vers l\u2019ext\u00e9rieur<\/b><\/h3><p>Le logo officiel de l\u2019ASFM est utilis\u00e9 dans tous les documents destin\u00e9s au public. Ceux-ci sont soumis \u00e0 l\u2019approbation de la pr\u00e9sidence ou de la vice-pr\u00e9sidence avant toute publication.<\/p><h4><i>a) Flyer<\/i><\/h4><p>Le seul document \u00e9mis par et pour les groupes est le\u00a0<i>flyer<\/i>. Le mod\u00e8le \u00e9tabli par le bureau est compl\u00e9t\u00e9 pour chaque groupe avec le texte fourni par son responsable.<\/p><h4><em>b) Carte de visite<\/em><\/h4><p>Les \u00e9ventuelles cartes de visite sont r\u00e9alis\u00e9es par le bureau.<\/p><h4><em>c) Publicit\u00e9<\/em><\/h4><p>Toute publicit\u00e9 \u00e9mise par un groupe ne peut se faire qu\u2019au profit de l\u2019ASFM elle-m\u00eame.<\/p><h4><em>d) Internet<\/em><\/h4><p>Toute publication faite sur Internet (site, blog, Facebook, \u2026) respecte la <a href=\"https:\/\/suisse-fibromyalgie.ch\/charte-reseaux-sociaux\/\">charte d\u2019utilisation des r\u00e9seaux sociaux.<\/a><\/p><h2><b>5. Rentr\u00e9es financi\u00e8res<\/b><\/h2><p>Toutes les rentr\u00e9es financi\u00e8res de 100 francs au moins re\u00e7ues par les groupes sont annonc\u00e9es \u00e0 la secr\u00e9taire-comptable de l\u2019ASFM. Ces rentr\u00e9es sont enregistr\u00e9es dans la comptabilit\u00e9 de l\u2019association et vers\u00e9es sur son compte, mais sont exclusivement r\u00e9serv\u00e9es au groupe qui en est le b\u00e9n\u00e9ficiaire, sous d\u00e9duction du 10% de ces montants, qui revient \u00e0 l\u2019ASFM pour couvrir ses frais.<\/p><h6>Cette charte a \u00e9t\u00e9 valid\u00e9e par le Comit\u00e9 de l\u2019Association Suisse des FibroMyalgiques en \u00e9t\u00e9 2015<\/h6>\t\t\t\t\t\t\t\t<\/div>\n\t\t\t\t<\/div>\n\t\t\t\t\t<\/div>\n\t\t<\/div>\n\t\t\t\t\t<\/div>\n\t\t<\/section>\n\t\t\t\t<\/div>\n\t\t","protected":false},"excerpt":{"rendered":"<p>Charte r\u00e9gissant les groupes d\u2019entraide de l\u2019association suisse des fibromyalgiques La pr\u00e9sente charte de l\u2019Association Suisse des FibroMyalgiques (ci-apr\u00e8s ASFM) se veut un cadre ethique visant \u00e0 guider le fonctionnement [&hellip;]<\/p>\n","protected":false},"author":1,"featured_media":0,"parent":0,"menu_order":18,"comment_status":"open","ping_status":"open","template":"","meta":{"footnotes":""},"class_list":["post-1489","page","type-page","status-publish","hentry"],"publishpress_future_action":{"enabled":false,"date":"2026-04-25 00:48:53","action":"change-status","newStatus":"draft","terms":[],"taxonomy":"","extraData":[]},"publishpress_future_workflow_manual_trigger":{"enabledWorkflows":[]},"_links":{"self":[{"href":"https:\/\/suisse-fibromyalgie.ch\/fr\/wp-json\/wp\/v2\/pages\/1489","targetHints":{"allow":["GET"]}}],"collection":[{"href":"https:\/\/suisse-fibromyalgie.ch\/fr\/wp-json\/wp\/v2\/pages"}],"about":[{"href":"https:\/\/suisse-fibromyalgie.ch\/fr\/wp-json\/wp\/v2\/types\/page"}],"author":[{"embeddable":true,"href":"https:\/\/suisse-fibromyalgie.ch\/fr\/wp-json\/wp\/v2\/users\/1"}],"replies":[{"embeddable":true,"href":"https:\/\/suisse-fibromyalgie.ch\/fr\/wp-json\/wp\/v2\/comments?post=1489"}],"version-history":[{"count":6,"href":"https:\/\/suisse-fibromyalgie.ch\/fr\/wp-json\/wp\/v2\/pages\/1489\/revisions"}],"predecessor-version":[{"id":7317,"href":"https:\/\/suisse-fibromyalgie.ch\/fr\/wp-json\/wp\/v2\/pages\/1489\/revisions\/7317"}],"wp:attachment":[{"href":"https:\/\/suisse-fibromyalgie.ch\/fr\/wp-json\/wp\/v2\/media?parent=1489"}],"curies":[{"name":"wp","href":"https:\/\/api.w.org\/{rel}","templated":true}]}}