{"id":104,"date":"2021-01-01T00:00:00","date_gmt":"2020-12-31T23:00:00","guid":{"rendered":"https:\/\/suisse-fibromyalgie.ch\/?page_id=104"},"modified":"2024-05-14T09:12:42","modified_gmt":"2024-05-14T07:12:42","slug":"buts-de-lassociation","status":"publish","type":"page","link":"https:\/\/suisse-fibromyalgie.ch\/fr\/buts-de-lassociation\/","title":{"rendered":"Buts de l&rsquo;association"},"content":{"rendered":"\t\t<div data-elementor-type=\"wp-page\" data-elementor-id=\"104\" class=\"elementor elementor-104\" data-elementor-post-type=\"page\">\n\t\t\t\t\t\t<section class=\"elementor-section elementor-top-section elementor-element elementor-element-b1fc271 elementor-section-boxed elementor-section-height-default elementor-section-height-default\" data-id=\"b1fc271\" data-element_type=\"section\" data-e-type=\"section\">\n\t\t\t\t\t\t<div class=\"elementor-container elementor-column-gap-default\">\n\t\t\t\t\t<div class=\"elementor-column elementor-col-100 elementor-top-column elementor-element elementor-element-5b822c0\" data-id=\"5b822c0\" data-element_type=\"column\" data-e-type=\"column\">\n\t\t\t<div class=\"elementor-widget-wrap elementor-element-populated\">\n\t\t\t\t\t\t<div class=\"elementor-element elementor-element-043dc3d elementor-widget elementor-widget-text-editor\" data-id=\"043dc3d\" data-element_type=\"widget\" data-e-type=\"widget\" data-widget_type=\"text-editor.default\">\n\t\t\t\t<div class=\"elementor-widget-container\">\n\t\t\t\t\t\t\t\t\t<p style=\"text-align: center;\"><strong>Notre association est toujours \u00e0 vos c\u00f4t\u00e9s pour partager des informations, r\u00e9pondre \u00e0 vos questions et offrir une communaut\u00e9 de soutien. Ensemble, nous sommes forts, et ensemble, nous pouvons relever les d\u00e9fis que da vie avec la fibromyalgie.<\/strong><\/p><p>Par l&rsquo;engagement de son comit\u00e9, du personnel de bureau, des groupes d&rsquo;entraide\/de parole, et d&rsquo;un soutien professionnel, l&rsquo;ASFM peut accomplir les buts qu&rsquo;elle s&rsquo;est fix\u00e9s :<\/p><ul><li>Faire conna\u00eetre et \u00e0 terme reconna\u00eetre la fibromyalgie (m\u00e9dical, social, pharma, juridique, politique, etc.)<\/li><li>\u00catre l&rsquo;interlocuteur par rapport \u00e0 la communaut\u00e9 scientifique, aux m\u00e9dias, aux \u00e9tudiants et toutes personnes cherchant des informations<\/li><li>Diffuser l&rsquo;information au sujet de la fibromyalgie et les derni\u00e8res avanc\u00e9es m\u00e9dicales<\/li><li>Favoriser l\u2019entraide par la coordination des groupes de parole\/entraide<\/li><li>S\u2019investir dans le soutien de la personne souffrante en proposant diff\u00e9rents outils th\u00e9rapeutiques<\/li><li>Soutenir les personnes souffrant de fibromyalgie, leur famille et leur entourage<\/li><li>Sensibiliser l&rsquo;opinion publique \u00e0 cette maladie<\/li><li>D\u00e9velopper des ateliers pratiques de la gestion de la douleur et de ses composants<\/li><li>Apporter les connaissances utiles aux diff\u00e9rents acteurs impliqu\u00e9s dans la fibromyalgie \u00e0 travers des conf\u00e9rences, des s\u00e9minaires et autres formations<\/li><\/ul>\t\t\t\t\t\t\t\t<\/div>\n\t\t\t\t<\/div>\n\t\t\t\t\t<\/div>\n\t\t<\/div>\n\t\t\t\t\t<\/div>\n\t\t<\/section>\n\t\t\t\t<\/div>\n\t\t","protected":false},"excerpt":{"rendered":"<p>Notre association est toujours \u00e0 vos c\u00f4t\u00e9s pour partager des informations, r\u00e9pondre \u00e0 vos questions et offrir une communaut\u00e9 de soutien. Ensemble, nous sommes forts, et ensemble, nous pouvons relever [&hellip;]<\/p>\n","protected":false},"author":1,"featured_media":0,"parent":0,"menu_order":0,"comment_status":"closed","ping_status":"closed","template":"","meta":{"footnotes":""},"class_list":["post-104","page","type-page","status-publish","hentry"],"publishpress_future_action":{"enabled":false,"date":"2026-04-27 03:52:09","action":"change-status","newStatus":"draft","terms":[],"taxonomy":"","extraData":[]},"publishpress_future_workflow_manual_trigger":{"enabledWorkflows":[]},"_links":{"self":[{"href":"https:\/\/suisse-fibromyalgie.ch\/fr\/wp-json\/wp\/v2\/pages\/104","targetHints":{"allow":["GET"]}}],"collection":[{"href":"https:\/\/suisse-fibromyalgie.ch\/fr\/wp-json\/wp\/v2\/pages"}],"about":[{"href":"https:\/\/suisse-fibromyalgie.ch\/fr\/wp-json\/wp\/v2\/types\/page"}],"author":[{"embeddable":true,"href":"https:\/\/suisse-fibromyalgie.ch\/fr\/wp-json\/wp\/v2\/users\/1"}],"replies":[{"embeddable":true,"href":"https:\/\/suisse-fibromyalgie.ch\/fr\/wp-json\/wp\/v2\/comments?post=104"}],"version-history":[{"count":0,"href":"https:\/\/suisse-fibromyalgie.ch\/fr\/wp-json\/wp\/v2\/pages\/104\/revisions"}],"wp:attachment":[{"href":"https:\/\/suisse-fibromyalgie.ch\/fr\/wp-json\/wp\/v2\/media?parent=104"}],"curies":[{"name":"wp","href":"https:\/\/api.w.org\/{rel}","templated":true}]}}