{"id":9076,"date":"2026-02-05T17:20:39","date_gmt":"2026-02-05T16:20:39","guid":{"rendered":"https:\/\/suisse-fibromyalgie.ch\/?page_id=9076"},"modified":"2026-02-05T17:22:41","modified_gmt":"2026-02-05T16:22:41","slug":"madej-thierry-specialiste-en-sante-cellulaire-et-equilibre-des-lipides","status":"publish","type":"page","link":"https:\/\/suisse-fibromyalgie.ch\/de\/madej-thierry-specialiste-en-sante-cellulaire-et-equilibre-des-lipides\/","title":{"rendered":"Madej Thierry - Spezialist f\u00fcr Zellgesundheit und Lipidbalance"},"content":{"rendered":"<div data-elementor-type=\"wp-page\" data-elementor-id=\"9076\" class=\"elementor elementor-9076\" data-elementor-post-type=\"page\">\n\t\t\t\t\t\t<section class=\"elementor-section elementor-top-section elementor-element elementor-element-5643a8c elementor-section-boxed elementor-section-height-default elementor-section-height-default\" data-id=\"5643a8c\" data-element_type=\"section\" data-e-type=\"section\">\n\t\t\t\t\t\t<div class=\"elementor-container elementor-column-gap-default\">\n\t\t\t\t\t<div class=\"elementor-column elementor-col-50 elementor-top-column elementor-element elementor-element-c953588\" data-id=\"c953588\" data-element_type=\"column\" data-e-type=\"column\">\n\t\t\t<div class=\"elementor-widget-wrap elementor-element-populated\">\n\t\t\t\t\t\t<div class=\"elementor-element elementor-element-68ab1cb elementor-widget elementor-widget-image\" data-id=\"68ab1cb\" data-element_type=\"widget\" data-e-type=\"widget\" data-widget_type=\"image.default\">\n\t\t\t\t<div class=\"elementor-widget-container\">\n\t\t\t\t\t\t\t\t\t\t\t\t\t\t\t<img fetchpriority=\"high\" decoding=\"async\" width=\"500\" height=\"565\" src=\"https:\/\/suisse-fibromyalgie.ch\/wp-content\/uploads\/Thierry-Madej.jpg\" class=\"attachment-large size-large wp-image-9077\" alt=\"\" srcset=\"https:\/\/suisse-fibromyalgie.ch\/wp-content\/uploads\/Thierry-Madej.jpg 500w, https:\/\/suisse-fibromyalgie.ch\/wp-content\/uploads\/Thierry-Madej-265x300.jpg 265w, https:\/\/suisse-fibromyalgie.ch\/wp-content\/uploads\/Thierry-Madej-11x12.jpg 11w\" sizes=\"(max-width: 500px) 100vw, 500px\" \/>\t\t\t\t\t\t\t\t\t\t\t\t\t\t\t<\/div>\n\t\t\t\t<\/div>\n\t\t\t\t\t<\/div>\n\t\t<\/div>\n\t\t\t\t<div class=\"elementor-column elementor-col-50 elementor-top-column elementor-element elementor-element-d7d3abd\" data-id=\"d7d3abd\" data-element_type=\"column\" data-e-type=\"column\">\n\t\t\t<div class=\"elementor-widget-wrap elementor-element-populated\">\n\t\t\t\t\t\t<div class=\"elementor-element elementor-element-cdd1fa2 elementor-widget elementor-widget-text-editor\" data-id=\"cdd1fa2\" data-element_type=\"widget\" data-e-type=\"widget\" data-widget_type=\"text-editor.default\">\n\t\t\t\t<div class=\"elementor-widget-container\">\n\t\t\t\t\t\t\t\t\t<p>Als ehemaliger Gesundheitspraktiker widme ich mein Fachwissen heute der Begleitung des biologischen Terrains, insbesondere f\u00fcr Menschen, die mit chronischen Schmerzen, anhaltender M\u00fcdigkeit und geistigem Nebel zu k\u00e4mpfen haben.<\/p><p><strong>Warum ist Zellgesundheit der Schl\u00fcssel?<\/strong> Auf dem Weg zur Fibromyalgie wird ein wichtiges biologisches Bindeglied oft \u00fcbersehen: die Fluidit\u00e4t Ihrer Zellmembranen.<\/p><p>Eine starre oder durch niedriggradige Entz\u00fcndungen ges\u00e4ttigte Membran wirkt wie ein Riegel :<\/p><ul><li><strong>Sie bremst den Handel :<\/strong> N\u00e4hrstoffe k\u00f6nnen nur schwer eindringen und Giftstoffe sammeln sich tief im Gewebe an.<\/li><li><strong>Sie st\u00f6rt das Nervensystem :<\/strong> Eine entz\u00fcndete Zelle kann Schmerzsignale verst\u00e4rken (Neuro-Inflammation).<\/li><li><strong>Sie wirkt sich auf die Energie :<\/strong> H\u00e4ufig kommt es zu M\u00fcdigkeit, weil Ihre Zellen nicht mehr die richtige Umgebung haben, um effektiv Energie zu produzieren.<\/li><\/ul><p><strong>Mein Ansatz: Die Biologie des Beweises<\/strong> Ich schlage Ihnen vor, von einem intuitiven Ansatz zu einer pr\u00e4zisen Strategie in drei Schritten \u00fcberzugehen:<\/p><ol><li><strong>Biologische Pr\u00e4zisionsanalyse :<\/strong> Mithilfe eines zertifizierten Bluttests, der selbstst\u00e4ndig bei Ihnen zu Hause durchgef\u00fchrt werden kann, messen wir genau Ihr Omega-6\/3-Verh\u00e4ltnis und Ihren Zellschutzindex.<\/li><li><strong>Protokoll der Zellwiederherstellung :<\/strong> Ein gezieltes Programm, das Ihren K\u00f6rper mit den notwendigen N\u00e4hrstoffen versorgt, um die Membranen wieder geschmeidig zu machen und das entz\u00fcndliche Klima zu lindern.<\/li><li><strong>Validierung der Ergebnisse :<\/strong> Mit einem zweiten Kontrolltest wird wissenschaftlich best\u00e4tigt, wie sich Ihr Gleichgewicht entwickelt hat und ob die Wiederherstellung Ihrer biologischen Grundlage erfolgreich war.<\/li><\/ol><p>\u00a0<\/p>\t\t\t\t\t\t\t\t<\/div>\n\t\t\t\t<\/div>\n\t\t\t\t\t<\/div>\n\t\t<\/div>\n\t\t\t\t\t<\/div>\n\t\t<\/section>\n\t\t\t\t<section class=\"elementor-section elementor-top-section elementor-element elementor-element-49a8769 elementor-section-boxed elementor-section-height-default elementor-section-height-default\" data-id=\"49a8769\" data-element_type=\"section\" data-e-type=\"section\">\n\t\t\t\t\t\t<div class=\"elementor-container elementor-column-gap-default\">\n\t\t\t\t\t<div class=\"elementor-column elementor-col-100 elementor-top-column elementor-element elementor-element-b832f5d\" data-id=\"b832f5d\" data-element_type=\"column\" data-e-type=\"column\">\n\t\t\t<div class=\"elementor-widget-wrap elementor-element-populated\">\n\t\t\t\t\t\t<div class=\"elementor-element elementor-element-d7d395e elementor-widget elementor-widget-text-editor\" data-id=\"d7d395e\" data-element_type=\"widget\" data-e-type=\"widget\" data-widget_type=\"text-editor.default\">\n\t\t\t\t<div class=\"elementor-widget-container\">\n\t\t\t\t\t\t\t\t\t<p><strong>Mein Engagement :<\/strong> Ihrem Organismus die wesentlichen Ressourcen zur Verf\u00fcgung stellen, um Ihr zellul\u00e4res Terrain wiederherzustellen. Ziel ist es, ein k\u00f6rperliches Umfeld zu schaffen, in dem M\u00fcdigkeit reduziert und Spannungen abgebaut werden, sodass die Wirksamkeit anderer therapeutischer Ma\u00dfnahmen je nach Reaktionsf\u00e4higkeit Ihres K\u00f6rpers optimiert werden kann.<\/p>\t\t\t\t\t\t\t\t<\/div>\n\t\t\t\t<\/div>\n\t\t\t\t\t<\/div>\n\t\t<\/div>\n\t\t\t\t\t<\/div>\n\t\t<\/section>\n\t\t\t\t<section class=\"elementor-section elementor-top-section elementor-element elementor-element-fce1291 elementor-section-boxed elementor-section-height-default elementor-section-height-default\" data-id=\"fce1291\" data-element_type=\"section\" data-e-type=\"section\">\n\t\t\t\t\t\t<div class=\"elementor-container elementor-column-gap-default\">\n\t\t\t\t\t<div class=\"elementor-column elementor-col-50 elementor-top-column elementor-element elementor-element-3eb25a5\" data-id=\"3eb25a5\" data-element_type=\"column\" data-e-type=\"column\">\n\t\t\t<div class=\"elementor-widget-wrap elementor-element-populated\">\n\t\t\t\t\t\t<div class=\"elementor-element elementor-element-7b832d7 elementor-widget elementor-widget-text-editor\" data-id=\"7b832d7\" data-element_type=\"widget\" data-e-type=\"widget\" data-widget_type=\"text-editor.default\">\n\t\t\t\t<div class=\"elementor-widget-container\">\n\t\t\t\t\t\t\t\t\t<div id=\"bgLayers_comp-ljcvm8ir\" class=\"MW5IWV\" data-hook=\"bgLayers\" data-motion-part=\"BG_LAYER\"><p>Thierry Madej befindet sich in Champagne-sur-Seine (Frankreich 77)<\/p><\/div>\t\t\t\t\t\t\t\t<\/div>\n\t\t\t\t<\/div>\n\t\t\t\t\t<\/div>\n\t\t<\/div>\n\t\t\t\t<div class=\"elementor-column elementor-col-50 elementor-top-column elementor-element elementor-element-dd614b0\" data-id=\"dd614b0\" data-element_type=\"column\" data-e-type=\"column\">\n\t\t\t<div class=\"elementor-widget-wrap elementor-element-populated\">\n\t\t\t\t\t\t<div class=\"elementor-element elementor-element-3570715 elementor-widget elementor-widget-text-editor\" data-id=\"3570715\" data-element_type=\"widget\" data-e-type=\"widget\" data-widget_type=\"text-editor.default\">\n\t\t\t\t<div class=\"elementor-widget-container\">\n\t\t\t\t\t\t\t\t\t<p><a href=\"https:\/\/www.thierry-magnetiseur77.fr\" target=\"_blank\" rel=\"noopener\">Weitere Informationen finden Sie unter diesem Link<\/a><\/p>\t\t\t\t\t\t\t\t<\/div>\n\t\t\t\t<\/div>\n\t\t\t\t\t<\/div>\n\t\t<\/div>\n\t\t\t\t\t<\/div>\n\t\t<\/section>\n\t\t\t\t<\/div>","protected":false},"excerpt":{"rendered":"<p>Ancien praticien de sant\u00e9, je consacre aujourd&rsquo;hui mon expertise \u00e0 l&rsquo;accompagnement du terrain biologique, particuli\u00e8rement pour les personnes confront\u00e9es aux douleurs chroniques, \u00e0 la fatigue persistante et au brouillard mental. [&hellip;]<\/p>\n","protected":false},"author":1,"featured_media":0,"parent":0,"menu_order":0,"comment_status":"closed","ping_status":"closed","template":"","meta":{"footnotes":""},"class_list":["post-9076","page","type-page","status-publish","hentry"],"publishpress_future_action":{"enabled":false,"date":"2026-04-14 15:42:40","action":"change-status","newStatus":"draft","terms":[],"taxonomy":"","extraData":[]},"publishpress_future_workflow_manual_trigger":{"enabledWorkflows":[]},"_links":{"self":[{"href":"https:\/\/suisse-fibromyalgie.ch\/de\/wp-json\/wp\/v2\/pages\/9076","targetHints":{"allow":["GET"]}}],"collection":[{"href":"https:\/\/suisse-fibromyalgie.ch\/de\/wp-json\/wp\/v2\/pages"}],"about":[{"href":"https:\/\/suisse-fibromyalgie.ch\/de\/wp-json\/wp\/v2\/types\/page"}],"author":[{"embeddable":true,"href":"https:\/\/suisse-fibromyalgie.ch\/de\/wp-json\/wp\/v2\/users\/1"}],"replies":[{"embeddable":true,"href":"https:\/\/suisse-fibromyalgie.ch\/de\/wp-json\/wp\/v2\/comments?post=9076"}],"version-history":[{"count":3,"href":"https:\/\/suisse-fibromyalgie.ch\/de\/wp-json\/wp\/v2\/pages\/9076\/revisions"}],"predecessor-version":[{"id":9080,"href":"https:\/\/suisse-fibromyalgie.ch\/de\/wp-json\/wp\/v2\/pages\/9076\/revisions\/9080"}],"wp:attachment":[{"href":"https:\/\/suisse-fibromyalgie.ch\/de\/wp-json\/wp\/v2\/media?parent=9076"}],"curies":[{"name":"wp","href":"https:\/\/api.w.org\/{rel}","templated":true}]}}