{"id":9055,"date":"2026-02-05T15:55:18","date_gmt":"2026-02-05T14:55:18","guid":{"rendered":"https:\/\/suisse-fibromyalgie.ch\/?page_id=9055"},"modified":"2026-02-05T16:03:27","modified_gmt":"2026-02-05T15:03:27","slug":"dorsaz-dalessio-brigitte-ecole-dapitherapie-holistique-melipona","status":"publish","type":"page","link":"https:\/\/suisse-fibromyalgie.ch\/de\/dorsaz-dalessio-brigitte-ecole-dapitherapie-holistique-melipona\/","title":{"rendered":"Dorsaz D'Alessio Brigitte - Schule f\u00fcr ganzheitliche Apitherapie Melipona"},"content":{"rendered":"<div data-elementor-type=\"wp-page\" data-elementor-id=\"9055\" class=\"elementor elementor-9055\" data-elementor-post-type=\"page\">\n\t\t\t\t\t\t<section class=\"elementor-section elementor-top-section elementor-element elementor-element-5643a8c elementor-section-boxed elementor-section-height-default elementor-section-height-default\" data-id=\"5643a8c\" data-element_type=\"section\" data-e-type=\"section\">\n\t\t\t\t\t\t<div class=\"elementor-container elementor-column-gap-default\">\n\t\t\t\t\t<div class=\"elementor-column elementor-col-50 elementor-top-column elementor-element elementor-element-c953588\" data-id=\"c953588\" data-element_type=\"column\" data-e-type=\"column\">\n\t\t\t<div class=\"elementor-widget-wrap elementor-element-populated\">\n\t\t\t\t\t\t<div class=\"elementor-element elementor-element-68ab1cb elementor-widget elementor-widget-image\" data-id=\"68ab1cb\" data-element_type=\"widget\" data-e-type=\"widget\" data-widget_type=\"image.default\">\n\t\t\t\t<div class=\"elementor-widget-container\">\n\t\t\t\t\t\t\t\t\t\t\t\t\t\t\t<img fetchpriority=\"high\" decoding=\"async\" width=\"451\" height=\"432\" src=\"https:\/\/suisse-fibromyalgie.ch\/wp-content\/uploads\/Brigitte-Dorsaz-DAlessio.jpg\" class=\"attachment-large size-large wp-image-9056\" alt=\"\" srcset=\"https:\/\/suisse-fibromyalgie.ch\/wp-content\/uploads\/Brigitte-Dorsaz-DAlessio.jpg 451w, https:\/\/suisse-fibromyalgie.ch\/wp-content\/uploads\/Brigitte-Dorsaz-DAlessio-300x287.jpg 300w, https:\/\/suisse-fibromyalgie.ch\/wp-content\/uploads\/Brigitte-Dorsaz-DAlessio-13x12.jpg 13w\" sizes=\"(max-width: 451px) 100vw, 451px\" \/>\t\t\t\t\t\t\t\t\t\t\t\t\t\t\t<\/div>\n\t\t\t\t<\/div>\n\t\t\t\t\t<\/div>\n\t\t<\/div>\n\t\t\t\t<div class=\"elementor-column elementor-col-50 elementor-top-column elementor-element elementor-element-d7d3abd\" data-id=\"d7d3abd\" data-element_type=\"column\" data-e-type=\"column\">\n\t\t\t<div class=\"elementor-widget-wrap elementor-element-populated\">\n\t\t\t\t\t\t<div class=\"elementor-element elementor-element-cdd1fa2 elementor-widget elementor-widget-text-editor\" data-id=\"cdd1fa2\" data-element_type=\"widget\" data-e-type=\"widget\" data-widget_type=\"text-editor.default\">\n\t\t\t\t<div class=\"elementor-widget-container\">\n\t\t\t\t\t\t\t\t\t<p class=\"font_8 wixui-rich-text__text\">Brigitte Dorsaz D'Alessio, Gr\u00fcnderin und Leiterin der Apitherapie-Schule Melipona, wurde im Wallis (Schweiz) geboren. Schon fr\u00fch interessierte sie sich f\u00fcr den kreativen Ausdruck in all seinen Formen. Ebenso erlebte sie privilegierte Momente des Friedens und der Freude in der Natur. Die T\u00e4tigkeiten im Zusammenhang mit der Bienenzucht und der Honiggewinnung durch ihren Gro\u00dfvater blieben w\u00e4hrend ihrer Kindheit starke Momente inniger Freude.<\/p><p class=\"font_8 wixui-rich-text__text\">Seit jeher f\u00fchlt sie sich stark vom Sch\u00f6nen, Guten und Wahren angezogen, das sie in der Natur und in den Menschen, denen sie begegnet, wahrnimmt.<\/p><p class=\"font_8 wixui-rich-text__text\"><span class=\"wixGuard wixui-rich-text__text\">\u200b<\/span><\/p><p class=\"font_8 wixui-rich-text__text\">Sie interessiert sich f\u00fcr alles, was mit kreativen und\/oder therapeutischen Techniken zu tun hat. So hat sie an zahlreichen Ausbildungen in verschiedenen Bereichen teilgenommen. Um auf dem Weg der inneren Heilung voranzukommen, hat sie diese Ausbildungen durch pers\u00f6nliche Therapien (Jungsche Analyse, Energiearbeit, NLP usw.) erg\u00e4nzt, die f\u00fcr ihr dringendes Bed\u00fcrfnis nach Koh\u00e4renz, das sie antreibt, unerl\u00e4sslich sind.<\/p>\t\t\t\t\t\t\t\t<\/div>\n\t\t\t\t<\/div>\n\t\t\t\t\t<\/div>\n\t\t<\/div>\n\t\t\t\t\t<\/div>\n\t\t<\/section>\n\t\t\t\t<section class=\"elementor-section elementor-top-section elementor-element elementor-element-49a8769 elementor-section-boxed elementor-section-height-default elementor-section-height-default\" data-id=\"49a8769\" data-element_type=\"section\" data-e-type=\"section\">\n\t\t\t\t\t\t<div class=\"elementor-container elementor-column-gap-default\">\n\t\t\t\t\t<div class=\"elementor-column elementor-col-100 elementor-top-column elementor-element elementor-element-b832f5d\" data-id=\"b832f5d\" data-element_type=\"column\" data-e-type=\"column\">\n\t\t\t<div class=\"elementor-widget-wrap elementor-element-populated\">\n\t\t\t\t\t\t<div class=\"elementor-element elementor-element-d7d395e elementor-widget elementor-widget-text-editor\" data-id=\"d7d395e\" data-element_type=\"widget\" data-e-type=\"widget\" data-widget_type=\"text-editor.default\">\n\t\t\t\t<div class=\"elementor-widget-container\">\n\t\t\t\t\t\t\t\t\t<p class=\"font_8 wixui-rich-text__text\">Seit fast 30 Jahren bietet sie in ihrer Praxis Einzelsitzungen an, die auf verschiedenen Techniken basieren: Polarit\u00e4t, Bl\u00fcten- und Bienenelixiere, Metamorphische Massagen, Aromatherapie, Energiebehandlungen, Honigmassagen, Apitherapiebehandlungen usw., um andere Wahrheitssucher bestm\u00f6glich zu begleiten.<\/p><p class=\"font_8 wixui-rich-text__text\">Au\u00dferdem leitet sie Konferenzen, Workshops und Schulungen.<\/p><p class=\"font_8 wixui-rich-text__text\">Ihr Herzensanliegen bleibt die Apitherapie und ganz besonders die energetische Apitherapie. So hat sie, inspiriert von den Bienen in ihren Bienenst\u00f6cken, eine Reihe von Bienen-Elixieren, Les Elixirs des Abeilles, entwickelt, die nach der Methode von Dr. Edward Bach aus den von den Bienen entwickelten Substanzen und den von ihnen ausgehenden Energien hergestellt werden. Sie schrieb auch ein Buch mit dem Titel \u00ab\u00a0<a class=\"wixui-rich-text__text\" href=\"https:\/\/www.ecoledapitherapie.ch\/livres\" target=\"_self\">Mit Bienen zusammenarbeiten<\/a>\u00a0Ein Handbuch der energetischen Apitherapie\u00bb, um so viele Informationen wie m\u00f6glich \u00fcber diese wunderbaren therapeutischen Werkzeuge, die Bienenelixiere, die Kunst, sie selbst herzustellen, ihre Anwendung usw. zu vermitteln. Dieses Buch ist im Rossolis Verlag erschienen.<\/p><p class=\"font_8 wixui-rich-text__text\">Von 2011 bis 2013 war sie Pr\u00e4sidentin des Schweizerischen Apitherapieverbands, Sektion Romandie.<\/p><p class=\"font_8 wixui-rich-text__text\"><span class=\"wixGuard wixui-rich-text__text\">\u200b<\/span><\/p><p class=\"font_8 wixui-rich-text__text\">Schlie\u00dflich hat sie ihr Wissen und ihre Erfahrungen gesammelt, um sie im Rahmen der Schule f\u00fcr ganzheitliche Apitherapie Melipona Menschen zur Verf\u00fcgung zu stellen, die sich f\u00fcr Apitherapie, Energiemedizin, Phytotherapie im weitesten Sinne und verschiedene Heilmethoden interessieren.<\/p>\t\t\t\t\t\t\t\t<\/div>\n\t\t\t\t<\/div>\n\t\t\t\t\t<\/div>\n\t\t<\/div>\n\t\t\t\t\t<\/div>\n\t\t<\/section>\n\t\t\t\t<section class=\"elementor-section elementor-top-section elementor-element elementor-element-fce1291 elementor-section-boxed elementor-section-height-default elementor-section-height-default\" data-id=\"fce1291\" data-element_type=\"section\" data-e-type=\"section\">\n\t\t\t\t\t\t<div class=\"elementor-container elementor-column-gap-default\">\n\t\t\t\t\t<div class=\"elementor-column elementor-col-50 elementor-top-column elementor-element elementor-element-3eb25a5\" data-id=\"3eb25a5\" data-element_type=\"column\" data-e-type=\"column\">\n\t\t\t<div class=\"elementor-widget-wrap elementor-element-populated\">\n\t\t\t\t\t\t<div class=\"elementor-element elementor-element-7b832d7 elementor-widget elementor-widget-text-editor\" data-id=\"7b832d7\" data-element_type=\"widget\" data-e-type=\"widget\" data-widget_type=\"text-editor.default\">\n\t\t\t\t<div class=\"elementor-widget-container\">\n\t\t\t\t\t\t\t\t\t<div id=\"bgLayers_comp-ljcvm8ir\" class=\"MW5IWV\" data-hook=\"bgLayers\" data-motion-part=\"BG_LAYER\"><div id=\"bgMedia_comp-ljcvm8ir\" class=\"VgO9Yg\" data-motion-part=\"BG_MEDIA\"><p class=\"font_8 wixui-rich-text__text\"><span class=\"wixui-rich-text__text\">Die Melipona-Schule f\u00fcr ganzheitliche Apitherapie versteht sich als ein Ort, an dem Wissen vermittelt wird,<\/span><\/p><p class=\"font_8 wixui-rich-text__text\"><span class=\"wixui-rich-text__text\">Know-how und soziale Kompetenz im Zusammenhang mit Bienen und ihrer Medizin.<\/span><\/p><\/div><\/div>\t\t\t\t\t\t\t\t<\/div>\n\t\t\t\t<\/div>\n\t\t\t\t\t<\/div>\n\t\t<\/div>\n\t\t\t\t<div class=\"elementor-column elementor-col-50 elementor-top-column elementor-element elementor-element-dd614b0\" data-id=\"dd614b0\" data-element_type=\"column\" data-e-type=\"column\">\n\t\t\t<div class=\"elementor-widget-wrap elementor-element-populated\">\n\t\t\t\t\t\t<div class=\"elementor-element elementor-element-3570715 elementor-widget elementor-widget-text-editor\" data-id=\"3570715\" data-element_type=\"widget\" data-e-type=\"widget\" data-widget_type=\"text-editor.default\">\n\t\t\t\t<div class=\"elementor-widget-container\">\n\t\t\t\t\t\t\t\t\t<p><a href=\"https:\/\/www.ecoledapitherapie.ch\/\" target=\"_blank\" rel=\"noopener\">Weitere Informationen finden Sie unter diesem Link<\/a><\/p>\t\t\t\t\t\t\t\t<\/div>\n\t\t\t\t<\/div>\n\t\t\t\t\t<\/div>\n\t\t<\/div>\n\t\t\t\t\t<\/div>\n\t\t<\/section>\n\t\t\t\t<\/div>","protected":false},"excerpt":{"rendered":"<p>Fondatrice et directrice de l\u2019Ecole d\u2019apith\u00e9rapie Melipona, Brigitte Dorsaz D\u2019Alessio est n\u00e9e en Valais (Suisse). Tr\u00e8s t\u00f4t, elle s\u2019est int\u00e9ress\u00e9e \u00e0 l\u2019expression cr\u00e9ative sous toutes ses formes. De m\u00eame, elle [&hellip;]<\/p>\n","protected":false},"author":1,"featured_media":0,"parent":0,"menu_order":0,"comment_status":"closed","ping_status":"closed","template":"","meta":{"footnotes":""},"class_list":["post-9055","page","type-page","status-publish","hentry"],"publishpress_future_action":{"enabled":false,"date":"2026-04-21 17:04:24","action":"change-status","newStatus":"draft","terms":[],"taxonomy":"","extraData":[]},"publishpress_future_workflow_manual_trigger":{"enabledWorkflows":[]},"_links":{"self":[{"href":"https:\/\/suisse-fibromyalgie.ch\/de\/wp-json\/wp\/v2\/pages\/9055","targetHints":{"allow":["GET"]}}],"collection":[{"href":"https:\/\/suisse-fibromyalgie.ch\/de\/wp-json\/wp\/v2\/pages"}],"about":[{"href":"https:\/\/suisse-fibromyalgie.ch\/de\/wp-json\/wp\/v2\/types\/page"}],"author":[{"embeddable":true,"href":"https:\/\/suisse-fibromyalgie.ch\/de\/wp-json\/wp\/v2\/users\/1"}],"replies":[{"embeddable":true,"href":"https:\/\/suisse-fibromyalgie.ch\/de\/wp-json\/wp\/v2\/comments?post=9055"}],"version-history":[{"count":3,"href":"https:\/\/suisse-fibromyalgie.ch\/de\/wp-json\/wp\/v2\/pages\/9055\/revisions"}],"predecessor-version":[{"id":9059,"href":"https:\/\/suisse-fibromyalgie.ch\/de\/wp-json\/wp\/v2\/pages\/9055\/revisions\/9059"}],"wp:attachment":[{"href":"https:\/\/suisse-fibromyalgie.ch\/de\/wp-json\/wp\/v2\/media?parent=9055"}],"curies":[{"name":"wp","href":"https:\/\/api.w.org\/{rel}","templated":true}]}}