{"id":9042,"date":"2026-02-05T12:18:55","date_gmt":"2026-02-05T11:18:55","guid":{"rendered":"https:\/\/suisse-fibromyalgie.ch\/?page_id=9042"},"modified":"2026-02-05T12:23:24","modified_gmt":"2026-02-05T11:23:24","slug":"haesslein-karine-yoga-reflexologie-2","status":"publish","type":"page","link":"https:\/\/suisse-fibromyalgie.ch\/de\/haesslein-karine-yoga-reflexologie-2\/","title":{"rendered":"Haesslein Karine - Yoga &amp; Reflexzonenmassage"},"content":{"rendered":"<div data-elementor-type=\"wp-page\" data-elementor-id=\"9042\" class=\"elementor elementor-9042\" data-elementor-post-type=\"page\">\n\t\t\t\t\t\t<section class=\"elementor-section elementor-top-section elementor-element elementor-element-5643a8c elementor-section-boxed elementor-section-height-default elementor-section-height-default\" data-id=\"5643a8c\" data-element_type=\"section\" data-e-type=\"section\">\n\t\t\t\t\t\t<div class=\"elementor-container elementor-column-gap-default\">\n\t\t\t\t\t<div class=\"elementor-column elementor-col-50 elementor-top-column elementor-element elementor-element-c953588\" data-id=\"c953588\" data-element_type=\"column\" data-e-type=\"column\">\n\t\t\t<div class=\"elementor-widget-wrap elementor-element-populated\">\n\t\t\t\t\t\t<div class=\"elementor-element elementor-element-68ab1cb elementor-widget elementor-widget-image\" data-id=\"68ab1cb\" data-element_type=\"widget\" data-e-type=\"widget\" data-widget_type=\"image.default\">\n\t\t\t\t<div class=\"elementor-widget-container\">\n\t\t\t\t\t\t\t\t\t\t\t\t\t\t\t<img fetchpriority=\"high\" decoding=\"async\" width=\"329\" height=\"498\" src=\"https:\/\/suisse-fibromyalgie.ch\/wp-content\/uploads\/Karine-Haesslein-1.jpg\" class=\"attachment-large size-large wp-image-9043\" alt=\"\" srcset=\"https:\/\/suisse-fibromyalgie.ch\/wp-content\/uploads\/Karine-Haesslein-1.jpg 329w, https:\/\/suisse-fibromyalgie.ch\/wp-content\/uploads\/Karine-Haesslein-1-198x300.jpg 198w, https:\/\/suisse-fibromyalgie.ch\/wp-content\/uploads\/Karine-Haesslein-1-8x12.jpg 8w\" sizes=\"(max-width: 329px) 100vw, 329px\" \/>\t\t\t\t\t\t\t\t\t\t\t\t\t\t\t<\/div>\n\t\t\t\t<\/div>\n\t\t\t\t\t<\/div>\n\t\t<\/div>\n\t\t\t\t<div class=\"elementor-column elementor-col-50 elementor-top-column elementor-element elementor-element-d7d3abd\" data-id=\"d7d3abd\" data-element_type=\"column\" data-e-type=\"column\">\n\t\t\t<div class=\"elementor-widget-wrap elementor-element-populated\">\n\t\t\t\t\t\t<div class=\"elementor-element elementor-element-cdd1fa2 elementor-widget elementor-widget-text-editor\" data-id=\"cdd1fa2\" data-element_type=\"widget\" data-e-type=\"widget\" data-widget_type=\"text-editor.default\">\n\t\t\t\t<div class=\"elementor-widget-container\">\n\t\t\t\t\t\t\t\t\t<p class=\"body\" dir=\"auto\">Ich habe Yoga auf einer Reise nach Kambodscha kennengelernt und dann bei einem Retreat in Nepal, wo ich die yogische Philosophie voll ausleben konnte.<\/p><p class=\"body\" dir=\"auto\">Seitdem habe ich dieses Universum des Wohlwollens bewahrt, indem ich mir zugestehe, mein Leben voll und ganz zu leben, sodass ich nach meinen Bed\u00fcrfnissen lebe, um jeden Tag mit Freude erf\u00fcllt zu sein. Es ist nie zu sp\u00e4t f\u00fcr einen Neuanfang, nie zu sp\u00e4t, um gl\u00fccklich zu sein. Deshalb habe ich beschlossen, die Welt der Verwaltung zu verlassen, um mich in der Begleitung von Menschen zu orientieren und weiterzubilden, die ebenfalls Yoga mit seinen verschiedenen Techniken sowie seinen zahlreichen Vorteilen entdecken m\u00f6chten. <br \/><br \/>Das Wort Yoga bedeutet die Transformation des eigenen inneren Wesens. Als ich meine Komfortzone verlie\u00df, entdeckte ich, dass es meine Lebensaufgabe ist, Menschen zu begleiten, die das Bed\u00fcrfnis versp\u00fcren, sich mit dem zu verbinden, was ganz tief in ihrem Inneren vor sich geht, um sich daran auszurichten. Wenn man sich mit sich selbst vereint, vereint man sich auch mit dem Leben und alles wird leichter und offensichtlicher. <br \/><br \/>Ich danke dem Universum daf\u00fcr, dass es mich auf diesen Lebensweg gef\u00fchrt hat, auf dem ich mich am richtigen Platz f\u00fchle und alles einen Sinn ergibt. Yoga hat mir geholfen, mit meinem physischen K\u00f6rper und meinem Geist in Frieden zu leben.<\/p>\t\t\t\t\t\t\t\t<\/div>\n\t\t\t\t<\/div>\n\t\t\t\t\t<\/div>\n\t\t<\/div>\n\t\t\t\t\t<\/div>\n\t\t<\/section>\n\t\t\t\t<section class=\"elementor-section elementor-top-section elementor-element elementor-element-49a8769 elementor-section-boxed elementor-section-height-default elementor-section-height-default\" data-id=\"49a8769\" data-element_type=\"section\" data-e-type=\"section\">\n\t\t\t\t\t\t<div class=\"elementor-container elementor-column-gap-default\">\n\t\t\t\t\t<div class=\"elementor-column elementor-col-100 elementor-top-column elementor-element elementor-element-b832f5d\" data-id=\"b832f5d\" data-element_type=\"column\" data-e-type=\"column\">\n\t\t\t<div class=\"elementor-widget-wrap elementor-element-populated\">\n\t\t\t\t\t\t<div class=\"elementor-element elementor-element-d7d395e elementor-widget elementor-widget-text-editor\" data-id=\"d7d395e\" data-element_type=\"widget\" data-e-type=\"widget\" data-widget_type=\"text-editor.default\">\n\t\t\t\t<div class=\"elementor-widget-container\">\n\t\t\t\t\t\t\t\t\t<p>Meine Aufgabe ist es, deinen K\u00f6rper durch Atem und Bewegung &amp; Ber\u00fchrung zu entlasten. Ich begleite dich.<\/p><p>Ich freue mich darauf, dich zu treffen!<\/p>\t\t\t\t\t\t\t\t<\/div>\n\t\t\t\t<\/div>\n\t\t\t\t\t<\/div>\n\t\t<\/div>\n\t\t\t\t\t<\/div>\n\t\t<\/section>\n\t\t\t\t<section class=\"elementor-section elementor-top-section elementor-element elementor-element-fce1291 elementor-section-boxed elementor-section-height-default elementor-section-height-default\" data-id=\"fce1291\" data-element_type=\"section\" data-e-type=\"section\">\n\t\t\t\t\t\t<div class=\"elementor-container elementor-column-gap-default\">\n\t\t\t\t\t<div class=\"elementor-column elementor-col-50 elementor-top-column elementor-element elementor-element-3eb25a5\" data-id=\"3eb25a5\" data-element_type=\"column\" data-e-type=\"column\">\n\t\t\t<div class=\"elementor-widget-wrap elementor-element-populated\">\n\t\t\t\t\t\t<div class=\"elementor-element elementor-element-7b832d7 elementor-widget elementor-widget-text-editor\" data-id=\"7b832d7\" data-element_type=\"widget\" data-e-type=\"widget\" data-widget_type=\"text-editor.default\">\n\t\t\t\t<div class=\"elementor-widget-container\">\n\t\t\t\t\t\t\t\t\t<div id=\"bgLayers_comp-ljcvm8ir\" class=\"MW5IWV\" data-hook=\"bgLayers\" data-motion-part=\"BG_LAYER\"><div id=\"bgMedia_comp-ljcvm8ir\" class=\"VgO9Yg\" data-motion-part=\"BG_MEDIA\">Die Praxis Kayoga befindet sich im Kanton Waadt in Estavayer-le-Lac und begleitet Sie dabei, sich Zeit f\u00fcr sich selbst zu nehmen<\/div><\/div>\t\t\t\t\t\t\t\t<\/div>\n\t\t\t\t<\/div>\n\t\t\t\t\t<\/div>\n\t\t<\/div>\n\t\t\t\t<div class=\"elementor-column elementor-col-50 elementor-top-column elementor-element elementor-element-dd614b0\" data-id=\"dd614b0\" data-element_type=\"column\" data-e-type=\"column\">\n\t\t\t<div class=\"elementor-widget-wrap elementor-element-populated\">\n\t\t\t\t\t\t<div class=\"elementor-element elementor-element-3570715 elementor-widget elementor-widget-text-editor\" data-id=\"3570715\" data-element_type=\"widget\" data-e-type=\"widget\" data-widget_type=\"text-editor.default\">\n\t\t\t\t<div class=\"elementor-widget-container\">\n\t\t\t\t\t\t\t\t\t<p><a href=\"https:\/\/www.kayoga.ch\/\" target=\"_blank\" rel=\"noopener\">Weitere Informationen finden Sie unter diesem Link<\/a><\/p>\t\t\t\t\t\t\t\t<\/div>\n\t\t\t\t<\/div>\n\t\t\t\t\t<\/div>\n\t\t<\/div>\n\t\t\t\t\t<\/div>\n\t\t<\/section>\n\t\t\t\t<\/div>","protected":false},"excerpt":{"rendered":"<p>C&rsquo;est lors d&rsquo;un voyage au Cambodge que j&rsquo;ai d\u00e9couvert le yoga, puis lors d&rsquo;une retraite au N\u00e9pal o\u00f9 j&rsquo;ai pu vivre pleinement la philosophie yogique. Depuis, j&rsquo;ai gard\u00e9 cet univers [&hellip;]<\/p>\n","protected":false},"author":1,"featured_media":0,"parent":0,"menu_order":0,"comment_status":"closed","ping_status":"closed","template":"","meta":{"footnotes":""},"class_list":["post-9042","page","type-page","status-publish","hentry"],"publishpress_future_action":{"enabled":false,"date":"2026-04-21 13:33:04","action":"change-status","newStatus":"draft","terms":[],"taxonomy":"","extraData":[]},"publishpress_future_workflow_manual_trigger":{"enabledWorkflows":[]},"_links":{"self":[{"href":"https:\/\/suisse-fibromyalgie.ch\/de\/wp-json\/wp\/v2\/pages\/9042","targetHints":{"allow":["GET"]}}],"collection":[{"href":"https:\/\/suisse-fibromyalgie.ch\/de\/wp-json\/wp\/v2\/pages"}],"about":[{"href":"https:\/\/suisse-fibromyalgie.ch\/de\/wp-json\/wp\/v2\/types\/page"}],"author":[{"embeddable":true,"href":"https:\/\/suisse-fibromyalgie.ch\/de\/wp-json\/wp\/v2\/users\/1"}],"replies":[{"embeddable":true,"href":"https:\/\/suisse-fibromyalgie.ch\/de\/wp-json\/wp\/v2\/comments?post=9042"}],"version-history":[{"count":3,"href":"https:\/\/suisse-fibromyalgie.ch\/de\/wp-json\/wp\/v2\/pages\/9042\/revisions"}],"predecessor-version":[{"id":9046,"href":"https:\/\/suisse-fibromyalgie.ch\/de\/wp-json\/wp\/v2\/pages\/9042\/revisions\/9046"}],"wp:attachment":[{"href":"https:\/\/suisse-fibromyalgie.ch\/de\/wp-json\/wp\/v2\/media?parent=9042"}],"curies":[{"name":"wp","href":"https:\/\/api.w.org\/{rel}","templated":true}]}}