{"id":8953,"date":"2025-12-02T11:15:24","date_gmt":"2025-12-02T10:15:24","guid":{"rendered":"https:\/\/suisse-fibromyalgie.ch\/?page_id=8953"},"modified":"2025-12-02T11:20:12","modified_gmt":"2025-12-02T10:20:12","slug":"dettwiler-aurore-audrey-therapeute-en-medecine-complementaire-reflexologue","status":"publish","type":"page","link":"https:\/\/suisse-fibromyalgie.ch\/de\/dettwiler-aurore-audrey-therapeute-en-medecine-complementaire-reflexologue\/","title":{"rendered":"Dettwiler Aurore Audrey \u2013 Komplement\u00e4rmedizinerin &amp; Reflexologin"},"content":{"rendered":"<div data-elementor-type=\"wp-page\" data-elementor-id=\"8953\" class=\"elementor elementor-8953\" data-elementor-post-type=\"page\">\n\t\t\t\t\t\t<section class=\"elementor-section elementor-top-section elementor-element elementor-element-5643a8c elementor-section-boxed elementor-section-height-default elementor-section-height-default\" data-id=\"5643a8c\" data-element_type=\"section\" data-e-type=\"section\">\n\t\t\t\t\t\t<div class=\"elementor-container elementor-column-gap-default\">\n\t\t\t\t\t<div class=\"elementor-column elementor-col-50 elementor-top-column elementor-element elementor-element-c953588\" data-id=\"c953588\" data-element_type=\"column\" data-e-type=\"column\">\n\t\t\t<div class=\"elementor-widget-wrap elementor-element-populated\">\n\t\t\t\t\t\t<div class=\"elementor-element elementor-element-68ab1cb elementor-widget elementor-widget-image\" data-id=\"68ab1cb\" data-element_type=\"widget\" data-e-type=\"widget\" data-widget_type=\"image.default\">\n\t\t\t\t<div class=\"elementor-widget-container\">\n\t\t\t\t\t\t\t\t\t\t\t\t\t\t\t<img fetchpriority=\"high\" decoding=\"async\" width=\"432\" height=\"436\" src=\"https:\/\/suisse-fibromyalgie.ch\/wp-content\/uploads\/Aurore-Dettwiler.jpg\" class=\"attachment-2048x2048 size-2048x2048 wp-image-8954\" alt=\"\" srcset=\"https:\/\/suisse-fibromyalgie.ch\/wp-content\/uploads\/Aurore-Dettwiler.jpg 432w, https:\/\/suisse-fibromyalgie.ch\/wp-content\/uploads\/Aurore-Dettwiler-297x300.jpg 297w, https:\/\/suisse-fibromyalgie.ch\/wp-content\/uploads\/Aurore-Dettwiler-150x150.jpg 150w, https:\/\/suisse-fibromyalgie.ch\/wp-content\/uploads\/Aurore-Dettwiler-12x12.jpg 12w\" sizes=\"(max-width: 432px) 100vw, 432px\" \/>\t\t\t\t\t\t\t\t\t\t\t\t\t\t\t<\/div>\n\t\t\t\t<\/div>\n\t\t\t\t\t<\/div>\n\t\t<\/div>\n\t\t\t\t<div class=\"elementor-column elementor-col-50 elementor-top-column elementor-element elementor-element-d7d3abd\" data-id=\"d7d3abd\" data-element_type=\"column\" data-e-type=\"column\">\n\t\t\t<div class=\"elementor-widget-wrap elementor-element-populated\">\n\t\t\t\t\t\t<div class=\"elementor-element elementor-element-cdd1fa2 elementor-widget elementor-widget-text-editor\" data-id=\"cdd1fa2\" data-element_type=\"widget\" data-e-type=\"widget\" data-widget_type=\"text-editor.default\">\n\t\t\t\t<div class=\"elementor-widget-container\">\n\t\t\t\t\t\t\t\t\t<div id=\"comp-l220jsmo1\" class=\"HcOXKn c9GqVL QxJLC3 comp-l220jsmo1 wixui-rich-text\" data-testid=\"richTextElement\"><div id=\"WRchTxtk\" class=\"Z_l5lU ku3DBC zQ9jDz qvSjx3 Vq6kJx WRchTxtk wixui-rich-text\" data-testid=\"richTextElement\"><h2 class=\"font_2 wixui-rich-text__text\"><span class=\"wixui-rich-text__text\">Mein Werdegang<\/span><\/h2><\/div><div id=\"WRchTxt7\" class=\"Z_l5lU ku3DBC zQ9jDz qvSjx3 Vq6kJx WRchTxt7 wixui-rich-text\" data-testid=\"richTextElement\"><h6 class=\"font_6 wixui-rich-text__text\"><span class=\"wixui-rich-text__text\">A. Audrey Dettwiler<\/span><\/h6><h6 class=\"font_6 wixui-rich-text__text\"><span class=\"wixui-rich-text__text\"><span class=\"color_15 wixui-rich-text__text\">Reflexologe<\/span><\/span><\/h6><p class=\"font_8 wixui-rich-text__text\"><span class=\"wixui-rich-text__text\">Reiki-Ushui-Lehrerin<\/span><\/p><\/div><div id=\"WRchTxt1c\" class=\"Z_l5lU ku3DBC zQ9jDz qvSjx3 Vq6kJx WRchTxt1c wixui-rich-text\" data-testid=\"richTextElement\"><p class=\"font_8 wixui-rich-text__text\"><span class=\"wixui-rich-text__text\">\u00abWenn wir unseren Intuitionen, unseren Bestrebungen, unseren Ideen und unseren pers\u00f6nlichen W\u00fcnschen folgen, sollten wir nur Freude und Gesundheit erfahren.\u00bb<br class=\"wixui-rich-text__text\" \/>Edward Bach<\/span><\/p><p class=\"font_8 wixui-rich-text__text\">Dieser Grundsatz leitet mich schon seit mehreren Jahren. Allzu oft f\u00fchren uns die von der Gesellschaft oder unserem Umfeld auferlegten Regeln von unserem eigentlichen Lebensweg weg.<\/p><p class=\"font_8 wixui-rich-text__text\">Seit meiner Kindheit bin ich von der Natur und ihrer Sch\u00f6nheit fasziniert. Im Laufe der Jahre hat sich diese Faszination zu einer regelrechten Entdeckungsreise mit verschiedenen Ans\u00e4tzen entwickelt:<\/p><ul class=\"font_8 wixui-rich-text__text\"><li class=\"wixui-rich-text__text\"><p class=\"font_8 wixui-rich-text__text\">Die Fotografie, die es mir erm\u00f6glichte, das Licht und die Pracht der Landschaften einzufangen.<\/p><\/li><li class=\"wixui-rich-text__text\"><p class=\"font_8 wixui-rich-text__text\">Die Spazierg\u00e4nge in der Natur, die mich gelehrt haben, zu beobachten, und mir unvergessliche Begegnungen beschert haben.<\/p><\/li><li class=\"wixui-rich-text__text\"><p class=\"font_8 wixui-rich-text__text\">Die gemeinsamen Momente am Lagerfeuer, die mich zu den einfachen und wesentlichen Werten des Lebens zur\u00fcckgebracht haben \u2013<\/p><\/li><\/ul><p class=\"font_8 wixui-rich-text__text\">So entstand meine Leidenschaft f\u00fcr die Tugenden und therapeutischen Eigenschaften der Natur, die mich ganz nat\u00fcrlich zu alternativen Therapien f\u00fchrte.<\/p><p class=\"font_8 wixui-rich-text__text\">Angetrieben von einer spirituellen Sichtweise des Lebens begann ich meine Ausbildung in Reiki, bevor ich mich in Bachbl\u00fcten, Lithotherapie und Hydrolatherapie weiterbildete. Um mein Wissen zu vertiefen und eine umfassendere Begleitung anbieten zu k\u00f6nnen, setzte ich meine Ausbildung mit der Metamorphose-Technik, Reflexzonenmassage sowie Kursen in Anatomie, Physiologie, Pathologie und Psychologie fort.<\/p><p class=\"font_8 wixui-rich-text__text\">Ich habe auch an mehreren Seminaren im Bereich Psychologie teilgenommen, um die Bed\u00fcrfnisse jedes Einzelnen besser zu verstehen und eine personalisierte Begleitung anbieten zu k\u00f6nnen.<\/p><p class=\"font_8 wixui-rich-text__text\">Heute, gest\u00e4rkt durch diese Erfahrungen, stelle ich mein Wissen und meine Erfahrung in den Dienst derer, die ihren eigenen Weg gehen m\u00f6chten, mit Wohlwollen und Respekt.<\/p><\/div><div id=\"WRchTxtj\" class=\"Z_l5lU ku3DBC zQ9jDz qvSjx3 Vq6kJx WRchTxtj wixui-rich-text\" data-testid=\"richTextElement\"><p class=\"font_8 wixui-rich-text__text\"><span class=\"wixui-rich-text__text\">Derzeit bereite ich mich auf mein eidgen\u00f6ssisches Diplom in Reflexzonenmassage vor...<\/span><\/p><p class=\"font_8 wixui-rich-text__text\"><span class=\"wixui-rich-text__text\">Damit m\u00f6chten wir Ihnen Dienstleistungen auf h\u00f6chstem Niveau bieten!\u00a0<\/span><\/p><\/div><\/div>\t\t\t\t\t\t\t\t<\/div>\n\t\t\t\t<\/div>\n\t\t\t\t\t<\/div>\n\t\t<\/div>\n\t\t\t\t\t<\/div>\n\t\t<\/section>\n\t\t\t\t<section class=\"elementor-section elementor-top-section elementor-element elementor-element-fce1291 elementor-section-boxed elementor-section-height-default elementor-section-height-default\" data-id=\"fce1291\" data-element_type=\"section\" data-e-type=\"section\">\n\t\t\t\t\t\t<div class=\"elementor-container elementor-column-gap-default\">\n\t\t\t\t\t<div class=\"elementor-column elementor-col-50 elementor-top-column elementor-element elementor-element-3eb25a5\" data-id=\"3eb25a5\" data-element_type=\"column\" data-e-type=\"column\">\n\t\t\t<div class=\"elementor-widget-wrap elementor-element-populated\">\n\t\t\t\t\t\t<div class=\"elementor-element elementor-element-7b832d7 elementor-widget elementor-widget-text-editor\" data-id=\"7b832d7\" data-element_type=\"widget\" data-e-type=\"widget\" data-widget_type=\"text-editor.default\">\n\t\t\t\t<div class=\"elementor-widget-container\">\n\t\t\t\t\t\t\t\t\t<div id=\"bgLayers_comp-ljcvm8ir\" class=\"MW5IWV\" data-hook=\"bgLayers\" data-motion-part=\"BG_LAYER\"><div id=\"bgMedia_comp-ljcvm8ir\" class=\"VgO9Yg\" data-motion-part=\"BG_MEDIA\">Frau Dettwiler verf\u00fcgt \u00fcber zwei Kanzleien in Martigny und Bourg-St-Pierre im Wallis.\u00a0<\/div><\/div>\t\t\t\t\t\t\t\t<\/div>\n\t\t\t\t<\/div>\n\t\t\t\t\t<\/div>\n\t\t<\/div>\n\t\t\t\t<div class=\"elementor-column elementor-col-50 elementor-top-column elementor-element elementor-element-dd614b0\" data-id=\"dd614b0\" data-element_type=\"column\" data-e-type=\"column\">\n\t\t\t<div class=\"elementor-widget-wrap elementor-element-populated\">\n\t\t\t\t\t\t<div class=\"elementor-element elementor-element-3570715 elementor-widget elementor-widget-text-editor\" data-id=\"3570715\" data-element_type=\"widget\" data-e-type=\"widget\" data-widget_type=\"text-editor.default\">\n\t\t\t\t<div class=\"elementor-widget-container\">\n\t\t\t\t\t\t\t\t\t<p><a href=\"https:\/\/www.audreydw.ch\/about\" target=\"_blank\" rel=\"noopener\">Weitere Informationen finden Sie unter diesem Link<\/a><\/p>\t\t\t\t\t\t\t\t<\/div>\n\t\t\t\t<\/div>\n\t\t\t\t\t<\/div>\n\t\t<\/div>\n\t\t\t\t\t<\/div>\n\t\t<\/section>\n\t\t\t\t<\/div>","protected":false},"excerpt":{"rendered":"<p>Mon parcours A. Audrey Dettwiler R\u00e9flexologue Enseignante Reiki Ushui \u00ab Si nous suivons nos intuitions, nos aspirations, nos id\u00e9es et nos d\u00e9sirs personnels, nous ne devrions jamais conna\u00eetre que joie [&hellip;]<\/p>\n","protected":false},"author":1,"featured_media":0,"parent":0,"menu_order":0,"comment_status":"closed","ping_status":"closed","template":"","meta":{"footnotes":""},"class_list":["post-8953","page","type-page","status-publish","hentry"],"publishpress_future_action":{"enabled":false,"date":"2026-04-21 20:14:34","action":"change-status","newStatus":"draft","terms":[],"taxonomy":"","extraData":[]},"publishpress_future_workflow_manual_trigger":{"enabledWorkflows":[]},"_links":{"self":[{"href":"https:\/\/suisse-fibromyalgie.ch\/de\/wp-json\/wp\/v2\/pages\/8953","targetHints":{"allow":["GET"]}}],"collection":[{"href":"https:\/\/suisse-fibromyalgie.ch\/de\/wp-json\/wp\/v2\/pages"}],"about":[{"href":"https:\/\/suisse-fibromyalgie.ch\/de\/wp-json\/wp\/v2\/types\/page"}],"author":[{"embeddable":true,"href":"https:\/\/suisse-fibromyalgie.ch\/de\/wp-json\/wp\/v2\/users\/1"}],"replies":[{"embeddable":true,"href":"https:\/\/suisse-fibromyalgie.ch\/de\/wp-json\/wp\/v2\/comments?post=8953"}],"version-history":[{"count":3,"href":"https:\/\/suisse-fibromyalgie.ch\/de\/wp-json\/wp\/v2\/pages\/8953\/revisions"}],"predecessor-version":[{"id":8957,"href":"https:\/\/suisse-fibromyalgie.ch\/de\/wp-json\/wp\/v2\/pages\/8953\/revisions\/8957"}],"wp:attachment":[{"href":"https:\/\/suisse-fibromyalgie.ch\/de\/wp-json\/wp\/v2\/media?parent=8953"}],"curies":[{"name":"wp","href":"https:\/\/api.w.org\/{rel}","templated":true}]}}