{"id":7215,"date":"2025-01-05T21:19:45","date_gmt":"2025-01-05T20:19:45","guid":{"rendered":"https:\/\/suisse-fibromyalgie.ch\/?page_id=7215"},"modified":"2025-01-05T21:23:12","modified_gmt":"2025-01-05T20:23:12","slug":"les-causes-de-la-fibromyalgie","status":"publish","type":"page","link":"https:\/\/suisse-fibromyalgie.ch\/de\/les-causes-de-la-fibromyalgie\/","title":{"rendered":"Die Ursachen von Fibromyalgie"},"content":{"rendered":"<div data-elementor-type=\"wp-page\" data-elementor-id=\"7215\" class=\"elementor elementor-7215\" data-elementor-post-type=\"page\">\n\t\t\t\t\t\t<section class=\"elementor-section elementor-top-section elementor-element elementor-element-f843809 elementor-section-boxed elementor-section-height-default elementor-section-height-default\" data-id=\"f843809\" data-element_type=\"section\" data-e-type=\"section\">\n\t\t\t\t\t\t<div class=\"elementor-container elementor-column-gap-default\">\n\t\t\t\t\t<div class=\"elementor-column elementor-col-33 elementor-top-column elementor-element elementor-element-1ca29f8\" data-id=\"1ca29f8\" data-element_type=\"column\" data-e-type=\"column\">\n\t\t\t<div class=\"elementor-widget-wrap elementor-element-populated\">\n\t\t\t\t\t\t<div class=\"elementor-element elementor-element-95b927e elementor-widget elementor-widget-image\" data-id=\"95b927e\" data-element_type=\"widget\" data-e-type=\"widget\" data-widget_type=\"image.default\">\n\t\t\t\t<div class=\"elementor-widget-container\">\n\t\t\t\t\t\t\t\t\t\t\t\t\t\t\t<img fetchpriority=\"high\" decoding=\"async\" width=\"791\" height=\"1024\" src=\"https:\/\/suisse-fibromyalgie.ch\/wp-content\/uploads\/cdc-c4IBsSCuwIU-unsplash-791x1024.jpg\" class=\"attachment-large size-large wp-image-7220\" alt=\"\" srcset=\"https:\/\/suisse-fibromyalgie.ch\/wp-content\/uploads\/cdc-c4IBsSCuwIU-unsplash-791x1024.jpg 791w, https:\/\/suisse-fibromyalgie.ch\/wp-content\/uploads\/cdc-c4IBsSCuwIU-unsplash-232x300.jpg 232w, https:\/\/suisse-fibromyalgie.ch\/wp-content\/uploads\/cdc-c4IBsSCuwIU-unsplash-768x994.jpg 768w, https:\/\/suisse-fibromyalgie.ch\/wp-content\/uploads\/cdc-c4IBsSCuwIU-unsplash-1187x1536.jpg 1187w, https:\/\/suisse-fibromyalgie.ch\/wp-content\/uploads\/cdc-c4IBsSCuwIU-unsplash-1583x2048.jpg 1583w, https:\/\/suisse-fibromyalgie.ch\/wp-content\/uploads\/cdc-c4IBsSCuwIU-unsplash-9x12.jpg 9w, https:\/\/suisse-fibromyalgie.ch\/wp-content\/uploads\/cdc-c4IBsSCuwIU-unsplash-scaled.jpg 1978w\" sizes=\"(max-width: 791px) 100vw, 791px\" \/>\t\t\t\t\t\t\t\t\t\t\t\t\t\t\t<\/div>\n\t\t\t\t<\/div>\n\t\t\t\t\t<\/div>\n\t\t<\/div>\n\t\t\t\t<div class=\"elementor-column elementor-col-66 elementor-top-column elementor-element elementor-element-561be42\" data-id=\"561be42\" data-element_type=\"column\" data-e-type=\"column\">\n\t\t\t<div class=\"elementor-widget-wrap elementor-element-populated\">\n\t\t\t\t\t\t<div class=\"elementor-element elementor-element-f4a1bae elementor-widget elementor-widget-text-editor\" data-id=\"f4a1bae\" data-element_type=\"widget\" data-e-type=\"widget\" data-widget_type=\"text-editor.default\">\n\t\t\t\t<div class=\"elementor-widget-container\">\n\t\t\t\t\t\t\t\t\t<h1>Die Ursachen<\/h1><p>Fibromyalgie ist eine komplexe Erkrankung, deren genaue Ursachen nach wie vor unbekannt sind. Traditionell wurden mehrere Faktoren mit ihrer Entstehung in Verbindung gebracht:<\/p><h3>Anomalien des zentralen Nervensystems :<\/h3><p>Eine Beeintr\u00e4chtigung der Schmerzkontrollbahnen im zentralen Nervensystem, die zu einer erh\u00f6hten Schmerzempfindlichkeit f\u00fchrt.<\/p><h3>Psychologische und soziale Faktoren :<\/h3><p>Stress, k\u00f6rperliche und seelische Traumata sind anerkannte Ausl\u00f6ser f\u00fcr Fibromyalgie.<\/p><h3>Genetische Veranlagung :<\/h3><p>Es wurden Anzeichen f\u00fcr eine famili\u00e4re Anf\u00e4lligkeit f\u00fcr diese Krankheit beobachtet, obwohl diese Anzeichen noch best\u00e4tigt werden m\u00fcssen.<\/p><p>Neuere Forschungen haben neue Elemente ans Licht gebracht, die zum Verst\u00e4ndnis der Fibromyalgie beitragen k\u00f6nnen:<\/p><h3>Ver\u00e4nderungen des intestinalen Mikrobioms :<\/h3><p>Studien haben bei Menschen mit Fibromyalgie Ver\u00e4nderungen der Darmbakterien und der Blutgallens\u00e4uren festgestellt, was auf eine Wechselwirkung zwischen dem Mikrobiom und der Krankheit hindeutet.<\/p><h3>Muskeldysfunktionen :<\/h3><p>Anomalien in den Muskeln, wie abnormale elektrische Muskelaktivit\u00e4t und Fehlfunktionen der Mitochondrien (die Energiefabriken der Zellen), k\u00f6nnten die Ursache f\u00fcr die Muskelschmerzen und -schw\u00e4che sein, die h\u00e4ufig mit Fibromyalgie in Verbindung gebracht werden.<\/p><h3>\u00dcberempfindlichkeit des Nervensystems :<\/h3><p>Eine wiederholte Stimulation der Nerven k\u00f6nnte zu einer Ver\u00e4nderung im Gehirn f\u00fchren, die die Schmerzempfindlichkeit erh\u00f6ht.<\/p>\t\t\t\t\t\t\t\t<\/div>\n\t\t\t\t<\/div>\n\t\t\t\t\t<\/div>\n\t\t<\/div>\n\t\t\t\t\t<\/div>\n\t\t<\/section>\n\t\t\t\t<section class=\"elementor-section elementor-top-section elementor-element elementor-element-8f201bd elementor-section-boxed elementor-section-height-default elementor-section-height-default\" data-id=\"8f201bd\" data-element_type=\"section\" data-e-type=\"section\">\n\t\t\t\t\t\t<div class=\"elementor-container elementor-column-gap-default\">\n\t\t\t\t\t<div class=\"elementor-column elementor-col-100 elementor-top-column elementor-element elementor-element-f10dad4\" data-id=\"f10dad4\" data-element_type=\"column\" data-e-type=\"column\">\n\t\t\t<div class=\"elementor-widget-wrap\">\n\t\t\t\t\t\t\t<\/div>\n\t\t<\/div>\n\t\t\t\t\t<\/div>\n\t\t<\/section>\n\t\t\t\t<\/div>","protected":false},"excerpt":{"rendered":"<p>Les Causes La fibromyalgie est une affection complexe dont les causes exactes demeurent inconnues. Traditionnellement, plusieurs facteurs ont \u00e9t\u00e9 associ\u00e9s \u00e0 son d\u00e9veloppement : Anomalies du syst\u00e8me nerveux central : [&hellip;]<\/p>\n","protected":false},"author":569,"featured_media":7216,"parent":0,"menu_order":0,"comment_status":"closed","ping_status":"closed","template":"","meta":{"footnotes":""},"class_list":["post-7215","page","type-page","status-publish","has-post-thumbnail","hentry"],"publishpress_future_action":{"enabled":false,"date":"2026-05-15 20:43:45","action":"change-status","newStatus":"draft","terms":[],"taxonomy":"","extraData":[]},"publishpress_future_workflow_manual_trigger":{"enabledWorkflows":[]},"_links":{"self":[{"href":"https:\/\/suisse-fibromyalgie.ch\/de\/wp-json\/wp\/v2\/pages\/7215","targetHints":{"allow":["GET"]}}],"collection":[{"href":"https:\/\/suisse-fibromyalgie.ch\/de\/wp-json\/wp\/v2\/pages"}],"about":[{"href":"https:\/\/suisse-fibromyalgie.ch\/de\/wp-json\/wp\/v2\/types\/page"}],"author":[{"embeddable":true,"href":"https:\/\/suisse-fibromyalgie.ch\/de\/wp-json\/wp\/v2\/users\/569"}],"replies":[{"embeddable":true,"href":"https:\/\/suisse-fibromyalgie.ch\/de\/wp-json\/wp\/v2\/comments?post=7215"}],"version-history":[{"count":4,"href":"https:\/\/suisse-fibromyalgie.ch\/de\/wp-json\/wp\/v2\/pages\/7215\/revisions"}],"predecessor-version":[{"id":7223,"href":"https:\/\/suisse-fibromyalgie.ch\/de\/wp-json\/wp\/v2\/pages\/7215\/revisions\/7223"}],"wp:featuredmedia":[{"embeddable":true,"href":"https:\/\/suisse-fibromyalgie.ch\/de\/wp-json\/wp\/v2\/media\/7216"}],"wp:attachment":[{"href":"https:\/\/suisse-fibromyalgie.ch\/de\/wp-json\/wp\/v2\/media?parent=7215"}],"curies":[{"name":"wp","href":"https:\/\/api.w.org\/{rel}","templated":true}]}}